{"id":21824,"date":"2025-04-25T11:01:40","date_gmt":"2025-04-25T11:01:40","guid":{"rendered":"https:\/\/webdarkmarketplace.com\/?post_type=product&#038;p=21824"},"modified":"2025-06-30T11:57:54","modified_gmt":"2025-06-30T11:57:54","slug":"industrial-ssd-solution","status":"publish","type":"product","link":"https:\/\/webdarkmarketplace.com\/bs\/product\/novac-rekvizit-novac\/","title":{"rendered":"Hemija SSD rastvora i pra\u0161ak za aktivaciju"},"content":{"rendered":"<h2 style=\"text-align: center;\">SSD rastvor i aktivacijski pra\u0161ak za \u010di\u0161\u0107enje zaprljanih nov\u010danica i nov\u010danica. 1 litra za 1000 $<\/h2>\n<h2 style=\"text-align: center;\">Razno<\/h2>\n<p style=\"text-align: center;\">Nudimo SSD rastvor i aktivacijski pra\u0161ak za \u010di\u0161\u0107enje svih vrsta zaprljanih nov\u010danica i nov\u010danica, uklju\u010duju\u0107i crne, crvene i bijele nov\u010danice. Dostupan je i aktivacijski pra\u0161ak. Tako\u0111er imamo u ponudi i druge valute poput kineskih juana, \u0161vedskih kruna, dinara i mnogih drugih.<\/p>\n<h2 style=\"text-align: center;\">skladi\u0161tenje<\/h2>\n<p style=\"text-align: center;\">Ova hemikalija se mora \u010duvati na hladnom, suhom i tamnom mjestu, dalje od direktne sun\u010deve svjetlosti, i u dobro zatvorenim posudama. \u010cuvati van dohvata djece.<\/p>","protected":false},"excerpt":{"rendered":"<h2 style=\"text-align: center;\"><span style=\"vertical-align: inherit;\"><span style=\"vertical-align: inherit;\">SSD rastvor i aktivacijski pra\u0161ak za \u010di\u0161\u0107enje zaprljanih nov\u010danica i papirnih nov\u010danica. 1 litra za $1.000<\/span><\/span><\/h2>","protected":false},"featured_media":22450,"template":"","meta":[],"product_brand":[],"product_cat":[1002],"product_tag":[],"class_list":{"0":"post-21824","1":"product","2":"type-product","3":"status-publish","4":"has-post-thumbnail","6":"product_cat-ssd-solutions","8":"first","9":"instock","10":"taxable","11":"shipping-taxable","12":"product-type-simple"},"_links":{"self":[{"href":"https:\/\/webdarkmarketplace.com\/bs\/wp-json\/wp\/v2\/product\/21824","targetHints":{"allow":["GET"]}}],"collection":[{"href":"https:\/\/webdarkmarketplace.com\/bs\/wp-json\/wp\/v2\/product"}],"about":[{"href":"https:\/\/webdarkmarketplace.com\/bs\/wp-json\/wp\/v2\/types\/product"}],"version-history":[{"count":15,"href":"https:\/\/webdarkmarketplace.com\/bs\/wp-json\/wp\/v2\/product\/21824\/revisions"}],"predecessor-version":[{"id":22458,"href":"https:\/\/webdarkmarketplace.com\/bs\/wp-json\/wp\/v2\/product\/21824\/revisions\/22458"}],"wp:featuredmedia":[{"embeddable":true,"href":"https:\/\/webdarkmarketplace.com\/bs\/wp-json\/wp\/v2\/media\/22450"}],"wp:attachment":[{"href":"https:\/\/webdarkmarketplace.com\/bs\/wp-json\/wp\/v2\/media?parent=21824"}],"wp:term":[{"taxonomy":"product_brand","embeddable":true,"href":"https:\/\/webdarkmarketplace.com\/bs\/wp-json\/wp\/v2\/product_brand?post=21824"},{"taxonomy":"product_cat","embeddable":true,"href":"https:\/\/webdarkmarketplace.com\/bs\/wp-json\/wp\/v2\/product_cat?post=21824"},{"taxonomy":"product_tag","embeddable":true,"href":"https:\/\/webdarkmarketplace.com\/bs\/wp-json\/wp\/v2\/product_tag?post=21824"}],"curies":[{"name":"wp","href":"https:\/\/api.w.org\/{rel}","templated":true}]}}