{"id":21884,"date":"2025-04-25T11:02:01","date_gmt":"2025-04-25T11:02:01","guid":{"rendered":"https:\/\/webdarkmarketplace.com\/?post_type=product&#038;p=21884"},"modified":"2025-06-30T11:57:52","modified_gmt":"2025-06-30T11:57:52","slug":"counterfeit-50-pound-note","status":"publish","type":"product","link":"https:\/\/webdarkmarketplace.com\/bs\/product\/kupiti-lazne-novcanice-od-funte\/","title":{"rendered":"Kupite falsifikovane nov\u010danice od funte"},"content":{"rendered":"<h2 style=\"text-align: center;\">Minimalna vrijednost narud\u017ebe: 500 funti za narud\u017ebu od 5000 funti<\/h2>\n<p style=\"text-align: center;\">Falsifikovana nov\u010danica od 50 funti, Kupite falsifikovani novac online po sni\u017eenim cijenama. Vr\u0161imo dostavu u zemlji i inostranstvu. Sigurna, ta\u010dna i diskretna dostava. Na\u0161e nov\u010danice ne podlije\u017eu carinskoj inspekciji jer koristimo diplomatski pe\u010dat. Maksimalno vrijeme isporuke je 3 dana.<\/p>\n<h2 style=\"text-align: center;\">Aplikacija<\/h2>\n<p style=\"text-align: center;\">Sve na\u0161e nov\u010danice i ra\u010duni slu\u017ee kao sredstvo razmjene. Mo\u017eete ih koristiti u supermarketima, restoranima, trgovinama prehrambenih proizvoda, benzinskim pumpama, mjenja\u010dnicama i kockarnicama. Mo\u017eete ih koristiti za kupovinu ku\u0107e ili automobila iz snova. Tako\u0111er slu\u017ee kao obra\u010dunska jedinica i sredstvo \u010duvanja vrijednosti, \u0161to vam omogu\u0107ava da dugoro\u010dno u\u0161tedite novac.<\/p>\n<h2 style=\"text-align: center;\">Gol<\/h2>\n<p style=\"text-align: center;\">Na\u0161 glavni cilj je borba protiv siroma\u0161tva na nacionalnom i me\u0111unarodnom nivou. \u017delimo da svi mogu ostvariti svoje snove. Novac \u0107e tako\u0111er olak\u0161ati trgovinu i razmjenu. S obzirom na globalno siroma\u0161tvo u kojem ljudima nedostaju osnovne potrep\u0161tine poput hrane, vode i skloni\u0161ta, mo\u017eete kupiti i koristiti na\u0161 krivotvoreni novac.<\/p>\n<h2 style=\"text-align: center;\">garancija<\/h2>\n<p style=\"text-align: center;\">Sve na\u0161e nov\u010danice i ra\u010duni su nedostupni i ne mogu se pratiti. Klase su AA+ i vrijede dvije godine. Nakon dvije godine, kvalitet po\u010dinje da se pogor\u0161ava. Preporu\u010dujemo da novac iskoristite u roku od deset mjeseci od prijema. Nudimo SSD rastvor i aktivacijski pra\u0161ak za \u010di\u0161\u0107enje zaprljanih nov\u010danica.<\/p>","protected":false},"excerpt":{"rendered":"<h2 style=\"text-align: center;\">Minimalna vrijednost narud\u017ebe: 500 funti za narud\u017ebu od 5000 funti<\/h2>\n<ul id=\"menu-categories\" class=\"menu wd-nav wd-nav-main wd-style-default wd-gap-s wd-offsets-calculated\" style=\"text-align: center;\"><\/ul>","protected":false},"featured_media":22441,"template":"","meta":[],"product_brand":[],"product_cat":[801],"product_tag":[970,967,971,921,968,942,1001,969],"class_list":{"0":"post-21884","1":"product","2":"type-product","3":"status-publish","4":"has-post-thumbnail","6":"product_cat-britische-pfund","7":"product_tag-australische-dollar-jetzt-kaufen","8":"product_tag-falschdollar-kaufen","9":"product_tag-falschgeld-im-darknet-kaufen","10":"product_tag-falschgeld-kaufen","11":"product_tag-falschpfunde-verfuegbar","12":"product_tag-gefaelschte-banknoten-kaufen","13":"product_tag-gefaelschte-euros-kaufen","14":"product_tag-gefaelschte-kanadische-dollar-kaufen","16":"first","17":"instock","18":"taxable","19":"shipping-taxable","20":"product-type-simple"},"_links":{"self":[{"href":"https:\/\/webdarkmarketplace.com\/bs\/wp-json\/wp\/v2\/product\/21884","targetHints":{"allow":["GET"]}}],"collection":[{"href":"https:\/\/webdarkmarketplace.com\/bs\/wp-json\/wp\/v2\/product"}],"about":[{"href":"https:\/\/webdarkmarketplace.com\/bs\/wp-json\/wp\/v2\/types\/product"}],"version-history":[{"count":14,"href":"https:\/\/webdarkmarketplace.com\/bs\/wp-json\/wp\/v2\/product\/21884\/revisions"}],"predecessor-version":[{"id":22445,"href":"https:\/\/webdarkmarketplace.com\/bs\/wp-json\/wp\/v2\/product\/21884\/revisions\/22445"}],"wp:featuredmedia":[{"embeddable":true,"href":"https:\/\/webdarkmarketplace.com\/bs\/wp-json\/wp\/v2\/media\/22441"}],"wp:attachment":[{"href":"https:\/\/webdarkmarketplace.com\/bs\/wp-json\/wp\/v2\/media?parent=21884"}],"wp:term":[{"taxonomy":"product_brand","embeddable":true,"href":"https:\/\/webdarkmarketplace.com\/bs\/wp-json\/wp\/v2\/product_brand?post=21884"},{"taxonomy":"product_cat","embeddable":true,"href":"https:\/\/webdarkmarketplace.com\/bs\/wp-json\/wp\/v2\/product_cat?post=21884"},{"taxonomy":"product_tag","embeddable":true,"href":"https:\/\/webdarkmarketplace.com\/bs\/wp-json\/wp\/v2\/product_tag?post=21884"}],"curies":[{"name":"wp","href":"https:\/\/api.w.org\/{rel}","templated":true}]}}