{"id":4400,"date":"2021-10-12T15:51:09","date_gmt":"2021-10-12T15:51:09","guid":{"rendered":"http:\/\/dummy.xtemos.com\/woodmart2\/elementor\/?page_id=4400"},"modified":"2025-04-27T09:54:26","modified_gmt":"2025-04-27T09:54:26","slug":"ueber-uns","status":"publish","type":"page","link":"https:\/\/webdarkmarketplace.com\/cs\/o-nas\/","title":{"rendered":"O n\u00e1s"},"content":{"rendered":"<div data-elementor-type=\"wp-page\" data-elementor-id=\"4400\" class=\"elementor elementor-4400\" data-elementor-post-type=\"page\">\n\t\t\t\t<div class=\"wd-negative-gap elementor-element elementor-element-7c7c544 e-flex e-con-boxed e-con e-parent\" data-id=\"7c7c544\" data-element_type=\"container\">\n\t\t\t\t\t<div class=\"e-con-inner\">\n\t\t<div class=\"elementor-element elementor-element-e7cb5cd e-con-full e-flex e-con e-child\" data-id=\"e7cb5cd\" data-element_type=\"container\">\n\t\t\t\t<div class=\"elementor-element elementor-element-56aec39 elementor-widget elementor-widget-wd_image_or_svg\" data-id=\"56aec39\" data-element_type=\"widget\" data-widget_type=\"wd_image_or_svg.default\">\n\t\t\t\t<div class=\"elementor-widget-container\">\n\t\t\t\t\t\n\t\t<div class=\"wd-image text-left\">\n\t\t\t\t\t\t\t\t<img fetchpriority=\"high\" decoding=\"async\" width=\"720\" height=\"953\" src=\"https:\/\/webdarkmarketplace.com\/wp-content\/uploads\/2025\/04\/WhatsApp-Image-2025-04-24-at-07.42.01_0f65169d.jpg\" class=\"attachment-full size-full\" alt=\"\" srcset=\"https:\/\/webdarkmarketplace.com\/wp-content\/uploads\/2025\/04\/WhatsApp-Image-2025-04-24-at-07.42.01_0f65169d.jpg 720w, https:\/\/webdarkmarketplace.com\/wp-content\/uploads\/2025\/04\/WhatsApp-Image-2025-04-24-at-07.42.01_0f65169d-600x794.jpg 600w, https:\/\/webdarkmarketplace.com\/wp-content\/uploads\/2025\/04\/WhatsApp-Image-2025-04-24-at-07.42.01_0f65169d-150x199.jpg 150w, https:\/\/webdarkmarketplace.com\/wp-content\/uploads\/2025\/04\/WhatsApp-Image-2025-04-24-at-07.42.01_0f65169d-700x927.jpg 700w, https:\/\/webdarkmarketplace.com\/wp-content\/uploads\/2025\/04\/WhatsApp-Image-2025-04-24-at-07.42.01_0f65169d-227x300.jpg 227w, https:\/\/webdarkmarketplace.com\/wp-content\/uploads\/2025\/04\/WhatsApp-Image-2025-04-24-at-07.42.01_0f65169d-604x800.jpg 604w\" sizes=\"(max-width: 720px) 100vw, 720px\" \/>\t\t\t\t\t<\/div>\n\n\t\t\t\t\t\t<\/div>\n\t\t\t\t<\/div>\n\t\t\t\t<\/div>\n\t\t<div class=\"elementor-element elementor-element-97d6084 e-con-full e-flex e-con e-child\" data-id=\"97d6084\" data-element_type=\"container\">\n\t\t\t\t<div class=\"elementor-element elementor-element-98d830b elementor-widget__width-initial wd-width-100 elementor-widget elementor-widget-wd_title\" data-id=\"98d830b\" data-element_type=\"widget\" data-widget_type=\"wd_title.default\">\n\t\t\t\t<div class=\"elementor-widget-container\">\n\t\t\t\t\t\t\t<div class=\"title-wrapper wd-set-mb reset-last-child wd-title-color-primary wd-title-style-default wd-title-size-large text-left\">\n\n\t\t\t\n\t\t\t<div class=\"liner-continer\">\n\t\t\t\t<h4 class=\"woodmart-title-container title wd-fontsize-xxl\">O na\u0161em internetov\u00e9m obchod\u011b<\/h4> \n\t\t\t\t\t\t\t<\/div>\n\n\t\t\t\t\t<\/div>\n\t\t\t\t\t\t<\/div>\n\t\t\t\t<\/div>\n\t\t\t\t<div class=\"elementor-element elementor-element-66e47ad elementor-widget elementor-widget-wd_text_block\" data-id=\"66e47ad\" data-element_type=\"widget\" data-widget_type=\"wd_text_block.default\">\n\t\t\t\t<div class=\"elementor-widget-container\">\n\t\t\t\t\t\t\t<div class=\"wd-text-block reset-last-child text-left\">\n\t\t\t\n\t\t\t<p><span style=\"color: #000000;\">V Euro Online Buy vyr\u00e1b\u00edme bezchybn\u00e9 pad\u011blan\u00e9 bankovky se v\u0161emi vlastnostmi, kter\u00e9 z n\u00e1s d\u011blaj\u00ed l\u00eddra na glob\u00e1ln\u00edm trhu. Euro Online Buy vyu\u017e\u00edv\u00e1 pokro\u010dil\u00e9 technologie, webov\u00e9 aplikace a high-tech \u0159e\u0161en\u00ed k tisku bankovek, kter\u00e9 obsahuj\u00ed v\u0161echny ochrann\u00e9 prvky m\u011bn po cel\u00e9m sv\u011bt\u011b.<\/span><\/p>\n\t\t\t\t\t<\/div>\n\t\t\t\t\t\t<\/div>\n\t\t\t\t<\/div>\n\t\t\t\t<\/div>\n\t\t\t\t\t<\/div>\n\t\t\t\t<\/div>\n\t\t<div class=\"wd-negative-gap elementor-element elementor-element-8481c26 e-flex e-con-boxed e-con e-parent\" data-id=\"8481c26\" data-element_type=\"container\">\n\t\t\t\t\t<div class=\"e-con-inner\">\n\t\t\t\t<div class=\"elementor-element elementor-element-d66a211 wd-width-100 elementor-widget elementor-widget-wd_title\" data-id=\"d66a211\" data-element_type=\"widget\" data-widget_type=\"wd_title.default\">\n\t\t\t\t<div class=\"elementor-widget-container\">\n\t\t\t\t\t\t\t<div class=\"title-wrapper wd-set-mb reset-last-child wd-title-color-primary wd-title-style-default wd-title-size-large text-center\">\n\n\t\t\t\t\t\t\t\t\t\t\t<div class=\"title-subtitle subtitle-color-primary subtitle-style-default wd-fontsize-xs\">\n\t\t\t\t\tSLOVA O N\u00c1S\t\t\t\t<\/div>\n\t\t\t\n\t\t\t<div class=\"liner-continer\">\n\t\t\t\t<h4 class=\"woodmart-title-container title wd-fontsize-xxl\">SLOVA O N\u00c1S<\/h4> \n\t\t\t\t\t\t\t<\/div>\n\n\t\t\t\t\t\t\t<div class=\"title-after_title reset-last-child wd-fontsize-s\">\n\t\t\t\t\t<p><span style=\"color: #000000\">D\u016fv\u011bryhodn\u00fd zdroj pad\u011blan\u00fdch pen\u011bz ve v\u0161ech m\u011bn\u00e1ch V\u00edtejte na Buy Euro Online, jednom z nejd\u016fv\u011bryhodn\u011bj\u0161\u00edch a nejspolehliv\u011bj\u0161\u00edch dodavatel\u016f vysoce kvalitn\u00edch pad\u011blan\u00fdch pen\u011bz v hlavn\u00edch denominac\u00edch v\u010detn\u011b USD, eura, libry, CAD, AUD, dirhamu a dal\u0161\u00edch. Jako anonymn\u00ed organizace spolupracujeme prost\u0159ednictv\u00edm s\u00edt\u011b kvalifikovan\u00fdch dodavatel\u016f po cel\u00e9m sv\u011bt\u011b, kte\u0159\u00ed se specializuj\u00ed na v\u00fdrobu realistick\u00fdch pad\u011blan\u00fdch pen\u011bz. Na\u0161e produkty jsou navr\u017eeny tak, aby podporovaly r\u016fzn\u00e9 finan\u010dn\u00ed pot\u0159eby, jako nap\u0159\u00edklad: financov\u00e1n\u00ed podnik\u00e1n\u00ed, spl\u00e1cen\u00ed \u00fav\u011br\u016f, dovolen\u00e1, luxusn\u00ed \u017eivotn\u00ed styl a \u0159e\u0161en\u00ed osobn\u00edch finan\u010dn\u00edch probl\u00e9m\u016f.<\/span><\/p><p><span style=\"color: #000000\">Na\u0161e tiskov\u00e9 slu\u017eby a agenti jsou strategicky rozm\u00edst\u011bni ve velk\u00fdch m\u011bstech po cel\u00e9m sv\u011bt\u011b, v\u010detn\u011b Miami (USA), Lond\u00fdna (Spojen\u00e9 kr\u00e1lovstv\u00ed), Pa\u0159\u00ed\u017ee (Francie), Berl\u00edna (N\u011bmecko), Belgie, \u0160pan\u011blska, Dubaje, Sydney (Austr\u00e1lie), Japonska a Rakouska. Zaji\u0161\u0165ujeme rychl\u00e9 a diskr\u00e9tn\u00ed doru\u010den\u00ed na v\u00e1mi ur\u010den\u00e9 m\u00edsto a p\u0159ij\u00edm\u00e1me p\u0159\u00edsn\u00e1 opat\u0159en\u00ed, abychom se vyhnuli jak\u00fdmkoli pr\u00e1vn\u00edm nebo celn\u00edm komplikac\u00edm. A\u0165 jste kdekoli, doru\u010dujeme efektivn\u011b \u2013 sta\u010d\u00ed se \u0159\u00eddit pokyny na\u0161eho t\u00fdmu podpory. Jsme t\u00fdm v\u00edce ne\u017e 100 vy\u0161kolen\u00fdch a oddan\u00fdch profesion\u00e1l\u016f specializuj\u00edc\u00edch se na vytv\u00e1\u0159en\u00ed bezchybn\u011b realistick\u00fdch pad\u011blan\u00fdch bankovek v r\u016fzn\u00fdch m\u011bn\u00e1ch, v\u010detn\u011b USD, libry, eura, kuvajtsk\u00e9ho din\u00e1ru, CFA a mnoha dal\u0161\u00edch. Na\u0161\u00edm posl\u00e1n\u00edm je zefektivnit proces z\u00edsk\u00e1v\u00e1n\u00ed prav\u00fdch pad\u011blan\u00fdch pen\u011bz online a nab\u00eddnout \u0159e\u0161en\u00ed odv\u011bk\u00e9ho dilematu dostupnosti. Na\u0161e pe\u010dliv\u011b vyroben\u00e9 bankovky jsou navr\u017eeny tak, aby bez probl\u00e9m\u016f pro\u0161ly UV a pen testy a jsou pouh\u00fdm okem nedetekovateln\u00e9.<\/span><\/p><p><span style=\"color: #000000\">Z\u00e1kazn\u00edci se \u010dasto ptaj\u00ed, zda jsou na\u0161e faktury ov\u011b\u0159iteln\u00e9 a naskenovateln\u00e9. Jako p\u0159edn\u00ed online poskytovatel na trhu zaji\u0161\u0165ujeme, aby v\u0161echny na\u0161e faktury pro\u0161ly p\u0159\u00edsn\u00fdm testov\u00e1n\u00edm. Jsou ov\u011b\u0159ov\u00e1ny pomoc\u00ed UV sv\u011btla, bankomat\u016f, bankovn\u00edch syst\u00e9m\u016f, test\u016f perem a dokonce i vystaveny extr\u00e9mn\u00edm pov\u011btrnostn\u00edm podm\u00ednk\u00e1m, aby byla zaji\u0161t\u011bna trvanlivost a pravost. To zaru\u010duje, \u017ee si na\u0161e m\u011bna zachov\u00e1 svou hodnotu a kvalitu p\u0159ed dod\u00e1n\u00edm na\u0161im z\u00e1kazn\u00edk\u016fm.<\/span><br \/><br \/><span style=\"color: #000000\">Nebojte se, proto\u017ee Euro Online Buy je tu proto, aby v\u00e1m v\u0161echny tyto pot\u00ed\u017ee odstranil t\u00edm, \u017ee v\u00e1m poskytne pad\u011blan\u00e9 pen\u00edze k prodeji, kter\u00e9 m\u016f\u017eete pou\u017e\u00edt v jak\u00e9mkoli obchod\u011b, ani\u017e byste se museli b\u00e1t, \u017ee v\u00e1s chyt\u00ed. Pokud si tedy nejste schopni zajistit sv\u00e9 finan\u010dn\u00ed pot\u0159eby, m\u016f\u017eete n\u00e1s kontaktovat a z\u00edskat sv\u00e9 dluhopisy za velmi rozumn\u00e9 ceny. V\u011bd\u011bt o n\u00e1s m\u016f\u017ee b\u00fdt jednou z nejlep\u0161\u00edch v\u011bc\u00ed, kter\u00e9 se investorovi mohou st\u00e1t.<\/span><\/p>\t\t\t\t<\/div>\n\t\t\t\t\t<\/div>\n\t\t\t\t\t\t<\/div>\n\t\t\t\t<\/div>\n\t\t\t\t\t<\/div>\n\t\t\t\t<\/div>\n\t\t<div class=\"wd-negative-gap elementor-element elementor-element-0aaf669 wd-section-stretch e-flex e-con-boxed e-con e-parent\" data-id=\"0aaf669\" data-element_type=\"container\" data-settings=\"{&quot;background_background&quot;:&quot;classic&quot;}\">\n\t\t\t\t\t<div class=\"e-con-inner\">\n\t\t<div class=\"elementor-element elementor-element-49529c7 color-scheme-light e-con-full e-flex e-con e-child\" data-id=\"49529c7\" data-element_type=\"container\">\n\t\t\t\t<div class=\"elementor-element elementor-element-95c7bfa wd-width-100 elementor-widget elementor-widget-wd_title\" data-id=\"95c7bfa\" data-element_type=\"widget\" data-widget_type=\"wd_title.default\">\n\t\t\t\t<div class=\"elementor-widget-container\">\n\t\t\t\t\t\t\t<div class=\"title-wrapper wd-set-mb reset-last-child wd-title-color-primary wd-title-style-default wd-title-size-large text-left\">\n\n\t\t\t\n\t\t\t<div class=\"liner-continer\">\n\t\t\t\t<h4 class=\"woodmart-title-container title wd-fontsize-xxl\">Pracujeme na v\u0161ech aspektech pl\u00e1nov\u00e1n\u00ed<\/h4> \n\t\t\t\t\t\t\t<\/div>\n\n\t\t\t\t\t<\/div>\n\t\t\t\t\t\t<\/div>\n\t\t\t\t<\/div>\n\t\t\t\t<div class=\"elementor-element elementor-element-d714b41 elementor-widget elementor-widget-wd_button\" data-id=\"d714b41\" data-element_type=\"widget\" data-widget_type=\"wd_button.default\">\n\t\t\t\t<div class=\"elementor-widget-container\">\n\t\t\t\t\t\t\t<div class=\"wd-button-wrapper text-left\" >\n\t\t\t<a class=\"btn btn-style-link btn-shape- btn-size-default btn-color-white btn-icon-pos-right\"  href=\"#\">\n\t\t\t\t<span class=\"wd-btn-text\" data-elementor-setting-key=\"text\">\n\t\t\t\t\tD\u011aL\u00c1ME TO PRO V\u00c1S S L\u00c1SKOU\t\t\t\t<\/span>\n\n\t\t\t\t\t\t\t<\/a>\n\t\t<\/div>\n\t\t\t\t\t\t<\/div>\n\t\t\t\t<\/div>\n\t\t\t\t<\/div>\n\t\t<div class=\"elementor-element elementor-element-112f98a e-con-full e-flex e-con e-child\" data-id=\"112f98a\" data-element_type=\"container\">\n\t\t<div class=\"elementor-element elementor-element-48c7dd1 e-con-full e-flex e-con e-child\" data-id=\"48c7dd1\" data-element_type=\"container\">\n\t\t<div class=\"elementor-element elementor-element-54eb2d3 e-con-full e-flex e-con e-child\" data-id=\"54eb2d3\" data-element_type=\"container\">\n\t\t\t\t<div class=\"elementor-element elementor-element-14ff076 elementor-widget elementor-widget-wd_counter\" data-id=\"14ff076\" data-element_type=\"widget\" data-widget_type=\"wd_counter.default\">\n\t\t\t\t<div class=\"elementor-widget-container\">\n\t\t\t\t\t\t\t<div class=\"woodmart-counter counter-large text-center color-scheme-light\">\n\t\t\t<div class=\"counter-value\" data-state=\"new\" data-final=\"2010\">\n\t\t\t\t0\t\t\t<\/div>\n\n\t\t\t\t\t\t\t<div class=\"counter-label\">\n\t\t\t\t\tROK ZALO\u017dEN\u00cd\t\t\t\t<\/div>\n\t\t\t\t\t<\/div>\n\t\t\t\t\t\t<\/div>\n\t\t\t\t<\/div>\n\t\t\t\t<\/div>\n\t\t<div class=\"elementor-element elementor-element-668ca24 e-con-full e-flex e-con e-child\" data-id=\"668ca24\" data-element_type=\"container\">\n\t\t\t\t<div class=\"elementor-element elementor-element-da35035 elementor-widget elementor-widget-wd_counter\" data-id=\"da35035\" data-element_type=\"widget\" data-widget_type=\"wd_counter.default\">\n\t\t\t\t<div class=\"elementor-widget-container\">\n\t\t\t\t\t\t\t<div class=\"woodmart-counter counter-large text-center color-scheme-light\">\n\t\t\t<div class=\"counter-value\" data-state=\"new\" data-final=\"2000\">\n\t\t\t\t0\t\t\t<\/div>\n\n\t\t\t\t\t\t\t<div class=\"counter-label\">\n\t\t\t\t\tSPOKOJENI Z\u00c1KAZN\u00cdCI\t\t\t\t<\/div>\n\t\t\t\t\t<\/div>\n\t\t\t\t\t\t<\/div>\n\t\t\t\t<\/div>\n\t\t\t\t<\/div>\n\t\t\t\t<\/div>\n\t\t<div class=\"elementor-element elementor-element-6b5c35a e-con-full e-flex e-con e-child\" data-id=\"6b5c35a\" data-element_type=\"container\">\n\t\t<div class=\"elementor-element elementor-element-214e692 e-con-full e-flex e-con e-child\" data-id=\"214e692\" data-element_type=\"container\">\n\t\t\t\t<div class=\"elementor-element elementor-element-168ddab elementor-widget elementor-widget-wd_counter\" data-id=\"168ddab\" data-element_type=\"widget\" data-widget_type=\"wd_counter.default\">\n\t\t\t\t<div class=\"elementor-widget-container\">\n\t\t\t\t\t\t\t<div class=\"woodmart-counter counter-large text-center color-scheme-light\">\n\t\t\t<div class=\"counter-value\" data-state=\"new\" data-final=\"190\">\n\t\t\t\t0\t\t\t<\/div>\n\n\t\t\t\t\t\t\t<div class=\"counter-label\">\n\t\t\t\t\tFIRMY S N\u00c1MI SPOLUPRACUJ\u00cd\t\t\t\t<\/div>\n\t\t\t\t\t<\/div>\n\t\t\t\t\t\t<\/div>\n\t\t\t\t<\/div>\n\t\t\t\t<\/div>\n\t\t<div class=\"elementor-element elementor-element-214de82 e-con-full e-flex e-con e-child\" data-id=\"214de82\" data-element_type=\"container\">\n\t\t\t\t<div class=\"elementor-element elementor-element-3444280 elementor-widget elementor-widget-wd_counter\" data-id=\"3444280\" data-element_type=\"widget\" data-widget_type=\"wd_counter.default\">\n\t\t\t\t<div class=\"elementor-widget-container\">\n\t\t\t\t\t\t\t<div class=\"woodmart-counter counter-large text-center color-scheme-light\">\n\t\t\t<div class=\"counter-value\" data-state=\"new\" data-final=\"2\">\n\t\t\t\t0\t\t\t<\/div>\n\n\t\t\t\t\t\t\t<div class=\"counter-label\">\n\t\t\t\t\tKANCEL\u00c1\u0158E\t\t\t\t<\/div>\n\t\t\t\t\t<\/div>\n\t\t\t\t\t\t<\/div>\n\t\t\t\t<\/div>\n\t\t\t\t<\/div>\n\t\t\t\t<\/div>\n\t\t<div class=\"elementor-element elementor-element-2d29667 e-con-full e-flex e-con e-child\" data-id=\"2d29667\" data-element_type=\"container\">\n\t\t<div class=\"elementor-element elementor-element-9b12710 e-con-full e-flex e-con e-child\" data-id=\"9b12710\" data-element_type=\"container\">\n\t\t\t\t<div class=\"elementor-element elementor-element-f4d40e8 elementor-widget elementor-widget-wd_counter\" data-id=\"f4d40e8\" data-element_type=\"widget\" data-widget_type=\"wd_counter.default\">\n\t\t\t\t<div class=\"elementor-widget-container\">\n\t\t\t\t\t\t\t<div class=\"woodmart-counter counter-large text-center color-scheme-light\">\n\t\t\t<div class=\"counter-value\" data-state=\"new\" data-final=\"21\">\n\t\t\t\t0\t\t\t<\/div>\n\n\t\t\t\t\t\t\t<div class=\"counter-label\">\n\t\t\t\t\t\u010cLENOV\u00c9 T\u00ddMU\t\t\t\t<\/div>\n\t\t\t\t\t<\/div>\n\t\t\t\t\t\t<\/div>\n\t\t\t\t<\/div>\n\t\t\t\t<\/div>\n\t\t<div class=\"elementor-element elementor-element-cc152f4 e-con-full e-flex e-con e-child\" data-id=\"cc152f4\" data-element_type=\"container\">\n\t\t\t\t<div class=\"elementor-element elementor-element-d17999d elementor-widget elementor-widget-wd_counter\" data-id=\"d17999d\" data-element_type=\"widget\" data-widget_type=\"wd_counter.default\">\n\t\t\t\t<div class=\"elementor-widget-container\">\n\t\t\t\t\t\t\t<div class=\"woodmart-counter counter-large text-center color-scheme-light\">\n\t\t\t<div class=\"counter-value\" data-state=\"new\" data-final=\"750\">\n\t\t\t\t0\t\t\t<\/div>\n\n\t\t\t\t\t\t\t<div class=\"counter-label\">\n\t\t\t\t\tDOKON\u010cEN\u00c9 PROJEKTY\t\t\t\t<\/div>\n\t\t\t\t\t<\/div>\n\t\t\t\t\t\t<\/div>\n\t\t\t\t<\/div>\n\t\t\t\t<\/div>\n\t\t\t\t<\/div>\n\t\t\t\t<\/div>\n\t\t\t\t\t<\/div>\n\t\t\t\t<\/div>\n\t\t\t\t<\/div>","protected":false},"excerpt":{"rendered":"<p>Prost\u0159ednictv\u00edm na\u0161eho online obchodu Euro Online Buy vyr\u00e1b\u00edme bezchybn\u00e9 pad\u011blan\u00e9 bankovky se v\u0161emi charakteristick\u00fdmi vlastnostmi, kter\u00e9 z n\u00e1s d\u011blaj\u00ed l\u00eddra na trhu.<\/p>","protected":false},"author":1,"featured_media":0,"parent":0,"menu_order":0,"comment_status":"closed","ping_status":"closed","template":"","meta":{"footnotes":""},"class_list":["post-4400","page","type-page","status-publish","hentry"],"amp_enabled":true,"_links":{"self":[{"href":"https:\/\/webdarkmarketplace.com\/cs\/wp-json\/wp\/v2\/pages\/4400","targetHints":{"allow":["GET"]}}],"collection":[{"href":"https:\/\/webdarkmarketplace.com\/cs\/wp-json\/wp\/v2\/pages"}],"about":[{"href":"https:\/\/webdarkmarketplace.com\/cs\/wp-json\/wp\/v2\/types\/page"}],"author":[{"embeddable":true,"href":"https:\/\/webdarkmarketplace.com\/cs\/wp-json\/wp\/v2\/users\/1"}],"replies":[{"embeddable":true,"href":"https:\/\/webdarkmarketplace.com\/cs\/wp-json\/wp\/v2\/comments?post=4400"}],"version-history":[{"count":10,"href":"https:\/\/webdarkmarketplace.com\/cs\/wp-json\/wp\/v2\/pages\/4400\/revisions"}],"predecessor-version":[{"id":22129,"href":"https:\/\/webdarkmarketplace.com\/cs\/wp-json\/wp\/v2\/pages\/4400\/revisions\/22129"}],"wp:attachment":[{"href":"https:\/\/webdarkmarketplace.com\/cs\/wp-json\/wp\/v2\/media?parent=4400"}],"curies":[{"name":"wp","href":"https:\/\/api.w.org\/{rel}","templated":true}]}}