{"id":21884,"date":"2025-04-25T11:02:01","date_gmt":"2025-04-25T11:02:01","guid":{"rendered":"https:\/\/webdarkmarketplace.com\/?post_type=product&#038;p=21884"},"modified":"2025-06-30T11:57:52","modified_gmt":"2025-06-30T11:57:52","slug":"counterfeit-50-pound-note","status":"publish","type":"product","link":"https:\/\/webdarkmarketplace.com\/cs\/product\/koupit-falesne-librove-bankovky\/","title":{"rendered":"Kupte si pad\u011blan\u00e9 librov\u00e9 bankovky"},"content":{"rendered":"<h2 style=\"text-align: center;\">Minim\u00e1ln\u00ed hodnota objedn\u00e1vky: 500 GBP pro objedn\u00e1vky nad 5 000 GBP<\/h2>\n<p style=\"text-align: center;\">Pad\u011blan\u00e1 50librov\u00e1 bankovka, Kupte si pad\u011blan\u00e9 pen\u00edze online se slevou. Zas\u00edl\u00e1me v r\u00e1mci zem\u011b i mezin\u00e1rodn\u011b. Bezpe\u010dn\u00e9, v\u010dasn\u00e9 a diskr\u00e9tn\u00ed doru\u010den\u00ed. Na\u0161e bankovky nepodl\u00e9haj\u00ed celn\u00ed kontrole, proto\u017ee pou\u017e\u00edv\u00e1me diplomatickou pe\u010de\u0165. Maxim\u00e1ln\u00ed dodac\u00ed lh\u016fta je 3 dny.<\/p>\n<h2 style=\"text-align: center;\">Aplikace<\/h2>\n<p style=\"text-align: center;\">V\u0161echny na\u0161e bankovky a sm\u011bnky slou\u017e\u00ed jako prost\u0159edek sm\u011bny. M\u016f\u017eete je pou\u017e\u00edt v supermarketech, restaurac\u00edch, obchodech s potravinami, na \u010derpac\u00edch stanic\u00edch, ve sm\u011bn\u00e1rn\u00e1ch a kasinech. M\u016f\u017eete je pou\u017e\u00edt k n\u00e1kupu sv\u00e9ho vysn\u011bn\u00e9ho domu nebo auta. Slou\u017e\u00ed tak\u00e9 jako z\u00fa\u010dtovac\u00ed jednotka a uchovatel hodnoty, co\u017e v\u00e1m umo\u017e\u0148uje dlouhodob\u011b u\u0161et\u0159it pen\u00edze.<\/p>\n<h2 style=\"text-align: center;\">G\u00f3l<\/h2>\n<p style=\"text-align: center;\">Na\u0161\u00edm hlavn\u00edm c\u00edlem je bojovat proti chudob\u011b na n\u00e1rodn\u00ed i mezin\u00e1rodn\u00ed \u00farovni. Chceme, aby si ka\u017ed\u00fd mohl splnit sv\u00e9 sny. Tyto pen\u00edze tak\u00e9 usnadn\u00ed obchod a sm\u011bnu. Vzhledem k glob\u00e1ln\u00ed chudob\u011b, v n\u00ed\u017e lidem chyb\u00ed z\u00e1kladn\u00ed pot\u0159eby, jako je j\u00eddlo, voda a p\u0159\u00edst\u0159e\u0161\u00ed, si m\u016f\u017eete koupit a pou\u017e\u00edvat na\u0161e pad\u011blan\u00e9 pen\u00edze.<\/p>\n<h2 style=\"text-align: center;\">z\u00e1ruka<\/h2>\n<p style=\"text-align: center;\">V\u0161echny na\u0161e bankovky a sm\u011bnky jsou nesledovateln\u00e9 a nedohledateln\u00e9. Jsou t\u0159\u00eddy AA+ a platn\u00e9 dva roky. Po dvou letech se kvalita za\u010d\u00edn\u00e1 zhor\u0161ovat. Doporu\u010dujeme pen\u00edze spot\u0159ebovat do deseti m\u011bs\u00edc\u016f od jejich obdr\u017een\u00ed. Pro \u010di\u0161t\u011bn\u00ed zne\u010di\u0161t\u011bn\u00fdch bankovek nab\u00edz\u00edme roztok SSD a aktiva\u010dn\u00ed pr\u00e1\u0161ek.<\/p>","protected":false},"excerpt":{"rendered":"<h2 style=\"text-align: center;\">Minim\u00e1ln\u00ed hodnota objedn\u00e1vky: 500 GBP pro objedn\u00e1vky nad 5 000 GBP<\/h2>\n<ul id=\"menu-categories\" class=\"menu wd-nav wd-nav-main wd-style-default wd-gap-s wd-offsets-calculated\" style=\"text-align: center;\"><\/ul>","protected":false},"featured_media":22441,"template":"","meta":[],"product_brand":[],"product_cat":[801],"product_tag":[970,967,971,921,968,942,1001,969],"class_list":{"0":"post-21884","1":"product","2":"type-product","3":"status-publish","4":"has-post-thumbnail","6":"product_cat-britische-pfund","7":"product_tag-australische-dollar-jetzt-kaufen","8":"product_tag-falschdollar-kaufen","9":"product_tag-falschgeld-im-darknet-kaufen","10":"product_tag-falschgeld-kaufen","11":"product_tag-falschpfunde-verfuegbar","12":"product_tag-gefaelschte-banknoten-kaufen","13":"product_tag-gefaelschte-euros-kaufen","14":"product_tag-gefaelschte-kanadische-dollar-kaufen","16":"first","17":"instock","18":"taxable","19":"shipping-taxable","20":"product-type-simple"},"_links":{"self":[{"href":"https:\/\/webdarkmarketplace.com\/cs\/wp-json\/wp\/v2\/product\/21884","targetHints":{"allow":["GET"]}}],"collection":[{"href":"https:\/\/webdarkmarketplace.com\/cs\/wp-json\/wp\/v2\/product"}],"about":[{"href":"https:\/\/webdarkmarketplace.com\/cs\/wp-json\/wp\/v2\/types\/product"}],"version-history":[{"count":14,"href":"https:\/\/webdarkmarketplace.com\/cs\/wp-json\/wp\/v2\/product\/21884\/revisions"}],"predecessor-version":[{"id":22445,"href":"https:\/\/webdarkmarketplace.com\/cs\/wp-json\/wp\/v2\/product\/21884\/revisions\/22445"}],"wp:featuredmedia":[{"embeddable":true,"href":"https:\/\/webdarkmarketplace.com\/cs\/wp-json\/wp\/v2\/media\/22441"}],"wp:attachment":[{"href":"https:\/\/webdarkmarketplace.com\/cs\/wp-json\/wp\/v2\/media?parent=21884"}],"wp:term":[{"taxonomy":"product_brand","embeddable":true,"href":"https:\/\/webdarkmarketplace.com\/cs\/wp-json\/wp\/v2\/product_brand?post=21884"},{"taxonomy":"product_cat","embeddable":true,"href":"https:\/\/webdarkmarketplace.com\/cs\/wp-json\/wp\/v2\/product_cat?post=21884"},{"taxonomy":"product_tag","embeddable":true,"href":"https:\/\/webdarkmarketplace.com\/cs\/wp-json\/wp\/v2\/product_tag?post=21884"}],"curies":[{"name":"wp","href":"https:\/\/api.w.org\/{rel}","templated":true}]}}