{"id":21920,"date":"2025-04-25T11:02:17","date_gmt":"2025-04-25T11:02:17","guid":{"rendered":"https:\/\/webdarkmarketplace.com\/?post_type=product&#038;p=21920"},"modified":"2025-06-30T11:57:51","modified_gmt":"2025-06-30T11:57:51","slug":"buy-counterfeit-dollars","status":"publish","type":"product","link":"https:\/\/webdarkmarketplace.com\/cs\/product\/koupit-padelane-bankovky-americkych-dolaru-online\/","title":{"rendered":"Kupte si pad\u011blan\u00e9 bankovky americk\u00fdch dolar\u016f online"},"content":{"rendered":"<h2 style=\"text-align: center;\">Minim\u00e1ln\u00ed hodnota objedn\u00e1vky: 500 $ za 5000 $<\/h2>\n<p style=\"text-align: center;\">\u00a0Prodej pad\u011blan\u00fdch eur. Kupte si pad\u011blan\u00e9 pen\u00edze online za zv\u00fdhodn\u011bn\u00e9 ceny. Zas\u00edl\u00e1me v r\u00e1mci zem\u011b i mezin\u00e1rodn\u011b. Bezpe\u010dn\u00e9, v\u010dasn\u00e9 a diskr\u00e9tn\u00ed doru\u010den\u00ed. Na\u0161e bankovky nepodl\u00e9haj\u00ed celn\u00ed kontrole, proto\u017ee pou\u017e\u00edv\u00e1me diplomatickou pe\u010de\u0165. Maxim\u00e1ln\u00ed dodac\u00ed lh\u016fta je 3 dny. Kupte si pad\u011blan\u00e9 dolary.<\/p>\n<h2 style=\"text-align: center;\">Aplikace<\/h2>\n<p style=\"text-align: center;\">V\u0161echny na\u0161e bankovky a sm\u011bnky slou\u017e\u00ed jako prost\u0159edek sm\u011bny a jsou k dost\u00e1n\u00ed v supermarketech, restaurac\u00edch, obchodech s potravinami, na \u010derpac\u00edch stanic\u00edch, ve sm\u011bn\u00e1rn\u00e1ch a kasinech. M\u016f\u017eete je pou\u017e\u00edt k n\u00e1kupu sv\u00e9ho vysn\u011bn\u00e9ho domu nebo auta. Slou\u017e\u00ed tak\u00e9 jako z\u00fa\u010dtovac\u00ed jednotka a uchovatel hodnoty, co\u017e v\u00e1m umo\u017e\u0148uje dlouhodob\u011b ukl\u00e1dat pen\u00edze.<\/p>\n<h2 style=\"text-align: center;\">G\u00f3l<\/h2>\n<p style=\"text-align: center;\">Na\u0161\u00edm hlavn\u00edm c\u00edlem je bojovat proti chudob\u011b na n\u00e1rodn\u00ed i mezin\u00e1rodn\u00ed \u00farovni. Chceme, aby si ka\u017ed\u00fd mohl splnit sv\u00e9 sny. Pen\u00edze jsou tak\u00e9 ur\u010deny k usnadn\u011bn\u00ed obchodu a sm\u011bny. Vzhledem k glob\u00e1ln\u00ed chudob\u011b, kdy lidem chyb\u00ed z\u00e1kladn\u00ed pot\u0159eby, jako je j\u00eddlo, voda a p\u0159\u00edst\u0159e\u0161\u00ed, si m\u016f\u017eete koupit a pou\u017e\u00edvat na\u0161e pad\u011blan\u00e9 pen\u00edze.<\/p>\n<h2 style=\"text-align: center;\">z\u00e1ruka<\/h2>\n<p style=\"text-align: center;\">V\u0161echny na\u0161e bankovky a sm\u011bnky jsou nesledovateln\u00e9 a nedohledateln\u00e9. Jsou t\u0159\u00eddy AA+ a platn\u00e9 dva roky. Po dvou letech se kvalita za\u010d\u00edn\u00e1 zhor\u0161ovat. Doporu\u010dujeme pen\u00edze spot\u0159ebovat do deseti m\u011bs\u00edc\u016f od jejich obdr\u017een\u00ed. Pro \u010di\u0161t\u011bn\u00ed zne\u010di\u0161t\u011bn\u00fdch bankovek nab\u00edz\u00edme roztok SSD a aktiva\u010dn\u00ed pr\u00e1\u0161ek.<\/p>","protected":false},"excerpt":{"rendered":"<h2 style=\"text-align: center;\">Minim\u00e1ln\u00ed hodnota objedn\u00e1vky: 500 $ za 5000 $<\/h2>","protected":false},"featured_media":22434,"template":"","meta":[],"product_brand":[],"product_cat":[73],"product_tag":[992,985,987,997,1000,988,989,984,998,999,994,986,990,995,993,991],"class_list":{"0":"post-21920","1":"product","2":"type-product","3":"status-publish","4":"has-post-thumbnail","6":"product_cat-us-dollar","7":"product_tag-brandneue-us-dollar-zu-verkaufen","8":"product_tag-gefaelschte-us-dollar-zu-verkaufen","9":"product_tag-gefaelschte-us-dollar-zum-verkauf","10":"product_tag-gefaelschte-us-dollar-zum-verkauf-im-darkweb","11":"product_tag-gefaelschte-us-dollar-zum-verkauf-innerhalb-amerikas","12":"product_tag-gefaelschte-us-dollar-banknoten-zum-verkauf","13":"product_tag-hochwertige-us-dollar-zum-verkauf","14":"product_tag-kaufen-sie-gefaelschte-geldscheine","15":"product_tag-kaufen-sie-gefaelschte-us-dollar-auf-youtube","16":"product_tag-kaufen-sie-gefaelschte-us-dollar-im-deepweb","17":"product_tag-kaufen-sie-gefaelschte-us-dollar-online","18":"product_tag-kaufen-sie-jetzt-hochwertige-us-dollar","19":"product_tag-kaufen-sie-nicht-nachweisbare-us-dollar-online","20":"product_tag-nicht-nachvollziehbare-us-dollar-zum-verkauf","21":"product_tag-nicht-nachweisbare-us-dollar-banknoten-und-scheine-zum-verkauf","22":"product_tag-us-dollar-online-zu-verkaufen","24":"first","25":"instock","26":"taxable","27":"shipping-taxable","28":"product-type-simple"},"_links":{"self":[{"href":"https:\/\/webdarkmarketplace.com\/cs\/wp-json\/wp\/v2\/product\/21920","targetHints":{"allow":["GET"]}}],"collection":[{"href":"https:\/\/webdarkmarketplace.com\/cs\/wp-json\/wp\/v2\/product"}],"about":[{"href":"https:\/\/webdarkmarketplace.com\/cs\/wp-json\/wp\/v2\/types\/product"}],"version-history":[{"count":10,"href":"https:\/\/webdarkmarketplace.com\/cs\/wp-json\/wp\/v2\/product\/21920\/revisions"}],"predecessor-version":[{"id":22479,"href":"https:\/\/webdarkmarketplace.com\/cs\/wp-json\/wp\/v2\/product\/21920\/revisions\/22479"}],"wp:featuredmedia":[{"embeddable":true,"href":"https:\/\/webdarkmarketplace.com\/cs\/wp-json\/wp\/v2\/media\/22434"}],"wp:attachment":[{"href":"https:\/\/webdarkmarketplace.com\/cs\/wp-json\/wp\/v2\/media?parent=21920"}],"wp:term":[{"taxonomy":"product_brand","embeddable":true,"href":"https:\/\/webdarkmarketplace.com\/cs\/wp-json\/wp\/v2\/product_brand?post=21920"},{"taxonomy":"product_cat","embeddable":true,"href":"https:\/\/webdarkmarketplace.com\/cs\/wp-json\/wp\/v2\/product_cat?post=21920"},{"taxonomy":"product_tag","embeddable":true,"href":"https:\/\/webdarkmarketplace.com\/cs\/wp-json\/wp\/v2\/product_tag?post=21920"}],"curies":[{"name":"wp","href":"https:\/\/api.w.org\/{rel}","templated":true}]}}