{"id":22466,"date":"2025-06-20T15:40:24","date_gmt":"2025-06-20T15:40:24","guid":{"rendered":"https:\/\/webdarkmarketplace.com\/?post_type=product&#038;p=22466"},"modified":"2025-06-30T11:57:43","modified_gmt":"2025-06-30T11:57:43","slug":"counterfeit-canadian-dollars","status":"publish","type":"product","link":"https:\/\/webdarkmarketplace.com\/cs\/product\/padelane-kanadske-dolary\/","title":{"rendered":"Kanadsk\u00e9 dolary"},"content":{"rendered":"<h2 style=\"text-align: center;\"><span style=\"vertical-align: inherit;\"><span style=\"vertical-align: inherit;\">Minim\u00e1ln\u00ed hodnota objedn\u00e1vky: 500 CAD pro 5000 CAD<\/span><\/span><\/h2>\n<p style=\"text-align: center;\"><span style=\"vertical-align: inherit;\"><span style=\"vertical-align: inherit;\">Nakupujte pad\u011blan\u00e9 pen\u00edze online za zv\u00fdhodn\u011bn\u00e9 ceny. Zas\u00edl\u00e1me v r\u00e1mci zem\u011b i mezin\u00e1rodn\u011b. Bezpe\u010dn\u00e9, v\u010dasn\u00e9 a diskr\u00e9tn\u00ed doru\u010den\u00ed. Na\u0161e bankovky nepodl\u00e9haj\u00ed celn\u00ed kontrole, proto\u017ee pou\u017e\u00edv\u00e1me diplomatickou pe\u010de\u0165. Maxim\u00e1ln\u00ed dodac\u00ed lh\u016fta je 3 dny.<\/span><\/span><\/p>\n<h2 style=\"text-align: center;\"><span style=\"vertical-align: inherit;\"><span style=\"vertical-align: inherit;\">Aplikace<\/span><\/span><\/h2>\n<p style=\"text-align: center;\"><span style=\"vertical-align: inherit;\"><span style=\"vertical-align: inherit;\">V\u0161echny na\u0161e bankovky a sm\u011bnky slou\u017e\u00ed jako prost\u0159edek sm\u011bny a jsou k dost\u00e1n\u00ed v supermarketech, restaurac\u00edch, obchodech s potravinami, na \u010derpac\u00edch stanic\u00edch, ve sm\u011bn\u00e1rn\u00e1ch a kasinech. M\u016f\u017eete je pou\u017e\u00edt k n\u00e1kupu sv\u00e9ho vysn\u011bn\u00e9ho domu nebo auta. Slou\u017e\u00ed tak\u00e9 jako z\u00fa\u010dtovac\u00ed jednotka a uchovatel hodnoty, co\u017e v\u00e1m umo\u017e\u0148uje dlouhodob\u011b u\u0161et\u0159it pen\u00edze.<\/span><\/span><\/p>\n<h2 style=\"text-align: center;\"><span style=\"vertical-align: inherit;\"><span style=\"vertical-align: inherit;\">g\u00f3l<\/span><\/span><\/h2>\n<p style=\"text-align: center;\"><span style=\"vertical-align: inherit;\"><span style=\"vertical-align: inherit;\">Na\u0161\u00edm hlavn\u00edm c\u00edlem je bojovat proti chudob\u011b na n\u00e1rodn\u00ed i mezin\u00e1rodn\u00ed \u00farovni. Chceme, aby si ka\u017ed\u00fd mohl splnit sv\u00e9 sny. Pen\u00edze jsou tak\u00e9 ur\u010deny k usnadn\u011bn\u00ed obchodu a sm\u011bny. Vzhledem k glob\u00e1ln\u00ed chudob\u011b, kdy lidem chyb\u00ed z\u00e1kladn\u00ed pot\u0159eby, jako je j\u00eddlo, voda a p\u0159\u00edst\u0159e\u0161\u00ed, si m\u016f\u017eete koupit a pou\u017e\u00edvat na\u0161e pad\u011blan\u00e9 pen\u00edze.<\/span><\/span><\/p>\n<h2 style=\"text-align: center;\"><span style=\"vertical-align: inherit;\"><span style=\"vertical-align: inherit;\">z\u00e1ruka<\/span><\/span><\/h2>\n<p style=\"text-align: center;\"><span style=\"vertical-align: inherit;\"><span style=\"vertical-align: inherit;\">V\u0161echny na\u0161e bankovky a sm\u011bnky jsou nesledovateln\u00e9 a nedohledateln\u00e9. Jsou t\u0159\u00eddy AA+ a platn\u00e9 dva roky. Po dvou letech se kvalita za\u010d\u00edn\u00e1 zhor\u0161ovat. Doporu\u010dujeme pen\u00edze spot\u0159ebovat do deseti m\u011bs\u00edc\u016f od jejich obdr\u017een\u00ed. Pro \u010di\u0161t\u011bn\u00ed zne\u010di\u0161t\u011bn\u00fdch bankovek nab\u00edz\u00edme roztok SSD a aktiva\u010dn\u00ed pr\u00e1\u0161ek.<\/span><\/span><\/p>","protected":false},"excerpt":{"rendered":"<p>Minim\u00e1ln\u00ed hodnota objedn\u00e1vky: 500 CAD za 5000 CAD. Nakupujte pad\u011blan\u00e9 pen\u00edze online za zv\u00fdhodn\u011bn\u00e9 ceny. Zas\u00edl\u00e1me v r\u00e1mci zem\u011b i mezin\u00e1rodn\u011b.<\/p>","protected":false},"featured_media":22469,"template":"","meta":[],"product_brand":[],"product_cat":[836],"product_tag":[970,1015,967,971,921,968,942,1001,969,1014],"class_list":{"0":"post-22466","1":"product","2":"type-product","3":"status-publish","4":"has-post-thumbnail","6":"product_cat-kanadische-dollar","7":"product_tag-australische-dollar-jetzt-kaufen","8":"product_tag-counterfeit-canadian-dollars","9":"product_tag-falschdollar-kaufen","10":"product_tag-falschgeld-im-darknet-kaufen","11":"product_tag-falschgeld-kaufen","12":"product_tag-falschpfunde-verfuegbar","13":"product_tag-gefaelschte-banknoten-kaufen","14":"product_tag-gefaelschte-euros-kaufen","15":"product_tag-gefaelschte-kanadische-dollar-kaufen","16":"product_tag-kanadische-dollar","18":"first","19":"instock","20":"taxable","21":"shipping-taxable","22":"product-type-simple"},"_links":{"self":[{"href":"https:\/\/webdarkmarketplace.com\/cs\/wp-json\/wp\/v2\/product\/22466","targetHints":{"allow":["GET"]}}],"collection":[{"href":"https:\/\/webdarkmarketplace.com\/cs\/wp-json\/wp\/v2\/product"}],"about":[{"href":"https:\/\/webdarkmarketplace.com\/cs\/wp-json\/wp\/v2\/types\/product"}],"version-history":[{"count":3,"href":"https:\/\/webdarkmarketplace.com\/cs\/wp-json\/wp\/v2\/product\/22466\/revisions"}],"predecessor-version":[{"id":22472,"href":"https:\/\/webdarkmarketplace.com\/cs\/wp-json\/wp\/v2\/product\/22466\/revisions\/22472"}],"wp:featuredmedia":[{"embeddable":true,"href":"https:\/\/webdarkmarketplace.com\/cs\/wp-json\/wp\/v2\/media\/22469"}],"wp:attachment":[{"href":"https:\/\/webdarkmarketplace.com\/cs\/wp-json\/wp\/v2\/media?parent=22466"}],"wp:term":[{"taxonomy":"product_brand","embeddable":true,"href":"https:\/\/webdarkmarketplace.com\/cs\/wp-json\/wp\/v2\/product_brand?post=22466"},{"taxonomy":"product_cat","embeddable":true,"href":"https:\/\/webdarkmarketplace.com\/cs\/wp-json\/wp\/v2\/product_cat?post=22466"},{"taxonomy":"product_tag","embeddable":true,"href":"https:\/\/webdarkmarketplace.com\/cs\/wp-json\/wp\/v2\/product_tag?post=22466"}],"curies":[{"name":"wp","href":"https:\/\/api.w.org\/{rel}","templated":true}]}}