{"id":21824,"date":"2025-04-25T11:01:40","date_gmt":"2025-04-25T11:01:40","guid":{"rendered":"https:\/\/webdarkmarketplace.com\/?post_type=product&#038;p=21824"},"modified":"2025-06-30T11:57:54","modified_gmt":"2025-06-30T11:57:54","slug":"industrial-ssd-solution","status":"publish","type":"product","link":"https:\/\/webdarkmarketplace.com\/da\/product\/penge-rekvisit-penge\/","title":{"rendered":"SSD-opl\u00f8sningskemi og aktiveringspulver"},"content":{"rendered":"<h2 style=\"text-align: center;\">SSD-opl\u00f8sning og aktiveringspulver til reng\u00f8ring af snavsede pengesedler og pengesedler. 1 liter til 1000 stk. $<\/h2>\n<h2 style=\"text-align: center;\">Diverse<\/h2>\n<p style=\"text-align: center;\">Vi tilbyder SSD-opl\u00f8sning og aktiveringspulver til reng\u00f8ring af alle typer snavsede pengesedler og pengesedler, herunder sorte, r\u00f8de og hvide pengesedler. Aktiveringspulver er ogs\u00e5 tilg\u00e6ngeligt. Vi f\u00f8rer ogs\u00e5 andre valutaer s\u00e5som kinesiske yuan, svenske kroner, dinarer og mange flere.<\/p>\n<h2 style=\"text-align: center;\">opbevaring<\/h2>\n<p style=\"text-align: center;\">Dette kemikalie skal opbevares k\u00f8ligt, t\u00f8rt og m\u00f8rkt, v\u00e6k fra direkte sollys og i t\u00e6t lukkede beholdere. Opbevares utilg\u00e6ngeligt for b\u00f8rn.<\/p>","protected":false},"excerpt":{"rendered":"<h2 style=\"text-align: center;\"><span style=\"vertical-align: inherit;\"><span style=\"vertical-align: inherit;\">SSD-opl\u00f8sning og aktiveringspulver til reng\u00f8ring af snavsede pengesedler og sedler. 1 liter til $1.000<\/span><\/span><\/h2>","protected":false},"featured_media":22450,"template":"","meta":[],"product_brand":[],"product_cat":[1002],"product_tag":[],"class_list":{"0":"post-21824","1":"product","2":"type-product","3":"status-publish","4":"has-post-thumbnail","6":"product_cat-ssd-solutions","8":"first","9":"instock","10":"taxable","11":"shipping-taxable","12":"product-type-simple"},"_links":{"self":[{"href":"https:\/\/webdarkmarketplace.com\/da\/wp-json\/wp\/v2\/product\/21824","targetHints":{"allow":["GET"]}}],"collection":[{"href":"https:\/\/webdarkmarketplace.com\/da\/wp-json\/wp\/v2\/product"}],"about":[{"href":"https:\/\/webdarkmarketplace.com\/da\/wp-json\/wp\/v2\/types\/product"}],"version-history":[{"count":15,"href":"https:\/\/webdarkmarketplace.com\/da\/wp-json\/wp\/v2\/product\/21824\/revisions"}],"predecessor-version":[{"id":22458,"href":"https:\/\/webdarkmarketplace.com\/da\/wp-json\/wp\/v2\/product\/21824\/revisions\/22458"}],"wp:featuredmedia":[{"embeddable":true,"href":"https:\/\/webdarkmarketplace.com\/da\/wp-json\/wp\/v2\/media\/22450"}],"wp:attachment":[{"href":"https:\/\/webdarkmarketplace.com\/da\/wp-json\/wp\/v2\/media?parent=21824"}],"wp:term":[{"taxonomy":"product_brand","embeddable":true,"href":"https:\/\/webdarkmarketplace.com\/da\/wp-json\/wp\/v2\/product_brand?post=21824"},{"taxonomy":"product_cat","embeddable":true,"href":"https:\/\/webdarkmarketplace.com\/da\/wp-json\/wp\/v2\/product_cat?post=21824"},{"taxonomy":"product_tag","embeddable":true,"href":"https:\/\/webdarkmarketplace.com\/da\/wp-json\/wp\/v2\/product_tag?post=21824"}],"curies":[{"name":"wp","href":"https:\/\/api.w.org\/{rel}","templated":true}]}}