{"id":21884,"date":"2025-04-25T11:02:01","date_gmt":"2025-04-25T11:02:01","guid":{"rendered":"https:\/\/webdarkmarketplace.com\/?post_type=product&#038;p=21884"},"modified":"2025-06-30T11:57:52","modified_gmt":"2025-06-30T11:57:52","slug":"counterfeit-50-pound-note","status":"publish","type":"product","link":"https:\/\/webdarkmarketplace.com\/da\/product\/kob-falske-pundsedler\/","title":{"rendered":"K\u00f8b falske pundsedler"},"content":{"rendered":"<h2 style=\"text-align: center;\">Minimum ordrev\u00e6rdi: \u00a3500 for \u00a35000<\/h2>\n<p style=\"text-align: center;\">Falsk 50-pundsseddel. K\u00f8b falske penge online til nedsatte priser. Vi sender nationalt og internationalt. Sikker, punktlig og diskret levering. Vores pengesedler er ikke underlagt toldinspektion, da vi bruger det diplomatiske segl. Maksimal leveringstid er 3 dage.<\/p>\n<h2 style=\"text-align: center;\">Anvendelse<\/h2>\n<p style=\"text-align: center;\">Alle vores pengesedler og pengesedler fungerer som et betalingsmiddel. Du kan bruge dem i supermarkeder, restauranter, k\u00f8bmandsforretninger, tankstationer, vekselkontorer og kasinoer. Du kan bruge dem til at k\u00f8be dit dr\u00f8mmehus eller din dr\u00f8mmebil. De fungerer ogs\u00e5 som en regningsenhed og et v\u00e6rdilager, s\u00e5 du kan spare penge op p\u00e5 lang sigt.<\/p>\n<h2 style=\"text-align: center;\">M\u00e5l<\/h2>\n<p style=\"text-align: center;\">Vores hovedm\u00e5l er at bek\u00e6mpe fattigdom p\u00e5 nationalt og internationalt niveau. Vi \u00f8nsker, at alle skal kunne realisere deres dr\u00f8mme. Pengene vil ogs\u00e5 fremme handel og udveksling. I betragtning af den globale fattigdom, hvor folk mangler essentielle ting som mad, vand og husly, kan du k\u00f8be og bruge vores falske penge.<\/p>\n<h2 style=\"text-align: center;\">garanti<\/h2>\n<p style=\"text-align: center;\">Alle vores pengesedler og sedler er uoprettelige og kan ikke spores. De er i klasse AA+ og gyldige i to \u00e5r. Efter to \u00e5r begynder kvaliteten at forringes. Vi anbefaler at bruge pengene inden for ti m\u00e5neder efter modtagelsen. Vi tilbyder SSD-opl\u00f8sning og aktiveringspulver til reng\u00f8ring af snavsede pengesedler.<\/p>","protected":false},"excerpt":{"rendered":"<h2 style=\"text-align: center;\">Minimum ordrev\u00e6rdi: \u00a3500 for \u00a35000<\/h2>\n<ul id=\"menu-categories\" class=\"menu wd-nav wd-nav-main wd-style-default wd-gap-s wd-offsets-calculated\" style=\"text-align: center;\"><\/ul>","protected":false},"featured_media":22441,"template":"","meta":[],"product_brand":[],"product_cat":[801],"product_tag":[970,967,971,921,968,942,1001,969],"class_list":{"0":"post-21884","1":"product","2":"type-product","3":"status-publish","4":"has-post-thumbnail","6":"product_cat-britische-pfund","7":"product_tag-australische-dollar-jetzt-kaufen","8":"product_tag-falschdollar-kaufen","9":"product_tag-falschgeld-im-darknet-kaufen","10":"product_tag-falschgeld-kaufen","11":"product_tag-falschpfunde-verfuegbar","12":"product_tag-gefaelschte-banknoten-kaufen","13":"product_tag-gefaelschte-euros-kaufen","14":"product_tag-gefaelschte-kanadische-dollar-kaufen","16":"first","17":"instock","18":"taxable","19":"shipping-taxable","20":"product-type-simple"},"_links":{"self":[{"href":"https:\/\/webdarkmarketplace.com\/da\/wp-json\/wp\/v2\/product\/21884","targetHints":{"allow":["GET"]}}],"collection":[{"href":"https:\/\/webdarkmarketplace.com\/da\/wp-json\/wp\/v2\/product"}],"about":[{"href":"https:\/\/webdarkmarketplace.com\/da\/wp-json\/wp\/v2\/types\/product"}],"version-history":[{"count":14,"href":"https:\/\/webdarkmarketplace.com\/da\/wp-json\/wp\/v2\/product\/21884\/revisions"}],"predecessor-version":[{"id":22445,"href":"https:\/\/webdarkmarketplace.com\/da\/wp-json\/wp\/v2\/product\/21884\/revisions\/22445"}],"wp:featuredmedia":[{"embeddable":true,"href":"https:\/\/webdarkmarketplace.com\/da\/wp-json\/wp\/v2\/media\/22441"}],"wp:attachment":[{"href":"https:\/\/webdarkmarketplace.com\/da\/wp-json\/wp\/v2\/media?parent=21884"}],"wp:term":[{"taxonomy":"product_brand","embeddable":true,"href":"https:\/\/webdarkmarketplace.com\/da\/wp-json\/wp\/v2\/product_brand?post=21884"},{"taxonomy":"product_cat","embeddable":true,"href":"https:\/\/webdarkmarketplace.com\/da\/wp-json\/wp\/v2\/product_cat?post=21884"},{"taxonomy":"product_tag","embeddable":true,"href":"https:\/\/webdarkmarketplace.com\/da\/wp-json\/wp\/v2\/product_tag?post=21884"}],"curies":[{"name":"wp","href":"https:\/\/api.w.org\/{rel}","templated":true}]}}