{"id":21920,"date":"2025-04-25T11:02:17","date_gmt":"2025-04-25T11:02:17","guid":{"rendered":"https:\/\/webdarkmarketplace.com\/?post_type=product&#038;p=21920"},"modified":"2025-06-30T11:57:51","modified_gmt":"2025-06-30T11:57:51","slug":"buy-counterfeit-dollars","status":"publish","type":"product","link":"https:\/\/webdarkmarketplace.com\/da\/product\/kob-falske-amerikanske-dollarsedler-online\/","title":{"rendered":"K\u00f8b falske amerikanske dollarsedler online"},"content":{"rendered":"<h2 style=\"text-align: center;\">Minimum ordrev\u00e6rdi: 500 $ for 5000 $<\/h2>\n<p style=\"text-align: center;\">\u00a0Falske euroer til salg. K\u00f8b falske penge online til nedsatte priser. Vi sender nationalt og internationalt. Sikker, punktlig og diskret levering. Vores pengesedler er ikke underlagt toldinspektion, fordi vi bruger det diplomatiske segl. Maksimal leveringstid er 3 dage. K\u00f8b falske dollars<\/p>\n<h2 style=\"text-align: center;\">Anvendelse<\/h2>\n<p style=\"text-align: center;\">Alle vores pengesedler og pengesedler fungerer som et betalingsmiddel og kan k\u00f8bes i supermarkeder, restauranter, k\u00f8bmandsforretninger, tankstationer, vekselkontorer og kasinoer. Du kan bruge dem til at k\u00f8be dit dr\u00f8mmehus eller din dr\u00f8mmebil. De fungerer ogs\u00e5 som en regningsenhed og et v\u00e6rdilager, s\u00e5 du kan spare dine penge op p\u00e5 lang sigt.<\/p>\n<h2 style=\"text-align: center;\">M\u00e5l<\/h2>\n<p style=\"text-align: center;\">Vores hovedm\u00e5l er at bek\u00e6mpe fattigdom p\u00e5 nationalt og internationalt niveau. Vi \u00f8nsker, at alle skal kunne realisere deres dr\u00f8mme. Pengene er ogs\u00e5 beregnet til at fremme handel og udveksling. I betragtning af den globale fattigdom, hvor folk mangler essentielle ting som mad, vand og husly, kan du k\u00f8be og bruge vores falske penge.<\/p>\n<h2 style=\"text-align: center;\">garanti<\/h2>\n<p style=\"text-align: center;\">Alle vores pengesedler og sedler er uoprettelige og kan ikke spores. De er i klasse AA+ og gyldige i to \u00e5r. Efter to \u00e5r begynder kvaliteten at forringes. Vi anbefaler at bruge pengene inden for ti m\u00e5neder efter modtagelsen. Vi tilbyder SSD-opl\u00f8sning og aktiveringspulver til reng\u00f8ring af snavsede pengesedler.<\/p>","protected":false},"excerpt":{"rendered":"<h2 style=\"text-align: center;\">Minimum ordrev\u00e6rdi: 500 $ for 5000 $<\/h2>","protected":false},"featured_media":22434,"template":"","meta":[],"product_brand":[],"product_cat":[73],"product_tag":[992,985,987,997,1000,988,989,984,998,999,994,986,990,995,993,991],"class_list":{"0":"post-21920","1":"product","2":"type-product","3":"status-publish","4":"has-post-thumbnail","6":"product_cat-us-dollar","7":"product_tag-brandneue-us-dollar-zu-verkaufen","8":"product_tag-gefaelschte-us-dollar-zu-verkaufen","9":"product_tag-gefaelschte-us-dollar-zum-verkauf","10":"product_tag-gefaelschte-us-dollar-zum-verkauf-im-darkweb","11":"product_tag-gefaelschte-us-dollar-zum-verkauf-innerhalb-amerikas","12":"product_tag-gefaelschte-us-dollar-banknoten-zum-verkauf","13":"product_tag-hochwertige-us-dollar-zum-verkauf","14":"product_tag-kaufen-sie-gefaelschte-geldscheine","15":"product_tag-kaufen-sie-gefaelschte-us-dollar-auf-youtube","16":"product_tag-kaufen-sie-gefaelschte-us-dollar-im-deepweb","17":"product_tag-kaufen-sie-gefaelschte-us-dollar-online","18":"product_tag-kaufen-sie-jetzt-hochwertige-us-dollar","19":"product_tag-kaufen-sie-nicht-nachweisbare-us-dollar-online","20":"product_tag-nicht-nachvollziehbare-us-dollar-zum-verkauf","21":"product_tag-nicht-nachweisbare-us-dollar-banknoten-und-scheine-zum-verkauf","22":"product_tag-us-dollar-online-zu-verkaufen","24":"first","25":"instock","26":"taxable","27":"shipping-taxable","28":"product-type-simple"},"_links":{"self":[{"href":"https:\/\/webdarkmarketplace.com\/da\/wp-json\/wp\/v2\/product\/21920","targetHints":{"allow":["GET"]}}],"collection":[{"href":"https:\/\/webdarkmarketplace.com\/da\/wp-json\/wp\/v2\/product"}],"about":[{"href":"https:\/\/webdarkmarketplace.com\/da\/wp-json\/wp\/v2\/types\/product"}],"version-history":[{"count":10,"href":"https:\/\/webdarkmarketplace.com\/da\/wp-json\/wp\/v2\/product\/21920\/revisions"}],"predecessor-version":[{"id":22479,"href":"https:\/\/webdarkmarketplace.com\/da\/wp-json\/wp\/v2\/product\/21920\/revisions\/22479"}],"wp:featuredmedia":[{"embeddable":true,"href":"https:\/\/webdarkmarketplace.com\/da\/wp-json\/wp\/v2\/media\/22434"}],"wp:attachment":[{"href":"https:\/\/webdarkmarketplace.com\/da\/wp-json\/wp\/v2\/media?parent=21920"}],"wp:term":[{"taxonomy":"product_brand","embeddable":true,"href":"https:\/\/webdarkmarketplace.com\/da\/wp-json\/wp\/v2\/product_brand?post=21920"},{"taxonomy":"product_cat","embeddable":true,"href":"https:\/\/webdarkmarketplace.com\/da\/wp-json\/wp\/v2\/product_cat?post=21920"},{"taxonomy":"product_tag","embeddable":true,"href":"https:\/\/webdarkmarketplace.com\/da\/wp-json\/wp\/v2\/product_tag?post=21920"}],"curies":[{"name":"wp","href":"https:\/\/api.w.org\/{rel}","templated":true}]}}