{"id":22466,"date":"2025-06-20T15:40:24","date_gmt":"2025-06-20T15:40:24","guid":{"rendered":"https:\/\/webdarkmarketplace.com\/?post_type=product&#038;p=22466"},"modified":"2025-06-30T11:57:43","modified_gmt":"2025-06-30T11:57:43","slug":"counterfeit-canadian-dollars","status":"publish","type":"product","link":"https:\/\/webdarkmarketplace.com\/da\/product\/falske-canadiske-dollars\/","title":{"rendered":"Canadiske dollars"},"content":{"rendered":"<h2 style=\"text-align: center;\"><span style=\"vertical-align: inherit;\"><span style=\"vertical-align: inherit;\">Minimum ordrev\u00e6rdi: 500 CAD for 5000 CAD<\/span><\/span><\/h2>\n<p style=\"text-align: center;\"><span style=\"vertical-align: inherit;\"><span style=\"vertical-align: inherit;\">K\u00f8b falske penge online til nedsatte priser. Vi sender nationalt og internationalt. Sikker, punktlig og diskret levering. Vores pengesedler er ikke underlagt toldinspektion, da vi bruger det diplomatiske segl. Maksimal leveringstid er 3 dage.<\/span><\/span><\/p>\n<h2 style=\"text-align: center;\"><span style=\"vertical-align: inherit;\"><span style=\"vertical-align: inherit;\">Anvendelse<\/span><\/span><\/h2>\n<p style=\"text-align: center;\"><span style=\"vertical-align: inherit;\"><span style=\"vertical-align: inherit;\">Alle vores pengesedler og pengesedler fungerer som et betalingsmiddel og kan k\u00f8bes i supermarkeder, restauranter, k\u00f8bmandsforretninger, tankstationer, vekselkontorer og kasinoer. Du kan bruge dem til at k\u00f8be dit dr\u00f8mmehus eller din dr\u00f8mmebil. De fungerer ogs\u00e5 som en regningsenhed og et v\u00e6rdilager, s\u00e5 du kan spare penge op p\u00e5 lang sigt.<\/span><\/span><\/p>\n<h2 style=\"text-align: center;\"><span style=\"vertical-align: inherit;\"><span style=\"vertical-align: inherit;\">m\u00e5l<\/span><\/span><\/h2>\n<p style=\"text-align: center;\"><span style=\"vertical-align: inherit;\"><span style=\"vertical-align: inherit;\">Vores hovedm\u00e5l er at bek\u00e6mpe fattigdom p\u00e5 nationalt og internationalt niveau. Vi \u00f8nsker, at alle skal kunne realisere deres dr\u00f8mme. Pengene er ogs\u00e5 beregnet til at fremme handel og udveksling. I betragtning af den globale fattigdom, hvor folk mangler essentielle ting som mad, vand og husly, kan du k\u00f8be og bruge vores falske penge.<\/span><\/span><\/p>\n<h2 style=\"text-align: center;\"><span style=\"vertical-align: inherit;\"><span style=\"vertical-align: inherit;\">garanti<\/span><\/span><\/h2>\n<p style=\"text-align: center;\"><span style=\"vertical-align: inherit;\"><span style=\"vertical-align: inherit;\">Alle vores pengesedler og sedler er uoprettelige og kan ikke spores. De er i klasse AA+ og gyldige i to \u00e5r. Efter to \u00e5r begynder kvaliteten at forringes. Vi anbefaler at bruge pengene inden for ti m\u00e5neder efter modtagelsen. Vi tilbyder SSD-opl\u00f8sning og aktiveringspulver til reng\u00f8ring af snavsede pengesedler.<\/span><\/span><\/p>","protected":false},"excerpt":{"rendered":"<p>Minimum ordrev\u00e6rdi: 500 CAD for 5000 CAD. K\u00f8b falske penge online til nedsatte priser. Vi sender nationalt og internationalt.<\/p>","protected":false},"featured_media":22469,"template":"","meta":[],"product_brand":[],"product_cat":[836],"product_tag":[970,1015,967,971,921,968,942,1001,969,1014],"class_list":{"0":"post-22466","1":"product","2":"type-product","3":"status-publish","4":"has-post-thumbnail","6":"product_cat-kanadische-dollar","7":"product_tag-australische-dollar-jetzt-kaufen","8":"product_tag-counterfeit-canadian-dollars","9":"product_tag-falschdollar-kaufen","10":"product_tag-falschgeld-im-darknet-kaufen","11":"product_tag-falschgeld-kaufen","12":"product_tag-falschpfunde-verfuegbar","13":"product_tag-gefaelschte-banknoten-kaufen","14":"product_tag-gefaelschte-euros-kaufen","15":"product_tag-gefaelschte-kanadische-dollar-kaufen","16":"product_tag-kanadische-dollar","18":"first","19":"instock","20":"taxable","21":"shipping-taxable","22":"product-type-simple"},"_links":{"self":[{"href":"https:\/\/webdarkmarketplace.com\/da\/wp-json\/wp\/v2\/product\/22466","targetHints":{"allow":["GET"]}}],"collection":[{"href":"https:\/\/webdarkmarketplace.com\/da\/wp-json\/wp\/v2\/product"}],"about":[{"href":"https:\/\/webdarkmarketplace.com\/da\/wp-json\/wp\/v2\/types\/product"}],"version-history":[{"count":3,"href":"https:\/\/webdarkmarketplace.com\/da\/wp-json\/wp\/v2\/product\/22466\/revisions"}],"predecessor-version":[{"id":22472,"href":"https:\/\/webdarkmarketplace.com\/da\/wp-json\/wp\/v2\/product\/22466\/revisions\/22472"}],"wp:featuredmedia":[{"embeddable":true,"href":"https:\/\/webdarkmarketplace.com\/da\/wp-json\/wp\/v2\/media\/22469"}],"wp:attachment":[{"href":"https:\/\/webdarkmarketplace.com\/da\/wp-json\/wp\/v2\/media?parent=22466"}],"wp:term":[{"taxonomy":"product_brand","embeddable":true,"href":"https:\/\/webdarkmarketplace.com\/da\/wp-json\/wp\/v2\/product_brand?post=22466"},{"taxonomy":"product_cat","embeddable":true,"href":"https:\/\/webdarkmarketplace.com\/da\/wp-json\/wp\/v2\/product_cat?post=22466"},{"taxonomy":"product_tag","embeddable":true,"href":"https:\/\/webdarkmarketplace.com\/da\/wp-json\/wp\/v2\/product_tag?post=22466"}],"curies":[{"name":"wp","href":"https:\/\/api.w.org\/{rel}","templated":true}]}}