{"id":25,"date":"2024-03-22T12:33:30","date_gmt":"2024-03-22T12:33:30","guid":{"rendered":"https:\/\/dummy.xtemos.com\/woodmart2\/pills-elementor\/?page_id=25"},"modified":"2024-03-22T12:33:30","modified_gmt":"2024-03-22T12:33:30","slug":"compare-2","status":"publish","type":"page","link":"https:\/\/webdarkmarketplace.com\/es\/compare-2\/","title":{"rendered":"Comparar"},"content":{"rendered":"<div data-elementor-type=\"wp-page\" data-elementor-id=\"25\" class=\"elementor elementor-25\" data-elementor-post-type=\"page\">\n\t\t\t\t<div class=\"wd-negative-gap elementor-element elementor-element-53fef6d e-flex e-con-boxed e-con e-parent\" data-id=\"53fef6d\" data-element_type=\"container\">\n\t\t\t\t\t<div class=\"e-con-inner\">\n\t\t\t\t<div class=\"elementor-element elementor-element-0112160 elementor-widget elementor-widget-wd_compare\" data-id=\"0112160\" data-element_type=\"widget\" data-widget_type=\"wd_compare.default\">\n\t\t\t\t<div class=\"elementor-widget-container\">\n\t\t\t\t\t\t\t<p class=\"wd-empty-compare wd-empty-page\">\n\t\t\tLa lista de comparaci\u00f3n est\u00e1 vac\u00eda.\t\t<\/p>\n\t\t\t\t\t<div class=\"wd-empty-page-text\">\n\t\t\t\tNo hay productos a\u00f1adidos a la lista de comparaci\u00f3n. Debes agregar algunos productos para compararlos.<br> Encontrar\u00e1 muchos productos interesantes en nuestra p\u00e1gina &quot;Tienda&quot;.\t\t\t<\/div>\n\t\t\t\t<p class=\"return-to-shop\">\n\t\t\t<a class=\"button\" href=\"https:\/\/webdarkmarketplace.com\/es\/comercio\/\">\n\t\t\t\tVolver a la tienda\t\t\t<\/a>\n\t\t<\/p>\n\t\t\t\t\t\t<\/div>\n\t\t\t\t<\/div>\n\t\t\t\t\t<\/div>\n\t\t\t\t<\/div>\n\t\t\t\t<\/div>","protected":false},"excerpt":{"rendered":"<p>Compare list is empty. No products added in the compare list. You must add some products to compare them. You<\/p>","protected":false},"author":1,"featured_media":0,"parent":0,"menu_order":0,"comment_status":"closed","ping_status":"closed","template":"","meta":{"footnotes":""},"class_list":["post-25","page","type-page","status-publish","hentry"],"amp_enabled":true,"_links":{"self":[{"href":"https:\/\/webdarkmarketplace.com\/es\/wp-json\/wp\/v2\/pages\/25","targetHints":{"allow":["GET"]}}],"collection":[{"href":"https:\/\/webdarkmarketplace.com\/es\/wp-json\/wp\/v2\/pages"}],"about":[{"href":"https:\/\/webdarkmarketplace.com\/es\/wp-json\/wp\/v2\/types\/page"}],"author":[{"embeddable":true,"href":"https:\/\/webdarkmarketplace.com\/es\/wp-json\/wp\/v2\/users\/1"}],"replies":[{"embeddable":true,"href":"https:\/\/webdarkmarketplace.com\/es\/wp-json\/wp\/v2\/comments?post=25"}],"version-history":[{"count":0,"href":"https:\/\/webdarkmarketplace.com\/es\/wp-json\/wp\/v2\/pages\/25\/revisions"}],"wp:attachment":[{"href":"https:\/\/webdarkmarketplace.com\/es\/wp-json\/wp\/v2\/media?parent=25"}],"curies":[{"name":"wp","href":"https:\/\/api.w.org\/{rel}","templated":true}]}}