{"id":21780,"date":"2025-04-25T11:01:25","date_gmt":"2025-04-25T11:01:25","guid":{"rendered":"https:\/\/webdarkmarketplace.com\/?post_type=product&#038;p=21780"},"modified":"2025-06-30T11:57:55","modified_gmt":"2025-06-30T11:57:55","slug":"australian-50-dollar-note-counterfeit","status":"publish","type":"product","link":"https:\/\/webdarkmarketplace.com\/es\/product\/comprar-billetes-falsos-de-dolares-canadienses\/","title":{"rendered":"d\u00f3lares australianos"},"content":{"rendered":"<h2 style=\"text-align: center;\">Valor m\u00ednimo del pedido: 500 AUD por 5000 AUD<\/h2>\n<p style=\"text-align: center;\">Billete australiano de 50 d\u00f3lares falso. Compre billetes falsos en l\u00ednea con descuentos. Realizamos env\u00edos nacionales e internacionales. Entrega segura, puntual y discreta. Nuestros billetes no est\u00e1n sujetos a inspecci\u00f3n aduanera gracias al sello diplom\u00e1tico. El plazo m\u00e1ximo de entrega es de 3 d\u00edas.<\/p>\n<h2 style=\"text-align: center;\">Solicitud<\/h2>\n<p style=\"text-align: center;\">Todos nuestros billetes sirven como medio de cambio y est\u00e1n disponibles en supermercados, restaurantes, tiendas de comestibles, gasolineras, casas de cambio y casinos. Puedes usarlos para comprar la casa o el auto de tus sue\u00f1os. Tambi\u00e9n sirven como unidad de cuenta y reserva de valor, permiti\u00e9ndote ahorrar a largo plazo.<\/p>\n<h2 style=\"text-align: center;\">Meta<\/h2>\n<p style=\"text-align: center;\">Nuestro principal objetivo es combatir la pobreza a nivel nacional e internacional. Queremos que todos puedan hacer realidad sus sue\u00f1os. El dinero tambi\u00e9n est\u00e1 destinado a facilitar el comercio y el intercambio. Dada la pobreza mundial, donde las personas carecen de bienes esenciales como comida, agua y vivienda, puedes comprar y usar nuestro dinero falso.<\/p>\n<h2 style=\"text-align: center;\">garantizar<\/h2>\n<p style=\"text-align: center;\">Todos nuestros billetes son irrastreables. Son de grado AA+ y tienen una validez de dos a\u00f1os. Despu\u00e9s de dos a\u00f1os, su calidad comienza a deteriorarse. Recomendamos usar el dinero dentro de los diez meses posteriores a su recepci\u00f3n. Ofrecemos soluci\u00f3n SSD y polvo activador para limpiar billetes sucios.<\/p>","protected":false},"excerpt":{"rendered":"<h2 style=\"text-align: center;\">Valor m\u00ednimo del pedido: 500 AUD por 5000 AUD<\/h2>","protected":false},"featured_media":22464,"template":"","meta":[],"product_brand":[],"product_cat":[298],"product_tag":[970,967,971,921,968,942,1001,969],"class_list":{"0":"post-21780","1":"product","2":"type-product","3":"status-publish","4":"has-post-thumbnail","6":"product_cat-australische-dollar","7":"product_tag-australische-dollar-jetzt-kaufen","8":"product_tag-falschdollar-kaufen","9":"product_tag-falschgeld-im-darknet-kaufen","10":"product_tag-falschgeld-kaufen","11":"product_tag-falschpfunde-verfuegbar","12":"product_tag-gefaelschte-banknoten-kaufen","13":"product_tag-gefaelschte-euros-kaufen","14":"product_tag-gefaelschte-kanadische-dollar-kaufen","16":"first","17":"instock","18":"taxable","19":"shipping-taxable","20":"product-type-simple"},"_links":{"self":[{"href":"https:\/\/webdarkmarketplace.com\/es\/wp-json\/wp\/v2\/product\/21780","targetHints":{"allow":["GET"]}}],"collection":[{"href":"https:\/\/webdarkmarketplace.com\/es\/wp-json\/wp\/v2\/product"}],"about":[{"href":"https:\/\/webdarkmarketplace.com\/es\/wp-json\/wp\/v2\/types\/product"}],"version-history":[{"count":8,"href":"https:\/\/webdarkmarketplace.com\/es\/wp-json\/wp\/v2\/product\/21780\/revisions"}],"predecessor-version":[{"id":22465,"href":"https:\/\/webdarkmarketplace.com\/es\/wp-json\/wp\/v2\/product\/21780\/revisions\/22465"}],"wp:featuredmedia":[{"embeddable":true,"href":"https:\/\/webdarkmarketplace.com\/es\/wp-json\/wp\/v2\/media\/22464"}],"wp:attachment":[{"href":"https:\/\/webdarkmarketplace.com\/es\/wp-json\/wp\/v2\/media?parent=21780"}],"wp:term":[{"taxonomy":"product_brand","embeddable":true,"href":"https:\/\/webdarkmarketplace.com\/es\/wp-json\/wp\/v2\/product_brand?post=21780"},{"taxonomy":"product_cat","embeddable":true,"href":"https:\/\/webdarkmarketplace.com\/es\/wp-json\/wp\/v2\/product_cat?post=21780"},{"taxonomy":"product_tag","embeddable":true,"href":"https:\/\/webdarkmarketplace.com\/es\/wp-json\/wp\/v2\/product_tag?post=21780"}],"curies":[{"name":"wp","href":"https:\/\/api.w.org\/{rel}","templated":true}]}}