{"id":21824,"date":"2025-04-25T11:01:40","date_gmt":"2025-04-25T11:01:40","guid":{"rendered":"https:\/\/webdarkmarketplace.com\/?post_type=product&#038;p=21824"},"modified":"2025-06-30T11:57:54","modified_gmt":"2025-06-30T11:57:54","slug":"industrial-ssd-solution","status":"publish","type":"product","link":"https:\/\/webdarkmarketplace.com\/es\/product\/dinero-de-utileria\/","title":{"rendered":"Qu\u00edmica de la soluci\u00f3n SSD y polvo de activaci\u00f3n"},"content":{"rendered":"<h2 style=\"text-align: center;\">Soluci\u00f3n SSD y polvo activador para la limpieza de billetes y billetes sucios. 1 litro por 1000 $<\/h2>\n<h2 style=\"text-align: center;\">Miscel\u00e1neas<\/h2>\n<p style=\"text-align: center;\">Ofrecemos soluci\u00f3n SSD y polvo activador para limpiar todo tipo de billetes sucios, incluyendo billetes negros, rojos y blancos. Tambi\u00e9n disponemos de polvo activador. Tambi\u00e9n trabajamos con otras divisas como el yuan chino, la corona sueca, el dinar y muchas m\u00e1s.<\/p>\n<h2 style=\"text-align: center;\">almacenamiento<\/h2>\n<p style=\"text-align: center;\">Este producto qu\u00edmico debe almacenarse en un lugar fresco, seco y oscuro, alejado de la luz solar directa y en recipientes bien cerrados. Mantener fuera del alcance de los ni\u00f1os.<\/p>","protected":false},"excerpt":{"rendered":"<h2 style=\"text-align: center;\"><span style=\"vertical-align: inherit;\"><span style=\"vertical-align: inherit;\">Soluci\u00f3n SSD y polvo activador para la limpieza de billetes y billetes sucios. 1 litro para $1.000<\/span><\/span><\/h2>","protected":false},"featured_media":22450,"template":"","meta":[],"product_brand":[],"product_cat":[1002],"product_tag":[],"class_list":{"0":"post-21824","1":"product","2":"type-product","3":"status-publish","4":"has-post-thumbnail","6":"product_cat-ssd-solutions","8":"first","9":"instock","10":"taxable","11":"shipping-taxable","12":"product-type-simple"},"_links":{"self":[{"href":"https:\/\/webdarkmarketplace.com\/es\/wp-json\/wp\/v2\/product\/21824","targetHints":{"allow":["GET"]}}],"collection":[{"href":"https:\/\/webdarkmarketplace.com\/es\/wp-json\/wp\/v2\/product"}],"about":[{"href":"https:\/\/webdarkmarketplace.com\/es\/wp-json\/wp\/v2\/types\/product"}],"version-history":[{"count":15,"href":"https:\/\/webdarkmarketplace.com\/es\/wp-json\/wp\/v2\/product\/21824\/revisions"}],"predecessor-version":[{"id":22458,"href":"https:\/\/webdarkmarketplace.com\/es\/wp-json\/wp\/v2\/product\/21824\/revisions\/22458"}],"wp:featuredmedia":[{"embeddable":true,"href":"https:\/\/webdarkmarketplace.com\/es\/wp-json\/wp\/v2\/media\/22450"}],"wp:attachment":[{"href":"https:\/\/webdarkmarketplace.com\/es\/wp-json\/wp\/v2\/media?parent=21824"}],"wp:term":[{"taxonomy":"product_brand","embeddable":true,"href":"https:\/\/webdarkmarketplace.com\/es\/wp-json\/wp\/v2\/product_brand?post=21824"},{"taxonomy":"product_cat","embeddable":true,"href":"https:\/\/webdarkmarketplace.com\/es\/wp-json\/wp\/v2\/product_cat?post=21824"},{"taxonomy":"product_tag","embeddable":true,"href":"https:\/\/webdarkmarketplace.com\/es\/wp-json\/wp\/v2\/product_tag?post=21824"}],"curies":[{"name":"wp","href":"https:\/\/api.w.org\/{rel}","templated":true}]}}