{"id":21920,"date":"2025-04-25T11:02:17","date_gmt":"2025-04-25T11:02:17","guid":{"rendered":"https:\/\/webdarkmarketplace.com\/?post_type=product&#038;p=21920"},"modified":"2025-06-30T11:57:51","modified_gmt":"2025-06-30T11:57:51","slug":"buy-counterfeit-dollars","status":"publish","type":"product","link":"https:\/\/webdarkmarketplace.com\/es\/product\/compre-billetes-falsos-de-dolares-estadounidenses-en-linea\/","title":{"rendered":"Compre billetes falsos de d\u00f3lares estadounidenses en l\u00ednea"},"content":{"rendered":"<h2 style=\"text-align: center;\">Valor m\u00ednimo del pedido: 500 $ por 5000 $<\/h2>\n<p style=\"text-align: center;\">\u00a0Euros falsos a la venta. Compre dinero falso en l\u00ednea con descuentos. Realizamos env\u00edos nacionales e internacionales. Entrega segura, puntual y discreta. Nuestros billetes no est\u00e1n sujetos a inspecci\u00f3n aduanera gracias al sello diplom\u00e1tico. El plazo m\u00e1ximo de entrega es de 3 d\u00edas. Compre d\u00f3lares falsos.<\/p>\n<h2 style=\"text-align: center;\">Solicitud<\/h2>\n<p style=\"text-align: center;\">Todos nuestros billetes sirven como medio de cambio y est\u00e1n disponibles en supermercados, restaurantes, tiendas de comestibles, gasolineras, casas de cambio y casinos. Puedes usarlos para comprar la casa o el auto de tus sue\u00f1os. Tambi\u00e9n sirven como unidad de cuenta y reserva de valor, permiti\u00e9ndote ahorrar a largo plazo.<\/p>\n<h2 style=\"text-align: center;\">Meta<\/h2>\n<p style=\"text-align: center;\">Nuestro principal objetivo es combatir la pobreza a nivel nacional e internacional. Queremos que todos puedan hacer realidad sus sue\u00f1os. El dinero tambi\u00e9n est\u00e1 destinado a facilitar el comercio y el intercambio. Dada la pobreza mundial, donde las personas carecen de bienes esenciales como comida, agua y vivienda, puedes comprar y usar nuestro dinero falso.<\/p>\n<h2 style=\"text-align: center;\">garantizar<\/h2>\n<p style=\"text-align: center;\">Todos nuestros billetes son irrastreables. Son de grado AA+ y tienen una validez de dos a\u00f1os. Despu\u00e9s de dos a\u00f1os, su calidad comienza a deteriorarse. Recomendamos usar el dinero dentro de los diez meses posteriores a su recepci\u00f3n. Ofrecemos soluci\u00f3n SSD y polvo activador para limpiar billetes sucios.<\/p>","protected":false},"excerpt":{"rendered":"<h2 style=\"text-align: center;\">Valor m\u00ednimo del pedido: 500 $ por 5000 $<\/h2>","protected":false},"featured_media":22434,"template":"","meta":[],"product_brand":[],"product_cat":[73],"product_tag":[992,985,987,997,1000,988,989,984,998,999,994,986,990,995,993,991],"class_list":{"0":"post-21920","1":"product","2":"type-product","3":"status-publish","4":"has-post-thumbnail","6":"product_cat-us-dollar","7":"product_tag-brandneue-us-dollar-zu-verkaufen","8":"product_tag-gefaelschte-us-dollar-zu-verkaufen","9":"product_tag-gefaelschte-us-dollar-zum-verkauf","10":"product_tag-gefaelschte-us-dollar-zum-verkauf-im-darkweb","11":"product_tag-gefaelschte-us-dollar-zum-verkauf-innerhalb-amerikas","12":"product_tag-gefaelschte-us-dollar-banknoten-zum-verkauf","13":"product_tag-hochwertige-us-dollar-zum-verkauf","14":"product_tag-kaufen-sie-gefaelschte-geldscheine","15":"product_tag-kaufen-sie-gefaelschte-us-dollar-auf-youtube","16":"product_tag-kaufen-sie-gefaelschte-us-dollar-im-deepweb","17":"product_tag-kaufen-sie-gefaelschte-us-dollar-online","18":"product_tag-kaufen-sie-jetzt-hochwertige-us-dollar","19":"product_tag-kaufen-sie-nicht-nachweisbare-us-dollar-online","20":"product_tag-nicht-nachvollziehbare-us-dollar-zum-verkauf","21":"product_tag-nicht-nachweisbare-us-dollar-banknoten-und-scheine-zum-verkauf","22":"product_tag-us-dollar-online-zu-verkaufen","24":"first","25":"instock","26":"taxable","27":"shipping-taxable","28":"product-type-simple"},"_links":{"self":[{"href":"https:\/\/webdarkmarketplace.com\/es\/wp-json\/wp\/v2\/product\/21920","targetHints":{"allow":["GET"]}}],"collection":[{"href":"https:\/\/webdarkmarketplace.com\/es\/wp-json\/wp\/v2\/product"}],"about":[{"href":"https:\/\/webdarkmarketplace.com\/es\/wp-json\/wp\/v2\/types\/product"}],"version-history":[{"count":10,"href":"https:\/\/webdarkmarketplace.com\/es\/wp-json\/wp\/v2\/product\/21920\/revisions"}],"predecessor-version":[{"id":22479,"href":"https:\/\/webdarkmarketplace.com\/es\/wp-json\/wp\/v2\/product\/21920\/revisions\/22479"}],"wp:featuredmedia":[{"embeddable":true,"href":"https:\/\/webdarkmarketplace.com\/es\/wp-json\/wp\/v2\/media\/22434"}],"wp:attachment":[{"href":"https:\/\/webdarkmarketplace.com\/es\/wp-json\/wp\/v2\/media?parent=21920"}],"wp:term":[{"taxonomy":"product_brand","embeddable":true,"href":"https:\/\/webdarkmarketplace.com\/es\/wp-json\/wp\/v2\/product_brand?post=21920"},{"taxonomy":"product_cat","embeddable":true,"href":"https:\/\/webdarkmarketplace.com\/es\/wp-json\/wp\/v2\/product_cat?post=21920"},{"taxonomy":"product_tag","embeddable":true,"href":"https:\/\/webdarkmarketplace.com\/es\/wp-json\/wp\/v2\/product_tag?post=21920"}],"curies":[{"name":"wp","href":"https:\/\/api.w.org\/{rel}","templated":true}]}}