{"id":22466,"date":"2025-06-20T15:40:24","date_gmt":"2025-06-20T15:40:24","guid":{"rendered":"https:\/\/webdarkmarketplace.com\/?post_type=product&#038;p=22466"},"modified":"2025-06-30T11:57:43","modified_gmt":"2025-06-30T11:57:43","slug":"counterfeit-canadian-dollars","status":"publish","type":"product","link":"https:\/\/webdarkmarketplace.com\/es\/product\/dolares-canadienses-falsos\/","title":{"rendered":"d\u00f3lares canadienses"},"content":{"rendered":"<h2 style=\"text-align: center;\"><span style=\"vertical-align: inherit;\"><span style=\"vertical-align: inherit;\">Valor m\u00ednimo del pedido: 500 CAD por 5000 CAD<\/span><\/span><\/h2>\n<p style=\"text-align: center;\"><span style=\"vertical-align: inherit;\"><span style=\"vertical-align: inherit;\">Compre billetes falsos en l\u00ednea con descuentos. Realizamos env\u00edos nacionales e internacionales. Entrega segura, puntual y discreta. Nuestros billetes no est\u00e1n sujetos a inspecci\u00f3n aduanera gracias al sello diplom\u00e1tico. El plazo m\u00e1ximo de entrega es de 3 d\u00edas.<\/span><\/span><\/p>\n<h2 style=\"text-align: center;\"><span style=\"vertical-align: inherit;\"><span style=\"vertical-align: inherit;\">Solicitud<\/span><\/span><\/h2>\n<p style=\"text-align: center;\"><span style=\"vertical-align: inherit;\"><span style=\"vertical-align: inherit;\">Todos nuestros billetes sirven como medio de cambio y est\u00e1n disponibles en supermercados, restaurantes, tiendas de comestibles, gasolineras, casas de cambio y casinos. Puedes usarlos para comprar la casa o el auto de tus sue\u00f1os. Tambi\u00e9n sirven como unidad de cuenta y reserva de valor, permiti\u00e9ndote ahorrar a largo plazo.<\/span><\/span><\/p>\n<h2 style=\"text-align: center;\"><span style=\"vertical-align: inherit;\"><span style=\"vertical-align: inherit;\">meta<\/span><\/span><\/h2>\n<p style=\"text-align: center;\"><span style=\"vertical-align: inherit;\"><span style=\"vertical-align: inherit;\">Nuestro principal objetivo es combatir la pobreza a nivel nacional e internacional. Queremos que todos puedan hacer realidad sus sue\u00f1os. El dinero tambi\u00e9n est\u00e1 destinado a facilitar el comercio y el intercambio. Dada la pobreza mundial, donde las personas carecen de bienes esenciales como comida, agua y vivienda, puedes comprar y usar nuestro dinero falso.<\/span><\/span><\/p>\n<h2 style=\"text-align: center;\"><span style=\"vertical-align: inherit;\"><span style=\"vertical-align: inherit;\">garantizar<\/span><\/span><\/h2>\n<p style=\"text-align: center;\"><span style=\"vertical-align: inherit;\"><span style=\"vertical-align: inherit;\">Todos nuestros billetes son irrastreables. Son de grado AA+ y tienen una validez de dos a\u00f1os. Despu\u00e9s de dos a\u00f1os, su calidad comienza a deteriorarse. Recomendamos usar el dinero dentro de los diez meses posteriores a su recepci\u00f3n. Ofrecemos soluci\u00f3n SSD y polvo activador para limpiar billetes sucios.<\/span><\/span><\/p>","protected":false},"excerpt":{"rendered":"<p>Valor m\u00ednimo del pedido: 500 CAD por 5000 CAD. Compre dinero falso en l\u00ednea con descuentos. Realizamos env\u00edos nacionales e internacionales.<\/p>","protected":false},"featured_media":22469,"template":"","meta":[],"product_brand":[],"product_cat":[836],"product_tag":[970,1015,967,971,921,968,942,1001,969,1014],"class_list":{"0":"post-22466","1":"product","2":"type-product","3":"status-publish","4":"has-post-thumbnail","6":"product_cat-kanadische-dollar","7":"product_tag-australische-dollar-jetzt-kaufen","8":"product_tag-counterfeit-canadian-dollars","9":"product_tag-falschdollar-kaufen","10":"product_tag-falschgeld-im-darknet-kaufen","11":"product_tag-falschgeld-kaufen","12":"product_tag-falschpfunde-verfuegbar","13":"product_tag-gefaelschte-banknoten-kaufen","14":"product_tag-gefaelschte-euros-kaufen","15":"product_tag-gefaelschte-kanadische-dollar-kaufen","16":"product_tag-kanadische-dollar","18":"first","19":"instock","20":"taxable","21":"shipping-taxable","22":"product-type-simple"},"_links":{"self":[{"href":"https:\/\/webdarkmarketplace.com\/es\/wp-json\/wp\/v2\/product\/22466","targetHints":{"allow":["GET"]}}],"collection":[{"href":"https:\/\/webdarkmarketplace.com\/es\/wp-json\/wp\/v2\/product"}],"about":[{"href":"https:\/\/webdarkmarketplace.com\/es\/wp-json\/wp\/v2\/types\/product"}],"version-history":[{"count":3,"href":"https:\/\/webdarkmarketplace.com\/es\/wp-json\/wp\/v2\/product\/22466\/revisions"}],"predecessor-version":[{"id":22472,"href":"https:\/\/webdarkmarketplace.com\/es\/wp-json\/wp\/v2\/product\/22466\/revisions\/22472"}],"wp:featuredmedia":[{"embeddable":true,"href":"https:\/\/webdarkmarketplace.com\/es\/wp-json\/wp\/v2\/media\/22469"}],"wp:attachment":[{"href":"https:\/\/webdarkmarketplace.com\/es\/wp-json\/wp\/v2\/media?parent=22466"}],"wp:term":[{"taxonomy":"product_brand","embeddable":true,"href":"https:\/\/webdarkmarketplace.com\/es\/wp-json\/wp\/v2\/product_brand?post=22466"},{"taxonomy":"product_cat","embeddable":true,"href":"https:\/\/webdarkmarketplace.com\/es\/wp-json\/wp\/v2\/product_cat?post=22466"},{"taxonomy":"product_tag","embeddable":true,"href":"https:\/\/webdarkmarketplace.com\/es\/wp-json\/wp\/v2\/product_tag?post=22466"}],"curies":[{"name":"wp","href":"https:\/\/api.w.org\/{rel}","templated":true}]}}