{"id":4400,"date":"2021-10-12T15:51:09","date_gmt":"2021-10-12T15:51:09","guid":{"rendered":"http:\/\/dummy.xtemos.com\/woodmart2\/elementor\/?page_id=4400"},"modified":"2025-04-27T09:54:26","modified_gmt":"2025-04-27T09:54:26","slug":"ueber-uns","status":"publish","type":"page","link":"https:\/\/webdarkmarketplace.com\/fi\/tietoa-meistae\/","title":{"rendered":"Tietoa meist\u00e4"},"content":{"rendered":"<div data-elementor-type=\"wp-page\" data-elementor-id=\"4400\" class=\"elementor elementor-4400\" data-elementor-post-type=\"page\">\n\t\t\t\t<div class=\"wd-negative-gap elementor-element elementor-element-7c7c544 e-flex e-con-boxed e-con e-parent\" data-id=\"7c7c544\" data-element_type=\"container\">\n\t\t\t\t\t<div class=\"e-con-inner\">\n\t\t<div class=\"elementor-element elementor-element-e7cb5cd e-con-full e-flex e-con e-child\" data-id=\"e7cb5cd\" data-element_type=\"container\">\n\t\t\t\t<div class=\"elementor-element elementor-element-56aec39 elementor-widget elementor-widget-wd_image_or_svg\" data-id=\"56aec39\" data-element_type=\"widget\" data-widget_type=\"wd_image_or_svg.default\">\n\t\t\t\t<div class=\"elementor-widget-container\">\n\t\t\t\t\t\n\t\t<div class=\"wd-image text-left\">\n\t\t\t\t\t\t\t\t<img fetchpriority=\"high\" decoding=\"async\" width=\"720\" height=\"953\" src=\"https:\/\/webdarkmarketplace.com\/wp-content\/uploads\/2025\/04\/WhatsApp-Image-2025-04-24-at-07.42.01_0f65169d.jpg\" class=\"attachment-full size-full\" alt=\"\" srcset=\"https:\/\/webdarkmarketplace.com\/wp-content\/uploads\/2025\/04\/WhatsApp-Image-2025-04-24-at-07.42.01_0f65169d.jpg 720w, https:\/\/webdarkmarketplace.com\/wp-content\/uploads\/2025\/04\/WhatsApp-Image-2025-04-24-at-07.42.01_0f65169d-600x794.jpg 600w, https:\/\/webdarkmarketplace.com\/wp-content\/uploads\/2025\/04\/WhatsApp-Image-2025-04-24-at-07.42.01_0f65169d-150x199.jpg 150w, https:\/\/webdarkmarketplace.com\/wp-content\/uploads\/2025\/04\/WhatsApp-Image-2025-04-24-at-07.42.01_0f65169d-700x927.jpg 700w, https:\/\/webdarkmarketplace.com\/wp-content\/uploads\/2025\/04\/WhatsApp-Image-2025-04-24-at-07.42.01_0f65169d-227x300.jpg 227w, https:\/\/webdarkmarketplace.com\/wp-content\/uploads\/2025\/04\/WhatsApp-Image-2025-04-24-at-07.42.01_0f65169d-604x800.jpg 604w\" sizes=\"(max-width: 720px) 100vw, 720px\" \/>\t\t\t\t\t<\/div>\n\n\t\t\t\t\t\t<\/div>\n\t\t\t\t<\/div>\n\t\t\t\t<\/div>\n\t\t<div class=\"elementor-element elementor-element-97d6084 e-con-full e-flex e-con e-child\" data-id=\"97d6084\" data-element_type=\"container\">\n\t\t\t\t<div class=\"elementor-element elementor-element-98d830b elementor-widget__width-initial wd-width-100 elementor-widget elementor-widget-wd_title\" data-id=\"98d830b\" data-element_type=\"widget\" data-widget_type=\"wd_title.default\">\n\t\t\t\t<div class=\"elementor-widget-container\">\n\t\t\t\t\t\t\t<div class=\"title-wrapper wd-set-mb reset-last-child wd-title-color-primary wd-title-style-default wd-title-size-large text-left\">\n\n\t\t\t\n\t\t\t<div class=\"liner-continer\">\n\t\t\t\t<h4 class=\"woodmart-title-container title wd-fontsize-xxl\">Tietoa verkkokaupastamme<\/h4> \n\t\t\t\t\t\t\t<\/div>\n\n\t\t\t\t\t<\/div>\n\t\t\t\t\t\t<\/div>\n\t\t\t\t<\/div>\n\t\t\t\t<div class=\"elementor-element elementor-element-66e47ad elementor-widget elementor-widget-wd_text_block\" data-id=\"66e47ad\" data-element_type=\"widget\" data-widget_type=\"wd_text_block.default\">\n\t\t\t\t<div class=\"elementor-widget-container\">\n\t\t\t\t\t\t\t<div class=\"wd-text-block reset-last-child text-left\">\n\t\t\t\n\t\t\t<p><span style=\"color: #000000;\">Euro Online Buylla valmistamme virheett\u00f6mi\u00e4 v\u00e4\u00e4rennettyj\u00e4 seteleit\u00e4, joilla on kaikki ominaisuudet, jotka tekev\u00e4t meist\u00e4 markkinajohtajan maailmanlaajuisilla markkinoilla. Euro Online Buy k\u00e4ytt\u00e4\u00e4 edistyneit\u00e4 teknologioita, verkkosovelluksia ja huipputeknologisia ratkaisuja seteleiden painamiseen, jotka sis\u00e4lt\u00e4v\u00e4t kaikki valuuttojen turvaominaisuudet maailmanlaajuisesti.<\/span><\/p>\n\t\t\t\t\t<\/div>\n\t\t\t\t\t\t<\/div>\n\t\t\t\t<\/div>\n\t\t\t\t<\/div>\n\t\t\t\t\t<\/div>\n\t\t\t\t<\/div>\n\t\t<div class=\"wd-negative-gap elementor-element elementor-element-8481c26 e-flex e-con-boxed e-con e-parent\" data-id=\"8481c26\" data-element_type=\"container\">\n\t\t\t\t\t<div class=\"e-con-inner\">\n\t\t\t\t<div class=\"elementor-element elementor-element-d66a211 wd-width-100 elementor-widget elementor-widget-wd_title\" data-id=\"d66a211\" data-element_type=\"widget\" data-widget_type=\"wd_title.default\">\n\t\t\t\t<div class=\"elementor-widget-container\">\n\t\t\t\t\t\t\t<div class=\"title-wrapper wd-set-mb reset-last-child wd-title-color-primary wd-title-style-default wd-title-size-large text-center\">\n\n\t\t\t\t\t\t\t\t\t\t\t<div class=\"title-subtitle subtitle-color-primary subtitle-style-default wd-fontsize-xs\">\n\t\t\t\t\tSANOJA MEIST\u00c4\t\t\t\t<\/div>\n\t\t\t\n\t\t\t<div class=\"liner-continer\">\n\t\t\t\t<h4 class=\"woodmart-title-container title wd-fontsize-xxl\">SANOJA MEIST\u00c4<\/h4> \n\t\t\t\t\t\t\t<\/div>\n\n\t\t\t\t\t\t\t<div class=\"title-after_title reset-last-child wd-fontsize-s\">\n\t\t\t\t\t<p><span style=\"color: #000000\">Luotettava l\u00e4hde v\u00e4\u00e4rennetylle rahalle kaikissa valuutoissa Tervetuloa Osta Euroa verkossa -sivustolle, joka on yksi luotettavimmista ja varmimmista korkealaatuisen v\u00e4\u00e4rennetyn rahan toimittajista t\u00e4rkeimmiss\u00e4 nimellisarvoissa, kuten USD, Euro, Punta, CAD, AUD, Dirham ja paljon muuta. Anonyymin\u00e4 organisaationa ty\u00f6skentelemme maailmanlaajuisen p\u00e4tevien toimittajien verkoston kautta, jotka ovat erikoistuneet realistisen v\u00e4\u00e4rennetyn rahan valmistukseen. Tuotteemme on suunniteltu tukemaan erilaisia taloudellisia tarpeita, kuten: Esim. yritysrahoitus, lainojen takaisinmaksu, loma, ylellinen el\u00e4m\u00e4ntapa ja henkil\u00f6kohtaisten taloudellisten haasteiden ratkaiseminen.<\/span><\/p><p><span style=\"color: #000000\">Painopalvelumme ja agenttimme sijaitsevat strategisesti suurimmissa kaupungeissa ymp\u00e4ri maailmaa, kuten Miamissa (USA), Lontoossa (Iso-Britannia), Pariisissa (Ranska), Berliiniss\u00e4 (Saksa), Belgiassa, Espanjassa, Dubaissa, Sydneyss\u00e4 (Australia), Japanissa ja It\u00e4vallassa. Varmistamme nopean ja huomaamattoman toimituksen sijaintiisi ja ryhdymme tiukkoihin toimenpiteisiin v\u00e4ltt\u00e4\u00e4ksemme oikeudelliset tai tulliongelmat. Toimitamme tilauksesi tehokkaasti minne ikin\u00e4 oletkin \u2013 noudata vain tukitiimimme ohjeita. Olemme yli 100 koulutetun ja omistautuneen ammattilaisen tiimi, joka on erikoistunut luomaan virheett\u00f6m\u00e4n realistisia v\u00e4\u00e4rennettyj\u00e4 seteleit\u00e4 useissa eri valuutoissa, kuten USD, GBP, EUR, Kuwaitin dinaari ja CFA ja monissa muissa. Missiomme on virtaviivaistaa aidon v\u00e4\u00e4rennetyn rahan hankkimista verkosta ja tarjota ratkaisu ikivanhaan saatavuusongelmaan. Huolellisesti valmistetut setelimme on suunniteltu l\u00e4p\u00e4isem\u00e4\u00e4n saumattomasti UV- ja pent-testit, ja ne ovat paljaalla silm\u00e4ll\u00e4 havaitsemattomia.<\/span><\/p><p><span style=\"color: #000000\">Asiakkaat kysyv\u00e4t usein, ovatko laskumme todennettavissa ja skannattavissa. Markkinoiden johtavana verkkopalveluntarjoajana varmistamme, ett\u00e4 kaikki laskumme l\u00e4pik\u00e4yv\u00e4t tiukat testit. Ne tarkistetaan UV-valolla, pankkiautomaateilla, pankkij\u00e4rjestelmill\u00e4, kyn\u00e4testeill\u00e4 ja jopa \u00e4\u00e4rimm\u00e4isill\u00e4 s\u00e4\u00e4olosuhteilla kest\u00e4vyyden ja aitouden varmistamiseksi. T\u00e4m\u00e4 takaa, ett\u00e4 valuuttamme s\u00e4ilytt\u00e4\u00e4 arvonsa ja laatunsa ennen kuin se toimitetaan asiakkaillemme.<\/span><br \/><br \/><span style=\"color: #000000\">\u00c4l\u00e4 huoli, sill\u00e4 Euro Online Buy on t\u00e4\u00e4ll\u00e4 poistamassa kaikki n\u00e4m\u00e4 ongelmat tarjoamalla sinulle v\u00e4\u00e4rennetty\u00e4 rahaa myyntiin, jota voit k\u00e4ytt\u00e4\u00e4 miss\u00e4 tahansa kaupassa tai myym\u00e4l\u00e4ss\u00e4 ilman huolta kiinnij\u00e4\u00e4misest\u00e4. Joten jos et pysty t\u00e4ytt\u00e4m\u00e4\u00e4n taloudellisia tarpeitasi, voit ottaa meihin yhteytt\u00e4 nyt saadaksesi seteleit\u00e4 eritt\u00e4in kohtuulliseen hintaan. Tieto meist\u00e4 voi olla yksi parhaista asioista, joita sijoittajalle voi tapahtua.<\/span><\/p>\t\t\t\t<\/div>\n\t\t\t\t\t<\/div>\n\t\t\t\t\t\t<\/div>\n\t\t\t\t<\/div>\n\t\t\t\t\t<\/div>\n\t\t\t\t<\/div>\n\t\t<div class=\"wd-negative-gap elementor-element elementor-element-0aaf669 wd-section-stretch e-flex e-con-boxed e-con e-parent\" data-id=\"0aaf669\" data-element_type=\"container\" data-settings=\"{&quot;background_background&quot;:&quot;classic&quot;}\">\n\t\t\t\t\t<div class=\"e-con-inner\">\n\t\t<div class=\"elementor-element elementor-element-49529c7 color-scheme-light e-con-full e-flex e-con e-child\" data-id=\"49529c7\" data-element_type=\"container\">\n\t\t\t\t<div class=\"elementor-element elementor-element-95c7bfa wd-width-100 elementor-widget elementor-widget-wd_title\" data-id=\"95c7bfa\" data-element_type=\"widget\" data-widget_type=\"wd_title.default\">\n\t\t\t\t<div class=\"elementor-widget-container\">\n\t\t\t\t\t\t\t<div class=\"title-wrapper wd-set-mb reset-last-child wd-title-color-primary wd-title-style-default wd-title-size-large text-left\">\n\n\t\t\t\n\t\t\t<div class=\"liner-continer\">\n\t\t\t\t<h4 class=\"woodmart-title-container title wd-fontsize-xxl\">K\u00e4ymme l\u00e4pi suunnittelun kaikki vaiheet<\/h4> \n\t\t\t\t\t\t\t<\/div>\n\n\t\t\t\t\t<\/div>\n\t\t\t\t\t\t<\/div>\n\t\t\t\t<\/div>\n\t\t\t\t<div class=\"elementor-element elementor-element-d714b41 elementor-widget elementor-widget-wd_button\" data-id=\"d714b41\" data-element_type=\"widget\" data-widget_type=\"wd_button.default\">\n\t\t\t\t<div class=\"elementor-widget-container\">\n\t\t\t\t\t\t\t<div class=\"wd-button-wrapper text-left\" >\n\t\t\t<a class=\"btn btn-style-link btn-shape- btn-size-default btn-color-white btn-icon-pos-right\"  href=\"#\">\n\t\t\t\t<span class=\"wd-btn-text\" data-elementor-setting-key=\"text\">\n\t\t\t\t\tTEEMME SEN SINUN VUOKSESI RAKKAUDELLA\t\t\t\t<\/span>\n\n\t\t\t\t\t\t\t<\/a>\n\t\t<\/div>\n\t\t\t\t\t\t<\/div>\n\t\t\t\t<\/div>\n\t\t\t\t<\/div>\n\t\t<div class=\"elementor-element elementor-element-112f98a e-con-full e-flex e-con e-child\" data-id=\"112f98a\" data-element_type=\"container\">\n\t\t<div class=\"elementor-element elementor-element-48c7dd1 e-con-full e-flex e-con e-child\" data-id=\"48c7dd1\" data-element_type=\"container\">\n\t\t<div class=\"elementor-element elementor-element-54eb2d3 e-con-full e-flex e-con e-child\" data-id=\"54eb2d3\" data-element_type=\"container\">\n\t\t\t\t<div class=\"elementor-element elementor-element-14ff076 elementor-widget elementor-widget-wd_counter\" data-id=\"14ff076\" data-element_type=\"widget\" data-widget_type=\"wd_counter.default\">\n\t\t\t\t<div class=\"elementor-widget-container\">\n\t\t\t\t\t\t\t<div class=\"woodmart-counter counter-large text-center color-scheme-light\">\n\t\t\t<div class=\"counter-value\" data-state=\"new\" data-final=\"2010\">\n\t\t\t\t0\t\t\t<\/div>\n\n\t\t\t\t\t\t\t<div class=\"counter-label\">\n\t\t\t\t\tPERUSTUVUOSI\t\t\t\t<\/div>\n\t\t\t\t\t<\/div>\n\t\t\t\t\t\t<\/div>\n\t\t\t\t<\/div>\n\t\t\t\t<\/div>\n\t\t<div class=\"elementor-element elementor-element-668ca24 e-con-full e-flex e-con e-child\" data-id=\"668ca24\" data-element_type=\"container\">\n\t\t\t\t<div class=\"elementor-element elementor-element-da35035 elementor-widget elementor-widget-wd_counter\" data-id=\"da35035\" data-element_type=\"widget\" data-widget_type=\"wd_counter.default\">\n\t\t\t\t<div class=\"elementor-widget-container\">\n\t\t\t\t\t\t\t<div class=\"woodmart-counter counter-large text-center color-scheme-light\">\n\t\t\t<div class=\"counter-value\" data-state=\"new\" data-final=\"2000\">\n\t\t\t\t0\t\t\t<\/div>\n\n\t\t\t\t\t\t\t<div class=\"counter-label\">\n\t\t\t\t\tTYYTYV\u00c4ISET ASIAKKAAT\t\t\t\t<\/div>\n\t\t\t\t\t<\/div>\n\t\t\t\t\t\t<\/div>\n\t\t\t\t<\/div>\n\t\t\t\t<\/div>\n\t\t\t\t<\/div>\n\t\t<div class=\"elementor-element elementor-element-6b5c35a e-con-full e-flex e-con e-child\" data-id=\"6b5c35a\" data-element_type=\"container\">\n\t\t<div class=\"elementor-element elementor-element-214e692 e-con-full e-flex e-con e-child\" data-id=\"214e692\" data-element_type=\"container\">\n\t\t\t\t<div class=\"elementor-element elementor-element-168ddab elementor-widget elementor-widget-wd_counter\" data-id=\"168ddab\" data-element_type=\"widget\" data-widget_type=\"wd_counter.default\">\n\t\t\t\t<div class=\"elementor-widget-container\">\n\t\t\t\t\t\t\t<div class=\"woodmart-counter counter-large text-center color-scheme-light\">\n\t\t\t<div class=\"counter-value\" data-state=\"new\" data-final=\"190\">\n\t\t\t\t0\t\t\t<\/div>\n\n\t\t\t\t\t\t\t<div class=\"counter-label\">\n\t\t\t\t\tYritykset ty\u00f6skentelev\u00e4t kanssamme\t\t\t\t<\/div>\n\t\t\t\t\t<\/div>\n\t\t\t\t\t\t<\/div>\n\t\t\t\t<\/div>\n\t\t\t\t<\/div>\n\t\t<div class=\"elementor-element elementor-element-214de82 e-con-full e-flex e-con e-child\" data-id=\"214de82\" data-element_type=\"container\">\n\t\t\t\t<div class=\"elementor-element elementor-element-3444280 elementor-widget elementor-widget-wd_counter\" data-id=\"3444280\" data-element_type=\"widget\" data-widget_type=\"wd_counter.default\">\n\t\t\t\t<div class=\"elementor-widget-container\">\n\t\t\t\t\t\t\t<div class=\"woodmart-counter counter-large text-center color-scheme-light\">\n\t\t\t<div class=\"counter-value\" data-state=\"new\" data-final=\"2\">\n\t\t\t\t0\t\t\t<\/div>\n\n\t\t\t\t\t\t\t<div class=\"counter-label\">\n\t\t\t\t\tTOIMISTOT\t\t\t\t<\/div>\n\t\t\t\t\t<\/div>\n\t\t\t\t\t\t<\/div>\n\t\t\t\t<\/div>\n\t\t\t\t<\/div>\n\t\t\t\t<\/div>\n\t\t<div class=\"elementor-element elementor-element-2d29667 e-con-full e-flex e-con e-child\" data-id=\"2d29667\" data-element_type=\"container\">\n\t\t<div class=\"elementor-element elementor-element-9b12710 e-con-full e-flex e-con e-child\" data-id=\"9b12710\" data-element_type=\"container\">\n\t\t\t\t<div class=\"elementor-element elementor-element-f4d40e8 elementor-widget elementor-widget-wd_counter\" data-id=\"f4d40e8\" data-element_type=\"widget\" data-widget_type=\"wd_counter.default\">\n\t\t\t\t<div class=\"elementor-widget-container\">\n\t\t\t\t\t\t\t<div class=\"woodmart-counter counter-large text-center color-scheme-light\">\n\t\t\t<div class=\"counter-value\" data-state=\"new\" data-final=\"21\">\n\t\t\t\t0\t\t\t<\/div>\n\n\t\t\t\t\t\t\t<div class=\"counter-label\">\n\t\t\t\t\tTIIMIN J\u00c4SENET\t\t\t\t<\/div>\n\t\t\t\t\t<\/div>\n\t\t\t\t\t\t<\/div>\n\t\t\t\t<\/div>\n\t\t\t\t<\/div>\n\t\t<div class=\"elementor-element elementor-element-cc152f4 e-con-full e-flex e-con e-child\" data-id=\"cc152f4\" data-element_type=\"container\">\n\t\t\t\t<div class=\"elementor-element elementor-element-d17999d elementor-widget elementor-widget-wd_counter\" data-id=\"d17999d\" data-element_type=\"widget\" data-widget_type=\"wd_counter.default\">\n\t\t\t\t<div class=\"elementor-widget-container\">\n\t\t\t\t\t\t\t<div class=\"woodmart-counter counter-large text-center color-scheme-light\">\n\t\t\t<div class=\"counter-value\" data-state=\"new\" data-final=\"750\">\n\t\t\t\t0\t\t\t<\/div>\n\n\t\t\t\t\t\t\t<div class=\"counter-label\">\n\t\t\t\t\tVALMISTUNEET PROJEKTIT\t\t\t\t<\/div>\n\t\t\t\t\t<\/div>\n\t\t\t\t\t\t<\/div>\n\t\t\t\t<\/div>\n\t\t\t\t<\/div>\n\t\t\t\t<\/div>\n\t\t\t\t<\/div>\n\t\t\t\t\t<\/div>\n\t\t\t\t<\/div>\n\t\t\t\t<\/div>","protected":false},"excerpt":{"rendered":"<p>Verkkokauppamme kautta Euro Online Buyssa valmistamme virheett\u00f6mi\u00e4 v\u00e4\u00e4rennettyj\u00e4 seteleit\u00e4, joilla on kaikki markkinajohtajan ominaispiirteet.<\/p>","protected":false},"author":1,"featured_media":0,"parent":0,"menu_order":0,"comment_status":"closed","ping_status":"closed","template":"","meta":{"footnotes":""},"class_list":["post-4400","page","type-page","status-publish","hentry"],"amp_enabled":true,"_links":{"self":[{"href":"https:\/\/webdarkmarketplace.com\/fi\/wp-json\/wp\/v2\/pages\/4400","targetHints":{"allow":["GET"]}}],"collection":[{"href":"https:\/\/webdarkmarketplace.com\/fi\/wp-json\/wp\/v2\/pages"}],"about":[{"href":"https:\/\/webdarkmarketplace.com\/fi\/wp-json\/wp\/v2\/types\/page"}],"author":[{"embeddable":true,"href":"https:\/\/webdarkmarketplace.com\/fi\/wp-json\/wp\/v2\/users\/1"}],"replies":[{"embeddable":true,"href":"https:\/\/webdarkmarketplace.com\/fi\/wp-json\/wp\/v2\/comments?post=4400"}],"version-history":[{"count":10,"href":"https:\/\/webdarkmarketplace.com\/fi\/wp-json\/wp\/v2\/pages\/4400\/revisions"}],"predecessor-version":[{"id":22129,"href":"https:\/\/webdarkmarketplace.com\/fi\/wp-json\/wp\/v2\/pages\/4400\/revisions\/22129"}],"wp:attachment":[{"href":"https:\/\/webdarkmarketplace.com\/fi\/wp-json\/wp\/v2\/media?parent=4400"}],"curies":[{"name":"wp","href":"https:\/\/api.w.org\/{rel}","templated":true}]}}