{"id":21920,"date":"2025-04-25T11:02:17","date_gmt":"2025-04-25T11:02:17","guid":{"rendered":"https:\/\/webdarkmarketplace.com\/?post_type=product&#038;p=21920"},"modified":"2025-06-30T11:57:51","modified_gmt":"2025-06-30T11:57:51","slug":"buy-counterfeit-dollars","status":"publish","type":"product","link":"https:\/\/webdarkmarketplace.com\/fi\/product\/osta-vaeaerennettyjae-yhdysvaltain-dollarin-seteleitae-verkossa\/","title":{"rendered":"Osta v\u00e4\u00e4rennettyj\u00e4 Yhdysvaltain dollarin seteleit\u00e4 verkossa"},"content":{"rendered":"<h2 style=\"text-align: center;\">Minimitilausarvo: 500 $ 5000 $:lle<\/h2>\n<p style=\"text-align: center;\">\u00a0V\u00e4\u00e4rennettyj\u00e4 euroja myynniss\u00e4. Osta v\u00e4\u00e4rennetty\u00e4 rahaa verkosta alennettuun hintaan. Toimitamme kotimaassa ja kansainv\u00e4lisesti. Turvallinen, t\u00e4sm\u00e4llinen ja huomaamaton toimitus. Seteleit\u00e4mme ei tullitarkastuksen alaisina, koska k\u00e4yt\u00e4mme diplomaattista sinetti\u00e4. Toimitusaika on enint\u00e4\u00e4n 3 p\u00e4iv\u00e4\u00e4. Osta v\u00e4\u00e4rennettyj\u00e4 dollareita.<\/p>\n<h2 style=\"text-align: center;\">Hakemus<\/h2>\n<p style=\"text-align: center;\">Kaikki setelimme ja setelimemme toimivat maksuv\u00e4linein\u00e4 ja niit\u00e4 on saatavilla supermarketeissa, ravintoloissa, ruokakaupoissa, huoltoasemilla, valuutanvaihtopisteiss\u00e4 ja kasinoilla. Voit k\u00e4ytt\u00e4\u00e4 niit\u00e4 unelmiesi kodin tai auton ostamiseen. Ne toimivat my\u00f6s laskentayksikk\u00f6n\u00e4 ja arvon s\u00e4ilytt\u00e4j\u00e4n\u00e4, jolloin voit s\u00e4\u00e4st\u00e4\u00e4 rahaa pitk\u00e4ll\u00e4 aikav\u00e4lill\u00e4.<\/p>\n<h2 style=\"text-align: center;\">Maali<\/h2>\n<p style=\"text-align: center;\">P\u00e4\u00e4tavoitteenamme on torjua k\u00f6yhyytt\u00e4 kansallisella ja kansainv\u00e4lisell\u00e4 tasolla. Haluamme, ett\u00e4 jokainen voi toteuttaa unelmansa. Rahan tarkoituksena on my\u00f6s helpottaa kauppaa ja vaihdantaa. Ottaen huomioon maailmanlaajuisen k\u00f6yhyyden, jossa ihmisilt\u00e4 puuttuu v\u00e4ltt\u00e4m\u00e4tt\u00f6myystarvikkeita, kuten ruokaa, vett\u00e4 ja suojaa, voit ostaa ja k\u00e4ytt\u00e4\u00e4 v\u00e4\u00e4rennetty\u00e4 rahaamme.<\/p>\n<h2 style=\"text-align: center;\">takuu<\/h2>\n<p style=\"text-align: center;\">Kaikki setelimme ja setelimemme ovat j\u00e4ljitt\u00e4m\u00e4tt\u00f6mi\u00e4 ja j\u00e4ljitt\u00e4m\u00e4tt\u00f6mi\u00e4. Ne ovat luokassa AA+ ja voimassa kaksi vuotta. Kahden vuoden j\u00e4lkeen laatu alkaa heiket\u00e4. Suosittelemme k\u00e4ytt\u00e4m\u00e4\u00e4n rahat kymmenen kuukauden kuluessa niiden vastaanottamisesta. Tarjoamme SSD-liuosta ja aktivointijauhetta likaantuneiden setelien puhdistukseen.<\/p>","protected":false},"excerpt":{"rendered":"<h2 style=\"text-align: center;\">Minimitilausarvo: 500 $ 5000 $:lle<\/h2>","protected":false},"featured_media":22434,"template":"","meta":[],"product_brand":[],"product_cat":[73],"product_tag":[992,985,987,997,1000,988,989,984,998,999,994,986,990,995,993,991],"class_list":{"0":"post-21920","1":"product","2":"type-product","3":"status-publish","4":"has-post-thumbnail","6":"product_cat-us-dollar","7":"product_tag-brandneue-us-dollar-zu-verkaufen","8":"product_tag-gefaelschte-us-dollar-zu-verkaufen","9":"product_tag-gefaelschte-us-dollar-zum-verkauf","10":"product_tag-gefaelschte-us-dollar-zum-verkauf-im-darkweb","11":"product_tag-gefaelschte-us-dollar-zum-verkauf-innerhalb-amerikas","12":"product_tag-gefaelschte-us-dollar-banknoten-zum-verkauf","13":"product_tag-hochwertige-us-dollar-zum-verkauf","14":"product_tag-kaufen-sie-gefaelschte-geldscheine","15":"product_tag-kaufen-sie-gefaelschte-us-dollar-auf-youtube","16":"product_tag-kaufen-sie-gefaelschte-us-dollar-im-deepweb","17":"product_tag-kaufen-sie-gefaelschte-us-dollar-online","18":"product_tag-kaufen-sie-jetzt-hochwertige-us-dollar","19":"product_tag-kaufen-sie-nicht-nachweisbare-us-dollar-online","20":"product_tag-nicht-nachvollziehbare-us-dollar-zum-verkauf","21":"product_tag-nicht-nachweisbare-us-dollar-banknoten-und-scheine-zum-verkauf","22":"product_tag-us-dollar-online-zu-verkaufen","24":"first","25":"instock","26":"taxable","27":"shipping-taxable","28":"product-type-simple"},"_links":{"self":[{"href":"https:\/\/webdarkmarketplace.com\/fi\/wp-json\/wp\/v2\/product\/21920","targetHints":{"allow":["GET"]}}],"collection":[{"href":"https:\/\/webdarkmarketplace.com\/fi\/wp-json\/wp\/v2\/product"}],"about":[{"href":"https:\/\/webdarkmarketplace.com\/fi\/wp-json\/wp\/v2\/types\/product"}],"version-history":[{"count":10,"href":"https:\/\/webdarkmarketplace.com\/fi\/wp-json\/wp\/v2\/product\/21920\/revisions"}],"predecessor-version":[{"id":22479,"href":"https:\/\/webdarkmarketplace.com\/fi\/wp-json\/wp\/v2\/product\/21920\/revisions\/22479"}],"wp:featuredmedia":[{"embeddable":true,"href":"https:\/\/webdarkmarketplace.com\/fi\/wp-json\/wp\/v2\/media\/22434"}],"wp:attachment":[{"href":"https:\/\/webdarkmarketplace.com\/fi\/wp-json\/wp\/v2\/media?parent=21920"}],"wp:term":[{"taxonomy":"product_brand","embeddable":true,"href":"https:\/\/webdarkmarketplace.com\/fi\/wp-json\/wp\/v2\/product_brand?post=21920"},{"taxonomy":"product_cat","embeddable":true,"href":"https:\/\/webdarkmarketplace.com\/fi\/wp-json\/wp\/v2\/product_cat?post=21920"},{"taxonomy":"product_tag","embeddable":true,"href":"https:\/\/webdarkmarketplace.com\/fi\/wp-json\/wp\/v2\/product_tag?post=21920"}],"curies":[{"name":"wp","href":"https:\/\/api.w.org\/{rel}","templated":true}]}}