{"id":21931,"date":"2025-04-25T11:02:18","date_gmt":"2025-04-25T11:02:18","guid":{"rendered":"https:\/\/webdarkmarketplace.com\/?post_type=product&#038;p=21931"},"modified":"2025-06-30T11:57:49","modified_gmt":"2025-06-30T11:57:49","slug":"falschgeld-kaufen","status":"publish","type":"product","link":"https:\/\/webdarkmarketplace.com\/fi\/product\/ostaa-vaeaerennettyae-rahaa-2\/","title":{"rendered":"Osta euroseteleit\u00e4"},"content":{"rendered":"<h2 style=\"text-align: center;\">Minimitilausarvo 500 \u20ac 5000 \u20ac tilaukselle<\/h2>\n<p style=\"text-align: center;\">Osta v\u00e4\u00e4rennetty\u00e4 rahaa. Osta v\u00e4\u00e4rennetty\u00e4 rahaa verkosta alennettuun hintaan. Toimitamme kotimaassa ja kansainv\u00e4lisesti. Turvallinen, t\u00e4sm\u00e4llinen ja huomaamaton toimitus. Seteleit\u00e4mme ei tullitarkastuksen alaisina, koska k\u00e4yt\u00e4mme diplomaattista sinetti\u00e4. Toimitusaika on enint\u00e4\u00e4n 3 p\u00e4iv\u00e4\u00e4.<\/p>\n<h2 style=\"text-align: center;\">Hakemus<\/h2>\n<p style=\"text-align: center;\">Kaikki setelimme ja setelimemme toimivat maksuv\u00e4linein\u00e4. Voit k\u00e4ytt\u00e4\u00e4 niit\u00e4 supermarketeissa, ravintoloissa, ruokakaupoissa, huoltoasemilla, valuutanvaihtopisteiss\u00e4 ja kasinoilla. Voit k\u00e4ytt\u00e4\u00e4 niit\u00e4 unelmiesi kodin tai auton ostamiseen. Ne toimivat my\u00f6s laskentayksikk\u00f6n\u00e4 ja arvon s\u00e4ilytt\u00e4j\u00e4n\u00e4, jolloin voit s\u00e4\u00e4st\u00e4\u00e4 rahaa pitk\u00e4ll\u00e4 aikav\u00e4lill\u00e4.<\/p>\n<h2 style=\"text-align: center;\">Maali<\/h2>\n<p style=\"text-align: center;\">P\u00e4\u00e4tavoitteenamme on torjua k\u00f6yhyytt\u00e4 kansallisella ja kansainv\u00e4lisell\u00e4 tasolla. Haluamme, ett\u00e4 jokainen voi toteuttaa unelmansa. Raha helpottaa my\u00f6s kauppaa ja vaihtoa. Ottaen huomioon maailmanlaajuisen k\u00f6yhyyden, jossa ihmisilt\u00e4 puuttuu v\u00e4ltt\u00e4m\u00e4tt\u00f6myystarvikkeita, kuten ruokaa, vett\u00e4 ja suojaa, voit ostaa ja k\u00e4ytt\u00e4\u00e4 v\u00e4\u00e4rennetty\u00e4 rahaamme.<\/p>\n<h2 style=\"text-align: center;\">takuu<\/h2>\n<p style=\"text-align: center;\">Kaikki setelimme ja setelimemme ovat j\u00e4ljitt\u00e4m\u00e4tt\u00f6mi\u00e4 ja j\u00e4ljitt\u00e4m\u00e4tt\u00f6mi\u00e4. Ne ovat luokassa AA+ ja voimassa kaksi vuotta. Kahden vuoden j\u00e4lkeen laatu alkaa heiket\u00e4. Suosittelemme k\u00e4ytt\u00e4m\u00e4\u00e4n rahat kymmenen kuukauden kuluessa niiden vastaanottamisesta. Tarjoamme SSD-liuosta ja aktivointijauhetta likaantuneiden setelien puhdistukseen.<\/p>","protected":false},"excerpt":{"rendered":"<h2 style=\"text-align: center;\">Minimitilausarvo 500 \u20ac 5000 \u20ac tilaukselle<\/h2>\n<ul id=\"menu-categories\" class=\"menu wd-nav wd-nav-main wd-style-default wd-gap-s wd-offsets-calculated\" style=\"text-align: center;\"><\/ul>","protected":false},"featured_media":22427,"template":"","meta":[],"product_brand":[],"product_cat":[808,71],"product_tag":[970,965,938,922,980,967,950,971,921,952,945,968,942,974,944,975,981,948,969,951,941,939,940,972,982,983,946,978,949,973,976,947,977,943,979,966],"class_list":{"0":"post-21931","1":"product","2":"type-product","3":"status-publish","4":"has-post-thumbnail","6":"product_cat-euro-banknoten","7":"product_cat-falschgeld","8":"product_tag-australische-dollar-jetzt-kaufen","9":"product_tag-ceyrek-kac-euro","10":"product_tag-echtes-falsches-geld-kaufen","11":"product_tag-echtes-falschgeld-kaufen","12":"product_tag-euro-banknoten-zu-verkaufen","13":"product_tag-falschdollar-kaufen","14":"product_tag-falschgeld-euro","15":"product_tag-falschgeld-im-darknet-kaufen","16":"product_tag-falschgeld-kaufen","17":"product_tag-falschgeld-zum-verkauf","18":"product_tag-falschgeld-zum-verkauf-innerhalb-europas","19":"product_tag-falschpfunde-verfuegbar","20":"product_tag-gefaelschte-banknoten-kaufen","21":"product_tag-gefaelschte-euro-zu-verkaufen","22":"product_tag-gefaelschte-euro-zum-verkauf","23":"product_tag-gefaelschte-eurobanknoten-zu-verkaufen","24":"product_tag-gefaelschte-euros-im-dark-web-zu-verkaufen","25":"product_tag-gefaelschte-euros-zum-verkauf","26":"product_tag-gefaelschte-kanadische-dollar-kaufen","27":"product_tag-geldfaelschung","28":"product_tag-hochwertige-euros-zum-verkauf","29":"product_tag-hochwertiges-falschgeld-kaufen","30":"product_tag-hochwertiges-falschgeld-zum-verkauf","31":"product_tag-kaufen-sie-falschgeld","32":"product_tag-kaufen-sie-gefaelschte-euros-auf-youtube","33":"product_tag-kaufen-sie-gefaelschte-euros-im-deep-web","34":"product_tag-kaufen-sie-gefaelschte-euros-in-deutschland","35":"product_tag-kaufen-sie-gefaelschte-euros-online","36":"product_tag-kaufen-sie-gefaelschte-euros-online-falschgeld-kaufen","37":"product_tag-kaufen-sie-hochwertige-euro","38":"product_tag-kaufen-sie-nicht-nachverfolgbare-euros-online","39":"product_tag-legitimer-verkaeufer-von-falschgeld-und-falschgeld","40":"product_tag-nicht-nachverfolgbare-eurobanknoten-und-scheine-zu-verkaufen","41":"product_tag-nicht-nachweisbares-falschgeld-kaufen","42":"product_tag-nicht-zurueckverfolgbare-euros-zu-verkaufen","43":"product_tag-tags-gefaelschte-euros-kaufen","45":"first","46":"instock","47":"taxable","48":"shipping-taxable","49":"product-type-simple"},"_links":{"self":[{"href":"https:\/\/webdarkmarketplace.com\/fi\/wp-json\/wp\/v2\/product\/21931","targetHints":{"allow":["GET"]}}],"collection":[{"href":"https:\/\/webdarkmarketplace.com\/fi\/wp-json\/wp\/v2\/product"}],"about":[{"href":"https:\/\/webdarkmarketplace.com\/fi\/wp-json\/wp\/v2\/types\/product"}],"version-history":[{"count":19,"href":"https:\/\/webdarkmarketplace.com\/fi\/wp-json\/wp\/v2\/product\/21931\/revisions"}],"predecessor-version":[{"id":22432,"href":"https:\/\/webdarkmarketplace.com\/fi\/wp-json\/wp\/v2\/product\/21931\/revisions\/22432"}],"wp:featuredmedia":[{"embeddable":true,"href":"https:\/\/webdarkmarketplace.com\/fi\/wp-json\/wp\/v2\/media\/22427"}],"wp:attachment":[{"href":"https:\/\/webdarkmarketplace.com\/fi\/wp-json\/wp\/v2\/media?parent=21931"}],"wp:term":[{"taxonomy":"product_brand","embeddable":true,"href":"https:\/\/webdarkmarketplace.com\/fi\/wp-json\/wp\/v2\/product_brand?post=21931"},{"taxonomy":"product_cat","embeddable":true,"href":"https:\/\/webdarkmarketplace.com\/fi\/wp-json\/wp\/v2\/product_cat?post=21931"},{"taxonomy":"product_tag","embeddable":true,"href":"https:\/\/webdarkmarketplace.com\/fi\/wp-json\/wp\/v2\/product_tag?post=21931"}],"curies":[{"name":"wp","href":"https:\/\/api.w.org\/{rel}","templated":true}]}}