{"id":4400,"date":"2021-10-12T15:51:09","date_gmt":"2021-10-12T15:51:09","guid":{"rendered":"http:\/\/dummy.xtemos.com\/woodmart2\/elementor\/?page_id=4400"},"modified":"2025-04-27T09:54:26","modified_gmt":"2025-04-27T09:54:26","slug":"ueber-uns","status":"publish","type":"page","link":"https:\/\/webdarkmarketplace.com\/fr\/a-propos-de-nous\/","title":{"rendered":"\u00c0 propos de nous"},"content":{"rendered":"<div data-elementor-type=\"wp-page\" data-elementor-id=\"4400\" class=\"elementor elementor-4400\" data-elementor-post-type=\"page\">\n\t\t\t\t<div class=\"wd-negative-gap elementor-element elementor-element-7c7c544 e-flex e-con-boxed e-con e-parent\" data-id=\"7c7c544\" data-element_type=\"container\">\n\t\t\t\t\t<div class=\"e-con-inner\">\n\t\t<div class=\"elementor-element elementor-element-e7cb5cd e-con-full e-flex e-con e-child\" data-id=\"e7cb5cd\" data-element_type=\"container\">\n\t\t\t\t<div class=\"elementor-element elementor-element-56aec39 elementor-widget elementor-widget-wd_image_or_svg\" data-id=\"56aec39\" data-element_type=\"widget\" data-widget_type=\"wd_image_or_svg.default\">\n\t\t\t\t<div class=\"elementor-widget-container\">\n\t\t\t\t\t\n\t\t<div class=\"wd-image text-left\">\n\t\t\t\t\t\t\t\t<img fetchpriority=\"high\" decoding=\"async\" width=\"720\" height=\"953\" src=\"https:\/\/webdarkmarketplace.com\/wp-content\/uploads\/2025\/04\/WhatsApp-Image-2025-04-24-at-07.42.01_0f65169d.jpg\" class=\"attachment-full size-full\" alt=\"\" srcset=\"https:\/\/webdarkmarketplace.com\/wp-content\/uploads\/2025\/04\/WhatsApp-Image-2025-04-24-at-07.42.01_0f65169d.jpg 720w, https:\/\/webdarkmarketplace.com\/wp-content\/uploads\/2025\/04\/WhatsApp-Image-2025-04-24-at-07.42.01_0f65169d-600x794.jpg 600w, https:\/\/webdarkmarketplace.com\/wp-content\/uploads\/2025\/04\/WhatsApp-Image-2025-04-24-at-07.42.01_0f65169d-150x199.jpg 150w, https:\/\/webdarkmarketplace.com\/wp-content\/uploads\/2025\/04\/WhatsApp-Image-2025-04-24-at-07.42.01_0f65169d-700x927.jpg 700w, https:\/\/webdarkmarketplace.com\/wp-content\/uploads\/2025\/04\/WhatsApp-Image-2025-04-24-at-07.42.01_0f65169d-227x300.jpg 227w, https:\/\/webdarkmarketplace.com\/wp-content\/uploads\/2025\/04\/WhatsApp-Image-2025-04-24-at-07.42.01_0f65169d-604x800.jpg 604w\" sizes=\"(max-width: 720px) 100vw, 720px\" \/>\t\t\t\t\t<\/div>\n\n\t\t\t\t\t\t<\/div>\n\t\t\t\t<\/div>\n\t\t\t\t<\/div>\n\t\t<div class=\"elementor-element elementor-element-97d6084 e-con-full e-flex e-con e-child\" data-id=\"97d6084\" data-element_type=\"container\">\n\t\t\t\t<div class=\"elementor-element elementor-element-98d830b elementor-widget__width-initial wd-width-100 elementor-widget elementor-widget-wd_title\" data-id=\"98d830b\" data-element_type=\"widget\" data-widget_type=\"wd_title.default\">\n\t\t\t\t<div class=\"elementor-widget-container\">\n\t\t\t\t\t\t\t<div class=\"title-wrapper wd-set-mb reset-last-child wd-title-color-primary wd-title-style-default wd-title-size-large text-left\">\n\n\t\t\t\n\t\t\t<div class=\"liner-continer\">\n\t\t\t\t<h4 class=\"woodmart-title-container title wd-fontsize-xxl\">\u00c0 propos de notre boutique en ligne<\/h4> \n\t\t\t\t\t\t\t<\/div>\n\n\t\t\t\t\t<\/div>\n\t\t\t\t\t\t<\/div>\n\t\t\t\t<\/div>\n\t\t\t\t<div class=\"elementor-element elementor-element-66e47ad elementor-widget elementor-widget-wd_text_block\" data-id=\"66e47ad\" data-element_type=\"widget\" data-widget_type=\"wd_text_block.default\">\n\t\t\t\t<div class=\"elementor-widget-container\">\n\t\t\t\t\t\t\t<div class=\"wd-text-block reset-last-child text-left\">\n\t\t\t\n\t\t\t<p><span style=\"color: #000000;\">Chez Euro Online Buy, nous produisons des billets contrefaits sans d\u00e9faut avec toutes les caract\u00e9ristiques qui font de nous le leader du march\u00e9 mondial. Euro Online Buy utilise des technologies avanc\u00e9es, des applications Web et des solutions de haute technologie pour imprimer des billets de banque contenant toutes les caract\u00e9ristiques de s\u00e9curit\u00e9 des devises du monde entier.<\/span><\/p>\n\t\t\t\t\t<\/div>\n\t\t\t\t\t\t<\/div>\n\t\t\t\t<\/div>\n\t\t\t\t<\/div>\n\t\t\t\t\t<\/div>\n\t\t\t\t<\/div>\n\t\t<div class=\"wd-negative-gap elementor-element elementor-element-8481c26 e-flex e-con-boxed e-con e-parent\" data-id=\"8481c26\" data-element_type=\"container\">\n\t\t\t\t\t<div class=\"e-con-inner\">\n\t\t\t\t<div class=\"elementor-element elementor-element-d66a211 wd-width-100 elementor-widget elementor-widget-wd_title\" data-id=\"d66a211\" data-element_type=\"widget\" data-widget_type=\"wd_title.default\">\n\t\t\t\t<div class=\"elementor-widget-container\">\n\t\t\t\t\t\t\t<div class=\"title-wrapper wd-set-mb reset-last-child wd-title-color-primary wd-title-style-default wd-title-size-large text-center\">\n\n\t\t\t\t\t\t\t\t\t\t\t<div class=\"title-subtitle subtitle-color-primary subtitle-style-default wd-fontsize-xs\">\n\t\t\t\t\tQUELQUES MOTS SUR NOUS\t\t\t\t<\/div>\n\t\t\t\n\t\t\t<div class=\"liner-continer\">\n\t\t\t\t<h4 class=\"woodmart-title-container title wd-fontsize-xxl\">QUELQUES MOTS SUR NOUS<\/h4> \n\t\t\t\t\t\t\t<\/div>\n\n\t\t\t\t\t\t\t<div class=\"title-after_title reset-last-child wd-fontsize-s\">\n\t\t\t\t\t<p><span style=\"color: #000000\">Source fiable de fausse monnaie sur toutes les devises Bienvenue sur Buy Euro Online, l&#039;un des fournisseurs les plus fiables et les plus fiables de fausse monnaie de haute qualit\u00e9 dans les principales d\u00e9nominations, notamment USD, Euro, Livre, CAD, AUD, Dirham et plus encore. En tant qu&#039;organisation anonyme, nous travaillons avec un r\u00e9seau de fournisseurs qualifi\u00e9s dans le monde entier, sp\u00e9cialis\u00e9s dans la production de fausse monnaie r\u00e9aliste. Nos produits sont con\u00e7us pour r\u00e9pondre \u00e0 divers besoins financiers, tels que : Par exemple : financement d&#039;entreprise, remboursement de pr\u00eat, vacances, style de vie luxueux et r\u00e9solution de probl\u00e8mes financiers personnels.<\/span><\/p><p><span style=\"color: #000000\">Nos services d&#039;impression et nos agents sont strat\u00e9giquement situ\u00e9s dans les principales villes du monde, notamment \u00e0 Miami (\u00c9tats-Unis), Londres (Royaume-Uni), Paris (France), Berlin (Allemagne), Belgique, Espagne, Duba\u00ef, Sydney (Australie), Japon et Autriche. Nous assurons une livraison rapide et discr\u00e8te \u00e0 votre adresse et prenons des mesures strictes pour \u00e9viter toute complication juridique ou douani\u00e8re. O\u00f9 que vous soyez, nous livrons efficacement \u2013 suivez simplement les instructions de notre \u00e9quipe d&#039;assistance. Nous sommes une \u00e9quipe de plus de 100 professionnels form\u00e9s et d\u00e9vou\u00e9s, sp\u00e9cialis\u00e9s dans la cr\u00e9ation de faux billets de banque parfaitement r\u00e9alistes dans plusieurs devises, notamment l&#039;USD, la livre sterling, l&#039;euro, le dinar kowe\u00eftien et le CFA et bien d&#039;autres. Notre mission est de simplifier le processus d\u2019acquisition de fausse monnaie authentique en ligne et de fournir une solution au vieux dilemme de l\u2019accessibilit\u00e9. Nos billets de banque soigneusement fabriqu\u00e9s sont con\u00e7us pour passer sans probl\u00e8me les tests UV et Pent et sont ind\u00e9tectables \u00e0 l&#039;\u0153il nu.<\/span><\/p><p><span style=\"color: #000000\">Les clients demandent souvent si nos factures sont v\u00e9rifiables et num\u00e9risables. En tant que fournisseur en ligne leader sur le march\u00e9, nous veillons \u00e0 ce que toutes nos factures soient soumises \u00e0 des tests rigoureux. Ils sont v\u00e9rifi\u00e9s \u00e0 l&#039;aide de lumi\u00e8re UV, de distributeurs automatiques de billets, de syst\u00e8mes bancaires, de tests de p\u00e9n\u00e9tration et m\u00eame expos\u00e9s \u00e0 des conditions m\u00e9t\u00e9orologiques extr\u00eames pour garantir leur durabilit\u00e9 et leur authenticit\u00e9. Cela garantit que notre monnaie conserve sa valeur et sa qualit\u00e9 avant d\u2019\u00eatre livr\u00e9e \u00e0 nos clients.<\/span><br \/><br \/><span style=\"color: #000000\">Ne vous inqui\u00e9tez pas, car Euro Online Buy est l\u00e0 pour \u00e9liminer tous ces tracas en vous fournissant de la fausse monnaie \u00e0 vendre que vous pouvez utiliser dans n&#039;importe quel magasin ou magasin sans avoir \u00e0 vous soucier de vous faire prendre. Ainsi, si vous n\u2019\u00eates pas en mesure de r\u00e9pondre \u00e0 vos besoins financiers, vous pouvez nous contacter d\u00e8s maintenant pour obtenir vos billets \u00e0 des tarifs tr\u00e8s raisonnables. Nous conna\u00eetre peut \u00eatre l\u2019une des meilleures choses qui puissent arriver \u00e0 un investisseur.<\/span><\/p>\t\t\t\t<\/div>\n\t\t\t\t\t<\/div>\n\t\t\t\t\t\t<\/div>\n\t\t\t\t<\/div>\n\t\t\t\t\t<\/div>\n\t\t\t\t<\/div>\n\t\t<div class=\"wd-negative-gap elementor-element elementor-element-0aaf669 wd-section-stretch e-flex e-con-boxed e-con e-parent\" data-id=\"0aaf669\" data-element_type=\"container\" data-settings=\"{&quot;background_background&quot;:&quot;classic&quot;}\">\n\t\t\t\t\t<div class=\"e-con-inner\">\n\t\t<div class=\"elementor-element elementor-element-49529c7 color-scheme-light e-con-full e-flex e-con e-child\" data-id=\"49529c7\" data-element_type=\"container\">\n\t\t\t\t<div class=\"elementor-element elementor-element-95c7bfa wd-width-100 elementor-widget elementor-widget-wd_title\" data-id=\"95c7bfa\" data-element_type=\"widget\" data-widget_type=\"wd_title.default\">\n\t\t\t\t<div class=\"elementor-widget-container\">\n\t\t\t\t\t\t\t<div class=\"title-wrapper wd-set-mb reset-last-child wd-title-color-primary wd-title-style-default wd-title-size-large text-left\">\n\n\t\t\t\n\t\t\t<div class=\"liner-continer\">\n\t\t\t\t<h4 class=\"woodmart-title-container title wd-fontsize-xxl\">Nous travaillons sur tous les aspects de la planification<\/h4> \n\t\t\t\t\t\t\t<\/div>\n\n\t\t\t\t\t<\/div>\n\t\t\t\t\t\t<\/div>\n\t\t\t\t<\/div>\n\t\t\t\t<div class=\"elementor-element elementor-element-d714b41 elementor-widget elementor-widget-wd_button\" data-id=\"d714b41\" data-element_type=\"widget\" data-widget_type=\"wd_button.default\">\n\t\t\t\t<div class=\"elementor-widget-container\">\n\t\t\t\t\t\t\t<div class=\"wd-button-wrapper text-left\" >\n\t\t\t<a class=\"btn btn-style-link btn-shape- btn-size-default btn-color-white btn-icon-pos-right\"  href=\"#\">\n\t\t\t\t<span class=\"wd-btn-text\" data-elementor-setting-key=\"text\">\n\t\t\t\t\tNOUS LE FAISONS POUR VOUS AVEC AMOUR\t\t\t\t<\/span>\n\n\t\t\t\t\t\t\t<\/a>\n\t\t<\/div>\n\t\t\t\t\t\t<\/div>\n\t\t\t\t<\/div>\n\t\t\t\t<\/div>\n\t\t<div class=\"elementor-element elementor-element-112f98a e-con-full e-flex e-con e-child\" data-id=\"112f98a\" data-element_type=\"container\">\n\t\t<div class=\"elementor-element elementor-element-48c7dd1 e-con-full e-flex e-con e-child\" data-id=\"48c7dd1\" data-element_type=\"container\">\n\t\t<div class=\"elementor-element elementor-element-54eb2d3 e-con-full e-flex e-con e-child\" data-id=\"54eb2d3\" data-element_type=\"container\">\n\t\t\t\t<div class=\"elementor-element elementor-element-14ff076 elementor-widget elementor-widget-wd_counter\" data-id=\"14ff076\" data-element_type=\"widget\" data-widget_type=\"wd_counter.default\">\n\t\t\t\t<div class=\"elementor-widget-container\">\n\t\t\t\t\t\t\t<div class=\"woodmart-counter counter-large text-center color-scheme-light\">\n\t\t\t<div class=\"counter-value\" data-state=\"new\" data-final=\"2010\">\n\t\t\t\t0\t\t\t<\/div>\n\n\t\t\t\t\t\t\t<div class=\"counter-label\">\n\t\t\t\t\tANN\u00c9E DE FONDATION\t\t\t\t<\/div>\n\t\t\t\t\t<\/div>\n\t\t\t\t\t\t<\/div>\n\t\t\t\t<\/div>\n\t\t\t\t<\/div>\n\t\t<div class=\"elementor-element elementor-element-668ca24 e-con-full e-flex e-con e-child\" data-id=\"668ca24\" data-element_type=\"container\">\n\t\t\t\t<div class=\"elementor-element elementor-element-da35035 elementor-widget elementor-widget-wd_counter\" data-id=\"da35035\" data-element_type=\"widget\" data-widget_type=\"wd_counter.default\">\n\t\t\t\t<div class=\"elementor-widget-container\">\n\t\t\t\t\t\t\t<div class=\"woodmart-counter counter-large text-center color-scheme-light\">\n\t\t\t<div class=\"counter-value\" data-state=\"new\" data-final=\"2000\">\n\t\t\t\t0\t\t\t<\/div>\n\n\t\t\t\t\t\t\t<div class=\"counter-label\">\n\t\t\t\t\tCLIENTS SATISFAITS\t\t\t\t<\/div>\n\t\t\t\t\t<\/div>\n\t\t\t\t\t\t<\/div>\n\t\t\t\t<\/div>\n\t\t\t\t<\/div>\n\t\t\t\t<\/div>\n\t\t<div class=\"elementor-element elementor-element-6b5c35a e-con-full e-flex e-con e-child\" data-id=\"6b5c35a\" data-element_type=\"container\">\n\t\t<div class=\"elementor-element elementor-element-214e692 e-con-full e-flex e-con e-child\" data-id=\"214e692\" data-element_type=\"container\">\n\t\t\t\t<div class=\"elementor-element elementor-element-168ddab elementor-widget elementor-widget-wd_counter\" data-id=\"168ddab\" data-element_type=\"widget\" data-widget_type=\"wd_counter.default\">\n\t\t\t\t<div class=\"elementor-widget-container\">\n\t\t\t\t\t\t\t<div class=\"woodmart-counter counter-large text-center color-scheme-light\">\n\t\t\t<div class=\"counter-value\" data-state=\"new\" data-final=\"190\">\n\t\t\t\t0\t\t\t<\/div>\n\n\t\t\t\t\t\t\t<div class=\"counter-label\">\n\t\t\t\t\tLES ENTREPRISES TRAVAILLENT AVEC NOUS\t\t\t\t<\/div>\n\t\t\t\t\t<\/div>\n\t\t\t\t\t\t<\/div>\n\t\t\t\t<\/div>\n\t\t\t\t<\/div>\n\t\t<div class=\"elementor-element elementor-element-214de82 e-con-full e-flex e-con e-child\" data-id=\"214de82\" data-element_type=\"container\">\n\t\t\t\t<div class=\"elementor-element elementor-element-3444280 elementor-widget elementor-widget-wd_counter\" data-id=\"3444280\" data-element_type=\"widget\" data-widget_type=\"wd_counter.default\">\n\t\t\t\t<div class=\"elementor-widget-container\">\n\t\t\t\t\t\t\t<div class=\"woodmart-counter counter-large text-center color-scheme-light\">\n\t\t\t<div class=\"counter-value\" data-state=\"new\" data-final=\"2\">\n\t\t\t\t0\t\t\t<\/div>\n\n\t\t\t\t\t\t\t<div class=\"counter-label\">\n\t\t\t\t\tBUREAUX\t\t\t\t<\/div>\n\t\t\t\t\t<\/div>\n\t\t\t\t\t\t<\/div>\n\t\t\t\t<\/div>\n\t\t\t\t<\/div>\n\t\t\t\t<\/div>\n\t\t<div class=\"elementor-element elementor-element-2d29667 e-con-full e-flex e-con e-child\" data-id=\"2d29667\" data-element_type=\"container\">\n\t\t<div class=\"elementor-element elementor-element-9b12710 e-con-full e-flex e-con e-child\" data-id=\"9b12710\" data-element_type=\"container\">\n\t\t\t\t<div class=\"elementor-element elementor-element-f4d40e8 elementor-widget elementor-widget-wd_counter\" data-id=\"f4d40e8\" data-element_type=\"widget\" data-widget_type=\"wd_counter.default\">\n\t\t\t\t<div class=\"elementor-widget-container\">\n\t\t\t\t\t\t\t<div class=\"woodmart-counter counter-large text-center color-scheme-light\">\n\t\t\t<div class=\"counter-value\" data-state=\"new\" data-final=\"21\">\n\t\t\t\t0\t\t\t<\/div>\n\n\t\t\t\t\t\t\t<div class=\"counter-label\">\n\t\t\t\t\tMEMBRES DE L&#039;\u00c9QUIPE\t\t\t\t<\/div>\n\t\t\t\t\t<\/div>\n\t\t\t\t\t\t<\/div>\n\t\t\t\t<\/div>\n\t\t\t\t<\/div>\n\t\t<div class=\"elementor-element elementor-element-cc152f4 e-con-full e-flex e-con e-child\" data-id=\"cc152f4\" data-element_type=\"container\">\n\t\t\t\t<div class=\"elementor-element elementor-element-d17999d elementor-widget elementor-widget-wd_counter\" data-id=\"d17999d\" data-element_type=\"widget\" data-widget_type=\"wd_counter.default\">\n\t\t\t\t<div class=\"elementor-widget-container\">\n\t\t\t\t\t\t\t<div class=\"woodmart-counter counter-large text-center color-scheme-light\">\n\t\t\t<div class=\"counter-value\" data-state=\"new\" data-final=\"750\">\n\t\t\t\t0\t\t\t<\/div>\n\n\t\t\t\t\t\t\t<div class=\"counter-label\">\n\t\t\t\t\tPROJETS TERMIN\u00c9S\t\t\t\t<\/div>\n\t\t\t\t\t<\/div>\n\t\t\t\t\t\t<\/div>\n\t\t\t\t<\/div>\n\t\t\t\t<\/div>\n\t\t\t\t<\/div>\n\t\t\t\t<\/div>\n\t\t\t\t\t<\/div>\n\t\t\t\t<\/div>\n\t\t\t\t<\/div>","protected":false},"excerpt":{"rendered":"<p>Gr\u00e2ce \u00e0 notre boutique en ligne Chez Euro Online Buy, nous produisons des faux billets impeccables avec toutes les caract\u00e9ristiques qui font de nous le leader du march\u00e9<\/p>","protected":false},"author":1,"featured_media":0,"parent":0,"menu_order":0,"comment_status":"closed","ping_status":"closed","template":"","meta":{"footnotes":""},"class_list":["post-4400","page","type-page","status-publish","hentry"],"amp_enabled":true,"_links":{"self":[{"href":"https:\/\/webdarkmarketplace.com\/fr\/wp-json\/wp\/v2\/pages\/4400","targetHints":{"allow":["GET"]}}],"collection":[{"href":"https:\/\/webdarkmarketplace.com\/fr\/wp-json\/wp\/v2\/pages"}],"about":[{"href":"https:\/\/webdarkmarketplace.com\/fr\/wp-json\/wp\/v2\/types\/page"}],"author":[{"embeddable":true,"href":"https:\/\/webdarkmarketplace.com\/fr\/wp-json\/wp\/v2\/users\/1"}],"replies":[{"embeddable":true,"href":"https:\/\/webdarkmarketplace.com\/fr\/wp-json\/wp\/v2\/comments?post=4400"}],"version-history":[{"count":10,"href":"https:\/\/webdarkmarketplace.com\/fr\/wp-json\/wp\/v2\/pages\/4400\/revisions"}],"predecessor-version":[{"id":22129,"href":"https:\/\/webdarkmarketplace.com\/fr\/wp-json\/wp\/v2\/pages\/4400\/revisions\/22129"}],"wp:attachment":[{"href":"https:\/\/webdarkmarketplace.com\/fr\/wp-json\/wp\/v2\/media?parent=4400"}],"curies":[{"name":"wp","href":"https:\/\/api.w.org\/{rel}","templated":true}]}}