{"id":21884,"date":"2025-04-25T11:02:01","date_gmt":"2025-04-25T11:02:01","guid":{"rendered":"https:\/\/webdarkmarketplace.com\/?post_type=product&#038;p=21884"},"modified":"2025-06-30T11:57:52","modified_gmt":"2025-06-30T11:57:52","slug":"counterfeit-50-pound-note","status":"publish","type":"product","link":"https:\/\/webdarkmarketplace.com\/fr\/product\/acheter-de-faux-billets-de-livres-sterling\/","title":{"rendered":"Acheter des faux billets de livres sterling"},"content":{"rendered":"<h2 style=\"text-align: center;\">Valeur minimale de commande : 500 \u00a3 pour 5\u00a0000 \u00a3<\/h2>\n<p style=\"text-align: center;\">Faux billet de 50 livres. Achetez de la fausse monnaie en ligne \u00e0 prix r\u00e9duit. Nous exp\u00e9dions \u00e0 l&#039;\u00e9chelle nationale et internationale. Livraison s\u00e9curis\u00e9e, ponctuelle et discr\u00e8te. Nos billets ne sont pas soumis aux contr\u00f4les douaniers gr\u00e2ce \u00e0 l&#039;utilisation du sceau diplomatique. Le d\u00e9lai de livraison maximum est de 3 jours.<\/p>\n<h2 style=\"text-align: center;\">Application<\/h2>\n<p style=\"text-align: center;\">Tous nos billets et coupures servent de moyen d&#039;\u00e9change. Vous pouvez les utiliser dans les supermarch\u00e9s, les restaurants, les \u00e9piceries, les stations-service, les bureaux de change et les casinos. Vous pouvez les utiliser pour acheter la maison ou la voiture de vos r\u00eaves. Ils servent \u00e9galement d&#039;unit\u00e9 de compte et de r\u00e9serve de valeur, vous permettant d&#039;\u00e9pargner \u00e0 long terme.<\/p>\n<h2 style=\"text-align: center;\">But<\/h2>\n<p style=\"text-align: center;\">Notre objectif principal est de lutter contre la pauvret\u00e9 aux niveaux national et international. Nous souhaitons que chacun puisse r\u00e9aliser ses r\u00eaves. Cet argent facilitera \u00e9galement les \u00e9changes commerciaux. Face \u00e0 la pauvret\u00e9 mondiale, o\u00f9 les populations manquent de biens essentiels comme la nourriture, l&#039;eau et un logement, vous pouvez acheter et utiliser notre fausse monnaie.<\/p>\n<h2 style=\"text-align: center;\">garantie<\/h2>\n<p style=\"text-align: center;\">Tous nos billets sont intra\u00e7ables. Ils sont de grade AA+ et valables deux ans. Apr\u00e8s deux ans, leur qualit\u00e9 commence \u00e0 se d\u00e9grader. Nous vous recommandons d&#039;utiliser l&#039;argent dans les dix mois suivant sa r\u00e9ception. Nous proposons une solution SSD et une poudre d&#039;activation pour nettoyer les billets souill\u00e9s.<\/p>","protected":false},"excerpt":{"rendered":"<h2 style=\"text-align: center;\">Valeur minimale de commande : 500 \u00a3 pour 5\u00a0000 \u00a3<\/h2>\n<ul id=\"menu-categories\" class=\"menu wd-nav wd-nav-main wd-style-default wd-gap-s wd-offsets-calculated\" style=\"text-align: center;\"><\/ul>","protected":false},"featured_media":22441,"template":"","meta":[],"product_brand":[],"product_cat":[801],"product_tag":[970,967,971,921,968,942,1001,969],"class_list":{"0":"post-21884","1":"product","2":"type-product","3":"status-publish","4":"has-post-thumbnail","6":"product_cat-britische-pfund","7":"product_tag-australische-dollar-jetzt-kaufen","8":"product_tag-falschdollar-kaufen","9":"product_tag-falschgeld-im-darknet-kaufen","10":"product_tag-falschgeld-kaufen","11":"product_tag-falschpfunde-verfuegbar","12":"product_tag-gefaelschte-banknoten-kaufen","13":"product_tag-gefaelschte-euros-kaufen","14":"product_tag-gefaelschte-kanadische-dollar-kaufen","16":"first","17":"instock","18":"taxable","19":"shipping-taxable","20":"product-type-simple"},"_links":{"self":[{"href":"https:\/\/webdarkmarketplace.com\/fr\/wp-json\/wp\/v2\/product\/21884","targetHints":{"allow":["GET"]}}],"collection":[{"href":"https:\/\/webdarkmarketplace.com\/fr\/wp-json\/wp\/v2\/product"}],"about":[{"href":"https:\/\/webdarkmarketplace.com\/fr\/wp-json\/wp\/v2\/types\/product"}],"version-history":[{"count":14,"href":"https:\/\/webdarkmarketplace.com\/fr\/wp-json\/wp\/v2\/product\/21884\/revisions"}],"predecessor-version":[{"id":22445,"href":"https:\/\/webdarkmarketplace.com\/fr\/wp-json\/wp\/v2\/product\/21884\/revisions\/22445"}],"wp:featuredmedia":[{"embeddable":true,"href":"https:\/\/webdarkmarketplace.com\/fr\/wp-json\/wp\/v2\/media\/22441"}],"wp:attachment":[{"href":"https:\/\/webdarkmarketplace.com\/fr\/wp-json\/wp\/v2\/media?parent=21884"}],"wp:term":[{"taxonomy":"product_brand","embeddable":true,"href":"https:\/\/webdarkmarketplace.com\/fr\/wp-json\/wp\/v2\/product_brand?post=21884"},{"taxonomy":"product_cat","embeddable":true,"href":"https:\/\/webdarkmarketplace.com\/fr\/wp-json\/wp\/v2\/product_cat?post=21884"},{"taxonomy":"product_tag","embeddable":true,"href":"https:\/\/webdarkmarketplace.com\/fr\/wp-json\/wp\/v2\/product_tag?post=21884"}],"curies":[{"name":"wp","href":"https:\/\/api.w.org\/{rel}","templated":true}]}}