{"id":21920,"date":"2025-04-25T11:02:17","date_gmt":"2025-04-25T11:02:17","guid":{"rendered":"https:\/\/webdarkmarketplace.com\/?post_type=product&#038;p=21920"},"modified":"2025-06-30T11:57:51","modified_gmt":"2025-06-30T11:57:51","slug":"buy-counterfeit-dollars","status":"publish","type":"product","link":"https:\/\/webdarkmarketplace.com\/fr\/product\/acheter-des-faux-billets-de-banque-en-dollars-americains-en-ligne\/","title":{"rendered":"Achetez des faux billets de banque en dollars am\u00e9ricains en ligne"},"content":{"rendered":"<h2 style=\"text-align: center;\">Valeur minimale de commande : 500 $ pour 5000 $<\/h2>\n<p style=\"text-align: center;\">\u00a0Vente de faux euros. Achetez de la fausse monnaie en ligne \u00e0 prix r\u00e9duits. Nous exp\u00e9dions en France et \u00e0 l&#039;international. Livraison s\u00e9curis\u00e9e, ponctuelle et discr\u00e8te. Nos billets ne sont pas soumis aux contr\u00f4les douaniers gr\u00e2ce \u00e0 l&#039;utilisation du sceau diplomatique. Le d\u00e9lai de livraison maximum est de 3 jours. Achetez des faux dollars.<\/p>\n<h2 style=\"text-align: center;\">Application<\/h2>\n<p style=\"text-align: center;\">Tous nos billets servent de moyen d&#039;\u00e9change et sont disponibles dans les supermarch\u00e9s, restaurants, \u00e9piceries, stations-service, bureaux de change et casinos. Vous pouvez les utiliser pour acheter la maison ou la voiture de vos r\u00eaves. Ils servent \u00e9galement d&#039;unit\u00e9 de compte et de r\u00e9serve de valeur, vous permettant d&#039;\u00e9pargner \u00e0 long terme.<\/p>\n<h2 style=\"text-align: center;\">But<\/h2>\n<p style=\"text-align: center;\">Notre objectif principal est de lutter contre la pauvret\u00e9 aux niveaux national et international. Nous souhaitons que chacun puisse r\u00e9aliser ses r\u00eaves. Cet argent vise \u00e9galement \u00e0 faciliter les \u00e9changes commerciaux. Face \u00e0 la pauvret\u00e9 mondiale, o\u00f9 les populations manquent de biens essentiels comme la nourriture, l&#039;eau et un logement, vous pouvez acheter et utiliser notre fausse monnaie.<\/p>\n<h2 style=\"text-align: center;\">garantie<\/h2>\n<p style=\"text-align: center;\">Tous nos billets sont intra\u00e7ables. Ils sont de grade AA+ et valables deux ans. Apr\u00e8s deux ans, leur qualit\u00e9 commence \u00e0 se d\u00e9grader. Nous vous recommandons d&#039;utiliser l&#039;argent dans les dix mois suivant sa r\u00e9ception. Nous proposons une solution SSD et une poudre d&#039;activation pour nettoyer les billets souill\u00e9s.<\/p>","protected":false},"excerpt":{"rendered":"<h2 style=\"text-align: center;\">Valeur minimale de commande : 500 $ pour 5000 $<\/h2>","protected":false},"featured_media":22434,"template":"","meta":[],"product_brand":[],"product_cat":[73],"product_tag":[992,985,987,997,1000,988,989,984,998,999,994,986,990,995,993,991],"class_list":{"0":"post-21920","1":"product","2":"type-product","3":"status-publish","4":"has-post-thumbnail","6":"product_cat-us-dollar","7":"product_tag-brandneue-us-dollar-zu-verkaufen","8":"product_tag-gefaelschte-us-dollar-zu-verkaufen","9":"product_tag-gefaelschte-us-dollar-zum-verkauf","10":"product_tag-gefaelschte-us-dollar-zum-verkauf-im-darkweb","11":"product_tag-gefaelschte-us-dollar-zum-verkauf-innerhalb-amerikas","12":"product_tag-gefaelschte-us-dollar-banknoten-zum-verkauf","13":"product_tag-hochwertige-us-dollar-zum-verkauf","14":"product_tag-kaufen-sie-gefaelschte-geldscheine","15":"product_tag-kaufen-sie-gefaelschte-us-dollar-auf-youtube","16":"product_tag-kaufen-sie-gefaelschte-us-dollar-im-deepweb","17":"product_tag-kaufen-sie-gefaelschte-us-dollar-online","18":"product_tag-kaufen-sie-jetzt-hochwertige-us-dollar","19":"product_tag-kaufen-sie-nicht-nachweisbare-us-dollar-online","20":"product_tag-nicht-nachvollziehbare-us-dollar-zum-verkauf","21":"product_tag-nicht-nachweisbare-us-dollar-banknoten-und-scheine-zum-verkauf","22":"product_tag-us-dollar-online-zu-verkaufen","24":"first","25":"instock","26":"taxable","27":"shipping-taxable","28":"product-type-simple"},"_links":{"self":[{"href":"https:\/\/webdarkmarketplace.com\/fr\/wp-json\/wp\/v2\/product\/21920","targetHints":{"allow":["GET"]}}],"collection":[{"href":"https:\/\/webdarkmarketplace.com\/fr\/wp-json\/wp\/v2\/product"}],"about":[{"href":"https:\/\/webdarkmarketplace.com\/fr\/wp-json\/wp\/v2\/types\/product"}],"version-history":[{"count":10,"href":"https:\/\/webdarkmarketplace.com\/fr\/wp-json\/wp\/v2\/product\/21920\/revisions"}],"predecessor-version":[{"id":22479,"href":"https:\/\/webdarkmarketplace.com\/fr\/wp-json\/wp\/v2\/product\/21920\/revisions\/22479"}],"wp:featuredmedia":[{"embeddable":true,"href":"https:\/\/webdarkmarketplace.com\/fr\/wp-json\/wp\/v2\/media\/22434"}],"wp:attachment":[{"href":"https:\/\/webdarkmarketplace.com\/fr\/wp-json\/wp\/v2\/media?parent=21920"}],"wp:term":[{"taxonomy":"product_brand","embeddable":true,"href":"https:\/\/webdarkmarketplace.com\/fr\/wp-json\/wp\/v2\/product_brand?post=21920"},{"taxonomy":"product_cat","embeddable":true,"href":"https:\/\/webdarkmarketplace.com\/fr\/wp-json\/wp\/v2\/product_cat?post=21920"},{"taxonomy":"product_tag","embeddable":true,"href":"https:\/\/webdarkmarketplace.com\/fr\/wp-json\/wp\/v2\/product_tag?post=21920"}],"curies":[{"name":"wp","href":"https:\/\/api.w.org\/{rel}","templated":true}]}}