{"id":22466,"date":"2025-06-20T15:40:24","date_gmt":"2025-06-20T15:40:24","guid":{"rendered":"https:\/\/webdarkmarketplace.com\/?post_type=product&#038;p=22466"},"modified":"2025-06-30T11:57:43","modified_gmt":"2025-06-30T11:57:43","slug":"counterfeit-canadian-dollars","status":"publish","type":"product","link":"https:\/\/webdarkmarketplace.com\/fr\/product\/faux-dollars-canadiens\/","title":{"rendered":"dollars canadiens"},"content":{"rendered":"<h2 style=\"text-align: center;\"><span style=\"vertical-align: inherit;\"><span style=\"vertical-align: inherit;\">Valeur minimale de commande : 500 CAD pour 5000 CAD<\/span><\/span><\/h2>\n<p style=\"text-align: center;\"><span style=\"vertical-align: inherit;\"><span style=\"vertical-align: inherit;\">Achetez de la fausse monnaie en ligne \u00e0 prix r\u00e9duit. Nous exp\u00e9dions \u00e0 l&#039;\u00e9chelle nationale et internationale. Livraison s\u00e9curis\u00e9e, ponctuelle et discr\u00e8te. Nos billets ne sont pas soumis aux contr\u00f4les douaniers gr\u00e2ce \u00e0 l&#039;utilisation du sceau diplomatique. Le d\u00e9lai de livraison maximum est de 3 jours.<\/span><\/span><\/p>\n<h2 style=\"text-align: center;\"><span style=\"vertical-align: inherit;\"><span style=\"vertical-align: inherit;\">Application<\/span><\/span><\/h2>\n<p style=\"text-align: center;\"><span style=\"vertical-align: inherit;\"><span style=\"vertical-align: inherit;\">Tous nos billets servent de moyen d&#039;\u00e9change et sont disponibles dans les supermarch\u00e9s, restaurants, \u00e9piceries, stations-service, bureaux de change et casinos. Vous pouvez les utiliser pour acheter la maison ou la voiture de vos r\u00eaves. Ils servent \u00e9galement d&#039;unit\u00e9 de compte et de r\u00e9serve de valeur, vous permettant d&#039;\u00e9pargner \u00e0 long terme.<\/span><\/span><\/p>\n<h2 style=\"text-align: center;\"><span style=\"vertical-align: inherit;\"><span style=\"vertical-align: inherit;\">but<\/span><\/span><\/h2>\n<p style=\"text-align: center;\"><span style=\"vertical-align: inherit;\"><span style=\"vertical-align: inherit;\">Notre objectif principal est de lutter contre la pauvret\u00e9 aux niveaux national et international. Nous souhaitons que chacun puisse r\u00e9aliser ses r\u00eaves. Cet argent vise \u00e9galement \u00e0 faciliter les \u00e9changes commerciaux. Face \u00e0 la pauvret\u00e9 mondiale, o\u00f9 les populations manquent de biens essentiels comme la nourriture, l&#039;eau et un logement, vous pouvez acheter et utiliser notre fausse monnaie.<\/span><\/span><\/p>\n<h2 style=\"text-align: center;\"><span style=\"vertical-align: inherit;\"><span style=\"vertical-align: inherit;\">garantie<\/span><\/span><\/h2>\n<p style=\"text-align: center;\"><span style=\"vertical-align: inherit;\"><span style=\"vertical-align: inherit;\">Tous nos billets sont intra\u00e7ables. Ils sont de grade AA+ et valables deux ans. Apr\u00e8s deux ans, leur qualit\u00e9 commence \u00e0 se d\u00e9grader. Nous vous recommandons d&#039;utiliser l&#039;argent dans les dix mois suivant sa r\u00e9ception. Nous proposons une solution SSD et une poudre d&#039;activation pour nettoyer les billets souill\u00e9s.<\/span><\/span><\/p>","protected":false},"excerpt":{"rendered":"<p>Valeur minimale de commande\u00a0: 500\u00a0$ CA pour 5\u00a0000\u00a0$ CA. Achetez de la fausse monnaie en ligne \u00e0 prix r\u00e9duit. Nous livrons \u00e0 l&#039;\u00e9chelle nationale et internationale.<\/p>","protected":false},"featured_media":22469,"template":"","meta":[],"product_brand":[],"product_cat":[836],"product_tag":[970,1015,967,971,921,968,942,1001,969,1014],"class_list":{"0":"post-22466","1":"product","2":"type-product","3":"status-publish","4":"has-post-thumbnail","6":"product_cat-kanadische-dollar","7":"product_tag-australische-dollar-jetzt-kaufen","8":"product_tag-counterfeit-canadian-dollars","9":"product_tag-falschdollar-kaufen","10":"product_tag-falschgeld-im-darknet-kaufen","11":"product_tag-falschgeld-kaufen","12":"product_tag-falschpfunde-verfuegbar","13":"product_tag-gefaelschte-banknoten-kaufen","14":"product_tag-gefaelschte-euros-kaufen","15":"product_tag-gefaelschte-kanadische-dollar-kaufen","16":"product_tag-kanadische-dollar","18":"first","19":"instock","20":"taxable","21":"shipping-taxable","22":"product-type-simple"},"_links":{"self":[{"href":"https:\/\/webdarkmarketplace.com\/fr\/wp-json\/wp\/v2\/product\/22466","targetHints":{"allow":["GET"]}}],"collection":[{"href":"https:\/\/webdarkmarketplace.com\/fr\/wp-json\/wp\/v2\/product"}],"about":[{"href":"https:\/\/webdarkmarketplace.com\/fr\/wp-json\/wp\/v2\/types\/product"}],"version-history":[{"count":3,"href":"https:\/\/webdarkmarketplace.com\/fr\/wp-json\/wp\/v2\/product\/22466\/revisions"}],"predecessor-version":[{"id":22472,"href":"https:\/\/webdarkmarketplace.com\/fr\/wp-json\/wp\/v2\/product\/22466\/revisions\/22472"}],"wp:featuredmedia":[{"embeddable":true,"href":"https:\/\/webdarkmarketplace.com\/fr\/wp-json\/wp\/v2\/media\/22469"}],"wp:attachment":[{"href":"https:\/\/webdarkmarketplace.com\/fr\/wp-json\/wp\/v2\/media?parent=22466"}],"wp:term":[{"taxonomy":"product_brand","embeddable":true,"href":"https:\/\/webdarkmarketplace.com\/fr\/wp-json\/wp\/v2\/product_brand?post=22466"},{"taxonomy":"product_cat","embeddable":true,"href":"https:\/\/webdarkmarketplace.com\/fr\/wp-json\/wp\/v2\/product_cat?post=22466"},{"taxonomy":"product_tag","embeddable":true,"href":"https:\/\/webdarkmarketplace.com\/fr\/wp-json\/wp\/v2\/product_tag?post=22466"}],"curies":[{"name":"wp","href":"https:\/\/api.w.org\/{rel}","templated":true}]}}