{"id":21920,"date":"2025-04-25T11:02:17","date_gmt":"2025-04-25T11:02:17","guid":{"rendered":"https:\/\/webdarkmarketplace.com\/?post_type=product&#038;p=21920"},"modified":"2025-06-30T11:57:51","modified_gmt":"2025-06-30T11:57:51","slug":"buy-counterfeit-dollars","status":"publish","type":"product","link":"https:\/\/webdarkmarketplace.com\/hr\/product\/kupiti-krivotvorene-novcanice-americkih-dolara-putem-interneta\/","title":{"rendered":"Kupite krivotvorene nov\u010danice ameri\u010dkih dolara putem interneta"},"content":{"rendered":"<h2 style=\"text-align: center;\">Minimalna vrijednost narud\u017ebe: 500 $ za 5000 $<\/h2>\n<p style=\"text-align: center;\">\u00a0Prodaja krivotvorenih eura. Kupite krivotvoreni novac online po sni\u017eenim cijenama. Vr\u0161imo dostavu u zemlji i inozemstvu. Sigurna, to\u010dna i diskretna dostava. Na\u0161e nov\u010danice ne podlije\u017eu carinskom pregledu jer koristimo diplomatski pe\u010dat. Maksimalno vrijeme isporuke je 3 dana. Kupite krivotvorene dolare<\/p>\n<h2 style=\"text-align: center;\">Primjena<\/h2>\n<p style=\"text-align: center;\">Sve na\u0161e nov\u010danice i nov\u010danice slu\u017ee kao sredstvo razmjene i dostupne su u supermarketima, restoranima, trgovinama mje\u0161ovitom robom, benzinskim postajama, mjenja\u010dnicama i kockarnicama. Mo\u017eete ih koristiti za kupnju ku\u0107e ili automobila iz snova. Tako\u0111er slu\u017ee kao obra\u010dunska jedinica i sredstvo pohrane vrijednosti, omogu\u0107uju\u0107i vam dugoro\u010dnu u\u0161tedu novca.<\/p>\n<h2 style=\"text-align: center;\">Cilj<\/h2>\n<p style=\"text-align: center;\">Na\u0161 glavni cilj je borba protiv siroma\u0161tva na nacionalnoj i me\u0111unarodnoj razini. \u017delimo da svatko mo\u017ee ostvariti svoje snove. Novac je tako\u0111er namijenjen olak\u0161avanju trgovine i razmjene. S obzirom na globalno siroma\u0161tvo u kojem ljudima nedostaju osnovne potrep\u0161tine poput hrane, vode i skloni\u0161ta, mo\u017eete kupiti i koristiti na\u0161 krivotvoreni novac.<\/p>\n<h2 style=\"text-align: center;\">jam\u010diti<\/h2>\n<p style=\"text-align: center;\">Sve na\u0161e nov\u010danice i nov\u010danice su nemogu\u0107ne za pra\u0107enje i ne mogu se pratiti. Klase su AA+ i vrijede dvije godine. Nakon dvije godine kvaliteta po\u010dinje opadati. Preporu\u010dujemo kori\u0161tenje novca unutar deset mjeseci od primitka. Nudimo SSD otopinu i aktivacijski pra\u0161ak za \u010di\u0161\u0107enje zaprljanih nov\u010danica.<\/p>","protected":false},"excerpt":{"rendered":"<h2 style=\"text-align: center;\">Minimalna vrijednost narud\u017ebe: 500 $ za 5000 $<\/h2>","protected":false},"featured_media":22434,"template":"","meta":[],"product_brand":[],"product_cat":[73],"product_tag":[992,985,987,997,1000,988,989,984,998,999,994,986,990,995,993,991],"class_list":{"0":"post-21920","1":"product","2":"type-product","3":"status-publish","4":"has-post-thumbnail","6":"product_cat-us-dollar","7":"product_tag-brandneue-us-dollar-zu-verkaufen","8":"product_tag-gefaelschte-us-dollar-zu-verkaufen","9":"product_tag-gefaelschte-us-dollar-zum-verkauf","10":"product_tag-gefaelschte-us-dollar-zum-verkauf-im-darkweb","11":"product_tag-gefaelschte-us-dollar-zum-verkauf-innerhalb-amerikas","12":"product_tag-gefaelschte-us-dollar-banknoten-zum-verkauf","13":"product_tag-hochwertige-us-dollar-zum-verkauf","14":"product_tag-kaufen-sie-gefaelschte-geldscheine","15":"product_tag-kaufen-sie-gefaelschte-us-dollar-auf-youtube","16":"product_tag-kaufen-sie-gefaelschte-us-dollar-im-deepweb","17":"product_tag-kaufen-sie-gefaelschte-us-dollar-online","18":"product_tag-kaufen-sie-jetzt-hochwertige-us-dollar","19":"product_tag-kaufen-sie-nicht-nachweisbare-us-dollar-online","20":"product_tag-nicht-nachvollziehbare-us-dollar-zum-verkauf","21":"product_tag-nicht-nachweisbare-us-dollar-banknoten-und-scheine-zum-verkauf","22":"product_tag-us-dollar-online-zu-verkaufen","24":"first","25":"instock","26":"taxable","27":"shipping-taxable","28":"product-type-simple"},"_links":{"self":[{"href":"https:\/\/webdarkmarketplace.com\/hr\/wp-json\/wp\/v2\/product\/21920","targetHints":{"allow":["GET"]}}],"collection":[{"href":"https:\/\/webdarkmarketplace.com\/hr\/wp-json\/wp\/v2\/product"}],"about":[{"href":"https:\/\/webdarkmarketplace.com\/hr\/wp-json\/wp\/v2\/types\/product"}],"version-history":[{"count":10,"href":"https:\/\/webdarkmarketplace.com\/hr\/wp-json\/wp\/v2\/product\/21920\/revisions"}],"predecessor-version":[{"id":22479,"href":"https:\/\/webdarkmarketplace.com\/hr\/wp-json\/wp\/v2\/product\/21920\/revisions\/22479"}],"wp:featuredmedia":[{"embeddable":true,"href":"https:\/\/webdarkmarketplace.com\/hr\/wp-json\/wp\/v2\/media\/22434"}],"wp:attachment":[{"href":"https:\/\/webdarkmarketplace.com\/hr\/wp-json\/wp\/v2\/media?parent=21920"}],"wp:term":[{"taxonomy":"product_brand","embeddable":true,"href":"https:\/\/webdarkmarketplace.com\/hr\/wp-json\/wp\/v2\/product_brand?post=21920"},{"taxonomy":"product_cat","embeddable":true,"href":"https:\/\/webdarkmarketplace.com\/hr\/wp-json\/wp\/v2\/product_cat?post=21920"},{"taxonomy":"product_tag","embeddable":true,"href":"https:\/\/webdarkmarketplace.com\/hr\/wp-json\/wp\/v2\/product_tag?post=21920"}],"curies":[{"name":"wp","href":"https:\/\/api.w.org\/{rel}","templated":true}]}}