{"id":21931,"date":"2025-04-25T11:02:18","date_gmt":"2025-04-25T11:02:18","guid":{"rendered":"https:\/\/webdarkmarketplace.com\/?post_type=product&#038;p=21931"},"modified":"2025-06-30T11:57:49","modified_gmt":"2025-06-30T11:57:49","slug":"falschgeld-kaufen","status":"publish","type":"product","link":"https:\/\/webdarkmarketplace.com\/hr\/product\/kupiti-krivotvoreni-novac-2\/","title":{"rendered":"Kupujte euro nov\u010danice"},"content":{"rendered":"<h2 style=\"text-align: center;\">Minimalna vrijednost narud\u017ebe 500 \u20ac za 5000 \u20ac<\/h2>\n<p style=\"text-align: center;\">Kupite krivotvoreni novac. Kupite krivotvoreni novac online po sni\u017eenim cijenama. Vr\u0161imo dostavu u zemlji i inozemstvu. Sigurna, to\u010dna i diskretna dostava. Na\u0161e nov\u010danice ne podlije\u017eu carinskom pregledu jer koristimo diplomatski pe\u010dat. Maksimalno vrijeme dostave je 3 dana.<\/p>\n<h2 style=\"text-align: center;\">Primjena<\/h2>\n<p style=\"text-align: center;\">Sve na\u0161e nov\u010danice i nov\u010danice slu\u017ee kao sredstvo razmjene. Mo\u017eete ih koristiti u supermarketima, restoranima, trgovinama mje\u0161ovitom robom, benzinskim postajama, mjenja\u010dnicama i kockarnicama. Mo\u017eete ih koristiti za kupnju ku\u0107e ili automobila iz snova. Tako\u0111er slu\u017ee kao obra\u010dunska jedinica i sredstvo pohrane vrijednosti, omogu\u0107uju\u0107i vam dugoro\u010dnu u\u0161tedu novca.<\/p>\n<h2 style=\"text-align: center;\">Cilj<\/h2>\n<p style=\"text-align: center;\">Na\u0161 glavni cilj je borba protiv siroma\u0161tva na nacionalnoj i me\u0111unarodnoj razini. \u017delimo da svatko mo\u017ee ostvariti svoje snove. Novac \u0107e tako\u0111er olak\u0161ati trgovinu i razmjenu. S obzirom na globalno siroma\u0161tvo u kojem ljudima nedostaju osnovne potrep\u0161tine poput hrane, vode i skloni\u0161ta, mo\u017eete kupiti i koristiti na\u0161 krivotvoreni novac.<\/p>\n<h2 style=\"text-align: center;\">jam\u010diti<\/h2>\n<p style=\"text-align: center;\">Sve na\u0161e nov\u010danice i nov\u010danice su nemogu\u0107ne za pra\u0107enje i ne mogu se pratiti. Klase su AA+ i vrijede dvije godine. Nakon dvije godine kvaliteta po\u010dinje opadati. Preporu\u010dujemo kori\u0161tenje novca unutar deset mjeseci od primitka. Nudimo SSD otopinu i aktivacijski pra\u0161ak za \u010di\u0161\u0107enje zaprljanih nov\u010danica.<\/p>","protected":false},"excerpt":{"rendered":"<h2 style=\"text-align: center;\">Minimalna vrijednost narud\u017ebe 500 \u20ac za 5000 \u20ac<\/h2>\n<ul id=\"menu-categories\" class=\"menu wd-nav wd-nav-main wd-style-default wd-gap-s wd-offsets-calculated\" style=\"text-align: center;\"><\/ul>","protected":false},"featured_media":22427,"template":"","meta":[],"product_brand":[],"product_cat":[808,71],"product_tag":[970,965,938,922,980,967,950,971,921,952,945,968,942,974,944,975,981,948,969,951,941,939,940,972,982,983,946,978,949,973,976,947,977,943,979,966],"class_list":{"0":"post-21931","1":"product","2":"type-product","3":"status-publish","4":"has-post-thumbnail","6":"product_cat-euro-banknoten","7":"product_cat-falschgeld","8":"product_tag-australische-dollar-jetzt-kaufen","9":"product_tag-ceyrek-kac-euro","10":"product_tag-echtes-falsches-geld-kaufen","11":"product_tag-echtes-falschgeld-kaufen","12":"product_tag-euro-banknoten-zu-verkaufen","13":"product_tag-falschdollar-kaufen","14":"product_tag-falschgeld-euro","15":"product_tag-falschgeld-im-darknet-kaufen","16":"product_tag-falschgeld-kaufen","17":"product_tag-falschgeld-zum-verkauf","18":"product_tag-falschgeld-zum-verkauf-innerhalb-europas","19":"product_tag-falschpfunde-verfuegbar","20":"product_tag-gefaelschte-banknoten-kaufen","21":"product_tag-gefaelschte-euro-zu-verkaufen","22":"product_tag-gefaelschte-euro-zum-verkauf","23":"product_tag-gefaelschte-eurobanknoten-zu-verkaufen","24":"product_tag-gefaelschte-euros-im-dark-web-zu-verkaufen","25":"product_tag-gefaelschte-euros-zum-verkauf","26":"product_tag-gefaelschte-kanadische-dollar-kaufen","27":"product_tag-geldfaelschung","28":"product_tag-hochwertige-euros-zum-verkauf","29":"product_tag-hochwertiges-falschgeld-kaufen","30":"product_tag-hochwertiges-falschgeld-zum-verkauf","31":"product_tag-kaufen-sie-falschgeld","32":"product_tag-kaufen-sie-gefaelschte-euros-auf-youtube","33":"product_tag-kaufen-sie-gefaelschte-euros-im-deep-web","34":"product_tag-kaufen-sie-gefaelschte-euros-in-deutschland","35":"product_tag-kaufen-sie-gefaelschte-euros-online","36":"product_tag-kaufen-sie-gefaelschte-euros-online-falschgeld-kaufen","37":"product_tag-kaufen-sie-hochwertige-euro","38":"product_tag-kaufen-sie-nicht-nachverfolgbare-euros-online","39":"product_tag-legitimer-verkaeufer-von-falschgeld-und-falschgeld","40":"product_tag-nicht-nachverfolgbare-eurobanknoten-und-scheine-zu-verkaufen","41":"product_tag-nicht-nachweisbares-falschgeld-kaufen","42":"product_tag-nicht-zurueckverfolgbare-euros-zu-verkaufen","43":"product_tag-tags-gefaelschte-euros-kaufen","45":"first","46":"instock","47":"taxable","48":"shipping-taxable","49":"product-type-simple"},"_links":{"self":[{"href":"https:\/\/webdarkmarketplace.com\/hr\/wp-json\/wp\/v2\/product\/21931","targetHints":{"allow":["GET"]}}],"collection":[{"href":"https:\/\/webdarkmarketplace.com\/hr\/wp-json\/wp\/v2\/product"}],"about":[{"href":"https:\/\/webdarkmarketplace.com\/hr\/wp-json\/wp\/v2\/types\/product"}],"version-history":[{"count":19,"href":"https:\/\/webdarkmarketplace.com\/hr\/wp-json\/wp\/v2\/product\/21931\/revisions"}],"predecessor-version":[{"id":22432,"href":"https:\/\/webdarkmarketplace.com\/hr\/wp-json\/wp\/v2\/product\/21931\/revisions\/22432"}],"wp:featuredmedia":[{"embeddable":true,"href":"https:\/\/webdarkmarketplace.com\/hr\/wp-json\/wp\/v2\/media\/22427"}],"wp:attachment":[{"href":"https:\/\/webdarkmarketplace.com\/hr\/wp-json\/wp\/v2\/media?parent=21931"}],"wp:term":[{"taxonomy":"product_brand","embeddable":true,"href":"https:\/\/webdarkmarketplace.com\/hr\/wp-json\/wp\/v2\/product_brand?post=21931"},{"taxonomy":"product_cat","embeddable":true,"href":"https:\/\/webdarkmarketplace.com\/hr\/wp-json\/wp\/v2\/product_cat?post=21931"},{"taxonomy":"product_tag","embeddable":true,"href":"https:\/\/webdarkmarketplace.com\/hr\/wp-json\/wp\/v2\/product_tag?post=21931"}],"curies":[{"name":"wp","href":"https:\/\/api.w.org\/{rel}","templated":true}]}}