{"id":22466,"date":"2025-06-20T15:40:24","date_gmt":"2025-06-20T15:40:24","guid":{"rendered":"https:\/\/webdarkmarketplace.com\/?post_type=product&#038;p=22466"},"modified":"2025-06-30T11:57:43","modified_gmt":"2025-06-30T11:57:43","slug":"counterfeit-canadian-dollars","status":"publish","type":"product","link":"https:\/\/webdarkmarketplace.com\/hr\/product\/krivotvoreni-kanadski-dolari\/","title":{"rendered":"Kanadski dolari"},"content":{"rendered":"<h2 style=\"text-align: center;\"><span style=\"vertical-align: inherit;\"><span style=\"vertical-align: inherit;\">Minimalna vrijednost narud\u017ebe: 500 CAD za 5000 CAD<\/span><\/span><\/h2>\n<p style=\"text-align: center;\"><span style=\"vertical-align: inherit;\"><span style=\"vertical-align: inherit;\">Kupujte krivotvoreni novac online po sni\u017eenim cijenama. Vr\u0161imo dostavu unutar zemlje i inozemstva. Sigurna, to\u010dna i diskretna dostava. Na\u0161e nov\u010danice ne podlije\u017eu carinskom pregledu jer koristimo diplomatski pe\u010dat. Maksimalno vrijeme dostave je 3 dana.<\/span><\/span><\/p>\n<h2 style=\"text-align: center;\"><span style=\"vertical-align: inherit;\"><span style=\"vertical-align: inherit;\">Primjena<\/span><\/span><\/h2>\n<p style=\"text-align: center;\"><span style=\"vertical-align: inherit;\"><span style=\"vertical-align: inherit;\">Sve na\u0161e nov\u010danice i nov\u010danice slu\u017ee kao sredstvo razmjene i dostupne su u supermarketima, restoranima, trgovinama mje\u0161ovitom robom, benzinskim postajama, mjenja\u010dnicama i kockarnicama. Mo\u017eete ih koristiti za kupnju ku\u0107e ili automobila iz snova. Tako\u0111er slu\u017ee kao obra\u010dunska jedinica i sredstvo pohrane vrijednosti, omogu\u0107uju\u0107i vam dugoro\u010dnu u\u0161tedu novca.<\/span><\/span><\/p>\n<h2 style=\"text-align: center;\"><span style=\"vertical-align: inherit;\"><span style=\"vertical-align: inherit;\">cilj<\/span><\/span><\/h2>\n<p style=\"text-align: center;\"><span style=\"vertical-align: inherit;\"><span style=\"vertical-align: inherit;\">Na\u0161 glavni cilj je borba protiv siroma\u0161tva na nacionalnoj i me\u0111unarodnoj razini. \u017delimo da svatko mo\u017ee ostvariti svoje snove. Novac je tako\u0111er namijenjen olak\u0161avanju trgovine i razmjene. S obzirom na globalno siroma\u0161tvo u kojem ljudima nedostaju osnovne potrep\u0161tine poput hrane, vode i skloni\u0161ta, mo\u017eete kupiti i koristiti na\u0161 krivotvoreni novac.<\/span><\/span><\/p>\n<h2 style=\"text-align: center;\"><span style=\"vertical-align: inherit;\"><span style=\"vertical-align: inherit;\">jam\u010diti<\/span><\/span><\/h2>\n<p style=\"text-align: center;\"><span style=\"vertical-align: inherit;\"><span style=\"vertical-align: inherit;\">Sve na\u0161e nov\u010danice i nov\u010danice su nemogu\u0107ne za pra\u0107enje i ne mogu se pratiti. Klase su AA+ i vrijede dvije godine. Nakon dvije godine kvaliteta po\u010dinje opadati. Preporu\u010dujemo kori\u0161tenje novca unutar deset mjeseci od primitka. Nudimo SSD otopinu i aktivacijski pra\u0161ak za \u010di\u0161\u0107enje zaprljanih nov\u010danica.<\/span><\/span><\/p>","protected":false},"excerpt":{"rendered":"<p>Minimalna vrijednost narud\u017ebe: 500 CAD za 5000 CAD Kupite krivotvoreni novac online po sni\u017eenim cijenama. Vr\u0161imo dostavu u zemlji i inozemstvu.<\/p>","protected":false},"featured_media":22469,"template":"","meta":[],"product_brand":[],"product_cat":[836],"product_tag":[970,1015,967,971,921,968,942,1001,969,1014],"class_list":{"0":"post-22466","1":"product","2":"type-product","3":"status-publish","4":"has-post-thumbnail","6":"product_cat-kanadische-dollar","7":"product_tag-australische-dollar-jetzt-kaufen","8":"product_tag-counterfeit-canadian-dollars","9":"product_tag-falschdollar-kaufen","10":"product_tag-falschgeld-im-darknet-kaufen","11":"product_tag-falschgeld-kaufen","12":"product_tag-falschpfunde-verfuegbar","13":"product_tag-gefaelschte-banknoten-kaufen","14":"product_tag-gefaelschte-euros-kaufen","15":"product_tag-gefaelschte-kanadische-dollar-kaufen","16":"product_tag-kanadische-dollar","18":"first","19":"instock","20":"taxable","21":"shipping-taxable","22":"product-type-simple"},"_links":{"self":[{"href":"https:\/\/webdarkmarketplace.com\/hr\/wp-json\/wp\/v2\/product\/22466","targetHints":{"allow":["GET"]}}],"collection":[{"href":"https:\/\/webdarkmarketplace.com\/hr\/wp-json\/wp\/v2\/product"}],"about":[{"href":"https:\/\/webdarkmarketplace.com\/hr\/wp-json\/wp\/v2\/types\/product"}],"version-history":[{"count":3,"href":"https:\/\/webdarkmarketplace.com\/hr\/wp-json\/wp\/v2\/product\/22466\/revisions"}],"predecessor-version":[{"id":22472,"href":"https:\/\/webdarkmarketplace.com\/hr\/wp-json\/wp\/v2\/product\/22466\/revisions\/22472"}],"wp:featuredmedia":[{"embeddable":true,"href":"https:\/\/webdarkmarketplace.com\/hr\/wp-json\/wp\/v2\/media\/22469"}],"wp:attachment":[{"href":"https:\/\/webdarkmarketplace.com\/hr\/wp-json\/wp\/v2\/media?parent=22466"}],"wp:term":[{"taxonomy":"product_brand","embeddable":true,"href":"https:\/\/webdarkmarketplace.com\/hr\/wp-json\/wp\/v2\/product_brand?post=22466"},{"taxonomy":"product_cat","embeddable":true,"href":"https:\/\/webdarkmarketplace.com\/hr\/wp-json\/wp\/v2\/product_cat?post=22466"},{"taxonomy":"product_tag","embeddable":true,"href":"https:\/\/webdarkmarketplace.com\/hr\/wp-json\/wp\/v2\/product_tag?post=22466"}],"curies":[{"name":"wp","href":"https:\/\/api.w.org\/{rel}","templated":true}]}}