{"id":21780,"date":"2025-04-25T11:01:25","date_gmt":"2025-04-25T11:01:25","guid":{"rendered":"https:\/\/webdarkmarketplace.com\/?post_type=product&#038;p=21780"},"modified":"2025-06-30T11:57:55","modified_gmt":"2025-06-30T11:57:55","slug":"australian-50-dollar-note-counterfeit","status":"publish","type":"product","link":"https:\/\/webdarkmarketplace.com\/it\/product\/acquista-banconote-false-in-dollari-canadesi\/","title":{"rendered":"dollari australiani"},"content":{"rendered":"<h2 style=\"text-align: center;\">Valore minimo dell&#039;ordine: 500 AUD per 5000 AUD<\/h2>\n<p style=\"text-align: center;\">Banconota australiana da 50 dollari contraffatta. Acquista denaro contraffatto online a tariffe scontate. Spediamo in tutto il paese e all&#039;estero. Consegna sicura, puntuale e discreta. Le nostre banconote non sono soggette a controlli doganali perch\u00e9 utilizziamo il sigillo diplomatico. Il tempo massimo di consegna \u00e8 di 3 giorni.<\/p>\n<h2 style=\"text-align: center;\">Applicazione<\/h2>\n<p style=\"text-align: center;\">Tutte le nostre banconote e banconote servono come mezzo di scambio e sono disponibili presso supermercati, ristoranti, negozi di alimentari, stazioni di servizio, uffici di cambio e casin\u00f2. Puoi usarle per acquistare la casa o l&#039;auto dei tuoi sogni. Servono anche come unit\u00e0 di conto e riserva di valore, permettendoti di risparmiare denaro a lungo termine.<\/p>\n<h2 style=\"text-align: center;\">Obiettivo<\/h2>\n<p style=\"text-align: center;\">Il nostro obiettivo principale \u00e8 combattere la povert\u00e0 a livello nazionale e internazionale. Vogliamo che tutti possano realizzare i propri sogni. Il denaro \u00e8 anche destinato a facilitare il commercio e gli scambi. Data la povert\u00e0 globale, che priva le persone di beni essenziali come cibo, acqua e alloggio, \u00e8 possibile acquistare e utilizzare il nostro denaro contraffatto.<\/p>\n<h2 style=\"text-align: center;\">garanzia<\/h2>\n<p style=\"text-align: center;\">Tutte le nostre banconote e banconote sono irrintracciabili e non rintracciabili. Sono di grado AA+ e valide per due anni. Dopo due anni, la qualit\u00e0 inizia a deteriorarsi. Consigliamo di utilizzare il denaro entro dieci mesi dalla ricezione. Offriamo una soluzione SSD e polvere attivante per la pulizia delle banconote sporche.<\/p>","protected":false},"excerpt":{"rendered":"<h2 style=\"text-align: center;\">Valore minimo dell&#039;ordine: 500 AUD per 5000 AUD<\/h2>","protected":false},"featured_media":22464,"template":"","meta":[],"product_brand":[],"product_cat":[298],"product_tag":[970,967,971,921,968,942,1001,969],"class_list":{"0":"post-21780","1":"product","2":"type-product","3":"status-publish","4":"has-post-thumbnail","6":"product_cat-australische-dollar","7":"product_tag-australische-dollar-jetzt-kaufen","8":"product_tag-falschdollar-kaufen","9":"product_tag-falschgeld-im-darknet-kaufen","10":"product_tag-falschgeld-kaufen","11":"product_tag-falschpfunde-verfuegbar","12":"product_tag-gefaelschte-banknoten-kaufen","13":"product_tag-gefaelschte-euros-kaufen","14":"product_tag-gefaelschte-kanadische-dollar-kaufen","16":"first","17":"instock","18":"taxable","19":"shipping-taxable","20":"product-type-simple"},"_links":{"self":[{"href":"https:\/\/webdarkmarketplace.com\/it\/wp-json\/wp\/v2\/product\/21780","targetHints":{"allow":["GET"]}}],"collection":[{"href":"https:\/\/webdarkmarketplace.com\/it\/wp-json\/wp\/v2\/product"}],"about":[{"href":"https:\/\/webdarkmarketplace.com\/it\/wp-json\/wp\/v2\/types\/product"}],"version-history":[{"count":8,"href":"https:\/\/webdarkmarketplace.com\/it\/wp-json\/wp\/v2\/product\/21780\/revisions"}],"predecessor-version":[{"id":22465,"href":"https:\/\/webdarkmarketplace.com\/it\/wp-json\/wp\/v2\/product\/21780\/revisions\/22465"}],"wp:featuredmedia":[{"embeddable":true,"href":"https:\/\/webdarkmarketplace.com\/it\/wp-json\/wp\/v2\/media\/22464"}],"wp:attachment":[{"href":"https:\/\/webdarkmarketplace.com\/it\/wp-json\/wp\/v2\/media?parent=21780"}],"wp:term":[{"taxonomy":"product_brand","embeddable":true,"href":"https:\/\/webdarkmarketplace.com\/it\/wp-json\/wp\/v2\/product_brand?post=21780"},{"taxonomy":"product_cat","embeddable":true,"href":"https:\/\/webdarkmarketplace.com\/it\/wp-json\/wp\/v2\/product_cat?post=21780"},{"taxonomy":"product_tag","embeddable":true,"href":"https:\/\/webdarkmarketplace.com\/it\/wp-json\/wp\/v2\/product_tag?post=21780"}],"curies":[{"name":"wp","href":"https:\/\/api.w.org\/{rel}","templated":true}]}}