{"id":21920,"date":"2025-04-25T11:02:17","date_gmt":"2025-04-25T11:02:17","guid":{"rendered":"https:\/\/webdarkmarketplace.com\/?post_type=product&#038;p=21920"},"modified":"2025-06-30T11:57:51","modified_gmt":"2025-06-30T11:57:51","slug":"buy-counterfeit-dollars","status":"publish","type":"product","link":"https:\/\/webdarkmarketplace.com\/it\/product\/acquistare-banconote-false-in-dollari-americani-online\/","title":{"rendered":"Acquista online banconote false in dollari USA"},"content":{"rendered":"<h2 style=\"text-align: center;\">Valore minimo dell&#039;ordine: 500 $ per 5000 $<\/h2>\n<p style=\"text-align: center;\">\u00a0Vendita di euro falsi. Acquista denaro falso online a prezzi scontati. Spediamo in tutto il paese e all&#039;estero. Consegna sicura, puntuale e discreta. Le nostre banconote non sono soggette a controlli doganali perch\u00e9 utilizziamo il sigillo diplomatico. Il tempo massimo di consegna \u00e8 di 3 giorni. Acquista dollari falsi.<\/p>\n<h2 style=\"text-align: center;\">Applicazione<\/h2>\n<p style=\"text-align: center;\">Tutte le nostre banconote e banconote servono come mezzo di scambio e sono disponibili presso supermercati, ristoranti, negozi di alimentari, stazioni di servizio, uffici di cambio e casin\u00f2. Puoi usarle per acquistare la casa o l&#039;auto dei tuoi sogni. Servono anche come unit\u00e0 di conto e riserva di valore, permettendoti di risparmiare denaro a lungo termine.<\/p>\n<h2 style=\"text-align: center;\">Obiettivo<\/h2>\n<p style=\"text-align: center;\">Il nostro obiettivo principale \u00e8 combattere la povert\u00e0 a livello nazionale e internazionale. Vogliamo che tutti possano realizzare i propri sogni. Il denaro \u00e8 anche destinato a facilitare il commercio e gli scambi. Data la povert\u00e0 globale, che priva le persone di beni essenziali come cibo, acqua e alloggio, \u00e8 possibile acquistare e utilizzare il nostro denaro contraffatto.<\/p>\n<h2 style=\"text-align: center;\">garanzia<\/h2>\n<p style=\"text-align: center;\">Tutte le nostre banconote e banconote sono irrintracciabili e non rintracciabili. Sono di grado AA+ e valide per due anni. Dopo due anni, la qualit\u00e0 inizia a deteriorarsi. Consigliamo di utilizzare il denaro entro dieci mesi dalla ricezione. Offriamo una soluzione SSD e polvere attivante per la pulizia delle banconote sporche.<\/p>","protected":false},"excerpt":{"rendered":"<h2 style=\"text-align: center;\">Valore minimo dell&#039;ordine: 500 $ per 5000 $<\/h2>","protected":false},"featured_media":22434,"template":"","meta":[],"product_brand":[],"product_cat":[73],"product_tag":[992,985,987,997,1000,988,989,984,998,999,994,986,990,995,993,991],"class_list":{"0":"post-21920","1":"product","2":"type-product","3":"status-publish","4":"has-post-thumbnail","6":"product_cat-us-dollar","7":"product_tag-brandneue-us-dollar-zu-verkaufen","8":"product_tag-gefaelschte-us-dollar-zu-verkaufen","9":"product_tag-gefaelschte-us-dollar-zum-verkauf","10":"product_tag-gefaelschte-us-dollar-zum-verkauf-im-darkweb","11":"product_tag-gefaelschte-us-dollar-zum-verkauf-innerhalb-amerikas","12":"product_tag-gefaelschte-us-dollar-banknoten-zum-verkauf","13":"product_tag-hochwertige-us-dollar-zum-verkauf","14":"product_tag-kaufen-sie-gefaelschte-geldscheine","15":"product_tag-kaufen-sie-gefaelschte-us-dollar-auf-youtube","16":"product_tag-kaufen-sie-gefaelschte-us-dollar-im-deepweb","17":"product_tag-kaufen-sie-gefaelschte-us-dollar-online","18":"product_tag-kaufen-sie-jetzt-hochwertige-us-dollar","19":"product_tag-kaufen-sie-nicht-nachweisbare-us-dollar-online","20":"product_tag-nicht-nachvollziehbare-us-dollar-zum-verkauf","21":"product_tag-nicht-nachweisbare-us-dollar-banknoten-und-scheine-zum-verkauf","22":"product_tag-us-dollar-online-zu-verkaufen","24":"first","25":"instock","26":"taxable","27":"shipping-taxable","28":"product-type-simple"},"_links":{"self":[{"href":"https:\/\/webdarkmarketplace.com\/it\/wp-json\/wp\/v2\/product\/21920","targetHints":{"allow":["GET"]}}],"collection":[{"href":"https:\/\/webdarkmarketplace.com\/it\/wp-json\/wp\/v2\/product"}],"about":[{"href":"https:\/\/webdarkmarketplace.com\/it\/wp-json\/wp\/v2\/types\/product"}],"version-history":[{"count":10,"href":"https:\/\/webdarkmarketplace.com\/it\/wp-json\/wp\/v2\/product\/21920\/revisions"}],"predecessor-version":[{"id":22479,"href":"https:\/\/webdarkmarketplace.com\/it\/wp-json\/wp\/v2\/product\/21920\/revisions\/22479"}],"wp:featuredmedia":[{"embeddable":true,"href":"https:\/\/webdarkmarketplace.com\/it\/wp-json\/wp\/v2\/media\/22434"}],"wp:attachment":[{"href":"https:\/\/webdarkmarketplace.com\/it\/wp-json\/wp\/v2\/media?parent=21920"}],"wp:term":[{"taxonomy":"product_brand","embeddable":true,"href":"https:\/\/webdarkmarketplace.com\/it\/wp-json\/wp\/v2\/product_brand?post=21920"},{"taxonomy":"product_cat","embeddable":true,"href":"https:\/\/webdarkmarketplace.com\/it\/wp-json\/wp\/v2\/product_cat?post=21920"},{"taxonomy":"product_tag","embeddable":true,"href":"https:\/\/webdarkmarketplace.com\/it\/wp-json\/wp\/v2\/product_tag?post=21920"}],"curies":[{"name":"wp","href":"https:\/\/api.w.org\/{rel}","templated":true}]}}