{"id":22466,"date":"2025-06-20T15:40:24","date_gmt":"2025-06-20T15:40:24","guid":{"rendered":"https:\/\/webdarkmarketplace.com\/?post_type=product&#038;p=22466"},"modified":"2025-06-30T11:57:43","modified_gmt":"2025-06-30T11:57:43","slug":"counterfeit-canadian-dollars","status":"publish","type":"product","link":"https:\/\/webdarkmarketplace.com\/it\/product\/dollari-canadesi-falsi\/","title":{"rendered":"dollari canadesi"},"content":{"rendered":"<h2 style=\"text-align: center;\"><span style=\"vertical-align: inherit;\"><span style=\"vertical-align: inherit;\">Valore minimo dell&#039;ordine: 500 CAD per 5000 CAD<\/span><\/span><\/h2>\n<p style=\"text-align: center;\"><span style=\"vertical-align: inherit;\"><span style=\"vertical-align: inherit;\">Acquista denaro falso online a prezzi scontati. Spediamo in tutto il paese e all&#039;estero. Consegna sicura, puntuale e discreta. Le nostre banconote non sono soggette a controlli doganali perch\u00e9 utilizziamo il sigillo diplomatico. Il tempo massimo di consegna \u00e8 di 3 giorni.<\/span><\/span><\/p>\n<h2 style=\"text-align: center;\"><span style=\"vertical-align: inherit;\"><span style=\"vertical-align: inherit;\">Applicazione<\/span><\/span><\/h2>\n<p style=\"text-align: center;\"><span style=\"vertical-align: inherit;\"><span style=\"vertical-align: inherit;\">Tutte le nostre banconote e banconote servono come mezzo di scambio e sono disponibili presso supermercati, ristoranti, negozi di alimentari, stazioni di servizio, uffici di cambio e casin\u00f2. Puoi usarle per acquistare la casa o l&#039;auto dei tuoi sogni. Servono anche come unit\u00e0 di conto e riserva di valore, permettendoti di risparmiare denaro a lungo termine.<\/span><\/span><\/p>\n<h2 style=\"text-align: center;\"><span style=\"vertical-align: inherit;\"><span style=\"vertical-align: inherit;\">obiettivo<\/span><\/span><\/h2>\n<p style=\"text-align: center;\"><span style=\"vertical-align: inherit;\"><span style=\"vertical-align: inherit;\">Il nostro obiettivo principale \u00e8 combattere la povert\u00e0 a livello nazionale e internazionale. Vogliamo che tutti possano realizzare i propri sogni. Il denaro \u00e8 anche destinato a facilitare il commercio e gli scambi. Data la povert\u00e0 globale, che priva le persone di beni essenziali come cibo, acqua e alloggio, \u00e8 possibile acquistare e utilizzare il nostro denaro contraffatto.<\/span><\/span><\/p>\n<h2 style=\"text-align: center;\"><span style=\"vertical-align: inherit;\"><span style=\"vertical-align: inherit;\">garanzia<\/span><\/span><\/h2>\n<p style=\"text-align: center;\"><span style=\"vertical-align: inherit;\"><span style=\"vertical-align: inherit;\">Tutte le nostre banconote e banconote sono irrintracciabili e non rintracciabili. Sono di grado AA+ e valide per due anni. Dopo due anni, la qualit\u00e0 inizia a deteriorarsi. Consigliamo di utilizzare il denaro entro dieci mesi dalla ricezione. Offriamo una soluzione SSD e polvere attivante per la pulizia delle banconote sporche.<\/span><\/span><\/p>","protected":false},"excerpt":{"rendered":"<p>Ordine minimo: 500 CAD per 5000 CAD. Acquista denaro contraffatto online a prezzi scontati. Spediamo in tutto il paese e all&#039;estero.<\/p>","protected":false},"featured_media":22469,"template":"","meta":[],"product_brand":[],"product_cat":[836],"product_tag":[970,1015,967,971,921,968,942,1001,969,1014],"class_list":{"0":"post-22466","1":"product","2":"type-product","3":"status-publish","4":"has-post-thumbnail","6":"product_cat-kanadische-dollar","7":"product_tag-australische-dollar-jetzt-kaufen","8":"product_tag-counterfeit-canadian-dollars","9":"product_tag-falschdollar-kaufen","10":"product_tag-falschgeld-im-darknet-kaufen","11":"product_tag-falschgeld-kaufen","12":"product_tag-falschpfunde-verfuegbar","13":"product_tag-gefaelschte-banknoten-kaufen","14":"product_tag-gefaelschte-euros-kaufen","15":"product_tag-gefaelschte-kanadische-dollar-kaufen","16":"product_tag-kanadische-dollar","18":"first","19":"instock","20":"taxable","21":"shipping-taxable","22":"product-type-simple"},"_links":{"self":[{"href":"https:\/\/webdarkmarketplace.com\/it\/wp-json\/wp\/v2\/product\/22466","targetHints":{"allow":["GET"]}}],"collection":[{"href":"https:\/\/webdarkmarketplace.com\/it\/wp-json\/wp\/v2\/product"}],"about":[{"href":"https:\/\/webdarkmarketplace.com\/it\/wp-json\/wp\/v2\/types\/product"}],"version-history":[{"count":3,"href":"https:\/\/webdarkmarketplace.com\/it\/wp-json\/wp\/v2\/product\/22466\/revisions"}],"predecessor-version":[{"id":22472,"href":"https:\/\/webdarkmarketplace.com\/it\/wp-json\/wp\/v2\/product\/22466\/revisions\/22472"}],"wp:featuredmedia":[{"embeddable":true,"href":"https:\/\/webdarkmarketplace.com\/it\/wp-json\/wp\/v2\/media\/22469"}],"wp:attachment":[{"href":"https:\/\/webdarkmarketplace.com\/it\/wp-json\/wp\/v2\/media?parent=22466"}],"wp:term":[{"taxonomy":"product_brand","embeddable":true,"href":"https:\/\/webdarkmarketplace.com\/it\/wp-json\/wp\/v2\/product_brand?post=22466"},{"taxonomy":"product_cat","embeddable":true,"href":"https:\/\/webdarkmarketplace.com\/it\/wp-json\/wp\/v2\/product_cat?post=22466"},{"taxonomy":"product_tag","embeddable":true,"href":"https:\/\/webdarkmarketplace.com\/it\/wp-json\/wp\/v2\/product_tag?post=22466"}],"curies":[{"name":"wp","href":"https:\/\/api.w.org\/{rel}","templated":true}]}}