{"id":21920,"date":"2025-04-25T11:02:17","date_gmt":"2025-04-25T11:02:17","guid":{"rendered":"https:\/\/webdarkmarketplace.com\/?post_type=product&#038;p=21920"},"modified":"2025-06-30T11:57:51","modified_gmt":"2025-06-30T11:57:51","slug":"buy-counterfeit-dollars","status":"publish","type":"product","link":"https:\/\/webdarkmarketplace.com\/ko\/product\/buy-counterfeit-dollars\/","title":{"rendered":"Kaufen Sie gef\u00e4lschte US-Dollar-Banknoten online"},"content":{"rendered":"<h2 style=\"text-align: center;\">Mindestbestellwert: 500 $ f\u00fcr 5000 $<\/h2>\n<p style=\"text-align: center;\">\u00a0gef\u00e4lschte Euro zum Verkauf, Kaufen Sie Falschgeld online zu erm\u00e4\u00dfigten Konditionen. Wir versenden national und international. Sichere, p\u00fcnktliche und diskrete Lieferung. Unsere Banknoten werden nicht zollkontrolliert, da wir das Diplomatensiegel verwenden. Die maximale Lieferzeit betr\u00e4gt 3 Tage. buy counterfeit dollars<\/p>\n<h2 style=\"text-align: center;\">Anwendung<\/h2>\n<p style=\"text-align: center;\">Alle unsere Banknoten und Scheine dienen als Tauschmittel und sind in Superm\u00e4rkten, Restaurants, Lebensmittelgesch\u00e4ften, Tankstellen, Wechselstuben und Casinos erh\u00e4ltlich. Sie k\u00f6nnen damit Ihr Traumhaus oder Auto kaufen. Sie dienen auch als Rechnungseinheit und Wertaufbewahrungsmittel, sodass Sie das Geld langfristig sparen k\u00f6nnen.<\/p>\n<h2 style=\"text-align: center;\">Ziel<\/h2>\n<p style=\"text-align: center;\">Unser Hauptziel ist die Armutsbek\u00e4mpfung auf nationaler und internationaler Ebene. Wir m\u00f6chten, dass jeder seine Tr\u00e4ume verwirklichen kann. Das Geld soll zudem Handel und Tausch erleichtern. Angesichts der weltweiten Armut, in der es den Menschen an lebensnotwendigen Dingen wie Nahrung, Wasser und Obdach mangelt, k\u00f6nnen Sie unser Falschgeld kaufen und verwenden.<\/p>\n<h2 style=\"text-align: center;\">Garantie<\/h2>\n<p style=\"text-align: center;\">Alle unsere Banknoten und Scheine sind nicht nachweisbar und nicht zur\u00fcckverfolgbar. Sie entsprechen der G\u00fcteklasse AA+ und haben eine G\u00fcltigkeit von zwei Jahren. Nach zwei Jahren beginnt die Qualit\u00e4t nachzulassen. Es wird empfohlen, das Geld innerhalb von zehn Monaten nach Erhalt zu verwenden. Wir bieten SSD-L\u00f6sung und Aktivierungspulver zur Reinigung verschmutzter Banknoten an.<\/p>","protected":false},"excerpt":{"rendered":"<h2 style=\"text-align: center;\">Mindestbestellwert: 500 $ f\u00fcr 5000 $<\/h2>","protected":false},"featured_media":22434,"template":"","meta":[],"product_brand":[],"product_cat":[73],"product_tag":[992,985,987,997,1000,988,989,984,998,999,994,986,990,995,993,991],"class_list":{"0":"post-21920","1":"product","2":"type-product","3":"status-publish","4":"has-post-thumbnail","6":"product_cat-us-dollar","7":"product_tag-brandneue-us-dollar-zu-verkaufen","8":"product_tag-gefaelschte-us-dollar-zu-verkaufen","9":"product_tag-gefaelschte-us-dollar-zum-verkauf","10":"product_tag-gefaelschte-us-dollar-zum-verkauf-im-darkweb","11":"product_tag-gefaelschte-us-dollar-zum-verkauf-innerhalb-amerikas","12":"product_tag-gefaelschte-us-dollar-banknoten-zum-verkauf","13":"product_tag-hochwertige-us-dollar-zum-verkauf","14":"product_tag-kaufen-sie-gefaelschte-geldscheine","15":"product_tag-kaufen-sie-gefaelschte-us-dollar-auf-youtube","16":"product_tag-kaufen-sie-gefaelschte-us-dollar-im-deepweb","17":"product_tag-kaufen-sie-gefaelschte-us-dollar-online","18":"product_tag-kaufen-sie-jetzt-hochwertige-us-dollar","19":"product_tag-kaufen-sie-nicht-nachweisbare-us-dollar-online","20":"product_tag-nicht-nachvollziehbare-us-dollar-zum-verkauf","21":"product_tag-nicht-nachweisbare-us-dollar-banknoten-und-scheine-zum-verkauf","22":"product_tag-us-dollar-online-zu-verkaufen","24":"first","25":"instock","26":"taxable","27":"shipping-taxable","28":"product-type-simple"},"_links":{"self":[{"href":"https:\/\/webdarkmarketplace.com\/ko\/wp-json\/wp\/v2\/product\/21920","targetHints":{"allow":["GET"]}}],"collection":[{"href":"https:\/\/webdarkmarketplace.com\/ko\/wp-json\/wp\/v2\/product"}],"about":[{"href":"https:\/\/webdarkmarketplace.com\/ko\/wp-json\/wp\/v2\/types\/product"}],"version-history":[{"count":10,"href":"https:\/\/webdarkmarketplace.com\/ko\/wp-json\/wp\/v2\/product\/21920\/revisions"}],"predecessor-version":[{"id":22479,"href":"https:\/\/webdarkmarketplace.com\/ko\/wp-json\/wp\/v2\/product\/21920\/revisions\/22479"}],"wp:featuredmedia":[{"embeddable":true,"href":"https:\/\/webdarkmarketplace.com\/ko\/wp-json\/wp\/v2\/media\/22434"}],"wp:attachment":[{"href":"https:\/\/webdarkmarketplace.com\/ko\/wp-json\/wp\/v2\/media?parent=21920"}],"wp:term":[{"taxonomy":"product_brand","embeddable":true,"href":"https:\/\/webdarkmarketplace.com\/ko\/wp-json\/wp\/v2\/product_brand?post=21920"},{"taxonomy":"product_cat","embeddable":true,"href":"https:\/\/webdarkmarketplace.com\/ko\/wp-json\/wp\/v2\/product_cat?post=21920"},{"taxonomy":"product_tag","embeddable":true,"href":"https:\/\/webdarkmarketplace.com\/ko\/wp-json\/wp\/v2\/product_tag?post=21920"}],"curies":[{"name":"wp","href":"https:\/\/api.w.org\/{rel}","templated":true}]}}