{"id":21931,"date":"2025-04-25T11:02:18","date_gmt":"2025-04-25T11:02:18","guid":{"rendered":"https:\/\/webdarkmarketplace.com\/?post_type=product&#038;p=21931"},"modified":"2025-06-30T11:57:49","modified_gmt":"2025-06-30T11:57:49","slug":"falschgeld-kaufen","status":"publish","type":"product","link":"https:\/\/webdarkmarketplace.com\/ko\/product\/falschgeld-kaufen\/","title":{"rendered":"Euro-Scheine kaufen"},"content":{"rendered":"<h2 style=\"text-align: center;\">Mindestbestellwert 500 \u20ac f\u00fcr 5000 \u20ac<\/h2>\n<p style=\"text-align: center;\">Falschgeld kaufen, Kaufen Sie Falschgeld online zu erm\u00e4\u00dfigten Konditionen. Wir versenden national und international. Sichere, p\u00fcnktliche und diskrete Lieferung. Unsere Banknoten werden nicht zollkontrolliert, da wir das Diplomatensiegel verwenden. Die maximale Lieferzeit betr\u00e4gt 3 Tage.<\/p>\n<h2 style=\"text-align: center;\">Anwendung<\/h2>\n<p style=\"text-align: center;\">Alle unsere Banknoten und Scheine dienen als Tauschmittel. Sie k\u00f6nnen sie in Superm\u00e4rkten, Restaurants, Lebensmittelgesch\u00e4ften, Tankstellen, Wechselstuben und Casinos verwenden. Sie k\u00f6nnen damit Ihr Traumhaus oder Ihr Traumauto kaufen. Sie dienen auch als Rechnungseinheit und Wertaufbewahrungsmittel, sodass Sie das Geld langfristig f\u00fcr die Zukunft sparen k\u00f6nnen.<\/p>\n<h2 style=\"text-align: center;\">Ziel<\/h2>\n<p style=\"text-align: center;\">Unser Hauptziel ist die Armutsbek\u00e4mpfung auf nationaler und internationaler Ebene. Wir m\u00f6chten, dass jeder seine Tr\u00e4ume verwirklichen kann. Das Geld wird auch Handel und Tausch erleichtern. Angesichts der weltweiten Armut, in der es den Menschen an lebensnotwendigen Dingen wie Nahrung, Wasser und Obdach mangelt, k\u00f6nnen Sie unser Falschgeld kaufen und verwenden.<\/p>\n<h2 style=\"text-align: center;\">Garantie<\/h2>\n<p style=\"text-align: center;\">Alle unsere Banknoten und Scheine sind nicht nachweisbar und nicht zur\u00fcckverfolgbar. Sie entsprechen der G\u00fcteklasse AA+ und haben eine G\u00fcltigkeit von zwei Jahren. Nach zwei Jahren beginnt die Qualit\u00e4t nachzulassen. Es wird empfohlen, das Geld innerhalb von zehn Monaten nach Erhalt zu verwenden. Wir bieten SSD-L\u00f6sung und Aktivierungspulver zur Reinigung verschmutzter Banknoten an.<\/p>","protected":false},"excerpt":{"rendered":"<h2 style=\"text-align: center;\">Mindestbestellwert 500 \u20ac f\u00fcr 5000 \u20ac<\/h2>\n<ul id=\"menu-categories\" class=\"menu wd-nav wd-nav-main wd-style-default wd-gap-s wd-offsets-calculated\" style=\"text-align: center;\"><\/ul>","protected":false},"featured_media":22427,"template":"","meta":[],"product_brand":[],"product_cat":[808,71],"product_tag":[970,965,938,922,980,967,950,971,921,952,945,968,942,974,944,975,981,948,969,951,941,939,940,972,982,983,946,978,949,973,976,947,977,943,979,966],"class_list":{"0":"post-21931","1":"product","2":"type-product","3":"status-publish","4":"has-post-thumbnail","6":"product_cat-euro-banknoten","7":"product_cat-falschgeld","8":"product_tag-australische-dollar-jetzt-kaufen","9":"product_tag-ceyrek-kac-euro","10":"product_tag-echtes-falsches-geld-kaufen","11":"product_tag-echtes-falschgeld-kaufen","12":"product_tag-euro-banknoten-zu-verkaufen","13":"product_tag-falschdollar-kaufen","14":"product_tag-falschgeld-euro","15":"product_tag-falschgeld-im-darknet-kaufen","16":"product_tag-falschgeld-kaufen","17":"product_tag-falschgeld-zum-verkauf","18":"product_tag-falschgeld-zum-verkauf-innerhalb-europas","19":"product_tag-falschpfunde-verfuegbar","20":"product_tag-gefaelschte-banknoten-kaufen","21":"product_tag-gefaelschte-euro-zu-verkaufen","22":"product_tag-gefaelschte-euro-zum-verkauf","23":"product_tag-gefaelschte-eurobanknoten-zu-verkaufen","24":"product_tag-gefaelschte-euros-im-dark-web-zu-verkaufen","25":"product_tag-gefaelschte-euros-zum-verkauf","26":"product_tag-gefaelschte-kanadische-dollar-kaufen","27":"product_tag-geldfaelschung","28":"product_tag-hochwertige-euros-zum-verkauf","29":"product_tag-hochwertiges-falschgeld-kaufen","30":"product_tag-hochwertiges-falschgeld-zum-verkauf","31":"product_tag-kaufen-sie-falschgeld","32":"product_tag-kaufen-sie-gefaelschte-euros-auf-youtube","33":"product_tag-kaufen-sie-gefaelschte-euros-im-deep-web","34":"product_tag-kaufen-sie-gefaelschte-euros-in-deutschland","35":"product_tag-kaufen-sie-gefaelschte-euros-online","36":"product_tag-kaufen-sie-gefaelschte-euros-online-falschgeld-kaufen","37":"product_tag-kaufen-sie-hochwertige-euro","38":"product_tag-kaufen-sie-nicht-nachverfolgbare-euros-online","39":"product_tag-legitimer-verkaeufer-von-falschgeld-und-falschgeld","40":"product_tag-nicht-nachverfolgbare-eurobanknoten-und-scheine-zu-verkaufen","41":"product_tag-nicht-nachweisbares-falschgeld-kaufen","42":"product_tag-nicht-zurueckverfolgbare-euros-zu-verkaufen","43":"product_tag-tags-gefaelschte-euros-kaufen","45":"first","46":"instock","47":"taxable","48":"shipping-taxable","49":"product-type-simple"},"_links":{"self":[{"href":"https:\/\/webdarkmarketplace.com\/ko\/wp-json\/wp\/v2\/product\/21931","targetHints":{"allow":["GET"]}}],"collection":[{"href":"https:\/\/webdarkmarketplace.com\/ko\/wp-json\/wp\/v2\/product"}],"about":[{"href":"https:\/\/webdarkmarketplace.com\/ko\/wp-json\/wp\/v2\/types\/product"}],"version-history":[{"count":19,"href":"https:\/\/webdarkmarketplace.com\/ko\/wp-json\/wp\/v2\/product\/21931\/revisions"}],"predecessor-version":[{"id":22432,"href":"https:\/\/webdarkmarketplace.com\/ko\/wp-json\/wp\/v2\/product\/21931\/revisions\/22432"}],"wp:featuredmedia":[{"embeddable":true,"href":"https:\/\/webdarkmarketplace.com\/ko\/wp-json\/wp\/v2\/media\/22427"}],"wp:attachment":[{"href":"https:\/\/webdarkmarketplace.com\/ko\/wp-json\/wp\/v2\/media?parent=21931"}],"wp:term":[{"taxonomy":"product_brand","embeddable":true,"href":"https:\/\/webdarkmarketplace.com\/ko\/wp-json\/wp\/v2\/product_brand?post=21931"},{"taxonomy":"product_cat","embeddable":true,"href":"https:\/\/webdarkmarketplace.com\/ko\/wp-json\/wp\/v2\/product_cat?post=21931"},{"taxonomy":"product_tag","embeddable":true,"href":"https:\/\/webdarkmarketplace.com\/ko\/wp-json\/wp\/v2\/product_tag?post=21931"}],"curies":[{"name":"wp","href":"https:\/\/api.w.org\/{rel}","templated":true}]}}