{"id":21780,"date":"2025-04-25T11:01:25","date_gmt":"2025-04-25T11:01:25","guid":{"rendered":"https:\/\/webdarkmarketplace.com\/?post_type=product&#038;p=21780"},"modified":"2025-06-30T11:57:55","modified_gmt":"2025-06-30T11:57:55","slug":"australian-50-dollar-note-counterfeit","status":"publish","type":"product","link":"https:\/\/webdarkmarketplace.com\/pt\/product\/compre-notas-falsas-de-dolar-canadense\/","title":{"rendered":"d\u00f3lares australianos"},"content":{"rendered":"<h2 style=\"text-align: center;\">Valor m\u00ednimo do pedido: 500 AUD por 5000 AUD<\/h2>\n<p style=\"text-align: center;\">Nota de 50 d\u00f3lares australianos falsificada. Compre dinheiro falsificado online com descontos. Enviamos para todo o pa\u00eds e para o exterior. Entrega segura, pontual e discreta. Nossas c\u00e9dulas n\u00e3o est\u00e3o sujeitas \u00e0 inspe\u00e7\u00e3o alfandeg\u00e1ria, pois utilizamos o selo diplom\u00e1tico. O prazo m\u00e1ximo de entrega \u00e9 de 3 dias.<\/p>\n<h2 style=\"text-align: center;\">Aplicativo<\/h2>\n<p style=\"text-align: center;\">Todas as nossas c\u00e9dulas e notas servem como meio de troca e est\u00e3o dispon\u00edveis em supermercados, restaurantes, mercearias, postos de gasolina, casas de c\u00e2mbio e cassinos. Voc\u00ea pode us\u00e1-las para comprar a casa ou o carro dos seus sonhos. Elas tamb\u00e9m servem como unidade de conta e reserva de valor, permitindo que voc\u00ea economize dinheiro a longo prazo.<\/p>\n<h2 style=\"text-align: center;\">Meta<\/h2>\n<p style=\"text-align: center;\">Nosso principal objetivo \u00e9 combater a pobreza em n\u00edvel nacional e internacional. Queremos que todos possam realizar seus sonhos. O dinheiro tamb\u00e9m visa facilitar o com\u00e9rcio e as trocas. Dada a pobreza global, em que as pessoas carecem de itens essenciais como comida, \u00e1gua e abrigo, voc\u00ea pode comprar e usar nosso dinheiro falso.<\/p>\n<h2 style=\"text-align: center;\">garantia<\/h2>\n<p style=\"text-align: center;\">Todas as nossas notas e c\u00e9dulas s\u00e3o indetect\u00e1veis e n\u00e3o rastre\u00e1veis. Possuem grau AA+ e s\u00e3o v\u00e1lidas por dois anos. Ap\u00f3s dois anos, a qualidade come\u00e7a a se deteriorar. Recomendamos usar o dinheiro em at\u00e9 dez meses ap\u00f3s o recebimento. Oferecemos solu\u00e7\u00e3o SSD e p\u00f3 ativador para limpeza de notas sujas.<\/p>","protected":false},"excerpt":{"rendered":"<h2 style=\"text-align: center;\">Valor m\u00ednimo do pedido: 500 AUD por 5000 AUD<\/h2>","protected":false},"featured_media":22464,"template":"","meta":[],"product_brand":[],"product_cat":[298],"product_tag":[970,967,971,921,968,942,1001,969],"class_list":{"0":"post-21780","1":"product","2":"type-product","3":"status-publish","4":"has-post-thumbnail","6":"product_cat-australische-dollar","7":"product_tag-australische-dollar-jetzt-kaufen","8":"product_tag-falschdollar-kaufen","9":"product_tag-falschgeld-im-darknet-kaufen","10":"product_tag-falschgeld-kaufen","11":"product_tag-falschpfunde-verfuegbar","12":"product_tag-gefaelschte-banknoten-kaufen","13":"product_tag-gefaelschte-euros-kaufen","14":"product_tag-gefaelschte-kanadische-dollar-kaufen","16":"first","17":"instock","18":"taxable","19":"shipping-taxable","20":"product-type-simple"},"_links":{"self":[{"href":"https:\/\/webdarkmarketplace.com\/pt\/wp-json\/wp\/v2\/product\/21780","targetHints":{"allow":["GET"]}}],"collection":[{"href":"https:\/\/webdarkmarketplace.com\/pt\/wp-json\/wp\/v2\/product"}],"about":[{"href":"https:\/\/webdarkmarketplace.com\/pt\/wp-json\/wp\/v2\/types\/product"}],"version-history":[{"count":8,"href":"https:\/\/webdarkmarketplace.com\/pt\/wp-json\/wp\/v2\/product\/21780\/revisions"}],"predecessor-version":[{"id":22465,"href":"https:\/\/webdarkmarketplace.com\/pt\/wp-json\/wp\/v2\/product\/21780\/revisions\/22465"}],"wp:featuredmedia":[{"embeddable":true,"href":"https:\/\/webdarkmarketplace.com\/pt\/wp-json\/wp\/v2\/media\/22464"}],"wp:attachment":[{"href":"https:\/\/webdarkmarketplace.com\/pt\/wp-json\/wp\/v2\/media?parent=21780"}],"wp:term":[{"taxonomy":"product_brand","embeddable":true,"href":"https:\/\/webdarkmarketplace.com\/pt\/wp-json\/wp\/v2\/product_brand?post=21780"},{"taxonomy":"product_cat","embeddable":true,"href":"https:\/\/webdarkmarketplace.com\/pt\/wp-json\/wp\/v2\/product_cat?post=21780"},{"taxonomy":"product_tag","embeddable":true,"href":"https:\/\/webdarkmarketplace.com\/pt\/wp-json\/wp\/v2\/product_tag?post=21780"}],"curies":[{"name":"wp","href":"https:\/\/api.w.org\/{rel}","templated":true}]}}