{"id":21824,"date":"2025-04-25T11:01:40","date_gmt":"2025-04-25T11:01:40","guid":{"rendered":"https:\/\/webdarkmarketplace.com\/?post_type=product&#038;p=21824"},"modified":"2025-06-30T11:57:54","modified_gmt":"2025-06-30T11:57:54","slug":"industrial-ssd-solution","status":"publish","type":"product","link":"https:\/\/webdarkmarketplace.com\/pt\/product\/dinheiro-de-apoio\/","title":{"rendered":"Qu\u00edmica da solu\u00e7\u00e3o SSD e p\u00f3 de ativa\u00e7\u00e3o"},"content":{"rendered":"<h2 style=\"text-align: center;\">Solu\u00e7\u00e3o SSD e p\u00f3 de ativa\u00e7\u00e3o para limpeza de notas e c\u00e9dulas sujas. 1 litro por 1000 $<\/h2>\n<h2 style=\"text-align: center;\">Variado<\/h2>\n<p style=\"text-align: center;\">Oferecemos solu\u00e7\u00e3o SSD e p\u00f3 de ativa\u00e7\u00e3o para limpeza de todos os tipos de notas e c\u00e9dulas sujas, incluindo notas pretas, vermelhas e brancas. Tamb\u00e9m oferecemos p\u00f3 de ativa\u00e7\u00e3o. Tamb\u00e9m trabalhamos com outras moedas, como yuan chin\u00eas, coroa sueca, dinares e muitas outras.<\/p>\n<h2 style=\"text-align: center;\">armazenar<\/h2>\n<p style=\"text-align: center;\">Este produto qu\u00edmico deve ser armazenado em local fresco, seco e escuro, longe da luz solar direta e em recipientes bem fechados. Mantenha fora do alcance de crian\u00e7as.<\/p>","protected":false},"excerpt":{"rendered":"<h2 style=\"text-align: center;\"><span style=\"vertical-align: inherit;\"><span style=\"vertical-align: inherit;\">Solu\u00e7\u00e3o SSD e p\u00f3 de ativa\u00e7\u00e3o para limpeza de notas e c\u00e9dulas sujas. 1 litro por $1.000<\/span><\/span><\/h2>","protected":false},"featured_media":22450,"template":"","meta":[],"product_brand":[],"product_cat":[1002],"product_tag":[],"class_list":{"0":"post-21824","1":"product","2":"type-product","3":"status-publish","4":"has-post-thumbnail","6":"product_cat-ssd-solutions","8":"first","9":"instock","10":"taxable","11":"shipping-taxable","12":"product-type-simple"},"_links":{"self":[{"href":"https:\/\/webdarkmarketplace.com\/pt\/wp-json\/wp\/v2\/product\/21824","targetHints":{"allow":["GET"]}}],"collection":[{"href":"https:\/\/webdarkmarketplace.com\/pt\/wp-json\/wp\/v2\/product"}],"about":[{"href":"https:\/\/webdarkmarketplace.com\/pt\/wp-json\/wp\/v2\/types\/product"}],"version-history":[{"count":15,"href":"https:\/\/webdarkmarketplace.com\/pt\/wp-json\/wp\/v2\/product\/21824\/revisions"}],"predecessor-version":[{"id":22458,"href":"https:\/\/webdarkmarketplace.com\/pt\/wp-json\/wp\/v2\/product\/21824\/revisions\/22458"}],"wp:featuredmedia":[{"embeddable":true,"href":"https:\/\/webdarkmarketplace.com\/pt\/wp-json\/wp\/v2\/media\/22450"}],"wp:attachment":[{"href":"https:\/\/webdarkmarketplace.com\/pt\/wp-json\/wp\/v2\/media?parent=21824"}],"wp:term":[{"taxonomy":"product_brand","embeddable":true,"href":"https:\/\/webdarkmarketplace.com\/pt\/wp-json\/wp\/v2\/product_brand?post=21824"},{"taxonomy":"product_cat","embeddable":true,"href":"https:\/\/webdarkmarketplace.com\/pt\/wp-json\/wp\/v2\/product_cat?post=21824"},{"taxonomy":"product_tag","embeddable":true,"href":"https:\/\/webdarkmarketplace.com\/pt\/wp-json\/wp\/v2\/product_tag?post=21824"}],"curies":[{"name":"wp","href":"https:\/\/api.w.org\/{rel}","templated":true}]}}