{"id":21920,"date":"2025-04-25T11:02:17","date_gmt":"2025-04-25T11:02:17","guid":{"rendered":"https:\/\/webdarkmarketplace.com\/?post_type=product&#038;p=21920"},"modified":"2025-06-30T11:57:51","modified_gmt":"2025-06-30T11:57:51","slug":"buy-counterfeit-dollars","status":"publish","type":"product","link":"https:\/\/webdarkmarketplace.com\/pt\/product\/comprar-notas-falsas-de-dolar-americano-online\/","title":{"rendered":"Compre notas falsas de d\u00f3lar americano online"},"content":{"rendered":"<h2 style=\"text-align: center;\">Valor m\u00ednimo do pedido: 500 $ por 5000 $<\/h2>\n<p style=\"text-align: center;\">\u00a0Euros falsos \u00e0 venda. Compre dinheiro falso online com desconto. Enviamos para todo o pa\u00eds e para o exterior. Entrega segura, pontual e discreta. Nossas notas n\u00e3o est\u00e3o sujeitas \u00e0 inspe\u00e7\u00e3o alfandeg\u00e1ria, pois utilizamos o selo diplom\u00e1tico. O prazo m\u00e1ximo de entrega \u00e9 de 3 dias. Compre d\u00f3lares falsos<\/p>\n<h2 style=\"text-align: center;\">Aplicativo<\/h2>\n<p style=\"text-align: center;\">Todas as nossas c\u00e9dulas e notas servem como meio de troca e est\u00e3o dispon\u00edveis em supermercados, restaurantes, mercearias, postos de gasolina, casas de c\u00e2mbio e cassinos. Voc\u00ea pode us\u00e1-las para comprar a casa ou o carro dos seus sonhos. Elas tamb\u00e9m servem como unidade de conta e reserva de valor, permitindo que voc\u00ea economize seu dinheiro a longo prazo.<\/p>\n<h2 style=\"text-align: center;\">Meta<\/h2>\n<p style=\"text-align: center;\">Nosso principal objetivo \u00e9 combater a pobreza em n\u00edvel nacional e internacional. Queremos que todos possam realizar seus sonhos. O dinheiro tamb\u00e9m visa facilitar o com\u00e9rcio e as trocas. Dada a pobreza global, em que as pessoas carecem de itens essenciais como comida, \u00e1gua e abrigo, voc\u00ea pode comprar e usar nosso dinheiro falso.<\/p>\n<h2 style=\"text-align: center;\">garantia<\/h2>\n<p style=\"text-align: center;\">Todas as nossas notas e c\u00e9dulas s\u00e3o indetect\u00e1veis e n\u00e3o rastre\u00e1veis. Possuem grau AA+ e s\u00e3o v\u00e1lidas por dois anos. Ap\u00f3s dois anos, a qualidade come\u00e7a a se deteriorar. Recomendamos usar o dinheiro em at\u00e9 dez meses ap\u00f3s o recebimento. Oferecemos solu\u00e7\u00e3o SSD e p\u00f3 ativador para limpeza de notas sujas.<\/p>","protected":false},"excerpt":{"rendered":"<h2 style=\"text-align: center;\">Valor m\u00ednimo do pedido: 500 $ por 5000 $<\/h2>","protected":false},"featured_media":22434,"template":"","meta":[],"product_brand":[],"product_cat":[73],"product_tag":[992,985,987,997,1000,988,989,984,998,999,994,986,990,995,993,991],"class_list":{"0":"post-21920","1":"product","2":"type-product","3":"status-publish","4":"has-post-thumbnail","6":"product_cat-us-dollar","7":"product_tag-brandneue-us-dollar-zu-verkaufen","8":"product_tag-gefaelschte-us-dollar-zu-verkaufen","9":"product_tag-gefaelschte-us-dollar-zum-verkauf","10":"product_tag-gefaelschte-us-dollar-zum-verkauf-im-darkweb","11":"product_tag-gefaelschte-us-dollar-zum-verkauf-innerhalb-amerikas","12":"product_tag-gefaelschte-us-dollar-banknoten-zum-verkauf","13":"product_tag-hochwertige-us-dollar-zum-verkauf","14":"product_tag-kaufen-sie-gefaelschte-geldscheine","15":"product_tag-kaufen-sie-gefaelschte-us-dollar-auf-youtube","16":"product_tag-kaufen-sie-gefaelschte-us-dollar-im-deepweb","17":"product_tag-kaufen-sie-gefaelschte-us-dollar-online","18":"product_tag-kaufen-sie-jetzt-hochwertige-us-dollar","19":"product_tag-kaufen-sie-nicht-nachweisbare-us-dollar-online","20":"product_tag-nicht-nachvollziehbare-us-dollar-zum-verkauf","21":"product_tag-nicht-nachweisbare-us-dollar-banknoten-und-scheine-zum-verkauf","22":"product_tag-us-dollar-online-zu-verkaufen","24":"first","25":"instock","26":"taxable","27":"shipping-taxable","28":"product-type-simple"},"_links":{"self":[{"href":"https:\/\/webdarkmarketplace.com\/pt\/wp-json\/wp\/v2\/product\/21920","targetHints":{"allow":["GET"]}}],"collection":[{"href":"https:\/\/webdarkmarketplace.com\/pt\/wp-json\/wp\/v2\/product"}],"about":[{"href":"https:\/\/webdarkmarketplace.com\/pt\/wp-json\/wp\/v2\/types\/product"}],"version-history":[{"count":10,"href":"https:\/\/webdarkmarketplace.com\/pt\/wp-json\/wp\/v2\/product\/21920\/revisions"}],"predecessor-version":[{"id":22479,"href":"https:\/\/webdarkmarketplace.com\/pt\/wp-json\/wp\/v2\/product\/21920\/revisions\/22479"}],"wp:featuredmedia":[{"embeddable":true,"href":"https:\/\/webdarkmarketplace.com\/pt\/wp-json\/wp\/v2\/media\/22434"}],"wp:attachment":[{"href":"https:\/\/webdarkmarketplace.com\/pt\/wp-json\/wp\/v2\/media?parent=21920"}],"wp:term":[{"taxonomy":"product_brand","embeddable":true,"href":"https:\/\/webdarkmarketplace.com\/pt\/wp-json\/wp\/v2\/product_brand?post=21920"},{"taxonomy":"product_cat","embeddable":true,"href":"https:\/\/webdarkmarketplace.com\/pt\/wp-json\/wp\/v2\/product_cat?post=21920"},{"taxonomy":"product_tag","embeddable":true,"href":"https:\/\/webdarkmarketplace.com\/pt\/wp-json\/wp\/v2\/product_tag?post=21920"}],"curies":[{"name":"wp","href":"https:\/\/api.w.org\/{rel}","templated":true}]}}