{"id":21931,"date":"2025-04-25T11:02:18","date_gmt":"2025-04-25T11:02:18","guid":{"rendered":"https:\/\/webdarkmarketplace.com\/?post_type=product&#038;p=21931"},"modified":"2025-06-30T11:57:49","modified_gmt":"2025-06-30T11:57:49","slug":"falschgeld-kaufen","status":"publish","type":"product","link":"https:\/\/webdarkmarketplace.com\/pt\/product\/comprar-dinheiro-falso\/","title":{"rendered":"Comprar notas de euro"},"content":{"rendered":"<h2 style=\"text-align: center;\">Valor m\u00ednimo do pedido 500 \u20ac por 5000 \u20ac<\/h2>\n<p style=\"text-align: center;\">Compre dinheiro falso. Compre dinheiro falso online com descontos. Enviamos para todo o pa\u00eds e para o exterior. Entrega segura, pontual e discreta. Nossas c\u00e9dulas n\u00e3o est\u00e3o sujeitas \u00e0 inspe\u00e7\u00e3o alfandeg\u00e1ria, pois utilizamos o selo diplom\u00e1tico. O prazo m\u00e1ximo de entrega \u00e9 de 3 dias.<\/p>\n<h2 style=\"text-align: center;\">Aplicativo<\/h2>\n<p style=\"text-align: center;\">Todas as nossas c\u00e9dulas e notas servem como meio de troca. Voc\u00ea pode us\u00e1-las em supermercados, restaurantes, mercearias, postos de gasolina, casas de c\u00e2mbio e cassinos. Voc\u00ea pode us\u00e1-las para comprar a casa ou o carro dos seus sonhos. Elas tamb\u00e9m servem como unidade de conta e reserva de valor, permitindo que voc\u00ea economize dinheiro a longo prazo.<\/p>\n<h2 style=\"text-align: center;\">Meta<\/h2>\n<p style=\"text-align: center;\">Nosso principal objetivo \u00e9 combater a pobreza em n\u00edvel nacional e internacional. Queremos que todos possam realizar seus sonhos. O dinheiro tamb\u00e9m facilitar\u00e1 o com\u00e9rcio e as trocas. Dada a pobreza global, em que as pessoas carecem de itens essenciais como comida, \u00e1gua e abrigo, voc\u00ea pode comprar e usar nosso dinheiro falso.<\/p>\n<h2 style=\"text-align: center;\">garantia<\/h2>\n<p style=\"text-align: center;\">Todas as nossas notas e c\u00e9dulas s\u00e3o indetect\u00e1veis e n\u00e3o rastre\u00e1veis. Possuem grau AA+ e s\u00e3o v\u00e1lidas por dois anos. Ap\u00f3s dois anos, a qualidade come\u00e7a a se deteriorar. Recomendamos usar o dinheiro em at\u00e9 dez meses ap\u00f3s o recebimento. Oferecemos solu\u00e7\u00e3o SSD e p\u00f3 ativador para limpeza de notas sujas.<\/p>","protected":false},"excerpt":{"rendered":"<h2 style=\"text-align: center;\">Valor m\u00ednimo do pedido 500 \u20ac por 5000 \u20ac<\/h2>\n<ul id=\"menu-categories\" class=\"menu wd-nav wd-nav-main wd-style-default wd-gap-s wd-offsets-calculated\" style=\"text-align: center;\"><\/ul>","protected":false},"featured_media":22427,"template":"","meta":[],"product_brand":[],"product_cat":[808,71],"product_tag":[970,965,938,922,980,967,950,971,921,952,945,968,942,974,944,975,981,948,969,951,941,939,940,972,982,983,946,978,949,973,976,947,977,943,979,966],"class_list":{"0":"post-21931","1":"product","2":"type-product","3":"status-publish","4":"has-post-thumbnail","6":"product_cat-euro-banknoten","7":"product_cat-falschgeld","8":"product_tag-australische-dollar-jetzt-kaufen","9":"product_tag-ceyrek-kac-euro","10":"product_tag-echtes-falsches-geld-kaufen","11":"product_tag-echtes-falschgeld-kaufen","12":"product_tag-euro-banknoten-zu-verkaufen","13":"product_tag-falschdollar-kaufen","14":"product_tag-falschgeld-euro","15":"product_tag-falschgeld-im-darknet-kaufen","16":"product_tag-falschgeld-kaufen","17":"product_tag-falschgeld-zum-verkauf","18":"product_tag-falschgeld-zum-verkauf-innerhalb-europas","19":"product_tag-falschpfunde-verfuegbar","20":"product_tag-gefaelschte-banknoten-kaufen","21":"product_tag-gefaelschte-euro-zu-verkaufen","22":"product_tag-gefaelschte-euro-zum-verkauf","23":"product_tag-gefaelschte-eurobanknoten-zu-verkaufen","24":"product_tag-gefaelschte-euros-im-dark-web-zu-verkaufen","25":"product_tag-gefaelschte-euros-zum-verkauf","26":"product_tag-gefaelschte-kanadische-dollar-kaufen","27":"product_tag-geldfaelschung","28":"product_tag-hochwertige-euros-zum-verkauf","29":"product_tag-hochwertiges-falschgeld-kaufen","30":"product_tag-hochwertiges-falschgeld-zum-verkauf","31":"product_tag-kaufen-sie-falschgeld","32":"product_tag-kaufen-sie-gefaelschte-euros-auf-youtube","33":"product_tag-kaufen-sie-gefaelschte-euros-im-deep-web","34":"product_tag-kaufen-sie-gefaelschte-euros-in-deutschland","35":"product_tag-kaufen-sie-gefaelschte-euros-online","36":"product_tag-kaufen-sie-gefaelschte-euros-online-falschgeld-kaufen","37":"product_tag-kaufen-sie-hochwertige-euro","38":"product_tag-kaufen-sie-nicht-nachverfolgbare-euros-online","39":"product_tag-legitimer-verkaeufer-von-falschgeld-und-falschgeld","40":"product_tag-nicht-nachverfolgbare-eurobanknoten-und-scheine-zu-verkaufen","41":"product_tag-nicht-nachweisbares-falschgeld-kaufen","42":"product_tag-nicht-zurueckverfolgbare-euros-zu-verkaufen","43":"product_tag-tags-gefaelschte-euros-kaufen","45":"first","46":"instock","47":"taxable","48":"shipping-taxable","49":"product-type-simple"},"_links":{"self":[{"href":"https:\/\/webdarkmarketplace.com\/pt\/wp-json\/wp\/v2\/product\/21931","targetHints":{"allow":["GET"]}}],"collection":[{"href":"https:\/\/webdarkmarketplace.com\/pt\/wp-json\/wp\/v2\/product"}],"about":[{"href":"https:\/\/webdarkmarketplace.com\/pt\/wp-json\/wp\/v2\/types\/product"}],"version-history":[{"count":19,"href":"https:\/\/webdarkmarketplace.com\/pt\/wp-json\/wp\/v2\/product\/21931\/revisions"}],"predecessor-version":[{"id":22432,"href":"https:\/\/webdarkmarketplace.com\/pt\/wp-json\/wp\/v2\/product\/21931\/revisions\/22432"}],"wp:featuredmedia":[{"embeddable":true,"href":"https:\/\/webdarkmarketplace.com\/pt\/wp-json\/wp\/v2\/media\/22427"}],"wp:attachment":[{"href":"https:\/\/webdarkmarketplace.com\/pt\/wp-json\/wp\/v2\/media?parent=21931"}],"wp:term":[{"taxonomy":"product_brand","embeddable":true,"href":"https:\/\/webdarkmarketplace.com\/pt\/wp-json\/wp\/v2\/product_brand?post=21931"},{"taxonomy":"product_cat","embeddable":true,"href":"https:\/\/webdarkmarketplace.com\/pt\/wp-json\/wp\/v2\/product_cat?post=21931"},{"taxonomy":"product_tag","embeddable":true,"href":"https:\/\/webdarkmarketplace.com\/pt\/wp-json\/wp\/v2\/product_tag?post=21931"}],"curies":[{"name":"wp","href":"https:\/\/api.w.org\/{rel}","templated":true}]}}