{"id":21824,"date":"2025-04-25T11:01:40","date_gmt":"2025-04-25T11:01:40","guid":{"rendered":"https:\/\/webdarkmarketplace.com\/?post_type=product&#038;p=21824"},"modified":"2025-06-30T11:57:54","modified_gmt":"2025-06-30T11:57:54","slug":"industrial-ssd-solution","status":"publish","type":"product","link":"https:\/\/webdarkmarketplace.com\/sk\/product\/peniaze-rekvizity-peniaze\/","title":{"rendered":"Ch\u00e9mia roztoku SSD a aktiva\u010dn\u00fd pr\u00e1\u0161ok"},"content":{"rendered":"<h2 style=\"text-align: center;\">Roztok SSD a aktiva\u010dn\u00fd pr\u00e1\u0161ok na \u010distenie zne\u010disten\u00fdch bankoviek a \u00fa\u010dteniek. 1 liter na 1000 kusov $<\/h2>\n<h2 style=\"text-align: center;\">R\u00f4zne<\/h2>\n<p style=\"text-align: center;\">Pon\u00fakame SSD roztok a aktiva\u010dn\u00fd pr\u00e1\u0161ok na \u010distenie v\u0161etk\u00fdch typov zne\u010disten\u00fdch bankoviek a \u00fa\u010dteniek vr\u00e1tane \u010diernych, \u010derven\u00fdch a bielych bankoviek. K dispoz\u00edcii je aj aktiva\u010dn\u00fd pr\u00e1\u0161ok. Pon\u00fakame aj in\u00e9 meny, ako s\u00fa \u010d\u00ednske juany, \u0161v\u00e9dske koruny, din\u00e1re a mnoho \u010fal\u0161\u00edch.<\/p>\n<h2 style=\"text-align: center;\">skladovanie<\/h2>\n<p style=\"text-align: center;\">T\u00e1to chemik\u00e1lia sa mus\u00ed skladova\u0165 na chladnom, suchom a tmavom mieste, mimo dosahu priameho slne\u010dn\u00e9ho \u017eiarenia a v tesne uzavret\u00fdch n\u00e1dob\u00e1ch. Uchov\u00e1vajte mimo dosahu det\u00ed.<\/p>","protected":false},"excerpt":{"rendered":"<h2 style=\"text-align: center;\"><span style=\"vertical-align: inherit;\"><span style=\"vertical-align: inherit;\">Roztok SSD a aktiva\u010dn\u00fd pr\u00e1\u0161ok na \u010distenie zne\u010disten\u00fdch bankoviek a \u00fa\u010dteniek. 1 liter pre $1 000<\/span><\/span><\/h2>","protected":false},"featured_media":22450,"template":"","meta":[],"product_brand":[],"product_cat":[1002],"product_tag":[],"class_list":{"0":"post-21824","1":"product","2":"type-product","3":"status-publish","4":"has-post-thumbnail","6":"product_cat-ssd-solutions","8":"first","9":"instock","10":"taxable","11":"shipping-taxable","12":"product-type-simple"},"_links":{"self":[{"href":"https:\/\/webdarkmarketplace.com\/sk\/wp-json\/wp\/v2\/product\/21824","targetHints":{"allow":["GET"]}}],"collection":[{"href":"https:\/\/webdarkmarketplace.com\/sk\/wp-json\/wp\/v2\/product"}],"about":[{"href":"https:\/\/webdarkmarketplace.com\/sk\/wp-json\/wp\/v2\/types\/product"}],"version-history":[{"count":15,"href":"https:\/\/webdarkmarketplace.com\/sk\/wp-json\/wp\/v2\/product\/21824\/revisions"}],"predecessor-version":[{"id":22458,"href":"https:\/\/webdarkmarketplace.com\/sk\/wp-json\/wp\/v2\/product\/21824\/revisions\/22458"}],"wp:featuredmedia":[{"embeddable":true,"href":"https:\/\/webdarkmarketplace.com\/sk\/wp-json\/wp\/v2\/media\/22450"}],"wp:attachment":[{"href":"https:\/\/webdarkmarketplace.com\/sk\/wp-json\/wp\/v2\/media?parent=21824"}],"wp:term":[{"taxonomy":"product_brand","embeddable":true,"href":"https:\/\/webdarkmarketplace.com\/sk\/wp-json\/wp\/v2\/product_brand?post=21824"},{"taxonomy":"product_cat","embeddable":true,"href":"https:\/\/webdarkmarketplace.com\/sk\/wp-json\/wp\/v2\/product_cat?post=21824"},{"taxonomy":"product_tag","embeddable":true,"href":"https:\/\/webdarkmarketplace.com\/sk\/wp-json\/wp\/v2\/product_tag?post=21824"}],"curies":[{"name":"wp","href":"https:\/\/api.w.org\/{rel}","templated":true}]}}