{"id":21920,"date":"2025-04-25T11:02:17","date_gmt":"2025-04-25T11:02:17","guid":{"rendered":"https:\/\/webdarkmarketplace.com\/?post_type=product&#038;p=21920"},"modified":"2025-06-30T11:57:51","modified_gmt":"2025-06-30T11:57:51","slug":"buy-counterfeit-dollars","status":"publish","type":"product","link":"https:\/\/webdarkmarketplace.com\/sk\/product\/kupit-falosne-bankovky-americkych-dolarov-online\/","title":{"rendered":"K\u00fapte si falo\u0161n\u00e9 bankovky americk\u00fdch dol\u00e1rov online"},"content":{"rendered":"<h2 style=\"text-align: center;\">Minim\u00e1lna hodnota objedn\u00e1vky: 500 $ za 5000 $<\/h2>\n<p style=\"text-align: center;\">\u00a0Predaj falzifik\u00e1tov eur. K\u00fapte si falzifik\u00e1ty online za z\u013eavnen\u00e9 ceny. Zasielame v r\u00e1mci krajiny aj medzin\u00e1rodne. Bezpe\u010dn\u00e9, presn\u00e9 a diskr\u00e9tne doru\u010denie. Na\u0161e bankovky nepodliehaj\u00fa colnej kontrole, preto\u017ee pou\u017e\u00edvame diplomatick\u00fa pe\u010da\u0165. Maxim\u00e1lna dodacia lehota je 3 dni. K\u00fapte si falzifik\u00e1ty dol\u00e1rov.<\/p>\n<h2 style=\"text-align: center;\">Aplik\u00e1cia<\/h2>\n<p style=\"text-align: center;\">V\u0161etky na\u0161e bankovky a \u00fa\u010dty sl\u00fa\u017eia ako prostriedok v\u00fdmeny a s\u00fa dostupn\u00e9 v supermarketoch, re\u0161taur\u00e1ci\u00e1ch, obchodoch s potravinami, na \u010derpac\u00edch staniciach, v zmen\u00e1r\u0148ach a kas\u00ednach. M\u00f4\u017eete ich pou\u017ei\u0165 na k\u00fapu svojho vysn\u00edvan\u00e9ho domu alebo auta. Sl\u00fa\u017eia tie\u017e ako \u00fa\u010dtovn\u00e1 jednotka a uchov\u00e1vate\u013e hodnoty, \u010do v\u00e1m umo\u017e\u0148uje dlhodobo si u\u0161etri\u0165 peniaze.<\/p>\n<h2 style=\"text-align: center;\">G\u00f3l<\/h2>\n<p style=\"text-align: center;\">Na\u0161\u00edm hlavn\u00fdm cie\u013eom je bojova\u0165 proti chudobe na n\u00e1rodnej aj medzin\u00e1rodnej \u00farovni. Chceme, aby si ka\u017ed\u00fd mohol splni\u0165 svoje sny. Peniaze s\u00fa tie\u017e ur\u010den\u00e9 na u\u013eah\u010denie obchodu a v\u00fdmeny. Vzh\u013eadom na glob\u00e1lnu chudobu, v ktorej \u013eu\u010fom ch\u00fdbaj\u00fa z\u00e1kladn\u00e9 potreby, ako s\u00fa potraviny, voda a b\u00fdvanie, si m\u00f4\u017eete k\u00fapi\u0165 a pou\u017ei\u0165 na\u0161e falo\u0161n\u00e9 peniaze.<\/p>\n<h2 style=\"text-align: center;\">z\u00e1ruka<\/h2>\n<p style=\"text-align: center;\">V\u0161etky na\u0161e bankovky a \u00fa\u010dty s\u00fa nesledovate\u013en\u00e9 a nevystopovate\u013en\u00e9. S\u00fa triedy AA+ a platn\u00e9 dva roky. Po dvoch rokoch sa kvalita za\u010d\u00edna zhor\u0161ova\u0165. Odpor\u00fa\u010dame peniaze spotrebova\u0165 do desiatich mesiacov od ich prijatia. Na \u010distenie zne\u010disten\u00fdch bankoviek pon\u00fakame roztok SSD a aktiva\u010dn\u00fd pr\u00e1\u0161ok.<\/p>","protected":false},"excerpt":{"rendered":"<h2 style=\"text-align: center;\">Minim\u00e1lna hodnota objedn\u00e1vky: 500 $ za 5000 $<\/h2>","protected":false},"featured_media":22434,"template":"","meta":[],"product_brand":[],"product_cat":[73],"product_tag":[992,985,987,997,1000,988,989,984,998,999,994,986,990,995,993,991],"class_list":{"0":"post-21920","1":"product","2":"type-product","3":"status-publish","4":"has-post-thumbnail","6":"product_cat-us-dollar","7":"product_tag-brandneue-us-dollar-zu-verkaufen","8":"product_tag-gefaelschte-us-dollar-zu-verkaufen","9":"product_tag-gefaelschte-us-dollar-zum-verkauf","10":"product_tag-gefaelschte-us-dollar-zum-verkauf-im-darkweb","11":"product_tag-gefaelschte-us-dollar-zum-verkauf-innerhalb-amerikas","12":"product_tag-gefaelschte-us-dollar-banknoten-zum-verkauf","13":"product_tag-hochwertige-us-dollar-zum-verkauf","14":"product_tag-kaufen-sie-gefaelschte-geldscheine","15":"product_tag-kaufen-sie-gefaelschte-us-dollar-auf-youtube","16":"product_tag-kaufen-sie-gefaelschte-us-dollar-im-deepweb","17":"product_tag-kaufen-sie-gefaelschte-us-dollar-online","18":"product_tag-kaufen-sie-jetzt-hochwertige-us-dollar","19":"product_tag-kaufen-sie-nicht-nachweisbare-us-dollar-online","20":"product_tag-nicht-nachvollziehbare-us-dollar-zum-verkauf","21":"product_tag-nicht-nachweisbare-us-dollar-banknoten-und-scheine-zum-verkauf","22":"product_tag-us-dollar-online-zu-verkaufen","24":"first","25":"instock","26":"taxable","27":"shipping-taxable","28":"product-type-simple"},"_links":{"self":[{"href":"https:\/\/webdarkmarketplace.com\/sk\/wp-json\/wp\/v2\/product\/21920","targetHints":{"allow":["GET"]}}],"collection":[{"href":"https:\/\/webdarkmarketplace.com\/sk\/wp-json\/wp\/v2\/product"}],"about":[{"href":"https:\/\/webdarkmarketplace.com\/sk\/wp-json\/wp\/v2\/types\/product"}],"version-history":[{"count":10,"href":"https:\/\/webdarkmarketplace.com\/sk\/wp-json\/wp\/v2\/product\/21920\/revisions"}],"predecessor-version":[{"id":22479,"href":"https:\/\/webdarkmarketplace.com\/sk\/wp-json\/wp\/v2\/product\/21920\/revisions\/22479"}],"wp:featuredmedia":[{"embeddable":true,"href":"https:\/\/webdarkmarketplace.com\/sk\/wp-json\/wp\/v2\/media\/22434"}],"wp:attachment":[{"href":"https:\/\/webdarkmarketplace.com\/sk\/wp-json\/wp\/v2\/media?parent=21920"}],"wp:term":[{"taxonomy":"product_brand","embeddable":true,"href":"https:\/\/webdarkmarketplace.com\/sk\/wp-json\/wp\/v2\/product_brand?post=21920"},{"taxonomy":"product_cat","embeddable":true,"href":"https:\/\/webdarkmarketplace.com\/sk\/wp-json\/wp\/v2\/product_cat?post=21920"},{"taxonomy":"product_tag","embeddable":true,"href":"https:\/\/webdarkmarketplace.com\/sk\/wp-json\/wp\/v2\/product_tag?post=21920"}],"curies":[{"name":"wp","href":"https:\/\/api.w.org\/{rel}","templated":true}]}}