{"id":21931,"date":"2025-04-25T11:02:18","date_gmt":"2025-04-25T11:02:18","guid":{"rendered":"https:\/\/webdarkmarketplace.com\/?post_type=product&#038;p=21931"},"modified":"2025-06-30T11:57:49","modified_gmt":"2025-06-30T11:57:49","slug":"falschgeld-kaufen","status":"publish","type":"product","link":"https:\/\/webdarkmarketplace.com\/sk\/product\/kupit-falosne-peniaze-2\/","title":{"rendered":"K\u00fapi\u0165 eurobankovky"},"content":{"rendered":"<h2 style=\"text-align: center;\">Minim\u00e1lna hodnota objedn\u00e1vky 500 \u20ac pri objedn\u00e1vke nad 5 000 \u20ac<\/h2>\n<p style=\"text-align: center;\">K\u00fapte si falzifik\u00e1ty. K\u00fapte si falzifik\u00e1ty online so z\u013eavnen\u00fdmi cenami. Zasielame v r\u00e1mci krajiny aj medzin\u00e1rodne. Bezpe\u010dn\u00e9, presn\u00e9 a diskr\u00e9tne doru\u010denie. Na\u0161e bankovky nepodliehaj\u00fa colnej kontrole, preto\u017ee pou\u017e\u00edvame diplomatick\u00fa pe\u010da\u0165. Maxim\u00e1lna dodacia lehota je 3 dni.<\/p>\n<h2 style=\"text-align: center;\">Aplik\u00e1cia<\/h2>\n<p style=\"text-align: center;\">V\u0161etky na\u0161e bankovky a \u00fa\u010dty sl\u00fa\u017eia ako prostriedok v\u00fdmeny. M\u00f4\u017eete ich pou\u017ei\u0165 v supermarketoch, re\u0161taur\u00e1ci\u00e1ch, obchodoch s potravinami, na \u010derpac\u00edch staniciach, v zmen\u00e1r\u0148ach a kas\u00ednach. M\u00f4\u017eete ich pou\u017ei\u0165 na k\u00fapu svojho vysn\u00edvan\u00e9ho domu alebo auta. Sl\u00fa\u017eia tie\u017e ako \u00fa\u010dtovn\u00e1 jednotka a uchov\u00e1vate\u013e hodnoty, \u010do v\u00e1m umo\u017e\u0148uje dlhodobo si u\u0161etri\u0165 peniaze.<\/p>\n<h2 style=\"text-align: center;\">G\u00f3l<\/h2>\n<p style=\"text-align: center;\">Na\u0161\u00edm hlavn\u00fdm cie\u013eom je bojova\u0165 proti chudobe na n\u00e1rodnej a medzin\u00e1rodnej \u00farovni. Chceme, aby si ka\u017ed\u00fd mohol splni\u0165 svoje sny. Peniaze tie\u017e u\u013eah\u010dia obchod a v\u00fdmenu. Vzh\u013eadom na glob\u00e1lnu chudobu, v ktorej \u013eu\u010fom ch\u00fdbaj\u00fa z\u00e1kladn\u00e9 potreby, ako s\u00fa potraviny, voda a b\u00fdvanie, si m\u00f4\u017eete k\u00fapi\u0165 a pou\u017ei\u0165 na\u0161e falo\u0161n\u00e9 peniaze.<\/p>\n<h2 style=\"text-align: center;\">z\u00e1ruka<\/h2>\n<p style=\"text-align: center;\">V\u0161etky na\u0161e bankovky a \u00fa\u010dty s\u00fa nesledovate\u013en\u00e9 a nevystopovate\u013en\u00e9. S\u00fa triedy AA+ a platn\u00e9 dva roky. Po dvoch rokoch sa kvalita za\u010d\u00edna zhor\u0161ova\u0165. Odpor\u00fa\u010dame peniaze spotrebova\u0165 do desiatich mesiacov od ich prijatia. Na \u010distenie zne\u010disten\u00fdch bankoviek pon\u00fakame roztok SSD a aktiva\u010dn\u00fd pr\u00e1\u0161ok.<\/p>","protected":false},"excerpt":{"rendered":"<h2 style=\"text-align: center;\">Minim\u00e1lna hodnota objedn\u00e1vky 500 \u20ac pri objedn\u00e1vke nad 5 000 \u20ac<\/h2>\n<ul id=\"menu-categories\" class=\"menu wd-nav wd-nav-main wd-style-default wd-gap-s wd-offsets-calculated\" style=\"text-align: center;\"><\/ul>","protected":false},"featured_media":22427,"template":"","meta":[],"product_brand":[],"product_cat":[808,71],"product_tag":[970,965,938,922,980,967,950,971,921,952,945,968,942,974,944,975,981,948,969,951,941,939,940,972,982,983,946,978,949,973,976,947,977,943,979,966],"class_list":{"0":"post-21931","1":"product","2":"type-product","3":"status-publish","4":"has-post-thumbnail","6":"product_cat-euro-banknoten","7":"product_cat-falschgeld","8":"product_tag-australische-dollar-jetzt-kaufen","9":"product_tag-ceyrek-kac-euro","10":"product_tag-echtes-falsches-geld-kaufen","11":"product_tag-echtes-falschgeld-kaufen","12":"product_tag-euro-banknoten-zu-verkaufen","13":"product_tag-falschdollar-kaufen","14":"product_tag-falschgeld-euro","15":"product_tag-falschgeld-im-darknet-kaufen","16":"product_tag-falschgeld-kaufen","17":"product_tag-falschgeld-zum-verkauf","18":"product_tag-falschgeld-zum-verkauf-innerhalb-europas","19":"product_tag-falschpfunde-verfuegbar","20":"product_tag-gefaelschte-banknoten-kaufen","21":"product_tag-gefaelschte-euro-zu-verkaufen","22":"product_tag-gefaelschte-euro-zum-verkauf","23":"product_tag-gefaelschte-eurobanknoten-zu-verkaufen","24":"product_tag-gefaelschte-euros-im-dark-web-zu-verkaufen","25":"product_tag-gefaelschte-euros-zum-verkauf","26":"product_tag-gefaelschte-kanadische-dollar-kaufen","27":"product_tag-geldfaelschung","28":"product_tag-hochwertige-euros-zum-verkauf","29":"product_tag-hochwertiges-falschgeld-kaufen","30":"product_tag-hochwertiges-falschgeld-zum-verkauf","31":"product_tag-kaufen-sie-falschgeld","32":"product_tag-kaufen-sie-gefaelschte-euros-auf-youtube","33":"product_tag-kaufen-sie-gefaelschte-euros-im-deep-web","34":"product_tag-kaufen-sie-gefaelschte-euros-in-deutschland","35":"product_tag-kaufen-sie-gefaelschte-euros-online","36":"product_tag-kaufen-sie-gefaelschte-euros-online-falschgeld-kaufen","37":"product_tag-kaufen-sie-hochwertige-euro","38":"product_tag-kaufen-sie-nicht-nachverfolgbare-euros-online","39":"product_tag-legitimer-verkaeufer-von-falschgeld-und-falschgeld","40":"product_tag-nicht-nachverfolgbare-eurobanknoten-und-scheine-zu-verkaufen","41":"product_tag-nicht-nachweisbares-falschgeld-kaufen","42":"product_tag-nicht-zurueckverfolgbare-euros-zu-verkaufen","43":"product_tag-tags-gefaelschte-euros-kaufen","45":"first","46":"instock","47":"taxable","48":"shipping-taxable","49":"product-type-simple"},"_links":{"self":[{"href":"https:\/\/webdarkmarketplace.com\/sk\/wp-json\/wp\/v2\/product\/21931","targetHints":{"allow":["GET"]}}],"collection":[{"href":"https:\/\/webdarkmarketplace.com\/sk\/wp-json\/wp\/v2\/product"}],"about":[{"href":"https:\/\/webdarkmarketplace.com\/sk\/wp-json\/wp\/v2\/types\/product"}],"version-history":[{"count":19,"href":"https:\/\/webdarkmarketplace.com\/sk\/wp-json\/wp\/v2\/product\/21931\/revisions"}],"predecessor-version":[{"id":22432,"href":"https:\/\/webdarkmarketplace.com\/sk\/wp-json\/wp\/v2\/product\/21931\/revisions\/22432"}],"wp:featuredmedia":[{"embeddable":true,"href":"https:\/\/webdarkmarketplace.com\/sk\/wp-json\/wp\/v2\/media\/22427"}],"wp:attachment":[{"href":"https:\/\/webdarkmarketplace.com\/sk\/wp-json\/wp\/v2\/media?parent=21931"}],"wp:term":[{"taxonomy":"product_brand","embeddable":true,"href":"https:\/\/webdarkmarketplace.com\/sk\/wp-json\/wp\/v2\/product_brand?post=21931"},{"taxonomy":"product_cat","embeddable":true,"href":"https:\/\/webdarkmarketplace.com\/sk\/wp-json\/wp\/v2\/product_cat?post=21931"},{"taxonomy":"product_tag","embeddable":true,"href":"https:\/\/webdarkmarketplace.com\/sk\/wp-json\/wp\/v2\/product_tag?post=21931"}],"curies":[{"name":"wp","href":"https:\/\/api.w.org\/{rel}","templated":true}]}}