{"id":21920,"date":"2025-04-25T11:02:17","date_gmt":"2025-04-25T11:02:17","guid":{"rendered":"https:\/\/webdarkmarketplace.com\/?post_type=product&#038;p=21920"},"modified":"2025-06-30T11:57:51","modified_gmt":"2025-06-30T11:57:51","slug":"buy-counterfeit-dollars","status":"publish","type":"product","link":"https:\/\/webdarkmarketplace.com\/sl\/product\/kupite-ponarejene-bankovce-ameriskih-dolarjev-na-spletu\/","title":{"rendered":"Kupite ponarejene bankovce ameri\u0161kih dolarjev na spletu"},"content":{"rendered":"<h2 style=\"text-align: center;\">Minimalna vrednost naro\u010dila: 500 $ za 5000 $<\/h2>\n<p style=\"text-align: center;\">\u00a0Prodaja ponarejenih evrov. Kupite ponarejen denar na spletu po zni\u017eanih cenah. Po\u0161iljamo v dr\u017eavi in mednarodno. Varna, to\u010dna in diskretna dostava. Na\u0161i bankovci niso predmet carinskega pregleda, ker uporabljamo diplomatski pe\u010dat. Najdalj\u0161i dobavni rok je 3 dni. Kupite ponarejene dolarje.<\/p>\n<h2 style=\"text-align: center;\">Uporaba<\/h2>\n<p style=\"text-align: center;\">Vsi na\u0161i bankovci in ra\u010duni slu\u017eijo kot menjalno sredstvo in so na voljo v supermarketih, restavracijah, trgovinah z \u017eivili, bencinskih \u010drpalkah, menjalnicah in igralnicah. Z njimi lahko kupite sanjski dom ali avtomobil. Slu\u017eijo tudi kot obra\u010dunska enota in hranilec vrednosti, kar vam omogo\u010da dolgoro\u010dno var\u010devanje denarja.<\/p>\n<h2 style=\"text-align: center;\">Gol<\/h2>\n<p style=\"text-align: center;\">Na\u0161 glavni cilj je boj proti rev\u0161\u010dini na nacionalni in mednarodni ravni. \u017delimo, da bi lahko vsi uresni\u010dili svoje sanje. Denar je namenjen tudi olaj\u0161anju trgovine in izmenjave. Glede na globalno rev\u0161\u010dino, v kateri ljudje nimajo osnovnih dobrin, kot so hrana, voda in zavetje, lahko kupite in uporabljate na\u0161 ponarejeni denar.<\/p>\n<h2 style=\"text-align: center;\">garancija<\/h2>\n<p style=\"text-align: center;\">Vsi na\u0161i bankovci in ra\u010duni so nesledljivi in neizsledljivi. So razreda AA+ in veljavni dve leti. Po dveh letih se kakovost za\u010dne slab\u0161ati. Priporo\u010damo, da denar porabite v desetih mesecih od prejema. Za \u010di\u0161\u010denje umazanih bankovcev ponujamo SSD raztopino in aktivacijski pra\u0161ek.<\/p>","protected":false},"excerpt":{"rendered":"<h2 style=\"text-align: center;\">Minimalna vrednost naro\u010dila: 500 $ za 5000 $<\/h2>","protected":false},"featured_media":22434,"template":"","meta":[],"product_brand":[],"product_cat":[73],"product_tag":[992,985,987,997,1000,988,989,984,998,999,994,986,990,995,993,991],"class_list":{"0":"post-21920","1":"product","2":"type-product","3":"status-publish","4":"has-post-thumbnail","6":"product_cat-us-dollar","7":"product_tag-brandneue-us-dollar-zu-verkaufen","8":"product_tag-gefaelschte-us-dollar-zu-verkaufen","9":"product_tag-gefaelschte-us-dollar-zum-verkauf","10":"product_tag-gefaelschte-us-dollar-zum-verkauf-im-darkweb","11":"product_tag-gefaelschte-us-dollar-zum-verkauf-innerhalb-amerikas","12":"product_tag-gefaelschte-us-dollar-banknoten-zum-verkauf","13":"product_tag-hochwertige-us-dollar-zum-verkauf","14":"product_tag-kaufen-sie-gefaelschte-geldscheine","15":"product_tag-kaufen-sie-gefaelschte-us-dollar-auf-youtube","16":"product_tag-kaufen-sie-gefaelschte-us-dollar-im-deepweb","17":"product_tag-kaufen-sie-gefaelschte-us-dollar-online","18":"product_tag-kaufen-sie-jetzt-hochwertige-us-dollar","19":"product_tag-kaufen-sie-nicht-nachweisbare-us-dollar-online","20":"product_tag-nicht-nachvollziehbare-us-dollar-zum-verkauf","21":"product_tag-nicht-nachweisbare-us-dollar-banknoten-und-scheine-zum-verkauf","22":"product_tag-us-dollar-online-zu-verkaufen","24":"first","25":"instock","26":"taxable","27":"shipping-taxable","28":"product-type-simple"},"_links":{"self":[{"href":"https:\/\/webdarkmarketplace.com\/sl\/wp-json\/wp\/v2\/product\/21920","targetHints":{"allow":["GET"]}}],"collection":[{"href":"https:\/\/webdarkmarketplace.com\/sl\/wp-json\/wp\/v2\/product"}],"about":[{"href":"https:\/\/webdarkmarketplace.com\/sl\/wp-json\/wp\/v2\/types\/product"}],"version-history":[{"count":10,"href":"https:\/\/webdarkmarketplace.com\/sl\/wp-json\/wp\/v2\/product\/21920\/revisions"}],"predecessor-version":[{"id":22479,"href":"https:\/\/webdarkmarketplace.com\/sl\/wp-json\/wp\/v2\/product\/21920\/revisions\/22479"}],"wp:featuredmedia":[{"embeddable":true,"href":"https:\/\/webdarkmarketplace.com\/sl\/wp-json\/wp\/v2\/media\/22434"}],"wp:attachment":[{"href":"https:\/\/webdarkmarketplace.com\/sl\/wp-json\/wp\/v2\/media?parent=21920"}],"wp:term":[{"taxonomy":"product_brand","embeddable":true,"href":"https:\/\/webdarkmarketplace.com\/sl\/wp-json\/wp\/v2\/product_brand?post=21920"},{"taxonomy":"product_cat","embeddable":true,"href":"https:\/\/webdarkmarketplace.com\/sl\/wp-json\/wp\/v2\/product_cat?post=21920"},{"taxonomy":"product_tag","embeddable":true,"href":"https:\/\/webdarkmarketplace.com\/sl\/wp-json\/wp\/v2\/product_tag?post=21920"}],"curies":[{"name":"wp","href":"https:\/\/api.w.org\/{rel}","templated":true}]}}