{"id":21931,"date":"2025-04-25T11:02:18","date_gmt":"2025-04-25T11:02:18","guid":{"rendered":"https:\/\/webdarkmarketplace.com\/?post_type=product&#038;p=21931"},"modified":"2025-06-30T11:57:49","modified_gmt":"2025-06-30T11:57:49","slug":"falschgeld-kaufen","status":"publish","type":"product","link":"https:\/\/webdarkmarketplace.com\/sl\/product\/kupite-ponarejen-denar\/","title":{"rendered":"Kupite evro bankovce"},"content":{"rendered":"<h2 style=\"text-align: center;\">Minimalna vrednost naro\u010dila 500 \u20ac za 5000 \u20ac<\/h2>\n<p style=\"text-align: center;\">Kupite ponarejen denar. Kupite ponarejen denar na spletu po zni\u017eanih cenah. Po\u0161iljamo v dr\u017eavi in mednarodno. Varna, to\u010dna in diskretna dostava. Na\u0161i bankovci niso predmet carinskega pregleda, ker uporabljamo diplomatski pe\u010dat. Najdalj\u0161i dobavni rok je 3 dni.<\/p>\n<h2 style=\"text-align: center;\">Uporaba<\/h2>\n<p style=\"text-align: center;\">Vsi na\u0161i bankovci in ra\u010duni slu\u017eijo kot menjalno sredstvo. Uporabite jih lahko v supermarketih, restavracijah, trgovinah z \u017eivili, bencinskih \u010drpalkah, menjalnicah in igralnicah. Uporabite jih lahko za nakup sanjskega doma ali avtomobila. Slu\u017eijo tudi kot obra\u010dunska enota in hranilec vrednosti, kar vam omogo\u010da dolgoro\u010dno var\u010devanje denarja.<\/p>\n<h2 style=\"text-align: center;\">Gol<\/h2>\n<p style=\"text-align: center;\">Na\u0161 glavni cilj je boj proti rev\u0161\u010dini na nacionalni in mednarodni ravni. \u017delimo, da bi lahko vsi uresni\u010dili svoje sanje. Denar bo olaj\u0161al tudi trgovino in izmenjavo. Glede na globalno rev\u0161\u010dino, v kateri ljudje nimajo osnovnih dobrin, kot so hrana, voda in zavetje, lahko kupite in uporabljate na\u0161 ponarejeni denar.<\/p>\n<h2 style=\"text-align: center;\">garancija<\/h2>\n<p style=\"text-align: center;\">Vsi na\u0161i bankovci in ra\u010duni so nesledljivi in neizsledljivi. So razreda AA+ in veljavni dve leti. Po dveh letih se kakovost za\u010dne slab\u0161ati. Priporo\u010damo, da denar porabite v desetih mesecih od prejema. Za \u010di\u0161\u010denje umazanih bankovcev ponujamo SSD raztopino in aktivacijski pra\u0161ek.<\/p>","protected":false},"excerpt":{"rendered":"<h2 style=\"text-align: center;\">Minimalna vrednost naro\u010dila 500 \u20ac za 5000 \u20ac<\/h2>\n<ul id=\"menu-categories\" class=\"menu wd-nav wd-nav-main wd-style-default wd-gap-s wd-offsets-calculated\" style=\"text-align: center;\"><\/ul>","protected":false},"featured_media":22427,"template":"","meta":[],"product_brand":[],"product_cat":[808,71],"product_tag":[970,965,938,922,980,967,950,971,921,952,945,968,942,974,944,975,981,948,969,951,941,939,940,972,982,983,946,978,949,973,976,947,977,943,979,966],"class_list":{"0":"post-21931","1":"product","2":"type-product","3":"status-publish","4":"has-post-thumbnail","6":"product_cat-euro-banknoten","7":"product_cat-falschgeld","8":"product_tag-australische-dollar-jetzt-kaufen","9":"product_tag-ceyrek-kac-euro","10":"product_tag-echtes-falsches-geld-kaufen","11":"product_tag-echtes-falschgeld-kaufen","12":"product_tag-euro-banknoten-zu-verkaufen","13":"product_tag-falschdollar-kaufen","14":"product_tag-falschgeld-euro","15":"product_tag-falschgeld-im-darknet-kaufen","16":"product_tag-falschgeld-kaufen","17":"product_tag-falschgeld-zum-verkauf","18":"product_tag-falschgeld-zum-verkauf-innerhalb-europas","19":"product_tag-falschpfunde-verfuegbar","20":"product_tag-gefaelschte-banknoten-kaufen","21":"product_tag-gefaelschte-euro-zu-verkaufen","22":"product_tag-gefaelschte-euro-zum-verkauf","23":"product_tag-gefaelschte-eurobanknoten-zu-verkaufen","24":"product_tag-gefaelschte-euros-im-dark-web-zu-verkaufen","25":"product_tag-gefaelschte-euros-zum-verkauf","26":"product_tag-gefaelschte-kanadische-dollar-kaufen","27":"product_tag-geldfaelschung","28":"product_tag-hochwertige-euros-zum-verkauf","29":"product_tag-hochwertiges-falschgeld-kaufen","30":"product_tag-hochwertiges-falschgeld-zum-verkauf","31":"product_tag-kaufen-sie-falschgeld","32":"product_tag-kaufen-sie-gefaelschte-euros-auf-youtube","33":"product_tag-kaufen-sie-gefaelschte-euros-im-deep-web","34":"product_tag-kaufen-sie-gefaelschte-euros-in-deutschland","35":"product_tag-kaufen-sie-gefaelschte-euros-online","36":"product_tag-kaufen-sie-gefaelschte-euros-online-falschgeld-kaufen","37":"product_tag-kaufen-sie-hochwertige-euro","38":"product_tag-kaufen-sie-nicht-nachverfolgbare-euros-online","39":"product_tag-legitimer-verkaeufer-von-falschgeld-und-falschgeld","40":"product_tag-nicht-nachverfolgbare-eurobanknoten-und-scheine-zu-verkaufen","41":"product_tag-nicht-nachweisbares-falschgeld-kaufen","42":"product_tag-nicht-zurueckverfolgbare-euros-zu-verkaufen","43":"product_tag-tags-gefaelschte-euros-kaufen","45":"first","46":"instock","47":"taxable","48":"shipping-taxable","49":"product-type-simple"},"_links":{"self":[{"href":"https:\/\/webdarkmarketplace.com\/sl\/wp-json\/wp\/v2\/product\/21931","targetHints":{"allow":["GET"]}}],"collection":[{"href":"https:\/\/webdarkmarketplace.com\/sl\/wp-json\/wp\/v2\/product"}],"about":[{"href":"https:\/\/webdarkmarketplace.com\/sl\/wp-json\/wp\/v2\/types\/product"}],"version-history":[{"count":19,"href":"https:\/\/webdarkmarketplace.com\/sl\/wp-json\/wp\/v2\/product\/21931\/revisions"}],"predecessor-version":[{"id":22432,"href":"https:\/\/webdarkmarketplace.com\/sl\/wp-json\/wp\/v2\/product\/21931\/revisions\/22432"}],"wp:featuredmedia":[{"embeddable":true,"href":"https:\/\/webdarkmarketplace.com\/sl\/wp-json\/wp\/v2\/media\/22427"}],"wp:attachment":[{"href":"https:\/\/webdarkmarketplace.com\/sl\/wp-json\/wp\/v2\/media?parent=21931"}],"wp:term":[{"taxonomy":"product_brand","embeddable":true,"href":"https:\/\/webdarkmarketplace.com\/sl\/wp-json\/wp\/v2\/product_brand?post=21931"},{"taxonomy":"product_cat","embeddable":true,"href":"https:\/\/webdarkmarketplace.com\/sl\/wp-json\/wp\/v2\/product_cat?post=21931"},{"taxonomy":"product_tag","embeddable":true,"href":"https:\/\/webdarkmarketplace.com\/sl\/wp-json\/wp\/v2\/product_tag?post=21931"}],"curies":[{"name":"wp","href":"https:\/\/api.w.org\/{rel}","templated":true}]}}