{"id":22466,"date":"2025-06-20T15:40:24","date_gmt":"2025-06-20T15:40:24","guid":{"rendered":"https:\/\/webdarkmarketplace.com\/?post_type=product&#038;p=22466"},"modified":"2025-06-30T11:57:43","modified_gmt":"2025-06-30T11:57:43","slug":"counterfeit-canadian-dollars","status":"publish","type":"product","link":"https:\/\/webdarkmarketplace.com\/sl\/product\/ponarejeni-kanadski-dolarji\/","title":{"rendered":"Kanadski dolarji"},"content":{"rendered":"<h2 style=\"text-align: center;\"><span style=\"vertical-align: inherit;\"><span style=\"vertical-align: inherit;\">Minimalna vrednost naro\u010dila: 500 CAD za 5000 CAD<\/span><\/span><\/h2>\n<p style=\"text-align: center;\"><span style=\"vertical-align: inherit;\"><span style=\"vertical-align: inherit;\">Kupite ponarejen denar na spletu po zni\u017eanih cenah. Dostavljamo znotraj dr\u017eave in mednarodno. Varna, to\u010dna in diskretna dostava. Na\u0161i bankovci niso predmet carinskega pregleda, ker uporabljamo diplomatski pe\u010dat. Najdalj\u0161i dobavni rok je 3 dni.<\/span><\/span><\/p>\n<h2 style=\"text-align: center;\"><span style=\"vertical-align: inherit;\"><span style=\"vertical-align: inherit;\">Uporaba<\/span><\/span><\/h2>\n<p style=\"text-align: center;\"><span style=\"vertical-align: inherit;\"><span style=\"vertical-align: inherit;\">Vsi na\u0161i bankovci in ra\u010duni slu\u017eijo kot menjalno sredstvo in so na voljo v supermarketih, restavracijah, trgovinah z \u017eivili, bencinskih \u010drpalkah, menjalnicah in igralnicah. Z njimi lahko kupite sanjski dom ali avtomobil. Slu\u017eijo tudi kot obra\u010dunska enota in hranilec vrednosti, kar vam omogo\u010da dolgoro\u010dno var\u010devanje denarja.<\/span><\/span><\/p>\n<h2 style=\"text-align: center;\"><span style=\"vertical-align: inherit;\"><span style=\"vertical-align: inherit;\">cilj<\/span><\/span><\/h2>\n<p style=\"text-align: center;\"><span style=\"vertical-align: inherit;\"><span style=\"vertical-align: inherit;\">Na\u0161 glavni cilj je boj proti rev\u0161\u010dini na nacionalni in mednarodni ravni. \u017delimo, da bi lahko vsi uresni\u010dili svoje sanje. Denar je namenjen tudi olaj\u0161anju trgovine in izmenjave. Glede na globalno rev\u0161\u010dino, v kateri ljudje nimajo osnovnih dobrin, kot so hrana, voda in zavetje, lahko kupite in uporabljate na\u0161 ponarejeni denar.<\/span><\/span><\/p>\n<h2 style=\"text-align: center;\"><span style=\"vertical-align: inherit;\"><span style=\"vertical-align: inherit;\">garancija<\/span><\/span><\/h2>\n<p style=\"text-align: center;\"><span style=\"vertical-align: inherit;\"><span style=\"vertical-align: inherit;\">Vsi na\u0161i bankovci in ra\u010duni so nesledljivi in neizsledljivi. So razreda AA+ in veljavni dve leti. Po dveh letih se kakovost za\u010dne slab\u0161ati. Priporo\u010damo, da denar porabite v desetih mesecih od prejema. Za \u010di\u0161\u010denje umazanih bankovcev ponujamo SSD raztopino in aktivacijski pra\u0161ek.<\/span><\/span><\/p>","protected":false},"excerpt":{"rendered":"<p>Minimalna vrednost naro\u010dila: 500 CAD za 5000 CAD Kupite ponarejen denar na spletu po zni\u017eanih cenah. Po\u0161iljamo v dr\u017eavi in mednarodno.<\/p>","protected":false},"featured_media":22469,"template":"","meta":[],"product_brand":[],"product_cat":[836],"product_tag":[970,1015,967,971,921,968,942,1001,969,1014],"class_list":{"0":"post-22466","1":"product","2":"type-product","3":"status-publish","4":"has-post-thumbnail","6":"product_cat-kanadische-dollar","7":"product_tag-australische-dollar-jetzt-kaufen","8":"product_tag-counterfeit-canadian-dollars","9":"product_tag-falschdollar-kaufen","10":"product_tag-falschgeld-im-darknet-kaufen","11":"product_tag-falschgeld-kaufen","12":"product_tag-falschpfunde-verfuegbar","13":"product_tag-gefaelschte-banknoten-kaufen","14":"product_tag-gefaelschte-euros-kaufen","15":"product_tag-gefaelschte-kanadische-dollar-kaufen","16":"product_tag-kanadische-dollar","18":"first","19":"instock","20":"taxable","21":"shipping-taxable","22":"product-type-simple"},"_links":{"self":[{"href":"https:\/\/webdarkmarketplace.com\/sl\/wp-json\/wp\/v2\/product\/22466","targetHints":{"allow":["GET"]}}],"collection":[{"href":"https:\/\/webdarkmarketplace.com\/sl\/wp-json\/wp\/v2\/product"}],"about":[{"href":"https:\/\/webdarkmarketplace.com\/sl\/wp-json\/wp\/v2\/types\/product"}],"version-history":[{"count":3,"href":"https:\/\/webdarkmarketplace.com\/sl\/wp-json\/wp\/v2\/product\/22466\/revisions"}],"predecessor-version":[{"id":22472,"href":"https:\/\/webdarkmarketplace.com\/sl\/wp-json\/wp\/v2\/product\/22466\/revisions\/22472"}],"wp:featuredmedia":[{"embeddable":true,"href":"https:\/\/webdarkmarketplace.com\/sl\/wp-json\/wp\/v2\/media\/22469"}],"wp:attachment":[{"href":"https:\/\/webdarkmarketplace.com\/sl\/wp-json\/wp\/v2\/media?parent=22466"}],"wp:term":[{"taxonomy":"product_brand","embeddable":true,"href":"https:\/\/webdarkmarketplace.com\/sl\/wp-json\/wp\/v2\/product_brand?post=22466"},{"taxonomy":"product_cat","embeddable":true,"href":"https:\/\/webdarkmarketplace.com\/sl\/wp-json\/wp\/v2\/product_cat?post=22466"},{"taxonomy":"product_tag","embeddable":true,"href":"https:\/\/webdarkmarketplace.com\/sl\/wp-json\/wp\/v2\/product_tag?post=22466"}],"curies":[{"name":"wp","href":"https:\/\/api.w.org\/{rel}","templated":true}]}}