{"id":4400,"date":"2021-10-12T15:51:09","date_gmt":"2021-10-12T15:51:09","guid":{"rendered":"http:\/\/dummy.xtemos.com\/woodmart2\/elementor\/?page_id=4400"},"modified":"2025-04-27T09:54:26","modified_gmt":"2025-04-27T09:54:26","slug":"ueber-uns","status":"publish","type":"page","link":"https:\/\/webdarkmarketplace.com\/tr\/hakkimizda\/","title":{"rendered":"Hakk\u0131m\u0131zda"},"content":{"rendered":"<div data-elementor-type=\"wp-page\" data-elementor-id=\"4400\" class=\"elementor elementor-4400\" data-elementor-post-type=\"page\">\n\t\t\t\t<div class=\"wd-negative-gap elementor-element elementor-element-7c7c544 e-flex e-con-boxed e-con e-parent\" data-id=\"7c7c544\" data-element_type=\"container\">\n\t\t\t\t\t<div class=\"e-con-inner\">\n\t\t<div class=\"elementor-element elementor-element-e7cb5cd e-con-full e-flex e-con e-child\" data-id=\"e7cb5cd\" data-element_type=\"container\">\n\t\t\t\t<div class=\"elementor-element elementor-element-56aec39 elementor-widget elementor-widget-wd_image_or_svg\" data-id=\"56aec39\" data-element_type=\"widget\" data-widget_type=\"wd_image_or_svg.default\">\n\t\t\t\t<div class=\"elementor-widget-container\">\n\t\t\t\t\t\n\t\t<div class=\"wd-image text-left\">\n\t\t\t\t\t\t\t\t<img fetchpriority=\"high\" decoding=\"async\" width=\"720\" height=\"953\" src=\"https:\/\/webdarkmarketplace.com\/wp-content\/uploads\/2025\/04\/WhatsApp-Image-2025-04-24-at-07.42.01_0f65169d.jpg\" class=\"attachment-full size-full\" alt=\"\" srcset=\"https:\/\/webdarkmarketplace.com\/wp-content\/uploads\/2025\/04\/WhatsApp-Image-2025-04-24-at-07.42.01_0f65169d.jpg 720w, https:\/\/webdarkmarketplace.com\/wp-content\/uploads\/2025\/04\/WhatsApp-Image-2025-04-24-at-07.42.01_0f65169d-600x794.jpg 600w, https:\/\/webdarkmarketplace.com\/wp-content\/uploads\/2025\/04\/WhatsApp-Image-2025-04-24-at-07.42.01_0f65169d-150x199.jpg 150w, https:\/\/webdarkmarketplace.com\/wp-content\/uploads\/2025\/04\/WhatsApp-Image-2025-04-24-at-07.42.01_0f65169d-700x927.jpg 700w, https:\/\/webdarkmarketplace.com\/wp-content\/uploads\/2025\/04\/WhatsApp-Image-2025-04-24-at-07.42.01_0f65169d-227x300.jpg 227w, https:\/\/webdarkmarketplace.com\/wp-content\/uploads\/2025\/04\/WhatsApp-Image-2025-04-24-at-07.42.01_0f65169d-604x800.jpg 604w\" sizes=\"(max-width: 720px) 100vw, 720px\" \/>\t\t\t\t\t<\/div>\n\n\t\t\t\t\t\t<\/div>\n\t\t\t\t<\/div>\n\t\t\t\t<\/div>\n\t\t<div class=\"elementor-element elementor-element-97d6084 e-con-full e-flex e-con e-child\" data-id=\"97d6084\" data-element_type=\"container\">\n\t\t\t\t<div class=\"elementor-element elementor-element-98d830b elementor-widget__width-initial wd-width-100 elementor-widget elementor-widget-wd_title\" data-id=\"98d830b\" data-element_type=\"widget\" data-widget_type=\"wd_title.default\">\n\t\t\t\t<div class=\"elementor-widget-container\">\n\t\t\t\t\t\t\t<div class=\"title-wrapper wd-set-mb reset-last-child wd-title-color-primary wd-title-style-default wd-title-size-large text-left\">\n\n\t\t\t\n\t\t\t<div class=\"liner-continer\">\n\t\t\t\t<h4 class=\"woodmart-title-container title wd-fontsize-xxl\">Online ma\u011fazam\u0131z hakk\u0131nda<\/h4> \n\t\t\t\t\t\t\t<\/div>\n\n\t\t\t\t\t<\/div>\n\t\t\t\t\t\t<\/div>\n\t\t\t\t<\/div>\n\t\t\t\t<div class=\"elementor-element elementor-element-66e47ad elementor-widget elementor-widget-wd_text_block\" data-id=\"66e47ad\" data-element_type=\"widget\" data-widget_type=\"wd_text_block.default\">\n\t\t\t\t<div class=\"elementor-widget-container\">\n\t\t\t\t\t\t\t<div class=\"wd-text-block reset-last-child text-left\">\n\t\t\t\n\t\t\t<p><span style=\"color: #000000;\">Euro Online Buy olarak, k\u00fcresel pazarda bizi pazar lideri yapan t\u00fcm \u00f6zelliklere sahip kusursuz sahte banknotlar \u00fcretiyoruz. Euro Online Buy, d\u00fcnya \u00e7ap\u0131ndaki para birimlerinin t\u00fcm g\u00fcvenlik \u00f6zelliklerini bar\u0131nd\u0131ran banknotlar\u0131 basmak i\u00e7in ileri teknolojiler, web uygulamalar\u0131 ve ileri teknoloji \u00e7\u00f6z\u00fcmleri kullan\u0131r.<\/span><\/p>\n\t\t\t\t\t<\/div>\n\t\t\t\t\t\t<\/div>\n\t\t\t\t<\/div>\n\t\t\t\t<\/div>\n\t\t\t\t\t<\/div>\n\t\t\t\t<\/div>\n\t\t<div class=\"wd-negative-gap elementor-element elementor-element-8481c26 e-flex e-con-boxed e-con e-parent\" data-id=\"8481c26\" data-element_type=\"container\">\n\t\t\t\t\t<div class=\"e-con-inner\">\n\t\t\t\t<div class=\"elementor-element elementor-element-d66a211 wd-width-100 elementor-widget elementor-widget-wd_title\" data-id=\"d66a211\" data-element_type=\"widget\" data-widget_type=\"wd_title.default\">\n\t\t\t\t<div class=\"elementor-widget-container\">\n\t\t\t\t\t\t\t<div class=\"title-wrapper wd-set-mb reset-last-child wd-title-color-primary wd-title-style-default wd-title-size-large text-center\">\n\n\t\t\t\t\t\t\t\t\t\t\t<div class=\"title-subtitle subtitle-color-primary subtitle-style-default wd-fontsize-xs\">\n\t\t\t\t\tB\u0130Z\u0130M HAKKIMIZDA KEL\u0130MELER\t\t\t\t<\/div>\n\t\t\t\n\t\t\t<div class=\"liner-continer\">\n\t\t\t\t<h4 class=\"woodmart-title-container title wd-fontsize-xxl\">B\u0130Z\u0130M HAKKIMIZDA KEL\u0130MELER<\/h4> \n\t\t\t\t\t\t\t<\/div>\n\n\t\t\t\t\t\t\t<div class=\"title-after_title reset-last-child wd-fontsize-s\">\n\t\t\t\t\t<p><span style=\"color: #000000\">T\u00fcm para birimlerinde sahte para i\u00e7in g\u00fcvenilir kaynak USD, Euro, Pound, CAD, AUD, Dirhem ve daha fazlas\u0131 dahil olmak \u00fczere ana mezheplerde y\u00fcksek kaliteli sahte paran\u0131n en g\u00fcvenilir tedarik\u00e7ilerinden biri olan Buy Euro Online&#039;a ho\u015f geldiniz. Anonim bir kurulu\u015f olarak, ger\u00e7ek\u00e7i sahte para \u00fcretiminde uzmanla\u015fm\u0131\u015f, d\u00fcnya \u00e7ap\u0131ndaki nitelikli tedarik\u00e7ilerden olu\u015fan bir a\u011f arac\u0131l\u0131\u011f\u0131yla \u00e7al\u0131\u015f\u0131yoruz. \u00dcr\u00fcnlerimiz \u00e7e\u015fitli finansal ihtiya\u00e7lar\u0131 desteklemek \u00fczere tasarlanm\u0131\u015ft\u0131r, \u00f6rne\u011fin: i\u015fletme finansman\u0131, kredi geri \u00f6demesi, tatil, l\u00fcks ya\u015fam tarz\u0131 ve ki\u015fisel finansal zorluklar\u0131n \u00e7\u00f6z\u00fcm\u00fc.<\/span><\/p><p><span style=\"color: #000000\">Bask\u0131 hizmetlerimiz ve acentelerimiz, Miami (ABD), Londra (\u0130ngiltere), Paris (Fransa), Berlin (Almanya), Bel\u00e7ika, \u0130spanya, Dubai, Sidney (Avustralya), Japonya ve Avusturya dahil olmak \u00fczere d\u00fcnyan\u0131n b\u00fcy\u00fck \u015fehirlerinde stratejik olarak konumland\u0131r\u0131lm\u0131\u015ft\u0131r. Adresinize h\u0131zl\u0131 ve gizli teslimat sa\u011fl\u0131yoruz ve herhangi bir yasal veya g\u00fcmr\u00fck komplikasyonunun \u00f6n\u00fcne ge\u00e7mek i\u00e7in s\u0131k\u0131 \u00f6nlemler al\u0131yoruz. Nerede olursan\u0131z olun, verimli bir \u015fekilde teslimat yap\u0131yoruz; sadece destek ekibimizin talimatlar\u0131n\u0131 izleyin. USD, Pound, Euro, Kuveyt Dinar\u0131 ve CFA gibi bir\u00e7ok para biriminde kusursuz ger\u00e7ek\u00e7i sahte banknotlar olu\u015fturma konusunda uzmanla\u015fm\u0131\u015f 100&#039;den fazla e\u011fitimli ve kendini i\u015fine adam\u0131\u015f profesyonelden olu\u015fan bir ekibiz. Misyonumuz, ger\u00e7ek sahte paray\u0131 \u00e7evrimi\u00e7i edinme s\u00fcrecini kolayla\u015ft\u0131rmak ve eri\u015filebilirlik konusundaki as\u0131rlard\u0131r s\u00fcregelen ikileme bir \u00e7\u00f6z\u00fcm sunmakt\u0131r. \u00d6zenle haz\u0131rlanm\u0131\u015f banknotlar\u0131m\u0131z, UV ve penetrasyon testlerinden sorunsuz bir \u015fekilde ge\u00e7ecek \u015fekilde tasarlanm\u0131\u015ft\u0131r ve \u00e7\u0131plak g\u00f6zle fark edilemez.<\/span><\/p><p><span style=\"color: #000000\">M\u00fc\u015fterilerimiz genellikle faturalar\u0131m\u0131z\u0131n do\u011frulanabilir ve taranabilir olup olmad\u0131\u011f\u0131n\u0131 soruyorlar. Piyasadaki lider \u00e7evrimi\u00e7i sa\u011flay\u0131c\u0131lardan biri olarak, t\u00fcm faturalar\u0131m\u0131z\u0131n titiz testlerden ge\u00e7mesini sa\u011fl\u0131yoruz. Dayan\u0131kl\u0131l\u0131k ve orijinalliklerini garanti alt\u0131na almak i\u00e7in UV \u0131\u015f\u0131\u011f\u0131, ATM&#039;ler, bankac\u0131l\u0131k sistemleri, kalem testleri ve hatta a\u015f\u0131r\u0131 hava ko\u015fullar\u0131na maruz b\u0131rak\u0131larak do\u011frulan\u0131rlar. Bu, param\u0131z\u0131n m\u00fc\u015fterilerimize teslim edilmeden \u00f6nce de\u011ferini ve kalitesini korumas\u0131n\u0131 garanti eder.<\/span><br \/><br \/><span style=\"color: #000000\">Endi\u015felenmeyin \u00e7\u00fcnk\u00fc Euro Online Buy, yakalanma korkusu ya\u015famadan her t\u00fcrl\u00fc d\u00fckkanda veya ma\u011fazada kullanabilece\u011finiz sahte para sat\u0131\u015f\u0131 sa\u011flayarak t\u00fcm bu s\u0131k\u0131nt\u0131lar\u0131 ortadan kald\u0131rmak i\u00e7in burada. Dolay\u0131s\u0131yla, e\u011fer maddi ihtiya\u00e7lar\u0131n\u0131z\u0131 kar\u015f\u0131layam\u0131yorsan\u0131z, hemen bizimle ileti\u015fime ge\u00e7erek senetlerinizi \u00e7ok uygun fiyatlarla alabilirsiniz. Hakk\u0131m\u0131zda bilgi sahibi olmak, bir yat\u0131r\u0131mc\u0131n\u0131n ba\u015f\u0131na gelebilecek en iyi \u015feylerden biri olabilir.<\/span><\/p>\t\t\t\t<\/div>\n\t\t\t\t\t<\/div>\n\t\t\t\t\t\t<\/div>\n\t\t\t\t<\/div>\n\t\t\t\t\t<\/div>\n\t\t\t\t<\/div>\n\t\t<div class=\"wd-negative-gap elementor-element elementor-element-0aaf669 wd-section-stretch e-flex e-con-boxed e-con e-parent\" data-id=\"0aaf669\" data-element_type=\"container\" data-settings=\"{&quot;background_background&quot;:&quot;classic&quot;}\">\n\t\t\t\t\t<div class=\"e-con-inner\">\n\t\t<div class=\"elementor-element elementor-element-49529c7 color-scheme-light e-con-full e-flex e-con e-child\" data-id=\"49529c7\" data-element_type=\"container\">\n\t\t\t\t<div class=\"elementor-element elementor-element-95c7bfa wd-width-100 elementor-widget elementor-widget-wd_title\" data-id=\"95c7bfa\" data-element_type=\"widget\" data-widget_type=\"wd_title.default\">\n\t\t\t\t<div class=\"elementor-widget-container\">\n\t\t\t\t\t\t\t<div class=\"title-wrapper wd-set-mb reset-last-child wd-title-color-primary wd-title-style-default wd-title-size-large text-left\">\n\n\t\t\t\n\t\t\t<div class=\"liner-continer\">\n\t\t\t\t<h4 class=\"woodmart-title-container title wd-fontsize-xxl\">Planlaman\u0131n her a\u015famas\u0131yla ilgileniyoruz<\/h4> \n\t\t\t\t\t\t\t<\/div>\n\n\t\t\t\t\t<\/div>\n\t\t\t\t\t\t<\/div>\n\t\t\t\t<\/div>\n\t\t\t\t<div class=\"elementor-element elementor-element-d714b41 elementor-widget elementor-widget-wd_button\" data-id=\"d714b41\" data-element_type=\"widget\" data-widget_type=\"wd_button.default\">\n\t\t\t\t<div class=\"elementor-widget-container\">\n\t\t\t\t\t\t\t<div class=\"wd-button-wrapper text-left\" >\n\t\t\t<a class=\"btn btn-style-link btn-shape- btn-size-default btn-color-white btn-icon-pos-right\"  href=\"#\">\n\t\t\t\t<span class=\"wd-btn-text\" data-elementor-setting-key=\"text\">\n\t\t\t\t\tBUNU S\u0130Z\u0130N \u0130\u00c7\u0130N SEVG\u0130YLE YAPIYORUZ\t\t\t\t<\/span>\n\n\t\t\t\t\t\t\t<\/a>\n\t\t<\/div>\n\t\t\t\t\t\t<\/div>\n\t\t\t\t<\/div>\n\t\t\t\t<\/div>\n\t\t<div class=\"elementor-element elementor-element-112f98a e-con-full e-flex e-con e-child\" data-id=\"112f98a\" data-element_type=\"container\">\n\t\t<div class=\"elementor-element elementor-element-48c7dd1 e-con-full e-flex e-con e-child\" data-id=\"48c7dd1\" data-element_type=\"container\">\n\t\t<div class=\"elementor-element elementor-element-54eb2d3 e-con-full e-flex e-con e-child\" data-id=\"54eb2d3\" data-element_type=\"container\">\n\t\t\t\t<div class=\"elementor-element elementor-element-14ff076 elementor-widget elementor-widget-wd_counter\" data-id=\"14ff076\" data-element_type=\"widget\" data-widget_type=\"wd_counter.default\">\n\t\t\t\t<div class=\"elementor-widget-container\">\n\t\t\t\t\t\t\t<div class=\"woodmart-counter counter-large text-center color-scheme-light\">\n\t\t\t<div class=\"counter-value\" data-state=\"new\" data-final=\"2010\">\n\t\t\t\t0\t\t\t<\/div>\n\n\t\t\t\t\t\t\t<div class=\"counter-label\">\n\t\t\t\t\tKURULU\u015e YILI\t\t\t\t<\/div>\n\t\t\t\t\t<\/div>\n\t\t\t\t\t\t<\/div>\n\t\t\t\t<\/div>\n\t\t\t\t<\/div>\n\t\t<div class=\"elementor-element elementor-element-668ca24 e-con-full e-flex e-con e-child\" data-id=\"668ca24\" data-element_type=\"container\">\n\t\t\t\t<div class=\"elementor-element elementor-element-da35035 elementor-widget elementor-widget-wd_counter\" data-id=\"da35035\" data-element_type=\"widget\" data-widget_type=\"wd_counter.default\">\n\t\t\t\t<div class=\"elementor-widget-container\">\n\t\t\t\t\t\t\t<div class=\"woodmart-counter counter-large text-center color-scheme-light\">\n\t\t\t<div class=\"counter-value\" data-state=\"new\" data-final=\"2000\">\n\t\t\t\t0\t\t\t<\/div>\n\n\t\t\t\t\t\t\t<div class=\"counter-label\">\n\t\t\t\t\tMEMNUN M\u00dc\u015eTER\u0130LER\t\t\t\t<\/div>\n\t\t\t\t\t<\/div>\n\t\t\t\t\t\t<\/div>\n\t\t\t\t<\/div>\n\t\t\t\t<\/div>\n\t\t\t\t<\/div>\n\t\t<div class=\"elementor-element elementor-element-6b5c35a e-con-full e-flex e-con e-child\" data-id=\"6b5c35a\" data-element_type=\"container\">\n\t\t<div class=\"elementor-element elementor-element-214e692 e-con-full e-flex e-con e-child\" data-id=\"214e692\" data-element_type=\"container\">\n\t\t\t\t<div class=\"elementor-element elementor-element-168ddab elementor-widget elementor-widget-wd_counter\" data-id=\"168ddab\" data-element_type=\"widget\" data-widget_type=\"wd_counter.default\">\n\t\t\t\t<div class=\"elementor-widget-container\">\n\t\t\t\t\t\t\t<div class=\"woodmart-counter counter-large text-center color-scheme-light\">\n\t\t\t<div class=\"counter-value\" data-state=\"new\" data-final=\"190\">\n\t\t\t\t0\t\t\t<\/div>\n\n\t\t\t\t\t\t\t<div class=\"counter-label\">\n\t\t\t\t\tB\u0130Z\u0130MLE \u00c7ALI\u015eAN \u015e\u0130RKETLER\t\t\t\t<\/div>\n\t\t\t\t\t<\/div>\n\t\t\t\t\t\t<\/div>\n\t\t\t\t<\/div>\n\t\t\t\t<\/div>\n\t\t<div class=\"elementor-element elementor-element-214de82 e-con-full e-flex e-con e-child\" data-id=\"214de82\" data-element_type=\"container\">\n\t\t\t\t<div class=\"elementor-element elementor-element-3444280 elementor-widget elementor-widget-wd_counter\" data-id=\"3444280\" data-element_type=\"widget\" data-widget_type=\"wd_counter.default\">\n\t\t\t\t<div class=\"elementor-widget-container\">\n\t\t\t\t\t\t\t<div class=\"woodmart-counter counter-large text-center color-scheme-light\">\n\t\t\t<div class=\"counter-value\" data-state=\"new\" data-final=\"2\">\n\t\t\t\t0\t\t\t<\/div>\n\n\t\t\t\t\t\t\t<div class=\"counter-label\">\n\t\t\t\t\tOF\u0130SLER\t\t\t\t<\/div>\n\t\t\t\t\t<\/div>\n\t\t\t\t\t\t<\/div>\n\t\t\t\t<\/div>\n\t\t\t\t<\/div>\n\t\t\t\t<\/div>\n\t\t<div class=\"elementor-element elementor-element-2d29667 e-con-full e-flex e-con e-child\" data-id=\"2d29667\" data-element_type=\"container\">\n\t\t<div class=\"elementor-element elementor-element-9b12710 e-con-full e-flex e-con e-child\" data-id=\"9b12710\" data-element_type=\"container\">\n\t\t\t\t<div class=\"elementor-element elementor-element-f4d40e8 elementor-widget elementor-widget-wd_counter\" data-id=\"f4d40e8\" data-element_type=\"widget\" data-widget_type=\"wd_counter.default\">\n\t\t\t\t<div class=\"elementor-widget-container\">\n\t\t\t\t\t\t\t<div class=\"woodmart-counter counter-large text-center color-scheme-light\">\n\t\t\t<div class=\"counter-value\" data-state=\"new\" data-final=\"21\">\n\t\t\t\t0\t\t\t<\/div>\n\n\t\t\t\t\t\t\t<div class=\"counter-label\">\n\t\t\t\t\tTAKIM \u00dcYELER\u0130\t\t\t\t<\/div>\n\t\t\t\t\t<\/div>\n\t\t\t\t\t\t<\/div>\n\t\t\t\t<\/div>\n\t\t\t\t<\/div>\n\t\t<div class=\"elementor-element elementor-element-cc152f4 e-con-full e-flex e-con e-child\" data-id=\"cc152f4\" data-element_type=\"container\">\n\t\t\t\t<div class=\"elementor-element elementor-element-d17999d elementor-widget elementor-widget-wd_counter\" data-id=\"d17999d\" data-element_type=\"widget\" data-widget_type=\"wd_counter.default\">\n\t\t\t\t<div class=\"elementor-widget-container\">\n\t\t\t\t\t\t\t<div class=\"woodmart-counter counter-large text-center color-scheme-light\">\n\t\t\t<div class=\"counter-value\" data-state=\"new\" data-final=\"750\">\n\t\t\t\t0\t\t\t<\/div>\n\n\t\t\t\t\t\t\t<div class=\"counter-label\">\n\t\t\t\t\tTAMAMLANMI\u015e PROJELER\t\t\t\t<\/div>\n\t\t\t\t\t<\/div>\n\t\t\t\t\t\t<\/div>\n\t\t\t\t<\/div>\n\t\t\t\t<\/div>\n\t\t\t\t<\/div>\n\t\t\t\t<\/div>\n\t\t\t\t\t<\/div>\n\t\t\t\t<\/div>\n\t\t\t\t<\/div>","protected":false},"excerpt":{"rendered":"<p>Euro Online Buy adl\u0131 online ma\u011fazam\u0131z arac\u0131l\u0131\u011f\u0131yla, bizi pazar lideri yapan t\u00fcm karakteristik \u00f6zelliklere sahip kusursuz sahte banknotlar \u00fcretiyoruz.<\/p>","protected":false},"author":1,"featured_media":0,"parent":0,"menu_order":0,"comment_status":"closed","ping_status":"closed","template":"","meta":{"footnotes":""},"class_list":["post-4400","page","type-page","status-publish","hentry"],"amp_enabled":true,"_links":{"self":[{"href":"https:\/\/webdarkmarketplace.com\/tr\/wp-json\/wp\/v2\/pages\/4400","targetHints":{"allow":["GET"]}}],"collection":[{"href":"https:\/\/webdarkmarketplace.com\/tr\/wp-json\/wp\/v2\/pages"}],"about":[{"href":"https:\/\/webdarkmarketplace.com\/tr\/wp-json\/wp\/v2\/types\/page"}],"author":[{"embeddable":true,"href":"https:\/\/webdarkmarketplace.com\/tr\/wp-json\/wp\/v2\/users\/1"}],"replies":[{"embeddable":true,"href":"https:\/\/webdarkmarketplace.com\/tr\/wp-json\/wp\/v2\/comments?post=4400"}],"version-history":[{"count":10,"href":"https:\/\/webdarkmarketplace.com\/tr\/wp-json\/wp\/v2\/pages\/4400\/revisions"}],"predecessor-version":[{"id":22129,"href":"https:\/\/webdarkmarketplace.com\/tr\/wp-json\/wp\/v2\/pages\/4400\/revisions\/22129"}],"wp:attachment":[{"href":"https:\/\/webdarkmarketplace.com\/tr\/wp-json\/wp\/v2\/media?parent=4400"}],"curies":[{"name":"wp","href":"https:\/\/api.w.org\/{rel}","templated":true}]}}