{"id":21824,"date":"2025-04-25T11:01:40","date_gmt":"2025-04-25T11:01:40","guid":{"rendered":"https:\/\/webdarkmarketplace.com\/?post_type=product&#038;p=21824"},"modified":"2025-06-30T11:57:54","modified_gmt":"2025-06-30T11:57:54","slug":"industrial-ssd-solution","status":"publish","type":"product","link":"https:\/\/webdarkmarketplace.com\/tr\/product\/para-destek-parasi\/","title":{"rendered":"SSD \u00e7\u00f6zelti kimyas\u0131 ve aktivasyon tozu"},"content":{"rendered":"<h2 style=\"text-align: center;\">Kirli banknot ve banknotlar\u0131n temizli\u011fi i\u00e7in SSD sol\u00fcsyonu ve aktivasyon tozu. 1000 $ i\u00e7in 1 litre<\/h2>\n<h2 style=\"text-align: center;\">\u00c7e\u015fitli<\/h2>\n<p style=\"text-align: center;\">Siyah, k\u0131rm\u0131z\u0131 ve beyaz banknotlar dahil olmak \u00fczere her t\u00fcrl\u00fc kirli banknot ve banknotu temizlemek i\u00e7in SSD sol\u00fcsyonu ve aktivasyon tozu sunuyoruz. Aktivasyon tozu da mevcuttur. Ayr\u0131ca \u00c7in yuan\u0131, \u0130sve\u00e7 kronu, dinar ve daha bir\u00e7ok para birimini de ta\u015f\u0131yoruz.<\/p>\n<h2 style=\"text-align: center;\">depolamak<\/h2>\n<p style=\"text-align: center;\">Bu kimyasal serin, kuru ve karanl\u0131k bir yerde, do\u011frudan g\u00fcne\u015f \u0131\u015f\u0131\u011f\u0131ndan uzakta ve s\u0131k\u0131ca kapat\u0131lm\u0131\u015f kaplarda saklanmal\u0131d\u0131r. \u00c7ocuklar\u0131n eri\u015femeyece\u011fi yerlerde saklay\u0131n.<\/p>","protected":false},"excerpt":{"rendered":"<h2 style=\"text-align: center;\"><span style=\"vertical-align: inherit;\"><span style=\"vertical-align: inherit;\">Kirli banknot ve banknotlar\u0131n temizli\u011fi i\u00e7in SSD sol\u00fcsyonu ve aktivasyon tozu. 1 litre $1,000<\/span><\/span><\/h2>","protected":false},"featured_media":22450,"template":"","meta":[],"product_brand":[],"product_cat":[1002],"product_tag":[],"class_list":{"0":"post-21824","1":"product","2":"type-product","3":"status-publish","4":"has-post-thumbnail","6":"product_cat-ssd-solutions","8":"first","9":"instock","10":"taxable","11":"shipping-taxable","12":"product-type-simple"},"_links":{"self":[{"href":"https:\/\/webdarkmarketplace.com\/tr\/wp-json\/wp\/v2\/product\/21824","targetHints":{"allow":["GET"]}}],"collection":[{"href":"https:\/\/webdarkmarketplace.com\/tr\/wp-json\/wp\/v2\/product"}],"about":[{"href":"https:\/\/webdarkmarketplace.com\/tr\/wp-json\/wp\/v2\/types\/product"}],"version-history":[{"count":15,"href":"https:\/\/webdarkmarketplace.com\/tr\/wp-json\/wp\/v2\/product\/21824\/revisions"}],"predecessor-version":[{"id":22458,"href":"https:\/\/webdarkmarketplace.com\/tr\/wp-json\/wp\/v2\/product\/21824\/revisions\/22458"}],"wp:featuredmedia":[{"embeddable":true,"href":"https:\/\/webdarkmarketplace.com\/tr\/wp-json\/wp\/v2\/media\/22450"}],"wp:attachment":[{"href":"https:\/\/webdarkmarketplace.com\/tr\/wp-json\/wp\/v2\/media?parent=21824"}],"wp:term":[{"taxonomy":"product_brand","embeddable":true,"href":"https:\/\/webdarkmarketplace.com\/tr\/wp-json\/wp\/v2\/product_brand?post=21824"},{"taxonomy":"product_cat","embeddable":true,"href":"https:\/\/webdarkmarketplace.com\/tr\/wp-json\/wp\/v2\/product_cat?post=21824"},{"taxonomy":"product_tag","embeddable":true,"href":"https:\/\/webdarkmarketplace.com\/tr\/wp-json\/wp\/v2\/product_tag?post=21824"}],"curies":[{"name":"wp","href":"https:\/\/api.w.org\/{rel}","templated":true}]}}