{"id":21931,"date":"2025-04-25T11:02:18","date_gmt":"2025-04-25T11:02:18","guid":{"rendered":"https:\/\/webdarkmarketplace.com\/?post_type=product&#038;p=21931"},"modified":"2025-06-30T11:57:49","modified_gmt":"2025-06-30T11:57:49","slug":"falschgeld-kaufen","status":"publish","type":"product","link":"https:\/\/webdarkmarketplace.com\/tr\/product\/sahte-para-satin-al\/","title":{"rendered":"Euro banknotlar\u0131 sat\u0131n al"},"content":{"rendered":"<h2 style=\"text-align: center;\">5000 \u20ac i\u00e7in minimum sipari\u015f tutar\u0131 500 \u20ac<\/h2>\n<p style=\"text-align: center;\">Sahte para sat\u0131n al\u0131n. \u0130ndirimli fiyatlarla \u00e7evrimi\u00e7i sahte para sat\u0131n al\u0131n. Ulusal ve uluslararas\u0131 g\u00f6nderim yap\u0131yoruz. G\u00fcvenli, dakik ve gizli teslimat. Banknotlar\u0131m\u0131z diplomatik m\u00fchr\u00fc kulland\u0131\u011f\u0131m\u0131z i\u00e7in g\u00fcmr\u00fck denetimine tabi de\u011fildir. Maksimum teslimat s\u00fcresi 3 g\u00fcnd\u00fcr.<\/p>\n<h2 style=\"text-align: center;\">Ba\u015fvuru<\/h2>\n<p style=\"text-align: center;\">T\u00fcm banknotlar\u0131m\u0131z ve banknotlar\u0131m\u0131z bir de\u011fi\u015fim arac\u0131 olarak hizmet eder. Bunlar\u0131 s\u00fcpermarketlerde, restoranlarda, marketlerde, benzin istasyonlar\u0131nda, d\u00f6viz b\u00fcrolar\u0131nda ve kumarhanelerde kullanabilirsiniz. Bunlar\u0131 hayalinizdeki evi veya arabay\u0131 sat\u0131n almak i\u00e7in kullanabilirsiniz. Ayr\u0131ca bir hesap birimi ve de\u011fer deposu olarak hizmet eder ve paray\u0131 uzun vadede biriktirmenizi sa\u011flar.<\/p>\n<h2 style=\"text-align: center;\">Ama\u00e7<\/h2>\n<p style=\"text-align: center;\">Ana hedefimiz ulusal ve uluslararas\u0131 d\u00fczeyde yoksullukla m\u00fccadele etmektir. Herkesin hayallerini ger\u00e7ekle\u015ftirebilmesini istiyoruz. Para ayr\u0131ca ticareti ve al\u0131\u015fveri\u015fi kolayla\u015ft\u0131racakt\u0131r. \u0130nsanlar\u0131n yiyecek, su ve bar\u0131nak gibi temel ihtiya\u00e7lardan yoksun oldu\u011fu k\u00fcresel yoksulluk g\u00f6z \u00f6n\u00fcne al\u0131nd\u0131\u011f\u0131nda, sahte param\u0131z\u0131 sat\u0131n alabilir ve kullanabilirsiniz.<\/p>\n<h2 style=\"text-align: center;\">garanti<\/h2>\n<p style=\"text-align: center;\">T\u00fcm banknotlar\u0131m\u0131z ve banknotlar\u0131m\u0131z izlenemez ve takip edilemezdir. AA+ s\u0131n\u0131f\u0131ndad\u0131r ve iki y\u0131l ge\u00e7erlidir. \u0130ki y\u0131ldan sonra kalite bozulmaya ba\u015flar. Paray\u0131 teslim al\u0131nd\u0131ktan sonraki on ay i\u00e7inde kullanman\u0131z\u0131 \u00f6neririz. Kirli banknotlar\u0131 temizlemek i\u00e7in SSD sol\u00fcsyonu ve aktivasyon tozu sunuyoruz.<\/p>","protected":false},"excerpt":{"rendered":"<h2 style=\"text-align: center;\">5000 \u20ac i\u00e7in minimum sipari\u015f tutar\u0131 500 \u20ac<\/h2>\n<ul id=\"menu-categories\" class=\"menu wd-nav wd-nav-main wd-style-default wd-gap-s wd-offsets-calculated\" style=\"text-align: center;\"><\/ul>","protected":false},"featured_media":22427,"template":"","meta":[],"product_brand":[],"product_cat":[808,71],"product_tag":[970,965,938,922,980,967,950,971,921,952,945,968,942,974,944,975,981,948,969,951,941,939,940,972,982,983,946,978,949,973,976,947,977,943,979,966],"class_list":{"0":"post-21931","1":"product","2":"type-product","3":"status-publish","4":"has-post-thumbnail","6":"product_cat-euro-banknoten","7":"product_cat-falschgeld","8":"product_tag-australische-dollar-jetzt-kaufen","9":"product_tag-ceyrek-kac-euro","10":"product_tag-echtes-falsches-geld-kaufen","11":"product_tag-echtes-falschgeld-kaufen","12":"product_tag-euro-banknoten-zu-verkaufen","13":"product_tag-falschdollar-kaufen","14":"product_tag-falschgeld-euro","15":"product_tag-falschgeld-im-darknet-kaufen","16":"product_tag-falschgeld-kaufen","17":"product_tag-falschgeld-zum-verkauf","18":"product_tag-falschgeld-zum-verkauf-innerhalb-europas","19":"product_tag-falschpfunde-verfuegbar","20":"product_tag-gefaelschte-banknoten-kaufen","21":"product_tag-gefaelschte-euro-zu-verkaufen","22":"product_tag-gefaelschte-euro-zum-verkauf","23":"product_tag-gefaelschte-eurobanknoten-zu-verkaufen","24":"product_tag-gefaelschte-euros-im-dark-web-zu-verkaufen","25":"product_tag-gefaelschte-euros-zum-verkauf","26":"product_tag-gefaelschte-kanadische-dollar-kaufen","27":"product_tag-geldfaelschung","28":"product_tag-hochwertige-euros-zum-verkauf","29":"product_tag-hochwertiges-falschgeld-kaufen","30":"product_tag-hochwertiges-falschgeld-zum-verkauf","31":"product_tag-kaufen-sie-falschgeld","32":"product_tag-kaufen-sie-gefaelschte-euros-auf-youtube","33":"product_tag-kaufen-sie-gefaelschte-euros-im-deep-web","34":"product_tag-kaufen-sie-gefaelschte-euros-in-deutschland","35":"product_tag-kaufen-sie-gefaelschte-euros-online","36":"product_tag-kaufen-sie-gefaelschte-euros-online-falschgeld-kaufen","37":"product_tag-kaufen-sie-hochwertige-euro","38":"product_tag-kaufen-sie-nicht-nachverfolgbare-euros-online","39":"product_tag-legitimer-verkaeufer-von-falschgeld-und-falschgeld","40":"product_tag-nicht-nachverfolgbare-eurobanknoten-und-scheine-zu-verkaufen","41":"product_tag-nicht-nachweisbares-falschgeld-kaufen","42":"product_tag-nicht-zurueckverfolgbare-euros-zu-verkaufen","43":"product_tag-tags-gefaelschte-euros-kaufen","45":"first","46":"instock","47":"taxable","48":"shipping-taxable","49":"product-type-simple"},"_links":{"self":[{"href":"https:\/\/webdarkmarketplace.com\/tr\/wp-json\/wp\/v2\/product\/21931","targetHints":{"allow":["GET"]}}],"collection":[{"href":"https:\/\/webdarkmarketplace.com\/tr\/wp-json\/wp\/v2\/product"}],"about":[{"href":"https:\/\/webdarkmarketplace.com\/tr\/wp-json\/wp\/v2\/types\/product"}],"version-history":[{"count":19,"href":"https:\/\/webdarkmarketplace.com\/tr\/wp-json\/wp\/v2\/product\/21931\/revisions"}],"predecessor-version":[{"id":22432,"href":"https:\/\/webdarkmarketplace.com\/tr\/wp-json\/wp\/v2\/product\/21931\/revisions\/22432"}],"wp:featuredmedia":[{"embeddable":true,"href":"https:\/\/webdarkmarketplace.com\/tr\/wp-json\/wp\/v2\/media\/22427"}],"wp:attachment":[{"href":"https:\/\/webdarkmarketplace.com\/tr\/wp-json\/wp\/v2\/media?parent=21931"}],"wp:term":[{"taxonomy":"product_brand","embeddable":true,"href":"https:\/\/webdarkmarketplace.com\/tr\/wp-json\/wp\/v2\/product_brand?post=21931"},{"taxonomy":"product_cat","embeddable":true,"href":"https:\/\/webdarkmarketplace.com\/tr\/wp-json\/wp\/v2\/product_cat?post=21931"},{"taxonomy":"product_tag","embeddable":true,"href":"https:\/\/webdarkmarketplace.com\/tr\/wp-json\/wp\/v2\/product_tag?post=21931"}],"curies":[{"name":"wp","href":"https:\/\/api.w.org\/{rel}","templated":true}]}}