{"id":22466,"date":"2025-06-20T15:40:24","date_gmt":"2025-06-20T15:40:24","guid":{"rendered":"https:\/\/webdarkmarketplace.com\/?post_type=product&#038;p=22466"},"modified":"2025-06-30T11:57:43","modified_gmt":"2025-06-30T11:57:43","slug":"counterfeit-canadian-dollars","status":"publish","type":"product","link":"https:\/\/webdarkmarketplace.com\/tr\/product\/sahte-kanada-dolari\/","title":{"rendered":"Kanada dolar\u0131"},"content":{"rendered":"<h2 style=\"text-align: center;\"><span style=\"vertical-align: inherit;\"><span style=\"vertical-align: inherit;\">Minimum sipari\u015f de\u011feri: 5000 CAD i\u00e7in 500 CAD<\/span><\/span><\/h2>\n<p style=\"text-align: center;\"><span style=\"vertical-align: inherit;\"><span style=\"vertical-align: inherit;\">Sahte paray\u0131 indirimli fiyatlarla \u00e7evrimi\u00e7i sat\u0131n al\u0131n. Ulusal ve uluslararas\u0131 g\u00f6nderim yap\u0131yoruz. G\u00fcvenli, dakik ve gizli teslimat. Banknotlar\u0131m\u0131z diplomatik m\u00fchr\u00fc kulland\u0131\u011f\u0131m\u0131z i\u00e7in g\u00fcmr\u00fck denetimine tabi de\u011fildir. Maksimum teslimat s\u00fcresi 3 g\u00fcnd\u00fcr.<\/span><\/span><\/p>\n<h2 style=\"text-align: center;\"><span style=\"vertical-align: inherit;\"><span style=\"vertical-align: inherit;\">Ba\u015fvuru<\/span><\/span><\/h2>\n<p style=\"text-align: center;\"><span style=\"vertical-align: inherit;\"><span style=\"vertical-align: inherit;\">T\u00fcm banknotlar\u0131m\u0131z ve banknotlar\u0131m\u0131z bir de\u011fi\u015fim arac\u0131 olarak hizmet eder ve s\u00fcpermarketlerde, restoranlarda, marketlerde, benzin istasyonlar\u0131nda, d\u00f6viz b\u00fcrolar\u0131nda ve kumarhanelerde mevcuttur. Bunlar\u0131 hayalinizdeki evi veya arabay\u0131 sat\u0131n almak i\u00e7in kullanabilirsiniz. Ayr\u0131ca bir hesap birimi ve de\u011fer deposu olarak hizmet eder ve paray\u0131 uzun vadede biriktirmenizi sa\u011flar.<\/span><\/span><\/p>\n<h2 style=\"text-align: center;\"><span style=\"vertical-align: inherit;\"><span style=\"vertical-align: inherit;\">ama\u00e7<\/span><\/span><\/h2>\n<p style=\"text-align: center;\"><span style=\"vertical-align: inherit;\"><span style=\"vertical-align: inherit;\">Ana hedefimiz ulusal ve uluslararas\u0131 d\u00fczeyde yoksullukla m\u00fccadele etmektir. Herkesin hayallerini ger\u00e7ekle\u015ftirebilmesini istiyoruz. Paran\u0131n ayr\u0131ca ticaret ve al\u0131\u015fveri\u015fi kolayla\u015ft\u0131rmas\u0131 ama\u00e7lan\u0131yor. \u0130nsanlar\u0131n yiyecek, su ve bar\u0131nak gibi temel ihtiya\u00e7lardan yoksun oldu\u011fu k\u00fcresel yoksulluk g\u00f6z \u00f6n\u00fcne al\u0131nd\u0131\u011f\u0131nda, sahte param\u0131z\u0131 sat\u0131n alabilir ve kullanabilirsiniz.<\/span><\/span><\/p>\n<h2 style=\"text-align: center;\"><span style=\"vertical-align: inherit;\"><span style=\"vertical-align: inherit;\">garanti<\/span><\/span><\/h2>\n<p style=\"text-align: center;\"><span style=\"vertical-align: inherit;\"><span style=\"vertical-align: inherit;\">T\u00fcm banknotlar\u0131m\u0131z ve banknotlar\u0131m\u0131z izlenemez ve takip edilemezdir. AA+ s\u0131n\u0131f\u0131ndad\u0131r ve iki y\u0131l ge\u00e7erlidir. \u0130ki y\u0131ldan sonra kalite bozulmaya ba\u015flar. Paray\u0131 teslim al\u0131nd\u0131ktan sonraki on ay i\u00e7inde kullanman\u0131z\u0131 \u00f6neririz. Kirli banknotlar\u0131 temizlemek i\u00e7in SSD sol\u00fcsyonu ve aktivasyon tozu sunuyoruz.<\/span><\/span><\/p>","protected":false},"excerpt":{"rendered":"<p>Minimum sipari\u015f de\u011feri: 5000 CAD i\u00e7in 500 CAD \u0130ndirimli fiyatlarla \u00e7evrimi\u00e7i sahte para sat\u0131n al\u0131n. Ulusal ve uluslararas\u0131 g\u00f6nderim yap\u0131yoruz.<\/p>","protected":false},"featured_media":22469,"template":"","meta":[],"product_brand":[],"product_cat":[836],"product_tag":[970,1015,967,971,921,968,942,1001,969,1014],"class_list":{"0":"post-22466","1":"product","2":"type-product","3":"status-publish","4":"has-post-thumbnail","6":"product_cat-kanadische-dollar","7":"product_tag-australische-dollar-jetzt-kaufen","8":"product_tag-counterfeit-canadian-dollars","9":"product_tag-falschdollar-kaufen","10":"product_tag-falschgeld-im-darknet-kaufen","11":"product_tag-falschgeld-kaufen","12":"product_tag-falschpfunde-verfuegbar","13":"product_tag-gefaelschte-banknoten-kaufen","14":"product_tag-gefaelschte-euros-kaufen","15":"product_tag-gefaelschte-kanadische-dollar-kaufen","16":"product_tag-kanadische-dollar","18":"first","19":"instock","20":"taxable","21":"shipping-taxable","22":"product-type-simple"},"_links":{"self":[{"href":"https:\/\/webdarkmarketplace.com\/tr\/wp-json\/wp\/v2\/product\/22466","targetHints":{"allow":["GET"]}}],"collection":[{"href":"https:\/\/webdarkmarketplace.com\/tr\/wp-json\/wp\/v2\/product"}],"about":[{"href":"https:\/\/webdarkmarketplace.com\/tr\/wp-json\/wp\/v2\/types\/product"}],"version-history":[{"count":3,"href":"https:\/\/webdarkmarketplace.com\/tr\/wp-json\/wp\/v2\/product\/22466\/revisions"}],"predecessor-version":[{"id":22472,"href":"https:\/\/webdarkmarketplace.com\/tr\/wp-json\/wp\/v2\/product\/22466\/revisions\/22472"}],"wp:featuredmedia":[{"embeddable":true,"href":"https:\/\/webdarkmarketplace.com\/tr\/wp-json\/wp\/v2\/media\/22469"}],"wp:attachment":[{"href":"https:\/\/webdarkmarketplace.com\/tr\/wp-json\/wp\/v2\/media?parent=22466"}],"wp:term":[{"taxonomy":"product_brand","embeddable":true,"href":"https:\/\/webdarkmarketplace.com\/tr\/wp-json\/wp\/v2\/product_brand?post=22466"},{"taxonomy":"product_cat","embeddable":true,"href":"https:\/\/webdarkmarketplace.com\/tr\/wp-json\/wp\/v2\/product_cat?post=22466"},{"taxonomy":"product_tag","embeddable":true,"href":"https:\/\/webdarkmarketplace.com\/tr\/wp-json\/wp\/v2\/product_tag?post=22466"}],"curies":[{"name":"wp","href":"https:\/\/api.w.org\/{rel}","templated":true}]}}