{"id":22139,"date":"2025-04-28T15:07:01","date_gmt":"2025-04-28T15:07:01","guid":{"rendered":"https:\/\/webdarkmarketplace.com\/?page_id=22139"},"modified":"2025-05-21T13:07:02","modified_gmt":"2025-05-21T13:07:02","slug":"preisliste","status":"publish","type":"page","link":"https:\/\/webdarkmarketplace.com\/vi\/bang-gia\/","title":{"rendered":"B\u1ea3ng gi\u00e1"},"content":{"rendered":"<div data-elementor-type=\"wp-page\" data-elementor-id=\"22139\" class=\"elementor elementor-22139\" data-elementor-post-type=\"page\">\n\t\t\t\t<div class=\"wd-negative-gap elementor-element elementor-element-55a283a e-flex e-con-boxed e-con e-parent\" data-id=\"55a283a\" data-element_type=\"container\">\n\t\t\t\t\t<div class=\"e-con-inner\">\n\t\t\t\t<div class=\"elementor-element elementor-element-6627656 color-scheme-inherit text-left elementor-widget elementor-widget-text-editor\" data-id=\"6627656\" data-element_type=\"widget\" data-widget_type=\"text-editor.default\">\n\t\t\t\t<div class=\"elementor-widget-container\">\n\t\t\t\t\t\t\t\t\t<h2 style=\"text-align: center;\">500\u20ac&#8230;&#8230;&#8230;&#8230;&#8230;&#8230;15%<br \/>1.000\u20ac&#8230;&#8230;&#8230;&#8230;&#8230;&#8230;25%<br \/>5.000\u20ac&#8230;&#8230;&#8230;&#8230;&#8230;&#8230;30%<br \/>25.000\u20ac&#8230;&#8230;&#8230;&#8230;&#8230;&#8230;35%<br \/>50.000\u20ac&#8230;&#8230;&#8230;&#8230;&#8230;&#8230;35%<br \/>100.000\u20ac&#8230;&#8230;&#8230;&#8230;&#8230;&#8230;.40%<br \/>250.000\u20ac&#8230;&#8230;&#8230;&#8230;&#8230;&#8230;..45%<br \/>500.000\u20ac&#8230;&#8230;&#8230;&#8230;&#8230;&#8230;..50%<\/h2><h2 style=\"text-align: center;\"><span style=\"color: #000000;\">500\u00a3&#8230;&#8230;&#8230;&#8230;&#8230;&#8230;.15%<\/span><br \/><span style=\"color: #000000;\">1.000\u00a3&#8230;&#8230;&#8230;&#8230;&#8230;&#8230;25%<\/span><br \/><span style=\"color: #000000;\">5.000\u00a3&#8230;&#8230;&#8230;&#8230;&#8230;&#8230;30%<\/span><br \/><span style=\"color: #000000;\">25.000\u00a3&#8230;&#8230;&#8230;&#8230;&#8230;&#8230;35%<\/span><br \/><span style=\"color: #000000;\">50.000\u00a3&#8230;&#8230;&#8230;&#8230;&#8230;&#8230;35%<\/span><br \/><span style=\"color: #000000;\">100.000\u00a3&#8230;&#8230;&#8230;&#8230;&#8230;&#8230;.40%<\/span><br \/><span style=\"color: #000000;\">250.000\u00a3&#8230;&#8230;&#8230;&#8230;&#8230;&#8230;..45%<\/span><br \/>500.000\u00a3&#8230;&#8230;&#8230;&#8230;&#8230;&#8230;..50%<\/h2><p>\u00a0<\/p><h2 style=\"text-align: center;\"><span style=\"color: #000000;\">$250&#8230;&#8230;&#8230;&#8230;&#8230;&#8230;&#8230;.$250 <\/span><br \/><span style=\"color: #000000;\">$500&#8230;&#8230;&#8230;&#8230;&#8230;&#8230;&#8230;.$5.000<\/span><br \/><span style=\"color: #000000;\">$1.000&#8230;&#8230;&#8230;&#8230;&#8230;&#8230;.$10.000<\/span><br \/><span style=\"color: #000000;\">$5.000&#8230;&#8230;&#8230;&#8230;&#8230;&#8230;.$50.000<\/span><br \/><span style=\"color: #000000;\">$25.000\u00a3&#8230;&#8230;&#8230;&#8230;&#8230;..$250.000<\/span><br \/><span style=\"color: #000000;\">$50.000\u00a3&#8230;&#8230;&#8230;&#8230;&#8230;&#8230;$500.000<\/span><br \/><span style=\"color: #000000;\">$100.000\u00a3&#8230;&#8230;&#8230;&#8230;&#8230;&#8230;.$1.000.000<\/span><br \/><span style=\"color: #000000;\">$250.000\u00a3&#8230;&#8230;&#8230;&#8230;&#8230;&#8230;..$25.000.000<\/span><br \/><span style=\"color: #000000;\">$500.000\u00a3&#8230;&#8230;&#8230;&#8230;&#8230;&#8230;..$5000.000.000<\/span><\/h2><p style=\"text-align: center;\"><strong><span style=\"color: #000000;\">Khi ch\u1ea1m v\u00e0o, b\u1ea1n s\u1ebd c\u1ea3m th\u1ea5y t\u1edd ti\u1ec1n th\u1eadt v\u00e0 n\u00f3 c\u00f3 \u0111\u1ea7y \u0111\u1ee7 c\u00e1c t\u00ednh n\u0103ng b\u1ea3o m\u1eadt nh\u01b0 \u0111\u01b0\u1eddng vi\u1ec1n \u1ea3nh ba chi\u1ec1u v\u00e0 nhi\u1ec1u s\u1ed1 s\u00ea-ri kh\u00e1c nhau.<\/span><\/strong><\/p><p><strong><span style=\"color: #000000;\">Ch\u00fang kh\u00f4ng th\u1ec3 truy t\u00ecm v\u00e0 kh\u00f4ng th\u1ec3 theo d\u00f5i \u0111\u01b0\u1ee3c.<\/span><\/strong><\/p><p><strong><span style=\"color: #000000;\">H\u1ecd v\u01b0\u1ee3t qua b\u00e0i ki\u1ec3m tra b\u1eb1ng b\u00fat, \u00e1nh s\u00e1ng v\u00e0 tia laser.<\/span><\/strong><\/p><p><strong><span style=\"color: #000000;\">Ch\u00fang t\u00f4i th\u01b0\u1eddng giao h\u00e0ng m\u1ed9t c\u00e1ch k\u00edn \u0111\u00e1o v\u00e0 g\u1eb7p tr\u1ef1c ti\u1ebfp \u0111\u1ec3 b\u00e1o gi\u00e1 n\u1ebfu b\u1ea1n mu\u1ed1n mua s\u1ed1 l\u01b0\u1ee3ng l\u1edbn.<\/span><\/strong><\/p>\t\t\t\t\t\t\t\t<\/div>\n\t\t\t\t<\/div>\n\t\t\t\t\t<\/div>\n\t\t\t\t<\/div>\n\t\t\t\t<\/div>","protected":false},"excerpt":{"rendered":"<p>500\u20ac&#8230;&#8230;&#8230;&#8230;&#8230;&#8230;15%1.000\u20ac&#8230;&#8230;&#8230;&#8230;&#8230;&#8230;25%5.000\u20ac&#8230;&#8230;&#8230;&#8230;&#8230;&#8230;30%25.000\u20ac&#8230;&#8230;&#8230;&#8230;&#8230;&#8230;35%50.000\u20ac&#8230;&#8230;&#8230;&#8230;&#8230;&#8230;35%100.000\u20ac&#8230;&#8230;&#8230;&#8230;&#8230;&#8230;.40%250.000\u20ac&#8230;&#8230;&#8230;&#8230;&#8230;&#8230;..45%500.000\u20ac&#8230;&#8230;&#8230;&#8230;&#8230;&#8230;..50% 500\u00a3&#8230;&#8230;&#8230;&#8230;&#8230;&#8230;.15%1.000\u00a3&#8230;&#8230;&#8230;&#8230;&#8230;&#8230;25%5.000\u00a3&#8230;&#8230;&#8230;&#8230;&#8230;&#8230;30%25.000\u00a3&#8230;&#8230;&#8230;&#8230;&#8230;&#8230;35%50.000\u00a3&#8230;&#8230;&#8230;&#8230;&#8230;&#8230;35%100.000\u00a3&#8230;&#8230;&#8230;&#8230;&#8230;&#8230;.40%250.000\u00a3&#8230;&#8230;&#8230;&#8230;&#8230;&#8230;..45%500.000\u00a3&#8230;&#8230;&#8230;&#8230;&#8230;&#8230;..50% \u00a0 $250&#8230;&#8230;&#8230;&#8230;&#8230;&#8230;&#8230;.$250 $500&#8230;&#8230;&#8230;&#8230;&#8230;&#8230;&#8230;.$5.000$1.000&#8230;&#8230;&#8230;&#8230;&#8230;&#8230;.$10.000$5.000&#8230;&#8230;&#8230;&#8230;&#8230;&#8230;.$50.000$25.000\u00a3&#8230;&#8230;&#8230;&#8230;&#8230;..$250.000$50.000\u00a3&#8230;&#8230;&#8230;&#8230;&#8230;&#8230;$500.000$100.000\u00a3&#8230;&#8230;&#8230;&#8230;&#8230;&#8230;.$1.000.000$250.000\u00a3&#8230;&#8230;&#8230;&#8230;&#8230;&#8230;..$25.000.000$500.000\u00a3&#8230;&#8230;&#8230;&#8230;&#8230;&#8230;..$5000.000.000 Das Geld f\u00fchlt sich in den Armen echt an, wenn man sie ber\u00fchrt und alle<\/p>","protected":false},"author":1,"featured_media":0,"parent":0,"menu_order":0,"comment_status":"closed","ping_status":"closed","template":"","meta":{"footnotes":""},"class_list":["post-22139","page","type-page","status-publish","hentry"],"amp_enabled":true,"_links":{"self":[{"href":"https:\/\/webdarkmarketplace.com\/vi\/wp-json\/wp\/v2\/pages\/22139","targetHints":{"allow":["GET"]}}],"collection":[{"href":"https:\/\/webdarkmarketplace.com\/vi\/wp-json\/wp\/v2\/pages"}],"about":[{"href":"https:\/\/webdarkmarketplace.com\/vi\/wp-json\/wp\/v2\/types\/page"}],"author":[{"embeddable":true,"href":"https:\/\/webdarkmarketplace.com\/vi\/wp-json\/wp\/v2\/users\/1"}],"replies":[{"embeddable":true,"href":"https:\/\/webdarkmarketplace.com\/vi\/wp-json\/wp\/v2\/comments?post=22139"}],"version-history":[{"count":16,"href":"https:\/\/webdarkmarketplace.com\/vi\/wp-json\/wp\/v2\/pages\/22139\/revisions"}],"predecessor-version":[{"id":22412,"href":"https:\/\/webdarkmarketplace.com\/vi\/wp-json\/wp\/v2\/pages\/22139\/revisions\/22412"}],"wp:attachment":[{"href":"https:\/\/webdarkmarketplace.com\/vi\/wp-json\/wp\/v2\/media?parent=22139"}],"curies":[{"name":"wp","href":"https:\/\/api.w.org\/{rel}","templated":true}]}}