{"id":4400,"date":"2021-10-12T15:51:09","date_gmt":"2021-10-12T15:51:09","guid":{"rendered":"http:\/\/dummy.xtemos.com\/woodmart2\/elementor\/?page_id=4400"},"modified":"2025-04-27T09:54:26","modified_gmt":"2025-04-27T09:54:26","slug":"ueber-uns","status":"publish","type":"page","link":"https:\/\/webdarkmarketplace.com\/vi\/ve-chung-toi\/","title":{"rendered":"Gi\u1edbi thi\u1ec7u v\u1ec1 ch\u00fang t\u00f4i"},"content":{"rendered":"<div data-elementor-type=\"wp-page\" data-elementor-id=\"4400\" class=\"elementor elementor-4400\" data-elementor-post-type=\"page\">\n\t\t\t\t<div class=\"wd-negative-gap elementor-element elementor-element-7c7c544 e-flex e-con-boxed e-con e-parent\" data-id=\"7c7c544\" data-element_type=\"container\">\n\t\t\t\t\t<div class=\"e-con-inner\">\n\t\t<div class=\"elementor-element elementor-element-e7cb5cd e-con-full e-flex e-con e-child\" data-id=\"e7cb5cd\" data-element_type=\"container\">\n\t\t\t\t<div class=\"elementor-element elementor-element-56aec39 elementor-widget elementor-widget-wd_image_or_svg\" data-id=\"56aec39\" data-element_type=\"widget\" data-widget_type=\"wd_image_or_svg.default\">\n\t\t\t\t<div class=\"elementor-widget-container\">\n\t\t\t\t\t\n\t\t<div class=\"wd-image text-left\">\n\t\t\t\t\t\t\t\t<img fetchpriority=\"high\" decoding=\"async\" width=\"720\" height=\"953\" src=\"https:\/\/webdarkmarketplace.com\/wp-content\/uploads\/2025\/04\/WhatsApp-Image-2025-04-24-at-07.42.01_0f65169d.jpg\" class=\"attachment-full size-full\" alt=\"\" srcset=\"https:\/\/webdarkmarketplace.com\/wp-content\/uploads\/2025\/04\/WhatsApp-Image-2025-04-24-at-07.42.01_0f65169d.jpg 720w, https:\/\/webdarkmarketplace.com\/wp-content\/uploads\/2025\/04\/WhatsApp-Image-2025-04-24-at-07.42.01_0f65169d-600x794.jpg 600w, https:\/\/webdarkmarketplace.com\/wp-content\/uploads\/2025\/04\/WhatsApp-Image-2025-04-24-at-07.42.01_0f65169d-150x199.jpg 150w, https:\/\/webdarkmarketplace.com\/wp-content\/uploads\/2025\/04\/WhatsApp-Image-2025-04-24-at-07.42.01_0f65169d-700x927.jpg 700w, https:\/\/webdarkmarketplace.com\/wp-content\/uploads\/2025\/04\/WhatsApp-Image-2025-04-24-at-07.42.01_0f65169d-227x300.jpg 227w, https:\/\/webdarkmarketplace.com\/wp-content\/uploads\/2025\/04\/WhatsApp-Image-2025-04-24-at-07.42.01_0f65169d-604x800.jpg 604w\" sizes=\"(max-width: 720px) 100vw, 720px\" \/>\t\t\t\t\t<\/div>\n\n\t\t\t\t\t\t<\/div>\n\t\t\t\t<\/div>\n\t\t\t\t<\/div>\n\t\t<div class=\"elementor-element elementor-element-97d6084 e-con-full e-flex e-con e-child\" data-id=\"97d6084\" data-element_type=\"container\">\n\t\t\t\t<div class=\"elementor-element elementor-element-98d830b elementor-widget__width-initial wd-width-100 elementor-widget elementor-widget-wd_title\" data-id=\"98d830b\" data-element_type=\"widget\" data-widget_type=\"wd_title.default\">\n\t\t\t\t<div class=\"elementor-widget-container\">\n\t\t\t\t\t\t\t<div class=\"title-wrapper wd-set-mb reset-last-child wd-title-color-primary wd-title-style-default wd-title-size-large text-left\">\n\n\t\t\t\n\t\t\t<div class=\"liner-continer\">\n\t\t\t\t<h4 class=\"woodmart-title-container title wd-fontsize-xxl\">V\u1ec1 c\u1eeda h\u00e0ng tr\u1ef1c tuy\u1ebfn c\u1ee7a ch\u00fang t\u00f4i<\/h4> \n\t\t\t\t\t\t\t<\/div>\n\n\t\t\t\t\t<\/div>\n\t\t\t\t\t\t<\/div>\n\t\t\t\t<\/div>\n\t\t\t\t<div class=\"elementor-element elementor-element-66e47ad elementor-widget elementor-widget-wd_text_block\" data-id=\"66e47ad\" data-element_type=\"widget\" data-widget_type=\"wd_text_block.default\">\n\t\t\t\t<div class=\"elementor-widget-container\">\n\t\t\t\t\t\t\t<div class=\"wd-text-block reset-last-child text-left\">\n\t\t\t\n\t\t\t<p><span style=\"color: #000000;\">T\u1ea1i Euro Online Buy, ch\u00fang t\u00f4i s\u1ea3n xu\u1ea5t nh\u1eefng t\u1edd ti\u1ec1n gi\u1ea3 ho\u00e0n h\u1ea3o v\u1edbi \u0111\u1ea7y \u0111\u1ee7 c\u00e1c \u0111\u1eb7c \u0111i\u1ec3m gi\u00fap ch\u00fang t\u00f4i tr\u1edf th\u00e0nh ng\u01b0\u1eddi d\u1eabn \u0111\u1ea7u th\u1ecb tr\u01b0\u1eddng to\u00e0n c\u1ea7u. Euro Online Buy s\u1eed d\u1ee5ng c\u00f4ng ngh\u1ec7 ti\u00ean ti\u1ebfn, \u1ee9ng d\u1ee5ng web v\u00e0 gi\u1ea3i ph\u00e1p c\u00f4ng ngh\u1ec7 cao \u0111\u1ec3 in ti\u1ec1n gi\u1ea5y c\u00f3 \u0111\u1ea7y \u0111\u1ee7 t\u00ednh n\u0103ng b\u1ea3o m\u1eadt c\u1ee7a c\u00e1c lo\u1ea1i ti\u1ec1n t\u1ec7 tr\u00ean to\u00e0n th\u1ebf gi\u1edbi.<\/span><\/p>\n\t\t\t\t\t<\/div>\n\t\t\t\t\t\t<\/div>\n\t\t\t\t<\/div>\n\t\t\t\t<\/div>\n\t\t\t\t\t<\/div>\n\t\t\t\t<\/div>\n\t\t<div class=\"wd-negative-gap elementor-element elementor-element-8481c26 e-flex e-con-boxed e-con e-parent\" data-id=\"8481c26\" data-element_type=\"container\">\n\t\t\t\t\t<div class=\"e-con-inner\">\n\t\t\t\t<div class=\"elementor-element elementor-element-d66a211 wd-width-100 elementor-widget elementor-widget-wd_title\" data-id=\"d66a211\" data-element_type=\"widget\" data-widget_type=\"wd_title.default\">\n\t\t\t\t<div class=\"elementor-widget-container\">\n\t\t\t\t\t\t\t<div class=\"title-wrapper wd-set-mb reset-last-child wd-title-color-primary wd-title-style-default wd-title-size-large text-center\">\n\n\t\t\t\t\t\t\t\t\t\t\t<div class=\"title-subtitle subtitle-color-primary subtitle-style-default wd-fontsize-xs\">\n\t\t\t\t\tT\u1eea V\u1ec0 CH\u00daNG T\u00d4I\t\t\t\t<\/div>\n\t\t\t\n\t\t\t<div class=\"liner-continer\">\n\t\t\t\t<h4 class=\"woodmart-title-container title wd-fontsize-xxl\">T\u1eea V\u1ec0 CH\u00daNG T\u00d4I<\/h4> \n\t\t\t\t\t\t\t<\/div>\n\n\t\t\t\t\t\t\t<div class=\"title-after_title reset-last-child wd-fontsize-s\">\n\t\t\t\t\t<p><span style=\"color: #000000\">Ngu\u1ed3n \u0111\u00e1ng tin c\u1eady \u0111\u1ec3 mua ti\u1ec1n gi\u1ea3 \u1edf m\u1ecdi lo\u1ea1i ti\u1ec1n t\u1ec7 Ch\u00e0o m\u1eebng b\u1ea1n \u0111\u1ebfn v\u1edbi Buy Euro Online, m\u1ed9t trong nh\u1eefng nh\u00e0 cung c\u1ea5p ti\u1ec1n gi\u1ea3 ch\u1ea5t l\u01b0\u1ee3ng cao \u0111\u00e1ng tin c\u1eady nh\u1ea5t v\u1edbi c\u00e1c m\u1ec7nh gi\u00e1 l\u1edbn bao g\u1ed3m USD, Euro, B\u1ea3ng Anh, CAD, AUD, Dirham v\u00e0 nhi\u1ec1u lo\u1ea1i ti\u1ec1n kh\u00e1c. L\u00e0 m\u1ed9t t\u1ed5 ch\u1ee9c \u1ea9n danh, ch\u00fang t\u00f4i l\u00e0m vi\u1ec7c th\u00f4ng qua m\u1ea1ng l\u01b0\u1edbi c\u00e1c nh\u00e0 cung c\u1ea5p \u0111\u1ee7 ti\u00eau chu\u1ea9n tr\u00ean to\u00e0n th\u1ebf gi\u1edbi chuy\u00ean s\u1ea3n xu\u1ea5t ti\u1ec1n gi\u1ea3 gi\u1ed1ng th\u1eadt. C\u00e1c s\u1ea3n ph\u1ea9m c\u1ee7a ch\u00fang t\u00f4i \u0111\u01b0\u1ee3c thi\u1ebft k\u1ebf \u0111\u1ec3 h\u1ed7 tr\u1ee3 nhi\u1ec1u nhu c\u1ea7u t\u00e0i ch\u00ednh kh\u00e1c nhau, ch\u1eb3ng h\u1ea1n nh\u01b0: V\u00ed d\u1ee5: t\u00e0i tr\u1ee3 kinh doanh, tr\u1ea3 n\u1ee3, ngh\u1ec9 d\u01b0\u1ee1ng, l\u1ed1i s\u1ed1ng xa hoa v\u00e0 gi\u1ea3i quy\u1ebft c\u00e1c th\u00e1ch th\u1ee9c t\u00e0i ch\u00ednh c\u00e1 nh\u00e2n.<\/span><\/p><p><span style=\"color: #000000\">C\u00e1c d\u1ecbch v\u1ee5 in \u1ea5n v\u00e0 \u0111\u1ea1i l\u00fd c\u1ee7a ch\u00fang t\u00f4i c\u00f3 m\u1eb7t t\u1ea1i c\u00e1c th\u00e0nh ph\u1ed1 l\u1edbn tr\u00ean to\u00e0n th\u1ebf gi\u1edbi, bao g\u1ed3m Miami (Hoa K\u1ef3), London (Anh), Paris (Ph\u00e1p), Berlin (\u0110\u1ee9c), B\u1ec9, T\u00e2y Ban Nha, Dubai, Sydney (\u00dac), Nh\u1eadt B\u1ea3n v\u00e0 \u00c1o. Ch\u00fang t\u00f4i \u0111\u1ea3m b\u1ea3o giao h\u00e0ng nhanh ch\u00f3ng v\u00e0 k\u00edn \u0111\u00e1o \u0111\u1ebfn t\u1eadn n\u01a1i c\u1ee7a b\u1ea1n v\u00e0 th\u1ef1c hi\u1ec7n c\u00e1c bi\u1ec7n ph\u00e1p nghi\u00eam ng\u1eb7t \u0111\u1ec3 tr\u00e1nh m\u1ecdi r\u1eafc r\u1ed1i v\u1ec1 ph\u00e1p l\u00fd ho\u1eb7c h\u1ea3i quan. D\u00f9 b\u1ea1n \u1edf \u0111\u00e2u, ch\u00fang t\u00f4i \u0111\u1ec1u giao h\u00e0ng hi\u1ec7u qu\u1ea3 \u2013 ch\u1ec9 c\u1ea7n l\u00e0m theo h\u01b0\u1edbng d\u1eabn c\u1ee7a nh\u00f3m h\u1ed7 tr\u1ee3 c\u1ee7a ch\u00fang t\u00f4i. Ch\u00fang t\u00f4i l\u00e0 m\u1ed9t nh\u00f3m g\u1ed3m h\u01a1n 100 chuy\u00ean gia \u0111\u01b0\u1ee3c \u0111\u00e0o t\u1ea1o b\u00e0i b\u1ea3n v\u00e0 t\u1eadn t\u00e2m, chuy\u00ean t\u1ea1o ra c\u00e1c t\u1edd ti\u1ec1n gi\u1ea3 ho\u00e0n h\u1ea3o nh\u01b0 th\u1eadt b\u1eb1ng nhi\u1ec1u lo\u1ea1i ti\u1ec1n t\u1ec7 bao g\u1ed3m USD, B\u1ea3ng Anh, Euro, Dinar Kuwait v\u00e0 CFA c\u00f9ng nhi\u1ec1u lo\u1ea1i ti\u1ec1n kh\u00e1c. S\u1ee9 m\u1ec7nh c\u1ee7a ch\u00fang t\u00f4i l\u00e0 \u0111\u01a1n gi\u1ea3n h\u00f3a quy tr\u00ecnh mua ti\u1ec1n gi\u1ea3 th\u1eadt tr\u1ef1c tuy\u1ebfn v\u00e0 cung c\u1ea5p gi\u1ea3i ph\u00e1p cho t\u00ecnh tr\u1ea1ng kh\u00f3 kh\u0103n l\u00e2u nay v\u1ec1 kh\u1ea3 n\u0103ng ti\u1ebfp c\u1eadn. Nh\u1eefng t\u1edd ti\u1ec1n \u0111\u01b0\u1ee3c ch\u1ebf t\u00e1c c\u1ea9n th\u1eadn c\u1ee7a ch\u00fang t\u00f4i \u0111\u01b0\u1ee3c thi\u1ebft k\u1ebf \u0111\u1ec3 v\u01b0\u1ee3t qua c\u00e1c b\u00e0i ki\u1ec3m tra tia c\u1ef1c t\u00edm v\u00e0 ch\u1ed1ng th\u1ea5m m\u00e0 kh\u00f4ng th\u1ec3 ph\u00e1t hi\u1ec7n b\u1eb1ng m\u1eaft th\u01b0\u1eddng.<\/span><\/p><p><span style=\"color: #000000\">Kh\u00e1ch h\u00e0ng th\u01b0\u1eddng h\u1ecfi li\u1ec7u h\u00f3a \u0111\u01a1n c\u1ee7a ch\u00fang t\u00f4i c\u00f3 th\u1ec3 x\u00e1c minh v\u00e0 qu\u00e9t \u0111\u01b0\u1ee3c kh\u00f4ng. L\u00e0 nh\u00e0 cung c\u1ea5p tr\u1ef1c tuy\u1ebfn h\u00e0ng \u0111\u1ea7u tr\u00ean th\u1ecb tr\u01b0\u1eddng, ch\u00fang t\u00f4i \u0111\u1ea3m b\u1ea3o m\u1ecdi h\u00f3a \u0111\u01a1n c\u1ee7a ch\u00fang t\u00f4i \u0111\u1ec1u tr\u1ea3i qua qu\u00e1 tr\u00ecnh ki\u1ec3m tra nghi\u00eam ng\u1eb7t. Ch\u00fang \u0111\u01b0\u1ee3c x\u00e1c minh b\u1eb1ng \u0111\u00e8n UV, m\u00e1y ATM, h\u1ec7 th\u1ed1ng ng\u00e2n h\u00e0ng, th\u1eed nghi\u1ec7m b\u00fat v\u00e0 th\u1eadm ch\u00ed l\u00e0 ti\u1ebfp x\u00fac v\u1edbi \u0111i\u1ec1u ki\u1ec7n th\u1eddi ti\u1ebft kh\u1eafc nghi\u1ec7t \u0111\u1ec3 \u0111\u1ea3m b\u1ea3o \u0111\u1ed9 b\u1ec1n v\u00e0 t\u00ednh x\u00e1c th\u1ef1c. \u0110i\u1ec1u n\u00e0y \u0111\u1ea3m b\u1ea3o r\u1eb1ng ti\u1ec1n c\u1ee7a ch\u00fang t\u00f4i v\u1eabn gi\u1eef \u0111\u01b0\u1ee3c gi\u00e1 tr\u1ecb v\u00e0 ch\u1ea5t l\u01b0\u1ee3ng tr\u01b0\u1edbc khi giao \u0111\u1ebfn tay kh\u00e1ch h\u00e0ng.<\/span><br \/><br \/><span style=\"color: #000000\">\u0110\u1eebng lo l\u1eafng v\u00ec Euro Online Buy s\u1ebd gi\u00fap b\u1ea1n lo\u1ea1i b\u1ecf m\u1ecdi r\u1eafc r\u1ed1i n\u00e0y b\u1eb1ng c\u00e1ch cung c\u1ea5p cho b\u1ea1n ti\u1ec1n gi\u1ea3 \u0111\u1ec3 b\u1ea1n c\u00f3 th\u1ec3 s\u1eed d\u1ee5ng \u1edf b\u1ea5t k\u1ef3 c\u1eeda h\u00e0ng hay c\u1eeda hi\u1ec7u n\u00e0o m\u00e0 kh\u00f4ng ph\u1ea3i lo b\u1ecb ph\u00e1t hi\u1ec7n. V\u00ec v\u1eady, n\u1ebfu b\u1ea1n kh\u00f4ng th\u1ec3 \u0111\u00e1p \u1ee9ng nhu c\u1ea7u t\u00e0i ch\u00ednh c\u1ee7a m\u00ecnh, b\u1ea1n c\u00f3 th\u1ec3 li\u00ean h\u1ec7 v\u1edbi ch\u00fang t\u00f4i ngay b\u00e2y gi\u1edd \u0111\u1ec3 c\u00f3 \u0111\u01b0\u1ee3c kho\u1ea3n vay v\u1edbi m\u1ee9c gi\u00e1 r\u1ea5t h\u1ee3p l\u00fd. Bi\u1ebft \u0111\u1ebfn ch\u00fang t\u00f4i c\u00f3 th\u1ec3 l\u00e0 m\u1ed9t trong nh\u1eefng \u0111i\u1ec1u tuy\u1ec7t v\u1eddi nh\u1ea5t c\u00f3 th\u1ec3 x\u1ea3y ra v\u1edbi m\u1ed9t nh\u00e0 \u0111\u1ea7u t\u01b0.<\/span><\/p>\t\t\t\t<\/div>\n\t\t\t\t\t<\/div>\n\t\t\t\t\t\t<\/div>\n\t\t\t\t<\/div>\n\t\t\t\t\t<\/div>\n\t\t\t\t<\/div>\n\t\t<div class=\"wd-negative-gap elementor-element elementor-element-0aaf669 wd-section-stretch e-flex e-con-boxed e-con e-parent\" data-id=\"0aaf669\" data-element_type=\"container\" data-settings=\"{&quot;background_background&quot;:&quot;classic&quot;}\">\n\t\t\t\t\t<div class=\"e-con-inner\">\n\t\t<div class=\"elementor-element elementor-element-49529c7 color-scheme-light e-con-full e-flex e-con e-child\" data-id=\"49529c7\" data-element_type=\"container\">\n\t\t\t\t<div class=\"elementor-element elementor-element-95c7bfa wd-width-100 elementor-widget elementor-widget-wd_title\" data-id=\"95c7bfa\" data-element_type=\"widget\" data-widget_type=\"wd_title.default\">\n\t\t\t\t<div class=\"elementor-widget-container\">\n\t\t\t\t\t\t\t<div class=\"title-wrapper wd-set-mb reset-last-child wd-title-color-primary wd-title-style-default wd-title-size-large text-left\">\n\n\t\t\t\n\t\t\t<div class=\"liner-continer\">\n\t\t\t\t<h4 class=\"woodmart-title-container title wd-fontsize-xxl\">Ch\u00fang t\u00f4i l\u00e0m vi\u1ec7c th\u00f4ng qua m\u1ecdi kh\u00eda c\u1ea1nh c\u1ee7a k\u1ebf ho\u1ea1ch<\/h4> \n\t\t\t\t\t\t\t<\/div>\n\n\t\t\t\t\t<\/div>\n\t\t\t\t\t\t<\/div>\n\t\t\t\t<\/div>\n\t\t\t\t<div class=\"elementor-element elementor-element-d714b41 elementor-widget elementor-widget-wd_button\" data-id=\"d714b41\" data-element_type=\"widget\" data-widget_type=\"wd_button.default\">\n\t\t\t\t<div class=\"elementor-widget-container\">\n\t\t\t\t\t\t\t<div class=\"wd-button-wrapper text-left\" >\n\t\t\t<a class=\"btn btn-style-link btn-shape- btn-size-default btn-color-white btn-icon-pos-right\"  href=\"#\">\n\t\t\t\t<span class=\"wd-btn-text\" data-elementor-setting-key=\"text\">\n\t\t\t\t\tCH\u00daNG T\u00d4I L\u00c0M \u0110I\u1ec0U \u0110\u00d3 V\u00cc B\u1ea0N V\u1edaI T\u00ccNH Y\ufffd\t\t\t\t<\/span>\n\n\t\t\t\t\t\t\t<\/a>\n\t\t<\/div>\n\t\t\t\t\t\t<\/div>\n\t\t\t\t<\/div>\n\t\t\t\t<\/div>\n\t\t<div class=\"elementor-element elementor-element-112f98a e-con-full e-flex e-con e-child\" data-id=\"112f98a\" data-element_type=\"container\">\n\t\t<div class=\"elementor-element elementor-element-48c7dd1 e-con-full e-flex e-con e-child\" data-id=\"48c7dd1\" data-element_type=\"container\">\n\t\t<div class=\"elementor-element elementor-element-54eb2d3 e-con-full e-flex e-con e-child\" data-id=\"54eb2d3\" data-element_type=\"container\">\n\t\t\t\t<div class=\"elementor-element elementor-element-14ff076 elementor-widget elementor-widget-wd_counter\" data-id=\"14ff076\" data-element_type=\"widget\" data-widget_type=\"wd_counter.default\">\n\t\t\t\t<div class=\"elementor-widget-container\">\n\t\t\t\t\t\t\t<div class=\"woodmart-counter counter-large text-center color-scheme-light\">\n\t\t\t<div class=\"counter-value\" data-state=\"new\" data-final=\"2010\">\n\t\t\t\t0\t\t\t<\/div>\n\n\t\t\t\t\t\t\t<div class=\"counter-label\">\n\t\t\t\t\tN\u0102M TH\u00c0NH L\u1eacP\t\t\t\t<\/div>\n\t\t\t\t\t<\/div>\n\t\t\t\t\t\t<\/div>\n\t\t\t\t<\/div>\n\t\t\t\t<\/div>\n\t\t<div class=\"elementor-element elementor-element-668ca24 e-con-full e-flex e-con e-child\" data-id=\"668ca24\" data-element_type=\"container\">\n\t\t\t\t<div class=\"elementor-element elementor-element-da35035 elementor-widget elementor-widget-wd_counter\" data-id=\"da35035\" data-element_type=\"widget\" data-widget_type=\"wd_counter.default\">\n\t\t\t\t<div class=\"elementor-widget-container\">\n\t\t\t\t\t\t\t<div class=\"woodmart-counter counter-large text-center color-scheme-light\">\n\t\t\t<div class=\"counter-value\" data-state=\"new\" data-final=\"2000\">\n\t\t\t\t0\t\t\t<\/div>\n\n\t\t\t\t\t\t\t<div class=\"counter-label\">\n\t\t\t\t\tKH\u00c1CH H\u00c0NG H\u00c0I L\u00d2NG\t\t\t\t<\/div>\n\t\t\t\t\t<\/div>\n\t\t\t\t\t\t<\/div>\n\t\t\t\t<\/div>\n\t\t\t\t<\/div>\n\t\t\t\t<\/div>\n\t\t<div class=\"elementor-element elementor-element-6b5c35a e-con-full e-flex e-con e-child\" data-id=\"6b5c35a\" data-element_type=\"container\">\n\t\t<div class=\"elementor-element elementor-element-214e692 e-con-full e-flex e-con e-child\" data-id=\"214e692\" data-element_type=\"container\">\n\t\t\t\t<div class=\"elementor-element elementor-element-168ddab elementor-widget elementor-widget-wd_counter\" data-id=\"168ddab\" data-element_type=\"widget\" data-widget_type=\"wd_counter.default\">\n\t\t\t\t<div class=\"elementor-widget-container\">\n\t\t\t\t\t\t\t<div class=\"woodmart-counter counter-large text-center color-scheme-light\">\n\t\t\t<div class=\"counter-value\" data-state=\"new\" data-final=\"190\">\n\t\t\t\t0\t\t\t<\/div>\n\n\t\t\t\t\t\t\t<div class=\"counter-label\">\n\t\t\t\t\tC\u00c1C C\u00d4NG TY L\u00c0M VI\u1ec6C V\u1edaI CH\u00daNG T\u00d4I\t\t\t\t<\/div>\n\t\t\t\t\t<\/div>\n\t\t\t\t\t\t<\/div>\n\t\t\t\t<\/div>\n\t\t\t\t<\/div>\n\t\t<div class=\"elementor-element elementor-element-214de82 e-con-full e-flex e-con e-child\" data-id=\"214de82\" data-element_type=\"container\">\n\t\t\t\t<div class=\"elementor-element elementor-element-3444280 elementor-widget elementor-widget-wd_counter\" data-id=\"3444280\" data-element_type=\"widget\" data-widget_type=\"wd_counter.default\">\n\t\t\t\t<div class=\"elementor-widget-container\">\n\t\t\t\t\t\t\t<div class=\"woodmart-counter counter-large text-center color-scheme-light\">\n\t\t\t<div class=\"counter-value\" data-state=\"new\" data-final=\"2\">\n\t\t\t\t0\t\t\t<\/div>\n\n\t\t\t\t\t\t\t<div class=\"counter-label\">\n\t\t\t\t\tV\u0102N PH\u00d2NG\t\t\t\t<\/div>\n\t\t\t\t\t<\/div>\n\t\t\t\t\t\t<\/div>\n\t\t\t\t<\/div>\n\t\t\t\t<\/div>\n\t\t\t\t<\/div>\n\t\t<div class=\"elementor-element elementor-element-2d29667 e-con-full e-flex e-con e-child\" data-id=\"2d29667\" data-element_type=\"container\">\n\t\t<div class=\"elementor-element elementor-element-9b12710 e-con-full e-flex e-con e-child\" data-id=\"9b12710\" data-element_type=\"container\">\n\t\t\t\t<div class=\"elementor-element elementor-element-f4d40e8 elementor-widget elementor-widget-wd_counter\" data-id=\"f4d40e8\" data-element_type=\"widget\" data-widget_type=\"wd_counter.default\">\n\t\t\t\t<div class=\"elementor-widget-container\">\n\t\t\t\t\t\t\t<div class=\"woodmart-counter counter-large text-center color-scheme-light\">\n\t\t\t<div class=\"counter-value\" data-state=\"new\" data-final=\"21\">\n\t\t\t\t0\t\t\t<\/div>\n\n\t\t\t\t\t\t\t<div class=\"counter-label\">\n\t\t\t\t\tTH\u00c0NH VI\u00caN NH\u00d3M\t\t\t\t<\/div>\n\t\t\t\t\t<\/div>\n\t\t\t\t\t\t<\/div>\n\t\t\t\t<\/div>\n\t\t\t\t<\/div>\n\t\t<div class=\"elementor-element elementor-element-cc152f4 e-con-full e-flex e-con e-child\" data-id=\"cc152f4\" data-element_type=\"container\">\n\t\t\t\t<div class=\"elementor-element elementor-element-d17999d elementor-widget elementor-widget-wd_counter\" data-id=\"d17999d\" data-element_type=\"widget\" data-widget_type=\"wd_counter.default\">\n\t\t\t\t<div class=\"elementor-widget-container\">\n\t\t\t\t\t\t\t<div class=\"woodmart-counter counter-large text-center color-scheme-light\">\n\t\t\t<div class=\"counter-value\" data-state=\"new\" data-final=\"750\">\n\t\t\t\t0\t\t\t<\/div>\n\n\t\t\t\t\t\t\t<div class=\"counter-label\">\n\t\t\t\t\tD\u1ef0 \u00c1N \u0110\u00c3 HO\u00c0N TH\u00c0NH\t\t\t\t<\/div>\n\t\t\t\t\t<\/div>\n\t\t\t\t\t\t<\/div>\n\t\t\t\t<\/div>\n\t\t\t\t<\/div>\n\t\t\t\t<\/div>\n\t\t\t\t<\/div>\n\t\t\t\t\t<\/div>\n\t\t\t\t<\/div>\n\t\t\t\t<\/div>","protected":false},"excerpt":{"rendered":"<p>Th\u00f4ng qua c\u1eeda h\u00e0ng tr\u1ef1c tuy\u1ebfn c\u1ee7a ch\u00fang t\u00f4i t\u1ea1i Euro Online Buy, ch\u00fang t\u00f4i s\u1ea3n xu\u1ea5t nh\u1eefng t\u1edd ti\u1ec1n gi\u1ea3 ho\u00e0n h\u1ea3o v\u1edbi t\u1ea5t c\u1ea3 c\u00e1c \u0111\u1eb7c \u0111i\u1ec3m \u0111\u1eb7c tr\u01b0ng gi\u00fap ch\u00fang t\u00f4i tr\u1edf th\u00e0nh ng\u01b0\u1eddi d\u1eabn \u0111\u1ea7u th\u1ecb tr\u01b0\u1eddng<\/p>","protected":false},"author":1,"featured_media":0,"parent":0,"menu_order":0,"comment_status":"closed","ping_status":"closed","template":"","meta":{"footnotes":""},"class_list":["post-4400","page","type-page","status-publish","hentry"],"amp_enabled":true,"_links":{"self":[{"href":"https:\/\/webdarkmarketplace.com\/vi\/wp-json\/wp\/v2\/pages\/4400","targetHints":{"allow":["GET"]}}],"collection":[{"href":"https:\/\/webdarkmarketplace.com\/vi\/wp-json\/wp\/v2\/pages"}],"about":[{"href":"https:\/\/webdarkmarketplace.com\/vi\/wp-json\/wp\/v2\/types\/page"}],"author":[{"embeddable":true,"href":"https:\/\/webdarkmarketplace.com\/vi\/wp-json\/wp\/v2\/users\/1"}],"replies":[{"embeddable":true,"href":"https:\/\/webdarkmarketplace.com\/vi\/wp-json\/wp\/v2\/comments?post=4400"}],"version-history":[{"count":10,"href":"https:\/\/webdarkmarketplace.com\/vi\/wp-json\/wp\/v2\/pages\/4400\/revisions"}],"predecessor-version":[{"id":22129,"href":"https:\/\/webdarkmarketplace.com\/vi\/wp-json\/wp\/v2\/pages\/4400\/revisions\/22129"}],"wp:attachment":[{"href":"https:\/\/webdarkmarketplace.com\/vi\/wp-json\/wp\/v2\/media?parent=4400"}],"curies":[{"name":"wp","href":"https:\/\/api.w.org\/{rel}","templated":true}]}}