{"id":21824,"date":"2025-04-25T11:01:40","date_gmt":"2025-04-25T11:01:40","guid":{"rendered":"https:\/\/webdarkmarketplace.com\/?post_type=product&#038;p=21824"},"modified":"2025-06-30T11:57:54","modified_gmt":"2025-06-30T11:57:54","slug":"industrial-ssd-solution","status":"publish","type":"product","link":"https:\/\/webdarkmarketplace.com\/vi\/product\/tien-dao-cu-tien\/","title":{"rendered":"H\u00f3a ch\u1ea5t dung d\u1ecbch SSD v\u00e0 b\u1ed9t ho\u1ea1t h\u00f3a"},"content":{"rendered":"<h2 style=\"text-align: center;\">Dung d\u1ecbch SSD v\u00e0 b\u1ed9t ho\u1ea1t h\u00f3a \u0111\u1ec3 l\u00e0m s\u1ea1ch ti\u1ec1n gi\u1ea5y v\u00e0 ti\u1ec1n gi\u1ea5y b\u1ea9n. 1 l\u00edt cho 1000 $<\/h2>\n<h2 style=\"text-align: center;\">L\u1eb7t V\u1eb7t<\/h2>\n<p style=\"text-align: center;\">Ch\u00fang t\u00f4i cung c\u1ea5p dung d\u1ecbch SSD v\u00e0 b\u1ed9t k\u00edch ho\u1ea1t \u0111\u1ec3 v\u1ec7 sinh m\u1ecdi lo\u1ea1i ti\u1ec1n gi\u1ea5y v\u00e0 ti\u1ec1n gi\u1ea5y b\u1ecb b\u1ea9n, bao g\u1ed3m ti\u1ec1n gi\u1ea5y \u0111en, \u0111\u1ecf v\u00e0 tr\u1eafng. B\u1ed9t k\u00edch ho\u1ea1t c\u0169ng c\u00f3 s\u1eb5n. Ch\u00fang t\u00f4i c\u0169ng cung c\u1ea5p c\u00e1c lo\u1ea1i ti\u1ec1n t\u1ec7 kh\u00e1c nh\u01b0 nh\u00e2n d\u00e2n t\u1ec7 Trung Qu\u1ed1c, kronor Th\u1ee5y \u0110i\u1ec3n, dinar v\u00e0 nhi\u1ec1u lo\u1ea1i ti\u1ec1n t\u1ec7 kh\u00e1c.<\/p>\n<h2 style=\"text-align: center;\">kho<\/h2>\n<p style=\"text-align: center;\">H\u00f3a ch\u1ea5t n\u00e0y ph\u1ea3i \u0111\u01b0\u1ee3c b\u1ea3o qu\u1ea3n \u1edf n\u01a1i m\u00e1t, kh\u00f4 v\u00e0 t\u1ed1i, tr\u00e1nh \u00e1nh n\u1eafng tr\u1ef1c ti\u1ebfp v\u00e0 trong h\u1ed9p \u0111\u1ef1ng k\u00edn. \u0110\u1ec3 xa t\u1ea7m tay tr\u1ebb em.<\/p>","protected":false},"excerpt":{"rendered":"<h2 style=\"text-align: center;\"><span style=\"vertical-align: inherit;\"><span style=\"vertical-align: inherit;\">Dung d\u1ecbch SSD v\u00e0 b\u1ed9t ho\u1ea1t h\u00f3a \u0111\u1ec3 l\u00e0m s\u1ea1ch ti\u1ec1n gi\u1ea5y v\u00e0 ti\u1ec1n gi\u1ea5y b\u1ea9n. 1 l\u00edt cho $1.000<\/span><\/span><\/h2>","protected":false},"featured_media":22450,"template":"","meta":[],"product_brand":[],"product_cat":[1002],"product_tag":[],"class_list":{"0":"post-21824","1":"product","2":"type-product","3":"status-publish","4":"has-post-thumbnail","6":"product_cat-ssd-solutions","8":"first","9":"instock","10":"taxable","11":"shipping-taxable","12":"product-type-simple"},"_links":{"self":[{"href":"https:\/\/webdarkmarketplace.com\/vi\/wp-json\/wp\/v2\/product\/21824","targetHints":{"allow":["GET"]}}],"collection":[{"href":"https:\/\/webdarkmarketplace.com\/vi\/wp-json\/wp\/v2\/product"}],"about":[{"href":"https:\/\/webdarkmarketplace.com\/vi\/wp-json\/wp\/v2\/types\/product"}],"version-history":[{"count":15,"href":"https:\/\/webdarkmarketplace.com\/vi\/wp-json\/wp\/v2\/product\/21824\/revisions"}],"predecessor-version":[{"id":22458,"href":"https:\/\/webdarkmarketplace.com\/vi\/wp-json\/wp\/v2\/product\/21824\/revisions\/22458"}],"wp:featuredmedia":[{"embeddable":true,"href":"https:\/\/webdarkmarketplace.com\/vi\/wp-json\/wp\/v2\/media\/22450"}],"wp:attachment":[{"href":"https:\/\/webdarkmarketplace.com\/vi\/wp-json\/wp\/v2\/media?parent=21824"}],"wp:term":[{"taxonomy":"product_brand","embeddable":true,"href":"https:\/\/webdarkmarketplace.com\/vi\/wp-json\/wp\/v2\/product_brand?post=21824"},{"taxonomy":"product_cat","embeddable":true,"href":"https:\/\/webdarkmarketplace.com\/vi\/wp-json\/wp\/v2\/product_cat?post=21824"},{"taxonomy":"product_tag","embeddable":true,"href":"https:\/\/webdarkmarketplace.com\/vi\/wp-json\/wp\/v2\/product_tag?post=21824"}],"curies":[{"name":"wp","href":"https:\/\/api.w.org\/{rel}","templated":true}]}}