{"id":22466,"date":"2025-06-20T15:40:24","date_gmt":"2025-06-20T15:40:24","guid":{"rendered":"https:\/\/webdarkmarketplace.com\/?post_type=product&#038;p=22466"},"modified":"2025-06-30T11:57:43","modified_gmt":"2025-06-30T11:57:43","slug":"counterfeit-canadian-dollars","status":"publish","type":"product","link":"https:\/\/webdarkmarketplace.com\/vi\/product\/do-la-canada-gia\/","title":{"rendered":"\u0110\u00f4 la Canada"},"content":{"rendered":"<h2 style=\"text-align: center;\"><span style=\"vertical-align: inherit;\"><span style=\"vertical-align: inherit;\">Gi\u00e1 tr\u1ecb \u0111\u01a1n h\u00e0ng t\u1ed1i thi\u1ec3u: 500 CAD cho 5000 CAD<\/span><\/span><\/h2>\n<p style=\"text-align: center;\"><span style=\"vertical-align: inherit;\"><span style=\"vertical-align: inherit;\">Mua ti\u1ec1n gi\u1ea3 tr\u1ef1c tuy\u1ebfn v\u1edbi m\u1ee9c gi\u00e1 \u01b0u \u0111\u00e3i. Ch\u00fang t\u00f4i giao h\u00e0ng trong n\u01b0\u1edbc v\u00e0 qu\u1ed1c t\u1ebf. Giao h\u00e0ng an to\u00e0n, \u0111\u00fang gi\u1edd v\u00e0 k\u00edn \u0111\u00e1o. Ti\u1ec1n gi\u1ea5y c\u1ee7a ch\u00fang t\u00f4i kh\u00f4ng ph\u1ea3i ch\u1ecbu s\u1ef1 ki\u1ec3m tra c\u1ee7a h\u1ea3i quan v\u00ec ch\u00fang t\u00f4i s\u1eed d\u1ee5ng con d\u1ea5u ngo\u1ea1i giao. Th\u1eddi gian giao h\u00e0ng t\u1ed1i \u0111a l\u00e0 3 ng\u00e0y.<\/span><\/span><\/p>\n<h2 style=\"text-align: center;\"><span style=\"vertical-align: inherit;\"><span style=\"vertical-align: inherit;\">\u1ee8ng d\u1ee5ng<\/span><\/span><\/h2>\n<p style=\"text-align: center;\"><span style=\"vertical-align: inherit;\"><span style=\"vertical-align: inherit;\">T\u1ea5t c\u1ea3 c\u00e1c lo\u1ea1i ti\u1ec1n gi\u1ea5y v\u00e0 ti\u1ec1n xu c\u1ee7a ch\u00fang t\u00f4i \u0111\u1ec1u \u0111\u00f3ng vai tr\u00f2 l\u00e0 ph\u01b0\u01a1ng ti\u1ec7n trao \u0111\u1ed5i v\u00e0 c\u00f3 s\u1eb5n t\u1ea1i c\u00e1c si\u00eau th\u1ecb, nh\u00e0 h\u00e0ng, c\u1eeda h\u00e0ng t\u1ea1p h\u00f3a, tr\u1ea1m x\u0103ng, ph\u00f2ng \u0111\u1ed5i ti\u1ec1n v\u00e0 s\u00f2ng b\u1ea1c. B\u1ea1n c\u00f3 th\u1ec3 s\u1eed d\u1ee5ng ch\u00fang \u0111\u1ec3 mua ng\u00f4i nh\u00e0 ho\u1eb7c chi\u1ebfc xe m\u01a1 \u01b0\u1edbc c\u1ee7a m\u00ecnh. Ch\u00fang c\u0169ng \u0111\u00f3ng vai tr\u00f2 l\u00e0 \u0111\u01a1n v\u1ecb t\u00ednh to\u00e1n v\u00e0 l\u01b0u tr\u1eef gi\u00e1 tr\u1ecb, cho ph\u00e9p b\u1ea1n ti\u1ebft ki\u1ec7m ti\u1ec1n trong th\u1eddi gian d\u00e0i.<\/span><\/span><\/p>\n<h2 style=\"text-align: center;\"><span style=\"vertical-align: inherit;\"><span style=\"vertical-align: inherit;\">m\u1ee5c ti\u00eau<\/span><\/span><\/h2>\n<p style=\"text-align: center;\"><span style=\"vertical-align: inherit;\"><span style=\"vertical-align: inherit;\">M\u1ee5c ti\u00eau ch\u00ednh c\u1ee7a ch\u00fang t\u00f4i l\u00e0 ch\u1ed1ng l\u1ea1i \u0111\u00f3i ngh\u00e8o \u1edf c\u1ea5p \u0111\u1ed9 qu\u1ed1c gia v\u00e0 qu\u1ed1c t\u1ebf. Ch\u00fang t\u00f4i mu\u1ed1n m\u1ecdi ng\u01b0\u1eddi c\u00f3 th\u1ec3 th\u1ef1c hi\u1ec7n \u0111\u01b0\u1ee3c \u01b0\u1edbc m\u01a1 c\u1ee7a m\u00ecnh. S\u1ed1 ti\u1ec1n n\u00e0y c\u0169ng nh\u1eb1m m\u1ee5c \u0111\u00edch t\u1ea1o \u0111i\u1ec1u ki\u1ec7n thu\u1eadn l\u1ee3i cho th\u01b0\u01a1ng m\u1ea1i v\u00e0 trao \u0111\u1ed5i. V\u1edbi t\u00ecnh tr\u1ea1ng \u0111\u00f3i ngh\u00e8o to\u00e0n c\u1ea7u khi m\u1ecdi ng\u01b0\u1eddi thi\u1ebfu th\u1ed1n nh\u1eefng th\u1ee9 thi\u1ebft y\u1ebfu nh\u01b0 th\u1ef1c ph\u1ea9m, n\u01b0\u1edbc v\u00e0 n\u01a1i tr\u00fa \u1ea9n, b\u1ea1n c\u00f3 th\u1ec3 mua v\u00e0 s\u1eed d\u1ee5ng ti\u1ec1n gi\u1ea3 c\u1ee7a ch\u00fang t\u00f4i.<\/span><\/span><\/p>\n<h2 style=\"text-align: center;\"><span style=\"vertical-align: inherit;\"><span style=\"vertical-align: inherit;\">b\u1ea3o \u0111\u1ea3m<\/span><\/span><\/h2>\n<p style=\"text-align: center;\"><span style=\"vertical-align: inherit;\"><span style=\"vertical-align: inherit;\">T\u1ea5t c\u1ea3 c\u00e1c t\u1edd ti\u1ec1n gi\u1ea5y v\u00e0 ti\u1ec1n xu c\u1ee7a ch\u00fang t\u00f4i \u0111\u1ec1u kh\u00f4ng th\u1ec3 truy t\u00ecm v\u00e0 kh\u00f4ng th\u1ec3 truy t\u00ecm. Ch\u00fang \u0111\u1ea1t lo\u1ea1i AA+ v\u00e0 c\u00f3 gi\u00e1 tr\u1ecb trong hai n\u0103m. Sau hai n\u0103m, ch\u1ea5t l\u01b0\u1ee3ng b\u1eaft \u0111\u1ea7u gi\u1ea3m s\u00fat. Ch\u00fang t\u00f4i khuy\u00ean b\u1ea1n n\u00ean s\u1eed d\u1ee5ng ti\u1ec1n trong v\u00f2ng m\u01b0\u1eddi th\u00e1ng k\u1ec3 t\u1eeb ng\u00e0y nh\u1eadn. Ch\u00fang t\u00f4i cung c\u1ea5p dung d\u1ecbch SSD v\u00e0 b\u1ed9t k\u00edch ho\u1ea1t \u0111\u1ec3 l\u00e0m s\u1ea1ch c\u00e1c t\u1edd ti\u1ec1n gi\u1ea5y b\u1ecb b\u1ea9n.<\/span><\/span><\/p>","protected":false},"excerpt":{"rendered":"<p>Gi\u00e1 tr\u1ecb \u0111\u01a1n h\u00e0ng t\u1ed1i thi\u1ec3u: 500 CAD cho 5000 CAD Mua ti\u1ec1n gi\u1ea3 tr\u1ef1c tuy\u1ebfn v\u1edbi m\u1ee9c gi\u00e1 \u01b0u \u0111\u00e3i. Ch\u00fang t\u00f4i giao h\u00e0ng trong n\u01b0\u1edbc v\u00e0 qu\u1ed1c t\u1ebf.<\/p>","protected":false},"featured_media":22469,"template":"","meta":[],"product_brand":[],"product_cat":[836],"product_tag":[970,1015,967,971,921,968,942,1001,969,1014],"class_list":{"0":"post-22466","1":"product","2":"type-product","3":"status-publish","4":"has-post-thumbnail","6":"product_cat-kanadische-dollar","7":"product_tag-australische-dollar-jetzt-kaufen","8":"product_tag-counterfeit-canadian-dollars","9":"product_tag-falschdollar-kaufen","10":"product_tag-falschgeld-im-darknet-kaufen","11":"product_tag-falschgeld-kaufen","12":"product_tag-falschpfunde-verfuegbar","13":"product_tag-gefaelschte-banknoten-kaufen","14":"product_tag-gefaelschte-euros-kaufen","15":"product_tag-gefaelschte-kanadische-dollar-kaufen","16":"product_tag-kanadische-dollar","18":"first","19":"instock","20":"taxable","21":"shipping-taxable","22":"product-type-simple"},"_links":{"self":[{"href":"https:\/\/webdarkmarketplace.com\/vi\/wp-json\/wp\/v2\/product\/22466","targetHints":{"allow":["GET"]}}],"collection":[{"href":"https:\/\/webdarkmarketplace.com\/vi\/wp-json\/wp\/v2\/product"}],"about":[{"href":"https:\/\/webdarkmarketplace.com\/vi\/wp-json\/wp\/v2\/types\/product"}],"version-history":[{"count":3,"href":"https:\/\/webdarkmarketplace.com\/vi\/wp-json\/wp\/v2\/product\/22466\/revisions"}],"predecessor-version":[{"id":22472,"href":"https:\/\/webdarkmarketplace.com\/vi\/wp-json\/wp\/v2\/product\/22466\/revisions\/22472"}],"wp:featuredmedia":[{"embeddable":true,"href":"https:\/\/webdarkmarketplace.com\/vi\/wp-json\/wp\/v2\/media\/22469"}],"wp:attachment":[{"href":"https:\/\/webdarkmarketplace.com\/vi\/wp-json\/wp\/v2\/media?parent=22466"}],"wp:term":[{"taxonomy":"product_brand","embeddable":true,"href":"https:\/\/webdarkmarketplace.com\/vi\/wp-json\/wp\/v2\/product_brand?post=22466"},{"taxonomy":"product_cat","embeddable":true,"href":"https:\/\/webdarkmarketplace.com\/vi\/wp-json\/wp\/v2\/product_cat?post=22466"},{"taxonomy":"product_tag","embeddable":true,"href":"https:\/\/webdarkmarketplace.com\/vi\/wp-json\/wp\/v2\/product_tag?post=22466"}],"curies":[{"name":"wp","href":"https:\/\/api.w.org\/{rel}","templated":true}]}}